{"id":745,"date":"2020-12-03T12:49:30","date_gmt":"2020-12-03T11:49:30","guid":{"rendered":"https:\/\/www.hsu-hh.de\/kuw\/?page_id=745"},"modified":"2025-05-21T11:47:19","modified_gmt":"2025-05-21T09:47:19","slug":"research","status":"publish","type":"page","link":"https:\/\/www.hsu-hh.de\/kuw\/en\/research","title":{"rendered":"Research"},"content":{"rendered":"\n<p><strong>Refereed Journals<\/strong><br><strong><abbr title=\"Universit\u00e4tsprofessor\">Univ.-Prof.<\/abbr> <abbr title=\"Doktor\">Dr.<\/abbr> Dierk Herzer (May 2025)<\/strong><\/p>\n\n\n\n<p><br>Herzer, D. (2025) The effects of domestic and foreign green technology on domestic CO<sub>2<\/sub> emissions and domestic total factor productivity. <strong><em>Journal of the Knowledge Economy<\/em><\/strong>, forthcoming.<br>Herzer, D. (2025) The impact of FDI- and import-related technology spillovers from government-funded green energy R&amp;D in developed countries on CO<sub>2<\/sub> emissions in developing countries. <strong><em>Energy Policy<\/em><\/strong>, forthcoming.<br>Herzer, D. (2025) Government-financed Energy R&amp;D and Fossil Energy Consumption: A Time-series Analysis for the United States. <strong><em>Finance Research Letters<\/em><\/strong>, forthcoming.<br>Herzer, D. und P. Bala (2025) Does public spending on tertiary education increase tertiary enrollment? Evidence from a large panel of countries. <strong><em>Review of Economics<\/em><\/strong>, forthcoming.<br>Herzer, D. und N. Schmelmer (2024) The impact of South-South and North-South FDI on energy intensity in developing countries. <strong><em>Economics Bulletin<\/em><\/strong>, forthcoming.<br>Herzer, D. (2024) A panel data analysis of the long-run effect of environmental taxes on R&amp;D expenditures at the macro-level. <strong><em>Economics Bulletin<\/em><\/strong>, Vol. 44 (3), 1169-1180<br>Herzer, D. (2024) The impact of university energy research and development on CO<sub>2<\/sub> emissions. <strong><em>Applied Economics Letters<\/em><\/strong>, forthcoming.<br>Herzer, D. (2024) Private R&amp;D, environmental policy, and greenhouse gas emissions. <strong><em>Economics of Innovation and New Technology<\/em><\/strong>, forthcoming.<br>Herzer, D. (2024) Environmental policy and environmental R&amp;D in the private sector: New evidence on the \u201cnarrow\u201d Porter hypothesis. <strong><em>Energy Research Letters<\/em><\/strong>, Vol. 5 (May 31).<br>Herzer, D. (2024) The impact of domestic R&amp;D and North-South R&amp;D spillovers on energy intensity in developing countries. <strong><em>Economic Change and Restructuring<\/em><\/strong>, Vol. 57 (33).<br>Herzer, D. (2023) The impact of domestic and foreign public green R&amp;D on domestic green innovation. <strong><em>Economics of Innovation and New Technology<\/em><\/strong>, forthcoming.<br>Herzer, D. (2022) An empirical note on the long-run effects of public and private R&amp;D on TFP. <strong><em>Journal of the Knowledge Economy<\/em><\/strong>, Vol. 13(November), 3248-3264.<br>Herzer, D., und N. Schmelmer (2022) The effects of greenfield foreign direct investment and cross\u2010border mergers and acquisitions on energy intensity in upper-middle income countries and low- and lower-middle income countries. <strong><em>Applied Economics<\/em><\/strong>, Vol. 54 (41), 4732-4750.<br>Herzer, D. (2022) The impact on domestic CO<sub>2<\/sub> emissions of domestic government-funded clean energy R&amp;D and of spillovers from foreign government-funded clean energy R&amp;D. <strong><em>Energy Policy<\/em><\/strong>, Vol. 168 (September), 11312.<br>Herzer, D. (2022) The macro-level effect of religiosity on health. <strong><em>Health Economics<\/em><\/strong>, Vol. 31 (6), 993-1011.<br>Herzer, D. (2022) Semi-endogenous versus Schumpeterian growth models: a critical review of the literature and new evidence. <strong><em>Review of Economics<\/em><\/strong>, Vol. 73 (1), 1-55.<br>Herzer, D. (2022) The impact of domestic and foreign R&amp;D on TFP in developing countries. <strong><em>World Development<\/em><\/strong>, Vol. 151 (March), 105754.<br>Herzer, D., und H. Strulik (2020) Religiosity and long-run productivity growth.<strong><em> Journal of Economics, Management and Religion<\/em><\/strong>,Vol. 1 (1), 2050001<br>Herzer, D. (2020) How does mortality affect innovative activity in the long run? <strong><em>World Development<\/em><\/strong>, Vol. 125 (1), 1-15.<br>Herzer, D. (2020) The effects of population size and age structure on innovative output: an empirical note. <strong><em>Applied Economics Letters<\/em><\/strong>, Vol. 27 (10),854-858.<br>Herzer, D. (2019) A note on the effect of religiosity on fertility. <strong><em>Demography<\/em><\/strong>, Vol. 56 (3), 991-998.<br>Herzer, D., und K. Nagel (2019) The impact of adult and non-adult mortality on development: Two centuries evidence from a panel of industrial countries. <strong><em>Journal of Policy Modeling<\/em><\/strong>, Vol. 41 (2), 352-371.<br>Herzer, D. (2019) The long-run effect of aid on health: evidence from panel cointegration analysis. <strong><em>Applied Economics<\/em><\/strong>, Vol. 51 (12), 1319-1338.<br>Donaubauer, J., D. Herzer und P. Nunnenkamp (2019) The effectiveness of Aid under Post-conflict conditions: A sector-specific Analysis. <strong><em>Journal of Development Studies<\/em><\/strong>, Vol. 55 (4), 720-736.<br>Herzer, D., und J. Donaubauer (2018) The long-run effect of foreign direct investment on total factor productivity in developing countries: A panel cointegration analysis. <strong><em>Empirical Economics<\/em><\/strong>, Vol. 54 (2), 309-342.<br>Herzer, D. (2018) An empirical note on the long-run relationship between education and religiosity in Christian countries. <strong><em>The B.E. Journal of Macroeconomics: Contributions to Macroeconomics<\/em><\/strong>, Vol. 18 (1), 1-8.\u00a0<br>Herzer, D., und P. H\u00fchne (2017) Is inequality an inevitable by-product of skill-biased technical change?<strong><em> Applied Economics Letters<\/em><\/strong>, Vol. 24 (18), 1346-1350.\u00a0<br>Herzer, D. (2017) Refugee immigration and total factor productivity. <strong><em>International Economic Journal<\/em><\/strong>, Vol. 31 (3), 390-414.Ashraf, A., Herzer, D., und P. Nunnenkamp (2017) Greenfield FDI, Cross-Border M&amp;As and Government Size. <strong><em>The Journal of International Trade &amp; Economic Development<\/em><\/strong>, Vol. 26 (5), 566-584.<br>Herzer, D. (2017) Life expectancy and human capital: Long-run evidence from a panel of countries.<strong><em> Applied Economics Letters<\/em><\/strong>, Vol. 24 (17), 1247-1250.<br>Herzer, D., und H. Strulik (2017) Religiosity and income: a panel cointegration and causality analysis.<strong><em> Applied Economics<\/em><\/strong>, Vol. 49, 2017 (30), 2922-2938.<br>Herzer, D. (2017) The long-run effect of FDI on TFP in the United States. <strong><em>Economics Bulletin<\/em><\/strong>, Vol. 37 (1), 568-578.<br>Herzer, D. (2017) The long-run relationship between trade and population health: evidence from five decades. <strong><em>The World Economy<\/em><\/strong>, Vol. 40 (2), 462-487.<br>Kannen, P., Donaubauer, J., und D. Herzer, (2017) How do South-South and North-South FDI affect total factor productivity growth in developing countries? <strong><em>Economics Bulletin<\/em><\/strong>. Vol. 37 (1), 429-439.<br>Herzer, D. (2017) Foreign direct investment and total factor productivity in Bolivia.<strong><em> Applied Economics Letters<\/em><\/strong>, Vol. 24 (6), 399-403.<br>Herzer, D. (2016) Unions and income inequality: A heterogeneous panel co-integration and causality analysis. <strong><em>LABOUR: Review of Labour Economics and Industrial Relations<\/em><\/strong>, Vol. 30 (3), 318-346.<br>Ashraf, A., Herzer, D., und P. Nunnenkamp (2016) The effects of greenfield FDI and cross-border M&amp;As on total factor productivity. <strong><em>The World Economy<\/em><\/strong>, Vol. 39 (11), 1728-1755.<br>Herzer, D. (2016) Unions and income inequality: a panel cointegration and causality analysis for the United States. <strong><em>Economic Development Quarterly<\/em><\/strong>, Vol. 30 (3), 267-274.<br>Nagel K., Herzer, D., und P. Nunnenkamp (2015) How does FDI affect health? <strong><em>International Economic Journal<\/em><\/strong>, Vol. 29 (4), 655-679.<br>Herzer, D., und K. Nagel (2015) The long-run and short-run effects of health aid on life expectancy. <strong><em>Applied Economics Letters<\/em><\/strong>, Vol. 22 (17), 1430-1434.<br>Herzer, D., und P. Nunnenkamp (2015) Income inequality and health: Evidence from developed and developing countries. <strong><em>Economics: The Open-Access, Open-Assessment E-Journal<\/em><\/strong>, Vol. 9 (4), 1-57.<br>Herzer, D. (2015) The long-run effect of trade on life expectancy in the United States: an empirical note. <strong><em>Applied Economics Letters<\/em><\/strong>, Vol. 22 (5), 416-420.<br>Herzer, D., Nowak-Lehmann D., F., S. Klasen, A. Dreher und I. Mart\u00ednez-Zarzoso (2015) Comment on Lof, Mekasha, and Tarp (2014)<strong><em>. World Development<\/em><\/strong>, Vol. 70 (6), 389-396.<br>Herzer, D., P. H\u00fchne und P. Nunnenkamp (2014) FDI and income inequality &#8211; evidence from Latin American economies. <strong><em>Review of Development Economics<\/em><\/strong>, Vol. 18 (4), 597-613.<br>Donaubauer, J. D., Herzer und P. Nunnenkamp (2014) Does aid for education attract foreign investors? An empirical analysis for Latin America. <strong><em>European Journal of Development Research<\/em><\/strong>, Vol. 26 (5), 597-613.<br>Ashraf, A. und Herzer, D. (2014) The effects of greenfield investment and M&amp;As on domestic investment in developing countries. <strong><em>Applied Economics Letters<\/em><\/strong>, Vol. 21 (14), 997-1000.<br>Herzer, D. (2014) Unions and income inequality: evidence from Ireland. <strong><em>Applied Economics Letters<\/em><\/strong>, Vol. 21 (1), 24-27.<br>Herzer, D. und O. Morrissey (2013) Foreign aid and domestic output in the long-run. <strong><em>Review of World Economics<\/em><\/strong>, Vol. 149 (4), 723-748.<br>Herzer, D., und P. Nunnenkamp (2013) FDI and health in developed economies: an empirical note. <strong><em>Empirical Economics Letters<\/em><\/strong>, Vol. 12 (7), 785-790.<br>Herzer, D., und P. Nunnenkamp (2013) Private donations, government grants, commercial activities, and fundraising: Cointegration and causality for NGOs in international development cooperation. <strong><em>World Development<\/em><\/strong>, Vol. 46 (6), 234-251.<br>Nowak-Lehmann D., F., I. Mart\u00ednez-Zarzoso, D. Herzer, A. Cardozo, S. Klasen (2013) Does foreign aid promote recipient exports to donor countries? <strong><em>Review of World Economics<\/em><\/strong>, Vol. 149 (3), 505-535.<br>Herzer, D., und P. Nunnenkamp (2013) Inward and outward FDI and income inequality: evidence from<br>Europe. <strong><em>Review of World Economics<\/em><\/strong>, Vol. 149 (2), 395-422.<br>Herzer, D. und S. Vollmer (2013) Rising top incomes do not raise the tide. <strong><em>Journal of Policy Modeling<\/em><\/strong>, Vol. 35 (4), 504-519.<br>Herzer, D. (2013) Cross-country heterogeneity and the trade-income relationship. <strong><em>World Development<\/em><\/strong>, Vol. 44 (4), 194-211.<br>Dreger, C., und D. Herzer (2013) A further examination of the export-led growth hypothesis. <strong><em>Empirical Economics<\/em><\/strong>, 45 (1), 39-60.<br>Herzer, D., H. Strulik und S. Vollmer (2012) The long-run determinants of fertility: one century of demographic change 1900-1999. <strong><em>Journal of Economic Growth<\/em><\/strong>, Vol. 17 (4), 357-385.<br>Herzer, D., und S. Vollmer (2012) Inequality and growth: evidence from panel cointegration. <strong><em>Journal of Economic Inequality<\/em><\/strong>, Vol. 10 (4), 489-503. Chintrakarn, P., Herzer, D., und P. Nunnenkamp (2012) FDI and income inequality: evidence from a panel of US States. <strong><em>Economic Inquiry<\/em><\/strong>, Vol. 40 (3), 788-801.<br>Herzer D. (2012) How does FDI really affect developing countries&#8216; growth? <strong><em>Review of International Economics<\/em><\/strong>, Vol. 20 (2), 396-414.<br>Herzer, D., und P. Nunnenkamp (2012) The effect of foreign aid on income inequality: evidence from panel cointegration. <strong><em>Structural Change and Economic Dynamics<\/em><\/strong>, Vol. 23 (3), 245-255.<br>Chintrakarn, P., und D. Herzer (2012) More inequality, more crime? A panel cointegration analysis for the United States.<strong><em> Economics Letters<\/em><\/strong>, Vol. 116 (3), 389-391.<br>Nowak-Lehmann D., F., A. Dreher, D. Herzer, S. Klasen und I. Mart\u00ednez-Zarzoso (2012) Does foreign aid really raise per-capita income? A time series perspective. <strong><em>Canadian Journal of Economics<\/em><\/strong>, Vol. 45 (1), 288-313.<br>Herzer D. (2012) Outward FDI, total factor productivity, and domestic output: evidence from Germany.<strong><em>International Economic Journal<\/em><\/strong>, Vol. 26 (1), 155-174.<br>Herzer, D. und M. Grimm (2012) Does foreign aid increase private investment? Evidence from panel cointegration. <strong><em>Applied Economics<\/em><\/strong>, Vol. 44 (20), 2537-2550.<br>Herzer, D. (2011) The long-run effect of outward FDI on domestic output in developing countries. <strong><em>Applied Economics Letters<\/em><\/strong>, Vol. 18 (14), 1355-1358.<br>Herzer, D. (2011) The Long-run relationship between outward FDI and total factor productivity: evidence for developing countries. <strong><em>Journal of Development Studies<\/em><\/strong>, Vol. 47 (5), 767-785.<br>Kemper, N., D. Herzer und L. Zamparelli (2011) Balanced growth and structural breaks: Evidence for Germany.<strong><em>Empirical Economics<\/em><\/strong>,\u00a0 Vol. 40 (2), 409-424.<br>Nowak-Lehmann D., F., D. Herzer, I. Mart\u00ednez-Zarzoso und S. Vollmer (2011) Modelling the dynamics of market shares in a pooled data setting: econometric and empirical issues. <strong><em>Applied Economics<\/em><\/strong>, Vol. 43 (7), 823-835.<br>Herzer, D. und R. Klump (2010) Poverty and government transfers in the United States. <strong><em>Applied Economics Letters<\/em><\/strong>, Vol. 17 (16), 1565-1569.<br>Herzer D. (2010) Outward FDI and economic growth<strong>. <em>Journal of Economic Studies<\/em><\/strong>, Vol. 37 (5), 476-494.<br>Herzer D. (2009) Outward FDI and domestic output: evidence for Japan. <strong><em>Empirical Economics Letters<\/em><\/strong>, Vol.\u00a0 8 (12), 1167-1176.<br>Nowak-Lehmann D, F., D. Herzer, I. Mart\u00ednez-Zarzoso und S. Klasen (2009) Aid and trade &#8211; a donor\u2019s perspective. <strong><em>Journal of Development Studies<\/em><\/strong>, Vol. 45 (7), 1-19.<br>Herzer, D. und R. Klump (2009) Poverty, government transfers, and the business cycle: evidence for the United States. <strong><em>Applied Econometrics and International Development<\/em><\/strong>, Vol. 9 (2), 342-364.<br>Herzer D.(2008) The causal relationship between domestic and outward foreign investment: Evidence for Italy FDI.<em> <strong>Applied Financial Economics Letters<\/strong><\/em>, Vol. 4 (5), 307-310.<br>Herzer D., S. Klasen und F. Nowak-Lehmann D. (2008)In search of FDI-led growth in developing countries: the way forward. <strong><em>Economic Modelling<\/em><\/strong>, Vol. 25 (5), 793-810.<br>Herzer D.(2008) The long-run relationship between outward FDI and domestic output: evidence from panel data. <strong><em>Economics Letters<\/em><\/strong>, Vol. 100 (1), 147-149.<br>Herzer D. und M. Schrooten(2008) Outward FDI and domestic investment in two industrialized countries. <strong><em>Economics Letters<\/em><\/strong>, Vol. 99 (1), 139-143.<br>Herzer, D. (2007) How does trade composition affect productivity? Evidence for Chile. <strong><em>Applied Economics Letters<\/em><\/strong>, Vol. 14 (12), 909-912.<br>Nowak-Lehmann D, F., D. Herzer, I. Mart\u00ednez-Zarzoso und S. Vollmer (2007) The impact of a customs union between Turkey and the EU on Turkey`s exports to the EU.<strong> <em>Journal of Common Market Studies<\/em><\/strong>, Vol. 45 (3), 719-743.<br>Nowak-Lehmann D, F., D. Herzer und S. Vollmer (2007) The free trade agreement between Chile and the EU: its potential impact on Chile&#8217;s export industry. <strong><em>Applied Econometrics and International Development<\/em><\/strong>, Vol. 7(1), 97-120.<br>Nowak-Lehmann D., F, D. Herzer und S. Vollmer (2007) Competitividad sectorial y costes de transporte en las exportaciones de Turqu\u00eda a la Uni\u00f3n Europea.<em> <strong>Informaci\u00f3n Comercial Espa\u00f1iola<\/strong><\/em>,Vol. 834, 95-112.<br>Siliverstovs, B. und D. Herzer (2007) Manufacturing exports, mining exports and growth: cointegration and causality analysis for Chile (1960-2001). <strong><em>Applied Economics<\/em><\/strong>, Vol. 39 (2), 153-167.<br>Herzer, D. und F. Nowak-Lehmann D. (2006) Is there a long-run relationship between exports and imports in Chile? <strong><em>Applied Economics Letters<\/em><\/strong>, Vol. 13 (15), 981-986.<br>Herzer, D. und F. Nowak-Lehmann D. (2006) What does export diversification do for growth? An Econometric Analysis. <strong><em>Applied Economics<\/em><\/strong>, Vol. 38 (15), 1825-1838.<br>Herzer, D., F. Nowak-Lehmann D. und B. Siliverstovs (2006) Export-led growth in Chile: assessing the role of export composition in productivity growth. <strong><em>The Developing Economies<\/em><\/strong>, Vol. 44 (3), 306-328.<br>Siliverstovs, B. und D. Herzer (2006) Export-led growth hypothesis: evidence for Chile. <strong><em>Applied Economics Letters<\/em><\/strong>, Vol. 13 (5), 319-324.<br>Herzer, D. (2005) Exportdiversifizierung und Wirtschaftswachstum in Chile, eine \u00f6konometrische Analyse. <strong><em>Jahrb\u00fccher f\u00fcr National\u00f6konomie und Statistik<\/em><\/strong>, Vol. 225 (2),163-180.<br>Herzer, D. (2004) Zur Problematik der theoretischen Rechtfertigung einer Exportdiversifizierungstrategie.\u00a0 <strong><em>Aussenwirtschaft<\/em><\/strong>, Vol. 59 (1), 51-79.<\/p>\n","protected":false},"excerpt":{"rendered":"<p>Refereed JournalsUniv.-Prof. Dr. Dierk Herzer (May 2025) Herzer, D. (2025) The effects of domestic and foreign green technology on domestic CO2 emissions and domestic total factor productivity. Journal of the [&hellip;]<\/p>\n","protected":false},"author":42,"featured_media":0,"parent":0,"menu_order":0,"comment_status":"closed","ping_status":"closed","template":"","meta":{"footnotes":""},"categories":[7],"tags":[],"class_list":["post-745","page","type-page","status-publish","hentry","category-research"],"_links":{"self":[{"href":"https:\/\/www.hsu-hh.de\/kuw\/wp-json\/wp\/v2\/pages\/745","targetHints":{"allow":["GET"]}}],"collection":[{"href":"https:\/\/www.hsu-hh.de\/kuw\/wp-json\/wp\/v2\/pages"}],"about":[{"href":"https:\/\/www.hsu-hh.de\/kuw\/wp-json\/wp\/v2\/types\/page"}],"author":[{"embeddable":true,"href":"https:\/\/www.hsu-hh.de\/kuw\/wp-json\/wp\/v2\/users\/42"}],"replies":[{"embeddable":true,"href":"https:\/\/www.hsu-hh.de\/kuw\/wp-json\/wp\/v2\/comments?post=745"}],"version-history":[{"count":30,"href":"https:\/\/www.hsu-hh.de\/kuw\/wp-json\/wp\/v2\/pages\/745\/revisions"}],"predecessor-version":[{"id":1170,"href":"https:\/\/www.hsu-hh.de\/kuw\/wp-json\/wp\/v2\/pages\/745\/revisions\/1170"}],"wp:attachment":[{"href":"https:\/\/www.hsu-hh.de\/kuw\/wp-json\/wp\/v2\/media?parent=745"}],"wp:term":[{"taxonomy":"category","embeddable":true,"href":"https:\/\/www.hsu-hh.de\/kuw\/wp-json\/wp\/v2\/categories?post=745"},{"taxonomy":"post_tag","embeddable":true,"href":"https:\/\/www.hsu-hh.de\/kuw\/wp-json\/wp\/v2\/tags?post=745"}],"curies":[{"name":"wp","href":"https:\/\/api.w.org\/{rel}","templated":true}]}}