{"id":1279,"date":"2026-05-04T09:58:13","date_gmt":"2026-05-04T07:58:13","guid":{"rendered":"https:\/\/www.hsu-hh.de\/kuw\/?page_id=1279"},"modified":"2026-05-05T06:39:47","modified_gmt":"2026-05-05T04:39:47","slug":"noah-rejai","status":"publish","type":"page","link":"https:\/\/www.hsu-hh.de\/kuw\/noah-rejai","title":{"rendered":"Noah Rejai, M. Sc."},"content":{"rendered":"\n<p>Wissenschaftlicher Mitarbeiter<\/p>\n\n\n\n<p>Helmut-Schmidt-Universit\u00e4t<br>Fakult\u00e4t f\u00fcr Wirtschafts- und Sozialwissenschaften<br>Holstenhofweg 85<br>22043 Hamburg<\/p>\n\n\n\n<p>Geb\u00e4ude: H1, Raum 2177<br>Telefon: +49(0)40-6541 2475<br>E-Mail:\u00a0<a href=\"mailto:noahreza.rejai@hsu-hh.de\" rel='nofollow'>noahreza.rejai@hsu-hh.de<\/a><\/p>\n","protected":false},"excerpt":{"rendered":"<p>Wissenschaftlicher Mitarbeiter Helmut-Schmidt-Universit\u00e4tFakult\u00e4t f\u00fcr Wirtschafts- und SozialwissenschaftenHolstenhofweg 8522043 Hamburg Geb\u00e4ude: H1, Raum 2177Telefon: +49(0)40-6541 2475E-Mail:\u00a0noahreza.rejai@hsu-hh.de<\/p>\n","protected":false},"author":37,"featured_media":0,"parent":0,"menu_order":0,"comment_status":"closed","ping_status":"closed","template":"","meta":{"footnotes":""},"categories":[4],"tags":[],"class_list":["post-1279","page","type-page","status-publish","hentry","category-forschung"],"_links":{"self":[{"href":"https:\/\/www.hsu-hh.de\/kuw\/wp-json\/wp\/v2\/pages\/1279","targetHints":{"allow":["GET"]}}],"collection":[{"href":"https:\/\/www.hsu-hh.de\/kuw\/wp-json\/wp\/v2\/pages"}],"about":[{"href":"https:\/\/www.hsu-hh.de\/kuw\/wp-json\/wp\/v2\/types\/page"}],"author":[{"embeddable":true,"href":"https:\/\/www.hsu-hh.de\/kuw\/wp-json\/wp\/v2\/users\/37"}],"replies":[{"embeddable":true,"href":"https:\/\/www.hsu-hh.de\/kuw\/wp-json\/wp\/v2\/comments?post=1279"}],"version-history":[{"count":3,"href":"https:\/\/www.hsu-hh.de\/kuw\/wp-json\/wp\/v2\/pages\/1279\/revisions"}],"predecessor-version":[{"id":1283,"href":"https:\/\/www.hsu-hh.de\/kuw\/wp-json\/wp\/v2\/pages\/1279\/revisions\/1283"}],"wp:attachment":[{"href":"https:\/\/www.hsu-hh.de\/kuw\/wp-json\/wp\/v2\/media?parent=1279"}],"wp:term":[{"taxonomy":"category","embeddable":true,"href":"https:\/\/www.hsu-hh.de\/kuw\/wp-json\/wp\/v2\/categories?post=1279"},{"taxonomy":"post_tag","embeddable":true,"href":"https:\/\/www.hsu-hh.de\/kuw\/wp-json\/wp\/v2\/tags?post=1279"}],"curies":[{"name":"wp","href":"https:\/\/api.w.org\/{rel}","templated":true}]}}