{"id":1141,"date":"2025-03-03T13:52:03","date_gmt":"2025-03-03T12:52:03","guid":{"rendered":"https:\/\/www.hsu-hh.de\/kuw\/?page_id=1141"},"modified":"2026-02-19T06:44:29","modified_gmt":"2026-02-19T05:44:29","slug":"michelle-koenen","status":"publish","type":"page","link":"https:\/\/www.hsu-hh.de\/kuw\/michelle-koenen","title":{"rendered":"Michelle Koenen, M.Sc."},"content":{"rendered":"\n<p>Wissenschaftliche Mitarbeiterin<\/p>\n\n\n\n<div class=\"wp-block-columns is-layout-flex wp-container-core-columns-is-layout-9d6595d7 wp-block-columns-is-layout-flex\">\n<div class=\"wp-block-column is-layout-flow wp-block-column-is-layout-flow\">\n<p>Helmut-Schmidt-Universit\u00e4t<br>Fakult\u00e4t f\u00fcr Wirtschafts- und Sozialwissenschaften<br>Holstenhofweg 85<br>22043 Hamburg<\/p>\n\n\n\n<p>Geb\u00e4ude: H1, Raum 2156<br>Telefon: +49(0)40-6541 3512<br>E-Mail:\u00a0<a href=\"mailto:koenenm@hsu-hh.de\" rel='nofollow'>koenenm@hsu-hh.de<\/a><\/p>\n<\/div>\n\n\n\n<div class=\"wp-block-column is-layout-flow wp-block-column-is-layout-flow\">\n<p><\/p>\n<\/div>\n\n\n\n<div class=\"wp-block-column is-layout-flow wp-block-column-is-layout-flow\"><\/div>\n<\/div>\n","protected":false},"excerpt":{"rendered":"<p>Wissenschaftliche Mitarbeiterin Helmut-Schmidt-Universit\u00e4tFakult\u00e4t f\u00fcr Wirtschafts- und SozialwissenschaftenHolstenhofweg 8522043 Hamburg Geb\u00e4ude: H1, Raum 2156Telefon: +49(0)40-6541 3512E-Mail:\u00a0koenenm@hsu-hh.de<\/p>\n","protected":false},"author":36,"featured_media":0,"parent":0,"menu_order":0,"comment_status":"closed","ping_status":"closed","template":"","meta":{"footnotes":""},"categories":[8],"tags":[],"class_list":["post-1141","page","type-page","status-publish","hentry","category-team"],"_links":{"self":[{"href":"https:\/\/www.hsu-hh.de\/kuw\/wp-json\/wp\/v2\/pages\/1141","targetHints":{"allow":["GET"]}}],"collection":[{"href":"https:\/\/www.hsu-hh.de\/kuw\/wp-json\/wp\/v2\/pages"}],"about":[{"href":"https:\/\/www.hsu-hh.de\/kuw\/wp-json\/wp\/v2\/types\/page"}],"author":[{"embeddable":true,"href":"https:\/\/www.hsu-hh.de\/kuw\/wp-json\/wp\/v2\/users\/36"}],"replies":[{"embeddable":true,"href":"https:\/\/www.hsu-hh.de\/kuw\/wp-json\/wp\/v2\/comments?post=1141"}],"version-history":[{"count":4,"href":"https:\/\/www.hsu-hh.de\/kuw\/wp-json\/wp\/v2\/pages\/1141\/revisions"}],"predecessor-version":[{"id":1254,"href":"https:\/\/www.hsu-hh.de\/kuw\/wp-json\/wp\/v2\/pages\/1141\/revisions\/1254"}],"wp:attachment":[{"href":"https:\/\/www.hsu-hh.de\/kuw\/wp-json\/wp\/v2\/media?parent=1141"}],"wp:term":[{"taxonomy":"category","embeddable":true,"href":"https:\/\/www.hsu-hh.de\/kuw\/wp-json\/wp\/v2\/categories?post=1141"},{"taxonomy":"post_tag","embeddable":true,"href":"https:\/\/www.hsu-hh.de\/kuw\/wp-json\/wp\/v2\/tags?post=1141"}],"curies":[{"name":"wp","href":"https:\/\/api.w.org\/{rel}","templated":true}]}}