{"id":1125,"date":"2025-02-11T13:05:27","date_gmt":"2025-02-11T12:05:27","guid":{"rendered":"https:\/\/www.hsu-hh.de\/kuw\/?page_id=1125"},"modified":"2026-02-19T06:44:14","modified_gmt":"2026-02-19T05:44:14","slug":"juergen-zaytsev-m-sc","status":"publish","type":"page","link":"https:\/\/www.hsu-hh.de\/kuw\/juergen-zaytsev-m-sc","title":{"rendered":"J\u00fcrgen Zaytsev, M.Sc."},"content":{"rendered":"\n<p>Wissenschaftlicher Mitarbeiter<\/p>\n\n\n\n<div class=\"wp-block-columns is-layout-flex wp-container-core-columns-is-layout-9d6595d7 wp-block-columns-is-layout-flex\">\n<div class=\"wp-block-column is-layout-flow wp-block-column-is-layout-flow\">\n<p>Helmut-Schmidt-Universit\u00e4t<br>Fakult\u00e4t f\u00fcr Wirtschafts- und Sozialwissenschaften<br>Holstenhofweg 85<br>22043 Hamburg<\/p>\n\n\n\n<p>Geb\u00e4ude: H1, Raum 2156<br>Telefon: +49(0)40-6541 3512<br>E-Mail:\u00a0<a href=\"mailto:zaytsevy@hsu-hh.de\" rel='nofollow'>zaytsevy@hsu-hh.de<\/a><\/p>\n<\/div>\n\n\n\n<div class=\"wp-block-column is-layout-flow wp-block-column-is-layout-flow\">\n<p><\/p>\n<\/div>\n\n\n\n<div class=\"wp-block-column is-layout-flow wp-block-column-is-layout-flow\"><\/div>\n<\/div>\n","protected":false},"excerpt":{"rendered":"<p>Wissenschaftlicher Mitarbeiter Helmut-Schmidt-Universit\u00e4tFakult\u00e4t f\u00fcr Wirtschafts- und SozialwissenschaftenHolstenhofweg 8522043 Hamburg Geb\u00e4ude: H1, Raum 2156Telefon: +49(0)40-6541 3512E-Mail:\u00a0zaytsevy@hsu-hh.de<\/p>\n","protected":false},"author":36,"featured_media":0,"parent":0,"menu_order":0,"comment_status":"closed","ping_status":"closed","template":"","meta":{"footnotes":""},"categories":[8],"tags":[],"class_list":["post-1125","page","type-page","status-publish","hentry","category-team"],"_links":{"self":[{"href":"https:\/\/www.hsu-hh.de\/kuw\/wp-json\/wp\/v2\/pages\/1125","targetHints":{"allow":["GET"]}}],"collection":[{"href":"https:\/\/www.hsu-hh.de\/kuw\/wp-json\/wp\/v2\/pages"}],"about":[{"href":"https:\/\/www.hsu-hh.de\/kuw\/wp-json\/wp\/v2\/types\/page"}],"author":[{"embeddable":true,"href":"https:\/\/www.hsu-hh.de\/kuw\/wp-json\/wp\/v2\/users\/36"}],"replies":[{"embeddable":true,"href":"https:\/\/www.hsu-hh.de\/kuw\/wp-json\/wp\/v2\/comments?post=1125"}],"version-history":[{"count":5,"href":"https:\/\/www.hsu-hh.de\/kuw\/wp-json\/wp\/v2\/pages\/1125\/revisions"}],"predecessor-version":[{"id":1253,"href":"https:\/\/www.hsu-hh.de\/kuw\/wp-json\/wp\/v2\/pages\/1125\/revisions\/1253"}],"wp:attachment":[{"href":"https:\/\/www.hsu-hh.de\/kuw\/wp-json\/wp\/v2\/media?parent=1125"}],"wp:term":[{"taxonomy":"category","embeddable":true,"href":"https:\/\/www.hsu-hh.de\/kuw\/wp-json\/wp\/v2\/categories?post=1125"},{"taxonomy":"post_tag","embeddable":true,"href":"https:\/\/www.hsu-hh.de\/kuw\/wp-json\/wp\/v2\/tags?post=1125"}],"curies":[{"name":"wp","href":"https:\/\/api.w.org\/{rel}","templated":true}]}}