{"id":1077,"date":"2024-12-06T09:45:44","date_gmt":"2024-12-06T08:45:44","guid":{"rendered":"https:\/\/www.hsu-hh.de\/kuw\/?page_id=1077"},"modified":"2026-02-19T06:44:43","modified_gmt":"2026-02-19T05:44:43","slug":"m-sc-economics-xenia-breiderhoff","status":"publish","type":"page","link":"https:\/\/www.hsu-hh.de\/kuw\/m-sc-economics-xenia-breiderhoff","title":{"rendered":"Xenia Breiderhoff, M.Sc."},"content":{"rendered":"\n<p>Wissenschaftliche Mitarbeiterin<\/p>\n\n\n\n<div class=\"wp-block-columns is-layout-flex wp-container-core-columns-is-layout-9d6595d7 wp-block-columns-is-layout-flex\">\n<div class=\"wp-block-column is-layout-flow wp-block-column-is-layout-flow\">\n<p>Helmut-Schmidt-Universit\u00e4t<br>Fakult\u00e4t f\u00fcr Wirtschafts- und Sozialwissenschaften<br>Holstenhofweg 85<br>22043 Hamburg<\/p>\n\n\n\n<p>Geb\u00e4ude: H1, Raum 2124<br>Telefon: +49 (0)40 \u2013 65 41 21 56<br>E-Mail: <a href=\"mailto:breiderx@hsu-hh.de\" rel='nofollow'>breiderx@hsu-hh.de<\/a><\/p>\n<\/div>\n\n\n\n<div class=\"wp-block-column is-layout-flow wp-block-column-is-layout-flow\">\n<p><\/p>\n<\/div>\n\n\n\n<div class=\"wp-block-column is-layout-flow wp-block-column-is-layout-flow\"><\/div>\n<\/div>\n\n\n\n<hr class=\"wp-block-separator has-alpha-channel-opacity\" \/>\n\n\n\n<p><strong>Sprechstunde<\/strong><br>nach Vereinbarung<\/p>\n","protected":false},"excerpt":{"rendered":"<p>Wissenschaftliche Mitarbeiterin Helmut-Schmidt-Universit\u00e4tFakult\u00e4t f\u00fcr Wirtschafts- und SozialwissenschaftenHolstenhofweg 8522043 Hamburg Geb\u00e4ude: H1, Raum 2124Telefon: +49 (0)40 \u2013 65 41 21 56E-Mail: breiderx@hsu-hh.de Sprechstundenach Vereinbarung<\/p>\n","protected":false},"author":36,"featured_media":0,"parent":0,"menu_order":0,"comment_status":"closed","ping_status":"closed","template":"","meta":{"footnotes":""},"categories":[8],"tags":[],"class_list":["post-1077","page","type-page","status-publish","hentry","category-team"],"_links":{"self":[{"href":"https:\/\/www.hsu-hh.de\/kuw\/wp-json\/wp\/v2\/pages\/1077","targetHints":{"allow":["GET"]}}],"collection":[{"href":"https:\/\/www.hsu-hh.de\/kuw\/wp-json\/wp\/v2\/pages"}],"about":[{"href":"https:\/\/www.hsu-hh.de\/kuw\/wp-json\/wp\/v2\/types\/page"}],"author":[{"embeddable":true,"href":"https:\/\/www.hsu-hh.de\/kuw\/wp-json\/wp\/v2\/users\/36"}],"replies":[{"embeddable":true,"href":"https:\/\/www.hsu-hh.de\/kuw\/wp-json\/wp\/v2\/comments?post=1077"}],"version-history":[{"count":5,"href":"https:\/\/www.hsu-hh.de\/kuw\/wp-json\/wp\/v2\/pages\/1077\/revisions"}],"predecessor-version":[{"id":1255,"href":"https:\/\/www.hsu-hh.de\/kuw\/wp-json\/wp\/v2\/pages\/1077\/revisions\/1255"}],"wp:attachment":[{"href":"https:\/\/www.hsu-hh.de\/kuw\/wp-json\/wp\/v2\/media?parent=1077"}],"wp:term":[{"taxonomy":"category","embeddable":true,"href":"https:\/\/www.hsu-hh.de\/kuw\/wp-json\/wp\/v2\/categories?post=1077"},{"taxonomy":"post_tag","embeddable":true,"href":"https:\/\/www.hsu-hh.de\/kuw\/wp-json\/wp\/v2\/tags?post=1077"}],"curies":[{"name":"wp","href":"https:\/\/api.w.org\/{rel}","templated":true}]}}