{"id":1073,"date":"2024-12-06T09:45:31","date_gmt":"2024-12-06T08:45:31","guid":{"rendered":"https:\/\/www.hsu-hh.de\/kuw\/?page_id=1073"},"modified":"2026-02-19T06:43:58","modified_gmt":"2026-02-19T05:43:58","slug":"dr-niklas-schmelmer","status":"publish","type":"page","link":"https:\/\/www.hsu-hh.de\/kuw\/dr-niklas-schmelmer","title":{"rendered":"Niklas Schmelmer, Dr."},"content":{"rendered":"\n<p>Wissenschaftlicher Mitarbeiter<\/p>\n\n\n\n<div class=\"wp-block-columns is-layout-flex wp-container-core-columns-is-layout-9d6595d7 wp-block-columns-is-layout-flex\">\n<div class=\"wp-block-column is-layout-flow wp-block-column-is-layout-flow\">\n<p>Helmut-Schmidt-Universit\u00e4t<br>Fakult\u00e4t f\u00fcr Wirtschafts- und Sozialwissenschaften<br>Holstenhofweg 85<br>22043 Hamburg<\/p>\n\n\n\n<p class=\"has-medium-font-size\">Geb\u00e4ude: H1, Raum 2177<br>Telefon: +49(0)40-6541 2475<br>E-Mail:\u00a0<a href=\"mailto:niklas.schmelmer@hsu-hh.de\" rel='nofollow'>niklas.schmelmer@hsu-hh.de<\/a><\/p>\n<\/div>\n\n\n\n<div class=\"wp-block-column is-layout-flow wp-block-column-is-layout-flow\"><div class=\"wp-block-image is-style-rounded\">\n<figure class=\"alignright size-large is-resized\"><img loading=\"lazy\" decoding=\"async\" width=\"769\" height=\"1024\" src=\"https:\/\/www.hsu-hh.de\/kuw\/wp-content\/uploads\/sites\/575\/2025\/05\/DSCF0575-769x1024.jpg\" data-credit=\"as\" alt=\"\" class=\"wp-image-1156\" style=\"width:203px;height:auto\" srcset=\"https:\/\/www.hsu-hh.de\/kuw\/wp-content\/uploads\/sites\/575\/2025\/05\/DSCF0575-769x1024.jpg 769w, https:\/\/www.hsu-hh.de\/kuw\/wp-content\/uploads\/sites\/575\/2025\/05\/DSCF0575-225x300.jpg 225w, https:\/\/www.hsu-hh.de\/kuw\/wp-content\/uploads\/sites\/575\/2025\/05\/DSCF0575-768x1023.jpg 768w, https:\/\/www.hsu-hh.de\/kuw\/wp-content\/uploads\/sites\/575\/2025\/05\/DSCF0575-1100x1465.jpg 1100w, https:\/\/www.hsu-hh.de\/kuw\/wp-content\/uploads\/sites\/575\/2025\/05\/DSCF0575.jpg 1152w\" sizes=\"auto, (max-width: 769px) 100vw, 769px\" \/><\/figure>\n<\/div><\/div>\n\n\n\n<div class=\"wp-block-column is-vertically-aligned-center is-layout-flow wp-block-column-is-layout-flow\"><\/div>\n<\/div>\n\n\n\n<hr class=\"wp-block-separator has-alpha-channel-opacity\" \/>\n\n\n\n<p><strong>Sprechstunde<\/strong><br>nach Vereinbarung<\/p>\n\n\n\n<p>Website:&nbsp;<a href=\"https:\/\/sites.google.com\/view\/niklasschmelmer\/startseite\" rel='nofollow'>https:\/\/sites.google.com\/view\/niklasschmelmer\/startseite<\/a><\/p>\n\n\n\n<p><a href=\"https:\/\/www.hsu-hh.de\/kuw\/wp-content\/uploads\/sites\/575\/2025\/06\/cv.pdf\">Curriculum Vitae<\/a><\/p>\n\n\n\n<hr class=\"wp-block-separator has-alpha-channel-opacity\" \/>\n\n\n\n<p><strong>Publikationen<\/strong><\/p>\n\n\n\n<ul class=\"wp-block-list\">\n<li>Herzer, D. and Schmelmer, N. (2022).&nbsp;The effects of greenfield foreign direct investment and cross\u2010border mergers and acquisitions on energy intensity in upper-middle income countries and low- and lower-middle income countries. Applied Economics, Published online: 15 Feb 2022,&nbsp;<a href=\"https:\/\/doi.org\/10.1080\/00036846.2022.2035670\" target=\"_blank\" rel=\"noreferrer noopener\">https:\/\/doi.org\/10.1080\/00036846.2022.2035670<\/a>.<\/li>\n\n\n\n<li>Herzer, D. and Schmelmer, N. (2024).&nbsp;The impact of South-South and North-South FDI on energy intensity in developing countries. Economics Bulletin (forthcoming).&nbsp;<\/li>\n\n\n\n<li>Schmelmer, N. (2025). The effect of FDI-embodied public clean energy R&amp;D spillovers on CO2 emissions. <em>Working paper<\/em>. Available &nbsp;<a href=\"https:\/\/dx.doi.org\/10.2139\/ssrn.5089465\" target=\"_blank\" rel=\"noreferrer noopener\">http:\/\/dx.doi.org\/10.2139\/ssrn.5089465<\/a><\/li>\n<\/ul>\n","protected":false},"excerpt":{"rendered":"<p>Wissenschaftlicher Mitarbeiter Helmut-Schmidt-Universit\u00e4tFakult\u00e4t f\u00fcr Wirtschafts- und SozialwissenschaftenHolstenhofweg 8522043 Hamburg Geb\u00e4ude: H1, Raum 2177Telefon: +49(0)40-6541 2475E-Mail:\u00a0niklas.schmelmer@hsu-hh.de Sprechstundenach Vereinbarung Website:&nbsp;https:\/\/sites.google.com\/view\/niklasschmelmer\/startseite Curriculum Vitae Publikationen<\/p>\n","protected":false},"author":36,"featured_media":1156,"parent":0,"menu_order":0,"comment_status":"closed","ping_status":"closed","template":"","meta":{"footnotes":""},"categories":[8],"tags":[],"class_list":["post-1073","page","type-page","status-publish","has-post-thumbnail","hentry","category-team"],"_links":{"self":[{"href":"https:\/\/www.hsu-hh.de\/kuw\/wp-json\/wp\/v2\/pages\/1073","targetHints":{"allow":["GET"]}}],"collection":[{"href":"https:\/\/www.hsu-hh.de\/kuw\/wp-json\/wp\/v2\/pages"}],"about":[{"href":"https:\/\/www.hsu-hh.de\/kuw\/wp-json\/wp\/v2\/types\/page"}],"author":[{"embeddable":true,"href":"https:\/\/www.hsu-hh.de\/kuw\/wp-json\/wp\/v2\/users\/36"}],"replies":[{"embeddable":true,"href":"https:\/\/www.hsu-hh.de\/kuw\/wp-json\/wp\/v2\/comments?post=1073"}],"version-history":[{"count":28,"href":"https:\/\/www.hsu-hh.de\/kuw\/wp-json\/wp\/v2\/pages\/1073\/revisions"}],"predecessor-version":[{"id":1252,"href":"https:\/\/www.hsu-hh.de\/kuw\/wp-json\/wp\/v2\/pages\/1073\/revisions\/1252"}],"wp:featuredmedia":[{"embeddable":true,"href":"https:\/\/www.hsu-hh.de\/kuw\/wp-json\/wp\/v2\/media\/1156"}],"wp:attachment":[{"href":"https:\/\/www.hsu-hh.de\/kuw\/wp-json\/wp\/v2\/media?parent=1073"}],"wp:term":[{"taxonomy":"category","embeddable":true,"href":"https:\/\/www.hsu-hh.de\/kuw\/wp-json\/wp\/v2\/categories?post=1073"},{"taxonomy":"post_tag","embeddable":true,"href":"https:\/\/www.hsu-hh.de\/kuw\/wp-json\/wp\/v2\/tags?post=1073"}],"curies":[{"name":"wp","href":"https:\/\/api.w.org\/{rel}","templated":true}]}}