{"id":1069,"date":"2024-12-06T09:45:54","date_gmt":"2024-12-06T08:45:54","guid":{"rendered":"https:\/\/www.hsu-hh.de\/kuw\/?page_id=1069"},"modified":"2026-02-19T06:43:27","modified_gmt":"2026-02-19T05:43:27","slug":"prof-dr-dierk-herzer","status":"publish","type":"page","link":"https:\/\/www.hsu-hh.de\/kuw\/prof-dr-dierk-herzer","title":{"rendered":"Prof. Dr. Dierk Herzer"},"content":{"rendered":"\n<p>Professurinhaber<\/p>\n\n\n\n<p>Studiendekan <abbr title=\"Volkswirtschaftslehre\">VWL<\/abbr><\/p>\n\n\n\n<p>Co-Editor, Applied Economics and Applied Economics Letters<\/p>\n\n\n\n<div class=\"wp-block-columns is-layout-flex wp-container-core-columns-is-layout-9d6595d7 wp-block-columns-is-layout-flex\">\n<div class=\"wp-block-column is-layout-flow wp-block-column-is-layout-flow\">\n<p>Helmut-Schmidt-Universit\u00e4t<br>Fakult\u00e4t f\u00fcr Wirtschafts- und Sozialwissenschaften<br>Holstenhofweg 85<br>22043 Hamburg<\/p>\n\n\n\n<p>Geb\u00e4ude: H1, Raum 2178<br>Telefon: +49(0)40-6541 2775<br>E-Mail:\u00a0<a href=\"mailto:herzer@hsu-hh.de\" rel='nofollow'>herzer@hsu-hh.de<\/a><\/p>\n<\/div>\n\n\n\n<div class=\"wp-block-column is-layout-flow wp-block-column-is-layout-flow\"><div class=\"wp-block-image is-style-rounded\">\n<figure class=\"alignleft size-large is-resized\"><img loading=\"lazy\" decoding=\"async\" width=\"794\" height=\"1024\" src=\"https:\/\/www.hsu-hh.de\/kuw\/wp-content\/uploads\/sites\/575\/2026\/02\/Herzer-Portrait-4-794x1024.jpg\" data-credit=\"Herzer\" alt=\"\" class=\"wp-image-1225\" style=\"width:250px;height:auto\" srcset=\"https:\/\/www.hsu-hh.de\/kuw\/wp-content\/uploads\/sites\/575\/2026\/02\/Herzer-Portrait-4-794x1024.jpg 794w, https:\/\/www.hsu-hh.de\/kuw\/wp-content\/uploads\/sites\/575\/2026\/02\/Herzer-Portrait-4-233x300.jpg 233w, https:\/\/www.hsu-hh.de\/kuw\/wp-content\/uploads\/sites\/575\/2026\/02\/Herzer-Portrait-4-768x990.jpg 768w, https:\/\/www.hsu-hh.de\/kuw\/wp-content\/uploads\/sites\/575\/2026\/02\/Herzer-Portrait-4-1192x1536.jpg 1192w, https:\/\/www.hsu-hh.de\/kuw\/wp-content\/uploads\/sites\/575\/2026\/02\/Herzer-Portrait-4-1589x2048.jpg 1589w, https:\/\/www.hsu-hh.de\/kuw\/wp-content\/uploads\/sites\/575\/2026\/02\/Herzer-Portrait-4-1100x1418.jpg 1100w, https:\/\/www.hsu-hh.de\/kuw\/wp-content\/uploads\/sites\/575\/2026\/02\/Herzer-Portrait-4-scaled.jpg 1986w\" sizes=\"auto, (max-width: 794px) 100vw, 794px\" \/><\/figure>\n<\/div><\/div>\n\n\n\n<div class=\"wp-block-column is-layout-flow wp-block-column-is-layout-flow\"><\/div>\n<\/div>\n\n\n\n<hr class=\"wp-block-separator has-alpha-channel-opacity\" \/>\n\n\n\n<p><strong>Sprechstunde<\/strong><br>nach Vereinbarung<\/p>\n\n\n\n<hr class=\"wp-block-separator has-alpha-channel-opacity\" \/>\n\n\n\n<p><a href=\"https:\/\/www.hsu-hh.de\/kuw\/wp-content\/uploads\/sites\/575\/2017\/08\/CV-Herzer-Homepage.pdf\">Curriculum Vitae <\/a><\/p>\n","protected":false},"excerpt":{"rendered":"<p>Professurinhaber Studiendekan VWL Co-Editor, Applied Economics and Applied Economics Letters Helmut-Schmidt-Universit\u00e4tFakult\u00e4t f\u00fcr Wirtschafts- und SozialwissenschaftenHolstenhofweg 8522043 Hamburg Geb\u00e4ude: H1, Raum 2178Telefon: +49(0)40-6541 2775E-Mail:\u00a0herzer@hsu-hh.de Sprechstundenach Vereinbarung Curriculum Vitae<\/p>\n","protected":false},"author":36,"featured_media":0,"parent":0,"menu_order":0,"comment_status":"closed","ping_status":"closed","template":"","meta":{"footnotes":""},"categories":[8],"tags":[],"class_list":["post-1069","page","type-page","status-publish","hentry","category-team"],"_links":{"self":[{"href":"https:\/\/www.hsu-hh.de\/kuw\/wp-json\/wp\/v2\/pages\/1069","targetHints":{"allow":["GET"]}}],"collection":[{"href":"https:\/\/www.hsu-hh.de\/kuw\/wp-json\/wp\/v2\/pages"}],"about":[{"href":"https:\/\/www.hsu-hh.de\/kuw\/wp-json\/wp\/v2\/types\/page"}],"author":[{"embeddable":true,"href":"https:\/\/www.hsu-hh.de\/kuw\/wp-json\/wp\/v2\/users\/36"}],"replies":[{"embeddable":true,"href":"https:\/\/www.hsu-hh.de\/kuw\/wp-json\/wp\/v2\/comments?post=1069"}],"version-history":[{"count":14,"href":"https:\/\/www.hsu-hh.de\/kuw\/wp-json\/wp\/v2\/pages\/1069\/revisions"}],"predecessor-version":[{"id":1251,"href":"https:\/\/www.hsu-hh.de\/kuw\/wp-json\/wp\/v2\/pages\/1069\/revisions\/1251"}],"wp:attachment":[{"href":"https:\/\/www.hsu-hh.de\/kuw\/wp-json\/wp\/v2\/media?parent=1069"}],"wp:term":[{"taxonomy":"category","embeddable":true,"href":"https:\/\/www.hsu-hh.de\/kuw\/wp-json\/wp\/v2\/categories?post=1069"},{"taxonomy":"post_tag","embeddable":true,"href":"https:\/\/www.hsu-hh.de\/kuw\/wp-json\/wp\/v2\/tags?post=1069"}],"curies":[{"name":"wp","href":"https:\/\/api.w.org\/{rel}","templated":true}]}}