{"id":105,"date":"2017-08-29T16:03:31","date_gmt":"2017-08-29T14:03:31","guid":{"rendered":"https:\/\/www.hsu-hh.de\/kuw\/?page_id=105"},"modified":"2026-03-03T17:52:28","modified_gmt":"2026-03-03T16:52:28","slug":"lehre","status":"publish","type":"page","link":"https:\/\/www.hsu-hh.de\/kuw\/lehre","title":{"rendered":"Lehre"},"content":{"rendered":"\n<p class=\"has-medium-font-size\"><strong>Fr\u00fchjahrstrimester 2026<\/strong><br><strong><br>Makro\u00f6konomik (Vorlesung und \u00dcbung)<br><\/strong>WS53V01<br><abbr title=\"Mittwoch\">Mi<\/abbr>, 14 &#8211; 15:30, Geb. H01, HS 0001<br><abbr title=\"Donnerstag\">Do<\/abbr>, 08 &#8211; 09:30, Geb. H01, HS 0001<br>Fr, 08 &#8211; 09:30, Geb. H01, HS 0001<br>Erste Veranstaltung:<br><abbr title=\"Mittwoch\">Mi<\/abbr>, 08.04.2<\/p>\n\n\n\n<p class=\"has-medium-font-size\"><strong>Internationale Aspekte der Entwicklungs\u00f6konomik (Vorlesung und \u00dcbung)<br><\/strong>WS62V13<br>Mo, 15:45 &#8211; 17:15, Geb. H01, SR 0401<br><abbr title=\"Donnerstag\">Do<\/abbr>, 08 &#8211; 09:30, Geb. H01, SR 0301<br>Erste Veranstaltung:<br><abbr title=\"Donnerstag\">Do<\/abbr>, 09.04.26<\/p>\n\n\n\n<p class=\"has-medium-font-size\"><strong>Bachelor-Thesis\/ Bachelor-Kolloquium<br><\/strong>WS57V01<br>Termine nach Vereinbarung, Anmeldung \u00fcber <a href=\"mailto:herzer@hsu-hh.de\" rel='nofollow'>herzer@hsu-hh.de<\/a><\/p>\n\n\n\n<p class=\"has-medium-font-size\"><strong>Master-Thesis\/ Master- Kolloquium<br><\/strong>WS64V03<br>Termine nach Vereinbarung, Anmeldung \u00fcber <a href=\"mailto:herzer@hsu-hh.de\" rel='nofollow'>herzer@hsu-hh.de<\/a><\/p>\n\n\n\n<hr class=\"wp-block-separator has-alpha-channel-opacity\" \/>\n\n\n\n<p class=\"has-medium-font-size\"><strong>Wintertrimester 2026 <\/strong><\/p>\n\n\n\n<p class=\"has-medium-font-size\"><strong>Regional\u00f6konomik (Vorlesung und \u00dcbung)<\/strong><br>WS62V14<br>Mo, 11:30 &#8211; 13, Geb. H01, SR 0101<br><abbr title=\"Mittwoch\">Mi<\/abbr>, 08 &#8211; 09:30, Geb. H01, SR 0101<br><br>Erste Veranstaltung: 05.01.2026<br><strong>Keine \u00dcbung: 04.02.2026<\/strong> (<abbr title=\"Teilstreitkraft\">TSK<\/abbr>-Infotage)<\/p>\n\n\n\n<p class=\"has-medium-font-size\"><strong>Wachstumstheorie und -empirie (Vorlesung und \u00dcbung)<\/strong><br>WS55V06<br>Mo, 14 &#8211; 15:30, Geb. H01, SR 0401<br><abbr title=\"Donnerstag\">Do<\/abbr>, 08 &#8211; 09:30, Geb. H01, SR 0101<br><br>Erste Veranstaltung: 05.01.2026<br><strong>Keine \u00dcbung: 05.02.2025<\/strong> (<abbr title=\"Teilstreitkraft\">TSK<\/abbr>-Infotage)<\/p>\n\n\n\n<p class=\"has-medium-font-size\"><strong>Master-Thesis\/ Master- Kolloquium<\/strong><br>WS64V03<br>Termine nach Vereinbarung, Anmeldung \u00fcber <a href=\"mailto:herzer@hsu-hh.de\" rel='nofollow'>herzer@hsu-hh.de<\/a><\/p>\n\n\n\n<hr class=\"wp-block-separator has-alpha-channel-opacity\" \/>\n\n\n\n<p class=\"has-medium-font-size\"><strong>Die Vorlesungs- und \u00dcbungsmaterialien werden zu Beginn des Trimesters \u00fcber <a href=\"https:\/\/ilias.hsu-hh.de\/goto.php?target=cat_573358&amp;client_id=unibw\" data-type=\"link\" data-id=\"https:\/\/ilias.hsu-hh.de\/goto.php?target=cat_573358&amp;client_id=unibw\" rel='nofollow'><\/a><a href=\"https:\/\/intranet.hsu-hh.de\/ilias.php?baseClass=ilrepositorygui&amp;ref_id=576\" rel='nofollow'>ILIAS<\/a> bereitgestellt.<\/strong><\/p>\n\n\n\n<hr class=\"wp-block-separator has-alpha-channel-opacity\" \/>\n\n\n\n<p><a href=\"https:\/\/www.hsu-hh.de\/kuw\/vorherige-lehrveranstaltungen\" target=\"_blank\" rel=\"noreferrer noopener\">Vorherige Lehrveranstaltungen<\/a><\/p>\n\n\n\n<p><\/p>\n","protected":false},"excerpt":{"rendered":"<p>Fr\u00fchjahrstrimester 2026Makro\u00f6konomik (Vorlesung und \u00dcbung)WS53V01Mi, 14 &#8211; 15:30, Geb. H01, HS 0001Do, 08 &#8211; 09:30, Geb. H01, HS 0001Fr, 08 &#8211; 09:30, Geb. H01, HS 0001Erste Veranstaltung:Mi, 08.04.2 Internationale Aspekte [&hellip;]<\/p>\n","protected":false},"author":42,"featured_media":0,"parent":0,"menu_order":0,"comment_status":"closed","ping_status":"closed","template":"","meta":{"footnotes":""},"categories":[6],"tags":[],"class_list":["post-105","page","type-page","status-publish","hentry","category-lehre"],"_links":{"self":[{"href":"https:\/\/www.hsu-hh.de\/kuw\/wp-json\/wp\/v2\/pages\/105","targetHints":{"allow":["GET"]}}],"collection":[{"href":"https:\/\/www.hsu-hh.de\/kuw\/wp-json\/wp\/v2\/pages"}],"about":[{"href":"https:\/\/www.hsu-hh.de\/kuw\/wp-json\/wp\/v2\/types\/page"}],"author":[{"embeddable":true,"href":"https:\/\/www.hsu-hh.de\/kuw\/wp-json\/wp\/v2\/users\/42"}],"replies":[{"embeddable":true,"href":"https:\/\/www.hsu-hh.de\/kuw\/wp-json\/wp\/v2\/comments?post=105"}],"version-history":[{"count":119,"href":"https:\/\/www.hsu-hh.de\/kuw\/wp-json\/wp\/v2\/pages\/105\/revisions"}],"predecessor-version":[{"id":1273,"href":"https:\/\/www.hsu-hh.de\/kuw\/wp-json\/wp\/v2\/pages\/105\/revisions\/1273"}],"wp:attachment":[{"href":"https:\/\/www.hsu-hh.de\/kuw\/wp-json\/wp\/v2\/media?parent=105"}],"wp:term":[{"taxonomy":"category","embeddable":true,"href":"https:\/\/www.hsu-hh.de\/kuw\/wp-json\/wp\/v2\/categories?post=105"},{"taxonomy":"post_tag","embeddable":true,"href":"https:\/\/www.hsu-hh.de\/kuw\/wp-json\/wp\/v2\/tags?post=105"}],"curies":[{"name":"wp","href":"https:\/\/api.w.org\/{rel}","templated":true}]}}