{"id":863,"date":"2023-01-03T11:11:10","date_gmt":"2023-01-03T10:11:10","guid":{"rendered":"https:\/\/www.hsu-hh.de\/konvent\/?page_id=863"},"modified":"2023-10-24T21:04:24","modified_gmt":"2023-10-24T19:04:24","slug":"hsu-band","status":"publish","type":"page","link":"https:\/\/www.hsu-hh.de\/konvent\/hsu-band","title":{"rendered":"HSU-Band"},"content":{"rendered":"\n<figure class=\"wp-block-image size-large is-resized\"><img loading=\"lazy\" decoding=\"async\" src=\"https:\/\/www.hsu-hh.de\/konvent\/wp-content\/uploads\/sites\/705\/2023\/10\/Logo-1-Bandlogo-768x1024.png\" data-credit=\"\" alt=\"\" class=\"wp-image-896\" style=\"width:215px;height:286px\" width=\"215\" height=\"286\" srcset=\"https:\/\/www.hsu-hh.de\/konvent\/wp-content\/uploads\/sites\/705\/2023\/10\/Logo-1-Bandlogo-768x1024.png 768w, https:\/\/www.hsu-hh.de\/konvent\/wp-content\/uploads\/sites\/705\/2023\/10\/Logo-1-Bandlogo-225x300.png 225w, https:\/\/www.hsu-hh.de\/konvent\/wp-content\/uploads\/sites\/705\/2023\/10\/Logo-1-Bandlogo-1152x1536.png 1152w, https:\/\/www.hsu-hh.de\/konvent\/wp-content\/uploads\/sites\/705\/2023\/10\/Logo-1-Bandlogo-1536x2048.png 1536w, https:\/\/www.hsu-hh.de\/konvent\/wp-content\/uploads\/sites\/705\/2023\/10\/Logo-1-Bandlogo-1100x1467.png 1100w, https:\/\/www.hsu-hh.de\/konvent\/wp-content\/uploads\/sites\/705\/2023\/10\/Logo-1-Bandlogo.png 1620w\" sizes=\"auto, (max-width: 215px) 100vw, 215px\" \/><\/figure>\n\n\n\n<p>Wir sind die Band der <abbr title=\"Helmut Schmidt Universit\u00e4t\">HSU<\/abbr> mit fachbereichs\u00fcbergreifenden Mitgliedern der Universit\u00e4t. Die <abbr title=\"Helmut Schmidt Universit\u00e4t\">HSU<\/abbr>-Band existiert seit Jahrzehnten unter wechselnden Namen und ist seit jeher ein fester Bestandteil der studentischen Gemeinschaft.<br>Wir liefern euch vielf\u00e4ltige Coverversionen im rockigen Gewand f\u00fcr alle Veranstaltungen, die nach Live-Musik verlangen.<\/p>\n\n\n\n<p>Buchung der Band f\u00fcr eure Veranstaltung<\/p>\n\n\n\n<p>F\u00fcr Aufritte aller Art schreibt uns gern eine E-Mail an&nbsp;<a href=\"mailto:hsu-band@hsu-hh.de\" rel='nofollow'>hsu-band@hsu-hh.de<\/a>.<\/p>\n\n\n\n<p>Du bist Musiker und m\u00f6chtest bei uns mitmachen?<br>Wir rekrutieren j\u00e4hrlich zum Beginn des jeweiligen Herbsttrimesters neue Musiker. N\u00e4here Infos \u00fcber offene Stellen erfahrt ihr zum gegebenen Zeitpunkt via E-Mail oder an unserem Stand am Tag der IGs und AGs. Wir verf\u00fcgen \u00fcber einen gut ausgestatteten Proberaum an der <abbr title=\"Helmut Schmidt Universit\u00e4t\">HSU<\/abbr>, der euch nahezu unbegrenzte M\u00f6glichkeiten zur kreativen Entfaltung bietet.<\/p>\n","protected":false},"excerpt":{"rendered":"<p>Wir sind die Band der HSU mit fachbereichs\u00fcbergreifenden Mitgliedern der Universit\u00e4t. Die HSU-Band existiert seit Jahrzehnten unter wechselnden Namen und ist seit jeher ein fester Bestandteil der studentischen Gemeinschaft.Wir liefern [&hellip;]<\/p>\n","protected":false},"author":2989,"featured_media":0,"parent":0,"menu_order":0,"comment_status":"closed","ping_status":"closed","template":"","meta":{"footnotes":""},"categories":[4],"tags":[],"class_list":["post-863","page","type-page","status-publish","hentry","category-forschung"],"_links":{"self":[{"href":"https:\/\/www.hsu-hh.de\/konvent\/wp-json\/wp\/v2\/pages\/863","targetHints":{"allow":["GET"]}}],"collection":[{"href":"https:\/\/www.hsu-hh.de\/konvent\/wp-json\/wp\/v2\/pages"}],"about":[{"href":"https:\/\/www.hsu-hh.de\/konvent\/wp-json\/wp\/v2\/types\/page"}],"author":[{"embeddable":true,"href":"https:\/\/www.hsu-hh.de\/konvent\/wp-json\/wp\/v2\/users\/2989"}],"replies":[{"embeddable":true,"href":"https:\/\/www.hsu-hh.de\/konvent\/wp-json\/wp\/v2\/comments?post=863"}],"version-history":[{"count":5,"href":"https:\/\/www.hsu-hh.de\/konvent\/wp-json\/wp\/v2\/pages\/863\/revisions"}],"predecessor-version":[{"id":897,"href":"https:\/\/www.hsu-hh.de\/konvent\/wp-json\/wp\/v2\/pages\/863\/revisions\/897"}],"wp:attachment":[{"href":"https:\/\/www.hsu-hh.de\/konvent\/wp-json\/wp\/v2\/media?parent=863"}],"wp:term":[{"taxonomy":"category","embeddable":true,"href":"https:\/\/www.hsu-hh.de\/konvent\/wp-json\/wp\/v2\/categories?post=863"},{"taxonomy":"post_tag","embeddable":true,"href":"https:\/\/www.hsu-hh.de\/konvent\/wp-json\/wp\/v2\/tags?post=863"}],"curies":[{"name":"wp","href":"https:\/\/api.w.org\/{rel}","templated":true}]}}