{"id":73,"date":"2017-07-03T15:52:08","date_gmt":"2017-07-03T13:52:08","guid":{"rendered":"https:\/\/www.hsu-hh.de\/vorlage\/?page_id=73"},"modified":"2025-01-27T10:28:07","modified_gmt":"2025-01-27T09:28:07","slug":"startseite","status":"publish","type":"page","link":"https:\/\/www.hsu-hh.de\/konvent\/","title":{"rendered":""},"content":{"rendered":"<p><strong><img loading=\"lazy\" decoding=\"async\" class=\"alignleft size-full-image wp-image-838\" src=\"https:\/\/www.hsu-hh.de\/konvent\/wp-content\/uploads\/sites\/705\/2023\/01\/Faltdisplay-skaliert-110.345-\u00d7-82.941-cm-110.345-\u00d7-40-cm-1-1100x244.png\" alt=\"Banner\" width=\"1100\" height=\"244\" data-credit=\"Paul Fischer\" srcset=\"https:\/\/www.hsu-hh.de\/konvent\/wp-content\/uploads\/sites\/705\/2023\/01\/Faltdisplay-skaliert-110.345-\u00d7-82.941-cm-110.345-\u00d7-40-cm-1-1100x244.png 1100w, https:\/\/www.hsu-hh.de\/konvent\/wp-content\/uploads\/sites\/705\/2023\/01\/Faltdisplay-skaliert-110.345-\u00d7-82.941-cm-110.345-\u00d7-40-cm-1-300x67.png 300w, https:\/\/www.hsu-hh.de\/konvent\/wp-content\/uploads\/sites\/705\/2023\/01\/Faltdisplay-skaliert-110.345-\u00d7-82.941-cm-110.345-\u00d7-40-cm-1-1024x228.png 1024w, https:\/\/www.hsu-hh.de\/konvent\/wp-content\/uploads\/sites\/705\/2023\/01\/Faltdisplay-skaliert-110.345-\u00d7-82.941-cm-110.345-\u00d7-40-cm-1-768x171.png 768w, https:\/\/www.hsu-hh.de\/konvent\/wp-content\/uploads\/sites\/705\/2023\/01\/Faltdisplay-skaliert-110.345-\u00d7-82.941-cm-110.345-\u00d7-40-cm-1-1536x341.png 1536w, https:\/\/www.hsu-hh.de\/konvent\/wp-content\/uploads\/sites\/705\/2023\/01\/Faltdisplay-skaliert-110.345-\u00d7-82.941-cm-110.345-\u00d7-40-cm-1-2048x455.png 2048w\" sizes=\"auto, (max-width: 1100px) 100vw, 1100px\" \/><\/strong><\/p>\n<p><strong>Der Studentische Konvent<\/strong> ist die gew\u00e4hlte Studierendenvertretung an der Helmut-Schmidt-Universit\u00e4t\/Universit\u00e4t der Bundeswehr Hamburg. In erster Linie vertritt er die Interessen der Studierenden und ber\u00e4t diese bei verschiedensten Fragen. Der Konvent ber\u00e4t au\u00dferdem \u00fcber hochschulpolitische Themen, pflegt den Kontakt zu anderen Universit\u00e4ten und w\u00e4hlt einmal j\u00e4hrlich den Sprecherrat.<\/p>\n<p>F\u00fcr Anregungen, Probleme und Hilfe im studentischen Alltag sind wir der richtige Ansprechpartner!<\/p>\n<p><strong>B\u00fcro \u00d6ffnungszeiten im H1 R1502<\/strong><br \/>\nMontag:\u00a0 \u00a0 \u00a010:00 Uhr &#8211; 14:00 Uhr<br \/>\nDienstag:\u00a0 \u00a0 10:00 Uhr &#8211; 14:00 Uhr<br \/>\nMittwoch:\u00a0 \u00a010:00 Uhr &#8211; 14:00 Uhr<\/p>\n<p>Schreibt uns gerne unter: <em>konvent@hsu-hh.de<br \/>\n<\/em>Folgt uns auch gern auf Instagram unter:<em> konventgram<\/em><\/p>\n","protected":false},"excerpt":{"rendered":"<p>Der Studentische Konvent ist die gew\u00e4hlte Studierendenvertretung an der Helmut-Schmidt-Universit\u00e4t\/Universit\u00e4t der Bundeswehr Hamburg. In erster Linie vertritt er die Interessen der Studierenden und ber\u00e4t diese bei verschiedensten Fragen. Der Konvent [&hellip;]<\/p>\n","protected":false},"author":1,"featured_media":0,"parent":0,"menu_order":0,"comment_status":"closed","ping_status":"closed","template":"","meta":{"footnotes":""},"categories":[35],"tags":[],"class_list":["post-73","page","type-page","status-publish","hentry","category-startseite"],"_links":{"self":[{"href":"https:\/\/www.hsu-hh.de\/konvent\/wp-json\/wp\/v2\/pages\/73","targetHints":{"allow":["GET"]}}],"collection":[{"href":"https:\/\/www.hsu-hh.de\/konvent\/wp-json\/wp\/v2\/pages"}],"about":[{"href":"https:\/\/www.hsu-hh.de\/konvent\/wp-json\/wp\/v2\/types\/page"}],"author":[{"embeddable":true,"href":"https:\/\/www.hsu-hh.de\/konvent\/wp-json\/wp\/v2\/users\/1"}],"replies":[{"embeddable":true,"href":"https:\/\/www.hsu-hh.de\/konvent\/wp-json\/wp\/v2\/comments?post=73"}],"version-history":[{"count":66,"href":"https:\/\/www.hsu-hh.de\/konvent\/wp-json\/wp\/v2\/pages\/73\/revisions"}],"predecessor-version":[{"id":907,"href":"https:\/\/www.hsu-hh.de\/konvent\/wp-json\/wp\/v2\/pages\/73\/revisions\/907"}],"wp:attachment":[{"href":"https:\/\/www.hsu-hh.de\/konvent\/wp-json\/wp\/v2\/media?parent=73"}],"wp:term":[{"taxonomy":"category","embeddable":true,"href":"https:\/\/www.hsu-hh.de\/konvent\/wp-json\/wp\/v2\/categories?post=73"},{"taxonomy":"post_tag","embeddable":true,"href":"https:\/\/www.hsu-hh.de\/konvent\/wp-json\/wp\/v2\/tags?post=73"}],"curies":[{"name":"wp","href":"https:\/\/api.w.org\/{rel}","templated":true}]}}