{"id":268,"date":"2018-05-14T16:51:41","date_gmt":"2018-05-14T14:51:41","guid":{"rendered":"https:\/\/www.hsu-hh.de\/konvent\/?page_id=268"},"modified":"2023-01-03T09:49:25","modified_gmt":"2023-01-03T08:49:25","slug":"aufbau","status":"publish","type":"page","link":"https:\/\/www.hsu-hh.de\/konvent\/aufbau","title":{"rendered":"Aufbau und Gremien"},"content":{"rendered":"<p>Der Studentische Konvent besteht aus 27 gew\u00e4hlten, stimmberechtigten Studenten und tritt monatlich zusammen. Hinzu kommen beratende Mitglieder. Er ist vergleichbar mit dem Studierenden Parlament (StuPa) an zivilen Universit\u00e4ten. Der einen Vorsitzenden, einen stellvertretenden Vorsitzenden sowie sieben Referenten umfassende Sprecherrat entspricht dem Allgemeinen Studierenden Ausschuss (AStA). Er ist der zentrale Anlaufpunkt f\u00fcr die Studierenden bei Problemen im Studienalltag, bei brennenden Fragen und bei Beratungsbedarf.<\/p>\n<p>Der Sprecherrat fungiert als Schnittstelle zwischen Studenten und Hochschulleitung. Er vertritt die Interessen der Studenten in den akademischen Gremien und der \u00d6ffentlichkeit. Dem eigenen Selbstverst\u00e4ndnis nach ist er sowohl Dienstleister an den Studenten als auch Bewahrer der Partizipationsrechte und Sprachrohr nach innen und au\u00dfen.<\/p>\n<p>Seit der Legislaturperiode 2013 verf\u00fcgt der Studentische Konvent ebenfalls \u00fcber eine Gesch\u00e4ftsf\u00fchrung. Die Gesch\u00e4ftsf\u00fchrung wurde eingerichtet, um die Legislative, den Konvent an sich, und die Exekutive, den Sprecherrat, besser und vor allem nach demokratischen Prinzipien zu trennen. Die Gesch\u00e4tsf\u00fchrung leitet fortan die Sitzungen des Studentischen Konvents.<\/p>\n<p>Bei regelm\u00e4\u00dfigen Veranstaltungen mit hochkar\u00e4tigen G\u00e4sten soll den Studenten die M\u00f6glichkeit gegeben werden, mit politischen und milit\u00e4rischen Entscheidungstr\u00e4gern zu diskutieren. Mit der Trimesteranfangsfeier (TAF) organisiert der Konvent j\u00e4hrlich eine der gr\u00f6\u00dften Uni-Partys Hamburgs und leistet damit seinen Beitrag zur Eingliederung des jeweils neuen Studierendenjahrgangs.<\/p>\n<p>Wir freuen uns \u00fcber jeden, der sich mit uns gemeinsam an der Helmut-Schmidt-Universit\u00e4t engagieren m\u00f6chte, und sind daher an Ideen, Vorschl\u00e4gen und Anregungen aller Art sehr interessiert.<\/p>\n<p>Hier k\u00f6nnt ihr die Zusammensetzung des Studentischen Konvents sehen und Informationen \u00fcber die Mitgliedschaft in den einzelnen Gremien einsehen. Wenn Probleme auftreten, die in den einzelnen Referaten und Gremien besprochen werden k\u00f6nnen, sind wir \u00fcber Imput dankbar, um unsere Arbeit zu verbessern und die Studierenden bestm\u00f6glich zu unterst\u00fctzen.<\/p>\n<p><a href=\"https:\/\/www.hsu-hh.de\/konvent\/aufbau\/organigramm\">Organigramm <\/a><\/p>\n<p><a href=\"https:\/\/www.hsu-hh.de\/konvent\/referate\">Referate<\/a><\/p>\n<p><a href=\"https:\/\/www.hsu-hh.de\/konvent\/pressestab\">UniVox<\/a><\/p>\n<p><a href=\"https:\/\/www.hsu-hh.de\/konvent\/gremien\">Gremien<\/a><\/p>\n","protected":false},"excerpt":{"rendered":"<p>Der Studentische Konvent besteht aus 27 gew\u00e4hlten, stimmberechtigten Studenten und tritt monatlich zusammen. Hinzu kommen beratende Mitglieder. Er ist vergleichbar mit dem Studierenden Parlament (StuPa) an zivilen Universit\u00e4ten. Der einen [&hellip;]<\/p>\n","protected":false},"author":1689,"featured_media":0,"parent":0,"menu_order":0,"comment_status":"closed","ping_status":"closed","template":"","meta":{"footnotes":""},"categories":[4],"tags":[],"class_list":["post-268","page","type-page","status-publish","hentry","category-forschung"],"_links":{"self":[{"href":"https:\/\/www.hsu-hh.de\/konvent\/wp-json\/wp\/v2\/pages\/268","targetHints":{"allow":["GET"]}}],"collection":[{"href":"https:\/\/www.hsu-hh.de\/konvent\/wp-json\/wp\/v2\/pages"}],"about":[{"href":"https:\/\/www.hsu-hh.de\/konvent\/wp-json\/wp\/v2\/types\/page"}],"author":[{"embeddable":true,"href":"https:\/\/www.hsu-hh.de\/konvent\/wp-json\/wp\/v2\/users\/1689"}],"replies":[{"embeddable":true,"href":"https:\/\/www.hsu-hh.de\/konvent\/wp-json\/wp\/v2\/comments?post=268"}],"version-history":[{"count":9,"href":"https:\/\/www.hsu-hh.de\/konvent\/wp-json\/wp\/v2\/pages\/268\/revisions"}],"predecessor-version":[{"id":856,"href":"https:\/\/www.hsu-hh.de\/konvent\/wp-json\/wp\/v2\/pages\/268\/revisions\/856"}],"wp:attachment":[{"href":"https:\/\/www.hsu-hh.de\/konvent\/wp-json\/wp\/v2\/media?parent=268"}],"wp:term":[{"taxonomy":"category","embeddable":true,"href":"https:\/\/www.hsu-hh.de\/konvent\/wp-json\/wp\/v2\/categories?post=268"},{"taxonomy":"post_tag","embeddable":true,"href":"https:\/\/www.hsu-hh.de\/konvent\/wp-json\/wp\/v2\/tags?post=268"}],"curies":[{"name":"wp","href":"https:\/\/api.w.org\/{rel}","templated":true}]}}