{"id":132,"date":"2018-04-26T16:55:33","date_gmt":"2018-04-26T14:55:33","guid":{"rendered":"https:\/\/www.hsu-hh.de\/konvent\/?page_id=132"},"modified":"2025-03-18T09:22:11","modified_gmt":"2025-03-18T08:22:11","slug":"gremien","status":"publish","type":"page","link":"https:\/\/www.hsu-hh.de\/konvent\/gremien","title":{"rendered":"Gremien"},"content":{"rendered":"<p>Die Mitglieder im Konvent setzen sich in zahlreichen Gremien und Aussch\u00fcssen f\u00fcr die Belange der Studierenden ein. Gerne k\u00f6nnen diese bei Anliegen direkt angesprochen werden. Wenn ihr euch nicht sicher seid, wer im konkreten Fall zu kontaktieren ist, k\u00f6nnt ihr jederzeit eine E-Mail an <a href=\"mailto:konvent@hsu-hh.de\" rel='nofollow'>konvent@hsu-hh.de<\/a> schreiben.<\/p>\n<p>Hier findet ihr eine \u00dcbersicht \u00fcber die studentischen Ansprechpartner und Ansprechpartnerinnen in den Gremien und Aussch\u00fcssen:<\/p>\n<h3>Senat<\/h3>\n<p><em>Studentische Vertretung:<\/em><\/p>\n<p>Max Rieke \/ Matthias Prass<\/p>\n<p>Tobias Thelen \/ Leander Nasdalla<\/p>\n<p>Tobias Hertig \/ Edward Drescher<\/p>\n<p>Valentin Neukamp \/ Leon B\u00e4r<\/p>\n<h3>Senatsaussch\u00fcsse<\/h3>\n<p><strong>SenA LuST: Senatsausschuss f\u00fcr Lehre und Studium<\/strong><\/p>\n<p><em>Studentische Vertretung:<\/em><\/p>\n<p>Julius Arendt \/ Louis Maurer<\/p>\n<p>Leon B\u00e4r \/ Matthias Kolep<\/p>\n<p>Vera Schmitt \/ Lars Rugenstein<\/p>\n<p>Johannes Weller \/ Victoria Fiedler<\/p>\n<p><strong>SenA FuwN: Senatsausschuss f\u00fcr Forschung und wissenschaftlichen Nachwuchs<\/strong><\/p>\n<p><em>Studentische Vertretung:<\/em><\/p>\n<p>Leon B\u00e4r \/ Jasper Manz<\/p>\n<p><strong>SenA HaPlBau: Senatsausschuss f\u00fcr Haushalts-, Planungs- und Bauangelegenheiten<\/strong><\/p>\n<p><em>Studentische Vertretung:<\/em><\/p>\n<p>Leon B\u00e4r \/ Matthias Kolep<\/p>\n<p><strong>SenA Bibl: Senatsausschuss f\u00fcr Bibliotheksangelegenheiten<\/strong><\/p>\n<p><em>Studentische Vertretung:<\/em><\/p>\n<p>Matthis Gayk \/ Matthias Kolep<\/p>\n<p><strong>SenA EDV: Senatsausschuss f\u00fcr EDV-Angelegenheiten<\/strong><\/p>\n<p><em>Studentische Vertretung:<\/em><\/p>\n<p>Tom Heidenreich \/ Kevin H\u00f6lscher<\/p>\n<p>Matthias Prass<\/p>\n<p><strong>SenA Satz: Senatsausschuss f\u00fcr Satzungen<\/strong><\/p>\n<p><em>Studentische Vertretung:<\/em><\/p>\n<p>Louis Maurer<\/p>\n<p>Johannes Weller<\/p>\n<p><strong>SenA C: Senatsausschuss zur F\u00f6rderung von Chancengleichheit<\/strong><\/p>\n<p><em>Studentische Vertretung:<\/em><\/p>\n<p>Vera Schmitt<\/p>\n<p>Johannes Weller<\/p>\n<p><strong>SenA f\u00fcr Internationales<\/strong><\/p>\n<p><em>Studentische Vertretung:<\/em><\/p>\n<p>Philipp L\u00fcpnitz \/ Carlsson Schapp<\/p>\n<p>Jakob Heil \/ Leon B\u00e4r<\/p>\n<p><strong>SenA KI: k\u00fcnstliche Intelligenz\u00a0<\/strong><\/p>\n<p><em>Studentische Vertretung:<\/em><\/p>\n<p>Adrian Kriebel \/ Julius Arendt<\/p>\n<p>Matthias Prass<\/p>\n<p>Nicholas Grodeck<\/p>\n<p>Jonas Bockelt \/ Linus Zink<\/p>\n<p><strong>ISA-Beirat<\/strong><\/p>\n<p><em>Studentische Vertretung:<\/em><\/p>\n<p>Leon B\u00e4r \/ Vera Schmitt<\/p>\n<p><strong>WA: Wahlausschuss<\/strong><\/p>\n<p><em>Studentische Vertretung:<\/em><\/p>\n<p>Richard Hansen \/ Philipp L\u00fcpnitz<\/p>\n<p><strong>WPrA: Wahlpr\u00fcfungsausschuss<\/strong><\/p>\n<p><em>Studentische Vertretung:<\/em><\/p>\n<p>Louis Maurer \/ Viktor Lambsdorff \/ Leon B\u00e4r<\/p>\n<p><strong>ZWW-Beirat<\/strong><\/p>\n<p><em>Studentische Vertretung:<\/em><\/p>\n<p>Leon B\u00e4r \/ Matthias Prass<\/p>\n<p>Vera Schmitt<\/p>\n<p><strong>Beschwerdestelle in Pr\u00fcfungsangelegenheiten gem. \u00a7 7 Abs. 11 APO<\/strong><\/p>\n<p><em>Studentische Vertretung:<\/em><\/p>\n<p>Leon B\u00e4r<\/p>\n<h3>Fakult\u00e4tsr\u00e4te<\/h3>\n<p><strong>FakRat <abbr title=\"Geistes- und Sozialwissenschaften\">GeiSo<\/abbr>: Geistes und Sozialwissenschaften<\/strong><\/p>\n<p><em>Studentische Vertretung:<\/em><\/p>\n<p>Edward Drescher \/ Michelle Rossow<\/p>\n<p>Tobias Thelen \/ Laura Cornu<\/p>\n<p>Julia Schumann \/ Bendix Bibow<\/p>\n<p><strong>FakRat <abbr title=\"Wirtschafts- und Sozialwissenschaften\">WiSo<\/abbr>: Wirtschafts- und Sozialwissenschaften<\/strong><\/p>\n<p><em>Studentische Vertretung:<\/em><\/p>\n<p>Louis Maurer \/ Luis D\u00f6rmann<\/p>\n<p>Barbara Lohmaier \/ Leon Holletschek<\/p>\n<p>Daria Pangsy \/ Hanna Kobrink<\/p>\n<p><strong>FakRat <abbr title=\"Elektrotechnik\">ET<\/abbr>: Elektrotechnik<\/strong><\/p>\n<p><em>Studentische Vertretung:<\/em><\/p>\n<p>Alexander Schneider \/ Moritz Birnmeyer<\/p>\n<p>Richard Hansen \/ Saidou Folge<\/p>\n<p><span style=\"font-size: revert;color: initial\">Julius Arendt \/ Paul Saupe<\/span><\/p>\n<p><strong>FakRat MB: Maschinenbau<\/strong><\/p>\n<p><em>Studentische Vertretung:<\/em><\/p>\n<p>Jannik Strau\u00df<\/p>\n<p>Matthias Prass<\/p>\n<p>Marco Vogelsang<\/p>\n<p><strong>Studienbereichsausschuss <abbr title=\"Wirtschaftsingenieurwesen\">WI<\/abbr><\/strong><\/p>\n<p><em>Studentische Vertretung:<\/em><\/p>\n<p>Philipp Ruback \/ Sarah Badalouf<\/p>\n<p>Kevin Prochnow \/ Julian Siemer<\/p>\n","protected":false},"excerpt":{"rendered":"<p>Die Mitglieder im Konvent setzen sich in zahlreichen Gremien und Aussch\u00fcssen f\u00fcr die Belange der Studierenden ein. Gerne k\u00f6nnen diese bei Anliegen direkt angesprochen werden. Wenn ihr euch nicht sicher [&hellip;]<\/p>\n","protected":false},"author":2989,"featured_media":0,"parent":0,"menu_order":0,"comment_status":"closed","ping_status":"closed","template":"","meta":{"footnotes":""},"categories":[4],"tags":[],"class_list":["post-132","page","type-page","status-publish","hentry","category-forschung"],"_links":{"self":[{"href":"https:\/\/www.hsu-hh.de\/konvent\/wp-json\/wp\/v2\/pages\/132","targetHints":{"allow":["GET"]}}],"collection":[{"href":"https:\/\/www.hsu-hh.de\/konvent\/wp-json\/wp\/v2\/pages"}],"about":[{"href":"https:\/\/www.hsu-hh.de\/konvent\/wp-json\/wp\/v2\/types\/page"}],"author":[{"embeddable":true,"href":"https:\/\/www.hsu-hh.de\/konvent\/wp-json\/wp\/v2\/users\/2989"}],"replies":[{"embeddable":true,"href":"https:\/\/www.hsu-hh.de\/konvent\/wp-json\/wp\/v2\/comments?post=132"}],"version-history":[{"count":46,"href":"https:\/\/www.hsu-hh.de\/konvent\/wp-json\/wp\/v2\/pages\/132\/revisions"}],"predecessor-version":[{"id":927,"href":"https:\/\/www.hsu-hh.de\/konvent\/wp-json\/wp\/v2\/pages\/132\/revisions\/927"}],"wp:attachment":[{"href":"https:\/\/www.hsu-hh.de\/konvent\/wp-json\/wp\/v2\/media?parent=132"}],"wp:term":[{"taxonomy":"category","embeddable":true,"href":"https:\/\/www.hsu-hh.de\/konvent\/wp-json\/wp\/v2\/categories?post=132"},{"taxonomy":"post_tag","embeddable":true,"href":"https:\/\/www.hsu-hh.de\/konvent\/wp-json\/wp\/v2\/tags?post=132"}],"curies":[{"name":"wp","href":"https:\/\/api.w.org\/{rel}","templated":true}]}}