{"id":758,"date":"2020-02-19T07:52:02","date_gmt":"2020-02-19T06:52:02","guid":{"rendered":"https:\/\/www.hsu-hh.de\/klinpsych\/?page_id=758"},"modified":"2022-09-28T10:14:10","modified_gmt":"2022-09-28T08:14:10","slug":"ela-studie","status":"publish","type":"page","link":"https:\/\/www.hsu-hh.de\/klinpsych\/ela-studie","title":{"rendered":"ELA &#8211; Studie"},"content":{"rendered":"<div>\n<div>\n<div>\n<h2 style=\"text-align: center\"><strong>Willkommen auf der Website der ELA-Studie<\/strong><\/h2>\n<p style=\"text-align: center\"><strong>Studie zu den Erwartungen an das Absetzen l\u00e4ngerfristig eingenommener Antidepressiva<\/strong><\/p>\n<p><img loading=\"lazy\" decoding=\"async\" class=\"wp-image-282 aligncenter\" src=\"https:\/\/www.hsu-hh.de\/klinpsych\/wp-content\/uploads\/sites\/775\/2020\/01\/AdobeStock_281049780-1-300x65.jpeg\" alt=\"\" width=\"1116\" height=\"242\" data-credit=\"Robert Kneschke - stock.adobe.com\" srcset=\"https:\/\/www.hsu-hh.de\/klinpsych\/wp-content\/uploads\/sites\/775\/2020\/01\/AdobeStock_281049780-1-300x65.jpeg 300w, https:\/\/www.hsu-hh.de\/klinpsych\/wp-content\/uploads\/sites\/775\/2020\/01\/AdobeStock_281049780-1-1024x223.jpeg 1024w, https:\/\/www.hsu-hh.de\/klinpsych\/wp-content\/uploads\/sites\/775\/2020\/01\/AdobeStock_281049780-1-768x167.jpeg 768w, https:\/\/www.hsu-hh.de\/klinpsych\/wp-content\/uploads\/sites\/775\/2020\/01\/AdobeStock_281049780-1-1536x334.jpeg 1536w, https:\/\/www.hsu-hh.de\/klinpsych\/wp-content\/uploads\/sites\/775\/2020\/01\/AdobeStock_281049780-1-2048x446.jpeg 2048w\" sizes=\"auto, (max-width: 1116px) 100vw, 1116px\" \/><\/p>\n<h3>Kurz gesagt: Was ist die ELA-Studie?<\/h3>\n<p>Im Rahmen der ELA-Studie erforschen wir die Gr\u00fcnde f\u00fcr eine Langzeiteinnahme von Antidepressiva aus Sicht von Patientinnen und Patienten. Des Weiteren sind wir an den Erwartungshaltungen hinsichtlich des Absetzens sowie potentiellen Einflussfaktoren interessiert. Die Ergebnisse dieser Studie sollen als erste Grundlage f\u00fcr die Entwicklung eines Interventionsprogramms dienen, das Patientinnen und Patienten im Absetzprozess von Antidepressiva unterst\u00fctzt.<\/p>\n<p><b>Die ELA-Studie ist erfolgreich abgeschlossen. Wir danken allen Teilnehmenden f\u00fcr ihre Zeit und die wertvollen Einblicke! <\/b>Derzeit werten wir die Daten aus. \u00dcber die Ergebnisse werden wir Sie hier informieren.<\/p>\n<h3>Wie kann ich teilnehmen?<\/h3>\n<p><strong>Ihre Teilnahme<\/strong> <strong>an der ELA-Studie verspricht<\/strong> nicht nur wichtige wissenschaftliche Erkenntnisse hinsichtlich Langzeiteinnahme von Antidepressiva und Erwartungshaltungen gegen\u00fcber dem Absetzten, sondern ist auch mit einer Reihe pers\u00f6nlicher Vorteile f\u00fcr Sie verbunden. Bei Studienteilnahme werden Sie gebeten, dem Link zur Online-Umfrage zu folgen und an einer kurzen Umfrage teilzunehmen. In dieser wird im ersten Schritt festgestellt, ob Sie f\u00fcr die Studie geeignet sind. Wenn Sie geeignet sind, werden im zweiten Schritt weitere Online-Frageb\u00f6gen folgen. Nach der Umfrage f\u00fchren wir noch ein\u00a0kurzes Telefongespr\u00e4ch\u00a0mit Ihnen durch. Die genauen Voraussetzungen f\u00fcr Ihre Teilnahme finden Sie nachfolgend.<\/p>\n<p><strong>Sie erf\u00fcllen die Voraussetzungen einer Teilnahme an der ELA-Studie, sofern Sie&#8230;<\/strong><\/p>\n<p><img loading=\"lazy\" decoding=\"async\" class=\"alignleft wp-image-407 \" src=\"https:\/\/www.hsu-hh.de\/klinpsych\/wp-content\/uploads\/sites\/775\/2020\/01\/Halfen-300x195.png\" alt=\"Halfen\" width=\"388\" height=\"252\" data-credit=\"Halfen\" srcset=\"https:\/\/www.hsu-hh.de\/klinpsych\/wp-content\/uploads\/sites\/775\/2020\/01\/Halfen-300x195.png 300w, https:\/\/www.hsu-hh.de\/klinpsych\/wp-content\/uploads\/sites\/775\/2020\/01\/Halfen.png 643w\" sizes=\"auto, (max-width: 388px) 100vw, 388px\" \/><\/p>\n<p>\u2026mindestens 18 Jahre alt sind.<br \/>\n\u2026bereits eine oder mehrere depressive Episoden hatten. \u00a0 \u00a0 \u00a0 \u00a0 \u00a0 \u00a0 \u00a0 \u00a0 \u00a0 \u00a0 \u00a0 \u00a0 \u00a0 \u00a0 \u00a0 \u00a0 \u00a0 \u00a0 \u00a0 \u00a0 \u00a0 \u00a0 \u00a0 \u00a0 \u00a0 &#8230;aktuell nicht mehr oder nur noch leicht depressiv sind. \u00a0 \u00a0 \u00a0 \u00a0 \u00a0 \u00a0 \u00a0 \u00a0 \u00a0 \u00a0 \u00a0 \u00a0 \u00a0 \u00a0 \u00a0 \u00a0 \u00a0 \u00a0 \u00a0 \u00a0 \u00a0 \u00a0 \u00a0 \u00a0\u00a0 \u2026ein Antidepressivum der Substanzklassen Selektive Serotonin-Wiederaufnahmehemmer (SSRI) oder Serotonin-Noradrenalin-Wiederaufnahmehemmer (SSNRI) einnehmen. Weitere Infos dazu finden Sie in der \u00dcbersicht zu Antidepressiva. \u00a0 \u00a0 \u00a0 \u00a0 \u00a0 \u00a0 \u00a0 \u00a0 \u00a0 \u00a0 \u00a0 \u00a0 \u00a0 \u00a0 \u00a0 \u00a0 \u00a0 \u00a0 \u00a0 \u00a0 \u00a0 \u00a0 \u00a0 \u00a0 \u00a0 \u00a0 \u00a0 \u00a0 \u00a0 \u00a0 \u00a0 \u00a0 \u00a0 \u00a0 \u00a0 \u00a0 \u00a0 \u00a0 \u00a0 \u00a0 \u00a0 \u00a0 \u00a0 \u00a0 \u00a0 \u00a0 \u00a0 \u00a0 \u00a0 \u00a0 \u00a0 &#8230;dieses Antidepressivum seit mindestens einem Monat in einer konstanten Dosis einnehmen. \u00a0 \u00a0 \u00a0 \u00a0 \u00a0 \u00a0 \u00a0 \u00a0 \u00a0 \u00a0 \u00a0 \u00a0 \u00a0 \u00a0 \u00a0 \u00a0 \u00a0 \u00a0 \u00a0 \u00a0 \u00a0 \u00a0 \u00a0 \u00a0 \u00a0 \u00a0 \u00a0 \u00a0 \u00a0 \u00a0 \u00a0 \u00a0 \u00a0 \u00a0 \u00a0 \u00a0 \u00a0 \u00a0 \u00a0 \u00a0 \u00a0 \u00a0 \u00a0 \u00a0 \u00a0 \u00a0 \u00a0 \u00a0 \u00a0 \u00a0 \u00a0 \u00a0 \u00a0 \u00a0 \u00a0 \u00a0 \u00a0 \u00a0 \u00a0 \u00a0 \u00a0 \u00a0 \u00a0 \u00a0 \u00a0 \u00a0 \u00a0 \u00a0\u00a0 &#8230; seit mindestens 6 Monaten bei bislang einer depressiven Episode <abbr title=\"beziehungsweise\">bzw.<\/abbr> seit mindestens 24 Monaten bei bislang mehreren depressiven Episoden ein Antidepressivum der Klassen SSRI\/SSNRI einnehmen.<br \/>\n\u2026schon einmal dar\u00fcber nachgedacht haben, Ihr Antidepressivum abzusetzen. \u00a0 \u00a0 \u00a0 \u00a0 \u00a0 \u00a0 \u00a0 \u00a0 \u00a0 \u00a0 \u00a0 \u00a0 \u00a0 \u00a0 \u00a0 \u00a0 \u00a0 \u00a0 \u00a0 \u00a0 \u00a0 \u00a0 \u00a0 \u00a0 \u00a0 \u00a0 \u00a0 \u00a0 \u00a0 \u00a0 \u00a0 \u00a0 \u00a0 \u00a0 \u00a0 \u00a0 \u00a0 \u00a0 \u00a0 \u00a0 \u00a0 \u00a0 \u00a0 \u00a0 \u00a0 \u00a0 \u00a0 \u00a0 \u00a0 \u00a0 \u00a0 \u00a0 \u00a0 \u00a0 &#8230;\u00fcber ausreichende Deutschkenntnisse verf\u00fcgen.<\/p>\n<p><strong>Wie l\u00e4uft die ELA-Studie ab?<\/strong><\/p>\n<p><img loading=\"lazy\" decoding=\"async\" class=\" wp-image-335 alignright\" src=\"https:\/\/www.hsu-hh.de\/klinpsych\/wp-content\/uploads\/sites\/775\/2020\/01\/AdobeStock_164747983-300x127.jpeg\" alt=\"FB\" width=\"345\" height=\"146\" data-credit=\"jozsitoeroe - stock.adobe.com\" srcset=\"https:\/\/www.hsu-hh.de\/klinpsych\/wp-content\/uploads\/sites\/775\/2020\/01\/AdobeStock_164747983-300x127.jpeg 300w, https:\/\/www.hsu-hh.de\/klinpsych\/wp-content\/uploads\/sites\/775\/2020\/01\/AdobeStock_164747983-1024x435.jpeg 1024w, https:\/\/www.hsu-hh.de\/klinpsych\/wp-content\/uploads\/sites\/775\/2020\/01\/AdobeStock_164747983-768x326.jpeg 768w, https:\/\/www.hsu-hh.de\/klinpsych\/wp-content\/uploads\/sites\/775\/2020\/01\/AdobeStock_164747983-1536x652.jpeg 1536w, https:\/\/www.hsu-hh.de\/klinpsych\/wp-content\/uploads\/sites\/775\/2020\/01\/AdobeStock_164747983-2048x869.jpeg 2048w\" sizes=\"auto, (max-width: 345px) 100vw, 345px\" \/><\/p>\n<p>Ihre Teilnahme an der ELA-Studie wird <strong>ca. 40 Minuten in Anspruch nehmen<\/strong>. Dazu z\u00e4hlt eine\u00a0<strong>kurze Online-Umfrage (ca. 10 Minuten)<\/strong>, in der Sie erste Studieninformationen erhalten und wir Ihren m\u00f6glichen Einschluss in die Studie \u00fcberpr\u00fcfen. Wenn Sie geeignet sind an der Studie teilzunehmen, werden Sie anschlie\u00dfend automatisch zum <strong>zweiten Teil der Online-Umfrage (ca. 30 min)<\/strong> weitergeleitet. Dies umfasst verschiedene Frageb\u00f6gen und Interviews zur Erfassung Ihrer depressiven Symptomatik sowie Ihrer pers\u00f6nlichen Erfahrungen und Einstellungen gegen\u00fcber Antidepressiva. <strong>Am besten nutzen Sie f\u00fcr die Online-Umfrage Laptop, <abbr title=\"Personal Computer\">PC<\/abbr> oder Tablet.<\/strong><\/p>\n<p><strong>Warum sollte ich an der ELA-Studie teilnehmen?<\/strong><\/p>\n<p>Im Falle Ihrer Studienteilnahme erwartet Sie eine umfassende psychologische Diagnostik durch den Einsatz standardisierter Instrumente sowie eine klinische Einsch\u00e4tzung hinsichtlich der M\u00f6glichkeit des Absetzens Ihres Antidepressivums. Mit Ihrer Studienteilnahme erm\u00f6glichen Sie es uns au\u00dferdem, Erwartungen hinsichtlich des Absetzens von Antidepressiva zu erfassen. Diese Daten dienen als erste Grundlage f\u00fcr die Entwicklung einer Leitlinie, die Patientinnen und Patienten im Absetzprozess von Antidepressiva unterst\u00fctzen sollen.\u00a0 Zudem werden unter allen Teilnehmenden 7mal 15\u20ac-Wunschgutscheine (<a href=\"https:\/\/www.wunschgutschein.de\/\" rel='nofollow'>https:\/\/www.wunschgutschein.de\/<\/a>) verlost.<\/p>\n<h3>\u00dcbersicht Antidepressiva<\/h3>\n<p><b>Im Folgenden k\u00f6nnen Sie pr\u00fcfen, ob das von Ihnen eingenommen<\/b><b>e Antidepressivum die Voraussetzung f\u00fcr eine Teilnahme an der ELA-Studie erf\u00fcllt.<\/b><\/p>\n<p><img loading=\"lazy\" decoding=\"async\" class=\"wp-image-332 alignright\" src=\"https:\/\/www.hsu-hh.de\/klinpsych\/wp-content\/uploads\/sites\/775\/2020\/01\/AdobeStock_281049780-2-300x65.jpeg\" alt=\"Tabletten\" width=\"304\" height=\"66\" data-credit=\"Robert Kneschke - stock.adobe.com\" \/><\/p>\n<p><strong>Geeignet sind:<\/strong><\/p>\n<p>Wirkstoffname (Handelsname)<\/p>\n<p><strong>Selektive Serotonin-R\u00fcckaufnahme-Inhibitoren (SSRI)<\/strong><\/p>\n<p>Citalopram (Cipramil)<br \/>\nEscitalopram (Cipralex)<br \/>\nFluoxetin (Fluctin)<br \/>\nFluvoxamin (Fevarin)<br \/>\nParoxetin (Paroxat, Ennos)<br \/>\nSertralin (Zoloft)<br \/>\nVortioxetin<\/p>\n<p><strong>Selektive Serotonin-\/Noradrenalin-R\u00fcckaufnahme-Inhibitoren (SSNRI)<\/strong><\/p>\n<p>Venlafaxin (Trevilor)<br \/>\nDuloxetin (Cymbalta)<\/p>\n<h3>Hintergrund<\/h3>\n<p><img loading=\"lazy\" decoding=\"async\" class=\"alignright wp-image-339\" src=\"https:\/\/www.hsu-hh.de\/klinpsych\/wp-content\/uploads\/sites\/775\/2020\/01\/AdobeStock_225277928-1024x292.jpeg\" alt=\"FB\" width=\"555\" height=\"158\" data-credit=\"yurolaitsalbert - stock.adobe.com\" \/><\/p>\n<p><strong>Im Laufe der letzten Jahrzehnte ist die Anzahl der Antidepressiva-Verschreibungen deutlich gestiegen.<\/strong> In Deutschland hat die Verschreibungsrate der am h\u00e4ufigsten eingenommenen Substanzklasse, der Serotonin-R\u00fcckaufnahme-Inhibitoren (SSRI), in den letzten 10 Jahren um 40% zugenommen (Schwabe et al. 2017). <strong>Dies geht insbesondere auf eine gestiegene Langzeiteinnahme zur\u00fcck<\/strong> (McCrea et al., 2016; Mojtabai &amp; Olfson, 2014), wobei der aktuelle Forschungsstand keinen eindeutigen Mehrwert einer Einnahme von \u00fcber 4 bis 6 Monaten nach R\u00fcckgang der Symptome hinaus zeigt (Bauer et al. 2015).<\/p>\n<p>In Deutschland gibt es zur Behandlung von vielen Erkrankungen offizielle Leitlinien. Diese werden von wissenschaftlichen medizinischen Fachgesellschaften erarbeitet und auf aktuellen wissenschaftlichen Erkenntnissen und in der Praxis bew\u00e4hrten Verfahren basieren. Die verl\u00e4sslichsten Leitlinien sind die sogenannten S3-Leitlinien, welche die h\u00f6chsten Anforderungen erf\u00fcllen (weitere Informationen zu \u201eWas sind Leitlinien?\u201c finden Sie <a href=\"https:\/\/www.awmf.org\/leitlinien.html\" rel='nofollow'>hier<\/a>).<\/p>\n<p>F\u00fcr die Behandlung mittelgradiger und schwerer depressiver Episoden empfiehlt die deutsche S3-Leitlinie eine Erhaltungstherapie mit Antidepressiva von 4 bis 9 Monaten nach R\u00fcckgang der Symptome (S3-Guideline Depression\/National Disease Management Guideline, 2015). Bei zwei oder mehr depressiven Episoden in der j\u00fcngeren Vergangenheit, die mit einer erheblichen Einschr\u00e4nkung im Alltag einhergegangen sind, wird im Sinne einer Langzeitprophylaxe eine Einnahme \u00fcber mindestens 2 Jahre empfohlen.<\/p>\n<p><strong>Allerdings enth\u00e4lt die deutsche S3-Leitlinie zur Behandlung mittelgradiger und schwerer depressiver Episoden keine genauen Empfehlungen hinsichtlich des Absetzzeitpunktes von Antidepressiva.<\/strong> Deshalb ist bislang unklar, wann und wie ein Absetzen von Antidepressiva durchgef\u00fchrt werden sollte, sodass das Risiko eines Wiederauftretens von Symptomen minimiert wird und Absetzerscheinungen m\u00f6glichst gering sind.<\/p>\n<p><strong>Viele Patientinnen und Patienten nehmen deshalb ein Antidepressivum ein, welches nicht mehr notwendig w\u00e4re.<\/strong> Es gibt Hinweise darauf, dass bei 30-50% der Patienten mit Langzeiteinnahme keine Indikation f\u00fcr die weitere Anwendung von Antidepressiva besteht (Ambresin et al., 2015; Cruickshank et al. 2008; Piek et al. 2014). In Kooperation \u00a0mit Wissenschaftlern der University of Southhampton, UK, ist <abbr title=\"Professor\">Prof.<\/abbr> <abbr title=\"Doktor\">Dr.<\/abbr> Nestoriuc bereits an der Entwicklung einer digitalen Intervention in Gro\u00dfbritannien beteiligt, die das sichere Absetzen von Antidepressiva unterst\u00fctzen soll (Bowers et al., 2020, in press).<\/p>\n<p><strong>\u00dcber mehrere Studien hinweg konnte eine gro\u00dfe Bedeutung von Behandlungserwartungen in der medikament\u00f6sen Behandlung mit Antidepressiva aufgezeigt werden<\/strong> (Kirsch et al., 2008; Rief et al., 2009; Rutherford et al., 2010). Bislang wurden entsprechende Implikationen noch nicht in das Design von Absetzstudien oder in die klinische Praxis \u00fcberf\u00fchrt.<\/p>\n<p><strong>Durch die Ergebnisse der ELA-Studie und weiterer Folgestudien k\u00f6nnte die Versorgung vieler Patientinnen und Patienten verbessert werden.<\/strong> So ist die Erfassung von Erwartungshaltungen unter Patientinnen und Patienten mit einer langfristigen SSRI-Einnahme und dem Wunsch, diese Medikation abzusetzen, sowie die Erfassung damit einhergehender Einflussfaktoren von h\u00f6chster Bedeutung, um langfristig ein effektives Absetzprogramm entwickeln zu k\u00f6nnen.<\/p>\n<p>\u2014\u2014\u2014\u2014\u2014\u2014\u2014\u2014\u2014\u2014\u2014\u2014\u2014\u2014\u2014\u2014\u2014\u2014\u2014\u2014\u2014\u2014\u2014\u2014\u2014\u2014\u2014\u2014\u2014\u2014\u2014\u2014\u2014\u2014\u2014\u2014\u2014\u2014\u2014\u2014\u2014\u2014\u2014\u2014\u2014\u2014\u2014\u2014\u2014\u2014\u2014\u2014\u2014\u2014\u2014\u2014\u2014\u2014\u2014\u2014\u2014\u2014\u2014\u2014\u2014\u2014\u2014\u2014\u2014\u2014\u2014\u2014\u2014\u2014\u2014\u2014<\/p>\n<p>Referenzen:<\/p>\n<p>Ambresin G, Palmer V, Densley K, Dowrick C, Gilchrist G, Gunn J (2015) What factors influence long-term antidepressant use in primary care? Findings from the Australian diamond cohort study. J Affect Disord;176:125\u201332.<\/p>\n<p>Bauer M, Severus E, K\u00f6hler S, Whybrow <abbr title=\"Personal Computer\">PC<\/abbr>, Angst J, M\u00f6ller HJ (2015) World Federation of Societies of Biological Psychiatry Guidelines for Biological Treatment of Unipolar Depressive Disorders. World J Biol Psychiatry 16:76\u201395.<\/p>\n<p>Bowers H, Kendrick T, Glowacka M, Williams S, Leydon G, May C, Dowrick C, Moncrieff J, Laine R, Nestoriuc Y, Andersson G, Geraghty A (2020) Supporting antidepressant discontinuation: the development and optimisation of a digital intervention for patients in UK primary care using a theory-, evidence-, and person-based approach. BMJ Open. (In Press)<\/p>\n<p>Cruickshank G, MacGillivray S, Bruce D, Mather A, Matthews K, Williams B (2008) Cross-sectional survey of patients in receipt of long-term repeat prescriptions for antidepressant drugs in primary care. Ment Health Fam Med 5:105\u20139<\/p>\n<p>DGPPN, B\u00c4K, KBV, AWMF (<abbr title=\"Herausgeber\">Hrsg.<\/abbr>) f\u00fcr die Leitliniengruppe Unipolare Depression. S3-Leitlinie\/Nationale Versorgungsleitlinie Unipolare Depression \u2013 Langfassung, 2. Auflage. Version 5. 2015.<\/p>\n<p>Kirsch I, Deacon BJ, Huedo-Medina TB, Scoboria A, Moore TJ, Johnson BT (2008) Initial severity and antidepressant benefits: a meta-analysis of data submitted to the Food and Drug Administration. PLoS Med 5:e45.<\/p>\n<p>McCrea RL, Sammon CJ, Nazareth I, Petersen I. (2016) Initiation and duration of selective serotonin reuptake inhibitor prescribing over time: UK cohort study. Br J Psychiatry 209:421-426.<\/p>\n<p>Mojtabai R &amp; Olfson M (2014) National trends in long-term use of antidepressant medications: Results from the US national health and nutrition examination survey. J Clin Psychiatry 75:169-77.<\/p>\n<p>Piek E, Kollen BJ, van der Meer K, Penninx B, Nolen W (2014) Maintenance Use of Antidepressants in Dutch General Practice: Non-Guideline Concordant. PLoS One 9:e97463.<\/p>\n<p>Rief W, Nestoriuc Y, Weiss S, Welzel E, Barsky AJ, Hofmann SG (2009) Meta-analysis of the placebo response in antidepressant trials. J Affect Disord. 118:1\u20138.<\/p>\n<p>Rutherford BR, Wager TD, Roose SP (2010) Expectancy and the Treatment of Depression: A Review of Experimental Methodology and Effects on Patient Outcome. Curr Psychiatry Rev. 6: 1-10.<\/p>\n<p>Schwabe U, Paffrath D, Ludwig WD, Klauber J (2017) Arzneiverordnungs-Report 2017. Berlin, Heidelberg, Deutschland: Springer.<\/p>\n<h3>Team<\/h3>\n<p><img loading=\"lazy\" decoding=\"async\" class=\" wp-image-423 alignright\" src=\"https:\/\/www.hsu-hh.de\/klinpsych\/wp-content\/uploads\/sites\/775\/2020\/01\/hsulogo.png\" alt=\"HSU logo\" width=\"260\" height=\"176\" data-credit=\"\" \/><\/p>\n<p style=\"text-align: left\"><strong>Das ELA-Studienteam<\/strong><\/p>\n<p style=\"text-align: left\">Die ELA-Studie wird geleitet durch <a href=\"https:\/\/www.hsu-hh.de\/klinpsych\/\"><abbr title=\"Professor\">Prof.<\/abbr> <abbr title=\"Doktor\">Dr.<\/abbr> Yvonne Nestoriuc<\/a> im Arbeitsbereich Klinische Psychologie der Helmut-Schmidt-Universit\u00e4t sowie die wissenschaftliche Mitarbeiterin <a href=\"https:\/\/www.hsu-hh.de\/klinpsych\/team\">Carina Mei\u00dfner, <abbr title=\"Master of Science\">M.Sc.<\/abbr>-Psychologin<\/a> und und unterst\u00fctzt durch <a href=\"https:\/\/www.hsu-hh.de\/klinpsych\/team#ann-katrin_meyrose\"><abbr title=\"Doktor\">Dr.<\/abbr> Ann-Katrin Meyrose<\/a>. Tatkr\u00e4ftige unterst\u00fctzt wurde und wird die Durchf\u00fchrung au\u00dferdem durch die (ehemaligen) Studierenden Niels Brinkmann, Chiara Gl\u00f6ckner, Dennis Halfen, Julia Havertz, Michelle Jannet, Marcel H\u00fclsen, Martin Wenzel, Sandra Mark, Ren\u00e9 Neumann, Mathias Hastedt und Julia Kunzemann. Vielen Dank!<\/p>\n<p><strong>Unsere Kooperationspartner<\/strong><\/p>\n<p>Die ELA-Studie wird durchgef\u00fchrt in Kooperation mit:<\/p>\n<div class=\"content-block2\">\n<p style=\"text-align: left\"><a href=\"https:\/\/www.uke.de\/allgemein\/arztprofile-und-wissenschaftlerprofile\/arztprofilseite_j\u00fcrgen_gallinat.html\" rel='nofollow'><abbr title=\"Universit\u00e4tsprofessor\">Univ.-Prof.<\/abbr> <abbr title=\"Doktor\">Dr.<\/abbr> J\u00fcrgen Gallinat<\/a><\/p>\n<p style=\"text-align: left\">Direktor der Klinik f\u00fcr Psychiatrie und Psychotherapie<\/p>\n<p style=\"text-align: left\">Universit\u00e4tsklinikum Hamburg-Eppendorf<\/p>\n<p><img loading=\"lazy\" decoding=\"async\" class=\"wp-image-570 alignleft\" src=\"https:\/\/www.hsu-hh.de\/klinpsych\/wp-content\/uploads\/sites\/775\/2020\/01\/UKE-1-280x300.png\" alt=\"UKE\" width=\"122\" height=\"131\" data-credit=\"UKE\" srcset=\"https:\/\/www.hsu-hh.de\/klinpsych\/wp-content\/uploads\/sites\/775\/2020\/01\/UKE-1-280x300.png 280w, https:\/\/www.hsu-hh.de\/klinpsych\/wp-content\/uploads\/sites\/775\/2020\/01\/UKE-1.png 454w\" sizes=\"auto, (max-width: 122px) 100vw, 122px\" \/><\/p>\n<\/div>\n<div class=\"content-block2\">\n<p><a href=\"https:\/\/www.ukgm.de\/ugm_2\/deu\/umr_psy\/umr_psy_team.php?id=771\" rel='nofollow'><abbr title=\"Universit\u00e4tsprofessor\">Univ.-Prof.<\/abbr> <abbr title=\"Doktor\">Dr.<\/abbr> Tilo Kircher<\/a><\/p>\n<p>Direktor der Klinik f\u00fcr Psychiatrie und Psychotherapie<\/p>\n<p>Universit\u00e4tsklinikum Gie\u00dfen und Marburg<\/p>\n<p><img loading=\"lazy\" decoding=\"async\" class=\"wp-image-403 alignleft\" style=\"color: #333333;quot;quot;quot;quot;,times,serif;font-size: 16px;font-style: normal;font-variant: normal;font-weight: 400;height: auto;letter-spacing: normal;max-width: 100%;text-align: left;text-decoration: none;text-indent: 0px;text-transform: none\" src=\"https:\/\/www.hsu-hh.de\/klinpsych\/wp-content\/uploads\/sites\/775\/2020\/01\/ukgm_logo_home.png\" alt=\"UKGM\" width=\"370\" height=\"99\" data-credit=\"\" \/><\/p>\n<\/div>\n<p>.<\/p>\n<h3>Kontakt<\/h3>\n<p><strong>Hier finden Sie au\u00dferdem eine Auflistung von Telefonnummern f\u00fcr psychische Krisen- und Notfallsituationen:<\/strong><\/p>\n<div class=\"col-xs-12 downloads-item\">\n<div class=\"row border-line\">\n<div class=\"thumbnail-area\"><img decoding=\"async\" class=\"download-image\" src=\"\/wp-content\/themes\/hsu\/img\/dummy\/downloads_dummy.png\" alt=\"\" \/><\/div>\n<div class=\"text-area\"><span class=\"download-text\">Telefonnummern f\u00fcr psychische Krisen- und Notfallsituationen<\/span><\/div>\n<div class=\"download-area\"><a class=\"download-link\" href=\"https:\/\/www.hsu-hh.de\/klinpsych\/wp-content\/uploads\/sites\/775\/2020\/08\/Telefonnummern-f\u00fcr-psychische-Krisen-und-Notfallsituationen.pdf\"><span class=\"download-name\">pdf laden<\/span><span class=\"donwload-icon\"><img decoding=\"async\" class=\"download-icon\" src=\"\/wp-content\/themes\/hsu\/img\/icons\/download_icon.png\" alt=\"download icon\" \/><\/span><span class=\"download-size\">433 KB<\/span><\/a><\/div>\n<\/div>\n<\/div>\n<p>Helmut-Schmidt-Universit\u00e4t\/Universit\u00e4t der Bundeswehr Hamburg<\/p>\n<p>Professur f\u00fcr Klinische Psychologie<\/p>\n<p><abbr title=\"Universit\u00e4tsprofessor\">Univ.-Prof.<\/abbr> <abbr title=\"Doktor\">Dr.<\/abbr> <abbr title=\"rerum\">rer.<\/abbr> nat. <abbr title=\"Diplom\">Dipl.<\/abbr>-Psych. Yvonne Nestoriuc<\/p>\n<p>Holstenhofweg 85, 22043 Hamburg und Friedrich-Ebert-Damm 245, 22159 Hamburg<\/p>\n<h3>Datenschutz<\/h3>\n<p>Im Rahmen dieser Studie erheben wir <strong>personenbezogene Daten<\/strong> und <strong>forschungsrelevante Daten<\/strong>. Personenbezogene Daten sind jegliche Informationen, die eine Identifikation mit Ihrer Person erm\u00f6glichen. Forschungsrelevante Daten werden im Rahmen von Gespr\u00e4chen mit unserem Team und in Form von Frageb\u00f6gen erfasst.<\/p>\n<p><strong>Personenbezogene Daten.<\/strong> Im Rahmen der Erhebung werden das Alter, Geschlecht, Schulabschluss und Berufsbildender Abschluss, der derzeit ausgef\u00fchrte Beruf, Familienstand sowie die Nationalit\u00e4t erfragt. Diese Daten werden unter Angabe eines Teilnahmecodes angegeben, k\u00f6nnen also nicht mit Ihrem Klarnamen in Verbindung gebracht werden.<\/p>\n<p><strong>Datenschutz.<\/strong> Es erfolgt eine vollst\u00e4ndige Anonymisierung der Daten nach Studienabschluss.<\/p>\n<p><strong>Schweigepflicht \/ Verpflichtung auf das Datengeheimnis \/ Verschwiegenheit.<\/strong> Die im Rahmen dieser Studie erhobenen Daten und pers\u00f6nlichen Mitteilungen werden vertraulich behandelt. Die Projektmitarbeiter unterliegen der Schweigepflicht. Des Weiteren wird die Ver\u00f6ffentlichung der Ergebnisse in vollst\u00e4ndig anonymisierter Form erfolgen. Im Rahmen der Studie m\u00fcssen keine Dritte durch die Teilnehmenden von ihrer Schweigepflicht entbunden werden.<\/p>\n<p><strong>Kodierliste und pers\u00f6nliches Codewort.<\/strong> Die Erhebung und Verarbeitung der Daten erfolgt vollst\u00e4ndig anonymisiert unter Verwendung eines von Ihnen erstellten Codes. Das bedeutet, dass s\u00e4mtliche, im Rahmen der Studie erhobenen Daten vollst\u00e4ndig anonymisiert und f\u00fcr 10 Jahre gespeichert werden. Der Aufbewahrung beziehungsweise Speicherung der Daten kann widersprochen werden, ohne dass den Teilnehmenden daraus Nachteile entstehen. Jedoch kann dies aufgrund der vollst\u00e4ndigen Anonymisierung nur bis zum Abschluss der Datenerhebung (voraussichtlich Fr\u00fchjahr 2021)<\/p>\n<\/div>\n<div><strong>Kontakt<br \/>\n<\/strong>Helmut-Schmidt-Universit\u00e4t\/Universit\u00e4t der Bundeswehr Hamburg<\/p>\n<p>Professur f\u00fcr Klinische Psychologie<\/p>\n<p><abbr title=\"Universit\u00e4tsprofessor\">Univ.-Prof.<\/abbr> <abbr title=\"Doktor\">Dr.<\/abbr> <abbr title=\"rerum\">rer.<\/abbr> nat. <abbr title=\"Diplom\">Dipl.<\/abbr>-Psych. Yvonne Nestoriuc<\/p>\n<p>Holstenhofweg 85, 22043 Hamburg und Friedrich-Ebert-Damm 245, 22159 Hamburg<\/p>\n<\/div>\n<\/div>\n<\/div>\n","protected":false},"excerpt":{"rendered":"<p>Willkommen auf der Website der ELA-Studie Studie zu den Erwartungen an das Absetzen l\u00e4ngerfristig eingenommener Antidepressiva Kurz gesagt: Was ist die ELA-Studie? Im Rahmen der ELA-Studie erforschen wir die Gr\u00fcnde [&hellip;]<\/p>\n","protected":false},"author":18,"featured_media":0,"parent":0,"menu_order":0,"comment_status":"closed","ping_status":"closed","template":"","meta":{"footnotes":""},"categories":[4],"tags":[],"class_list":["post-758","page","type-page","status-publish","hentry","category-forschung"],"_links":{"self":[{"href":"https:\/\/www.hsu-hh.de\/klinpsych\/wp-json\/wp\/v2\/pages\/758","targetHints":{"allow":["GET"]}}],"collection":[{"href":"https:\/\/www.hsu-hh.de\/klinpsych\/wp-json\/wp\/v2\/pages"}],"about":[{"href":"https:\/\/www.hsu-hh.de\/klinpsych\/wp-json\/wp\/v2\/types\/page"}],"author":[{"embeddable":true,"href":"https:\/\/www.hsu-hh.de\/klinpsych\/wp-json\/wp\/v2\/users\/18"}],"replies":[{"embeddable":true,"href":"https:\/\/www.hsu-hh.de\/klinpsych\/wp-json\/wp\/v2\/comments?post=758"}],"version-history":[{"count":57,"href":"https:\/\/www.hsu-hh.de\/klinpsych\/wp-json\/wp\/v2\/pages\/758\/revisions"}],"predecessor-version":[{"id":3310,"href":"https:\/\/www.hsu-hh.de\/klinpsych\/wp-json\/wp\/v2\/pages\/758\/revisions\/3310"}],"wp:attachment":[{"href":"https:\/\/www.hsu-hh.de\/klinpsych\/wp-json\/wp\/v2\/media?parent=758"}],"wp:term":[{"taxonomy":"category","embeddable":true,"href":"https:\/\/www.hsu-hh.de\/klinpsych\/wp-json\/wp\/v2\/categories?post=758"},{"taxonomy":"post_tag","embeddable":true,"href":"https:\/\/www.hsu-hh.de\/klinpsych\/wp-json\/wp\/v2\/tags?post=758"}],"curies":[{"name":"wp","href":"https:\/\/api.w.org\/{rel}","templated":true}]}}