{"id":73,"date":"2017-07-03T15:52:08","date_gmt":"2017-07-03T13:52:08","guid":{"rendered":"https:\/\/www.hsu-hh.de\/vorlage\/?page_id=73"},"modified":"2026-02-18T11:07:23","modified_gmt":"2026-02-18T10:07:23","slug":"startseite","status":"publish","type":"page","link":"https:\/\/www.hsu-hh.de\/klinpsych\/","title":{"rendered":"Professur f\u00fcr Klinische Psychologie und Psychotherapie"},"content":{"rendered":"\n<p><\/p>\n\n\n\n<h2 class=\"wp-block-heading\">Herzlich Willkommen auf der Seite der Professur f\u00fcr Klinische Psychologie und Psychotherapie!<\/h2>\n\n\n\n<p>Unter der Leitung von Frau <abbr title=\"Universit\u00e4tsprofessor\">Univ.-Prof.<\/abbr> <abbr title=\"Doktor\">Dr.<\/abbr> Yvonne Nestoriuc forscht unsere Arbeitsgruppe schwerpunktm\u00e4\u00dfig zu:<\/p>\n\n\n\n<ul class=\"wp-block-list\">\n<li>Placebo- und Nocebo-Effekten und Erwartungen als deren Wirkfaktoren<\/li>\n\n\n\n<li>Erwartungsmessung und -modifikation<\/li>\n\n\n\n<li>Risiken und Nebenwirkungen der Psychotherapie<\/li>\n\n\n\n<li>Pr\u00e4vention von Nebenwirkungen in der Psychotherapie sowie medizinischen Behandlungen<\/li>\n<\/ul>\n\n\n\n<p>Eingesetzte Methoden umfassen dabei <abbr title=\"unter anderem\">u.a.<\/abbr> psychotherapeutisches Erwartungsmanagement, Psychoedukation zur optimierten Aufkl\u00e4rung von Patientinnen und Patienten und Psychoedukation zur kontextualisierten, informierten Entscheidungsfindung.<\/p>\n\n\n\n<p>In aktuellen Projekten besch\u00e4ftigen wir uns mit der Pr\u00e4vention von Nebenwirkungen bei Krebs und anderen k\u00f6rperlichen Erkrankungen, mit der Rolle von Erwartungen beim Absetzen von Psychopharmaka (Antidepressiva), mit dem Einfluss von Erwartungen auf chronische somatische Symptome und Belastungsst\u00f6rungen sowie mit der Messung und Aufkl\u00e4rung und dem Vorbeugen von Risiken und Nebenwirkungen von Psychotherapie.<\/p>\n\n\n\n<p><\/p>\n\n\n\n<p><\/p>\n\n\n\n<h3 class=\"wp-block-heading\">Aktuelle Studien<\/h3>\n\n\n\n<p><\/p>\n\n\n\n<p>Unsere laufenden Projekte finden Sie unter dem Reiter Forschung. Aktuell ist eine Teilnahme an folgenden Studien m\u00f6glich:<\/p>\n\n\n\n<ul class=\"wp-block-list\">\n<li><strong>OPTIMIND-Studie<\/strong>&nbsp;(<strong>Opt<\/strong>imizing&nbsp;<strong>Mind<\/strong>set to Improve Depression Treatment in Real-Time)<\/li>\n<\/ul>\n\n\n\n<p class=\"has-text-align-left\">Mit unserer OPTIMIND-Studie m\u00f6chten wir untersuchen, wie Patient:innen in einer Antidepressiva-Behandlung durch den gezielten Einsatz ihrer individuellen Behandlungserwartungen besser unterst\u00fctzt werden k\u00f6nnen. Dabei setzen wir auf sogenannte JITAIs (Just-in-Time Adaptive Interventions), die \u00fcber eine Smartphone-App bereitgestellt werden. Diese sollen Patient:innen zur richtigen Zeit passende, personalisierte Impulse geben, um ihre Erwartungen positiv zu beeinflussen und den Behandlungserfolg zu f\u00f6rdern. Ziel ist es, durch ein besseres Verst\u00e4ndnis und eine gezielte Unterst\u00fctzung von Erwartungen den Therapieprozess nachhaltig zu verbessern.<\/p>\n\n\n\n<p>Weitere Informationen zur Studie finden Sie&nbsp;<a href=\"https:\/\/www.uni-marburg.de\/de\/fb04\/team-rief\/forschung\/optimind\" rel='nofollow'>hier<\/a>.<\/p>\n\n\n\n<p><\/p>\n\n\n\n<ul class=\"wp-block-list\">\n<li><strong>TEO-Studie<\/strong><\/li>\n<\/ul>\n\n\n\n<p>Mit unserer Studie zu Erwartungen in Bezug auf eine beginnende Psychotherapie wollen wir den Zusammenhang von personenspezifischen Eigenschaften (Geschlecht, Alter, psychische Erkrankung, schwierige Lebensereignisse, Vorerfahrungen) und den Behandlungserwartungen untersuchen. Aktuelle Forschungsergebnisse legen nahe, dass eine individualisierte, patientenbezogene Behandlungsplanung f\u00fcr den Erfolg einer Psychotherapie unerl\u00e4sslich ist. Das Wissen wird dazu genutzt werden, die Richtlinien zur Aufkl\u00e4rung und dem Erwartungsmanagement in Bezug auf die ambulante psychotherapeutische Versorgung zu verbessern.<br>Wir freuen uns \u00fcber Ihre Teilnahme, wenn Sie:<\/p>\n\n\n\n<ul class=\"wp-block-list\">\n<li>Auf einen Therapieplatz warten ODER<\/li>\n\n\n\n<li>Sie mit der Psychotherapie vor weniger als 3 Monaten begonnen haben.<\/li>\n\n\n\n<li>Sie mindestens 18 Jahre alt sind.<\/li>\n<\/ul>\n\n\n\n<p>Mit der Beantwortung unseres kurzen Onlinefragebogens tragen Sie dazu bei, Aufkl\u00e4rung und Erwartungsmanagement in der Psychotherapie zu verbessern! Die anonyme Online-Befragung k\u00f6nnen Sie&nbsp;<a href=\"https:\/\/ww2.unipark.de\/uc\/therapie-erwartung\" rel='nofollow'>hier&nbsp;<\/a>aufrufen.<\/p>\n\n\n\n<p><\/p>\n\n\n\n<ul class=\"wp-block-list\">\n<li><strong>SOMA.SSD-Studie<\/strong>&nbsp;(Modifizierbare Einflussfaktoren f\u00fcr persistierende K\u00f6rperbeschwerden bei Somatischer Belastungsst\u00f6rung)<\/li>\n<\/ul>\n\n\n\n<p>Obwohl Patient:innenerwartungen als relevante Faktoren in der Entstehung und Aufrechterhaltung der Somatischen Belastungsst\u00f6rung&nbsp;angenommen werden, gibt es bislang noch wenig empirische Forschung zur Rolle von Erwartungen f\u00fcr den Symptomverlauf und deren Interaktion mit anderen relevanten Faktoren. Ziel dieser prospektiven Kohortenstudie ist deshalb die Entwicklung multivariater Modelle zur Vorhersage der Persistenz somatischer Symptome bei Patient:innen mit Somatischer Belastungsst\u00f6rung \u00fcber einen Zeitraum von einem Jahr. Zus\u00e4tzlich werden m\u00f6gliche Erwartungseinfl\u00fcsse auf t\u00e4gliche Symptomschwankungen mittels einer eingebetteten ambulatorischen Tagebuchstudie \u00fcber 10 Tage untersucht. Die geplanten Analysen erm\u00f6glichen klinisch relevante Schlussfolgerungen zu neuen gezielten Behandlungsoptionen. Die SOMA.SSD-Studie wird in enger Kooperation mit dem Universit\u00e4tsklinikum Hamburg-Eppendorf durchgef\u00fchrt.<\/p>\n\n\n\n<p>Weitere Informationen finden Sie&nbsp;<a href=\"https:\/\/www.uke.de\/kliniken-institute\/kliniken\/psychosomatische-medizin-und-psychotherapie\/forschung\/studien\/for-5211-somacross\/projekt-5\/index.html\" rel='nofollow'>hier<\/a>.&nbsp;<\/p>\n\n\n\n<p><\/p>\n\n\n\n<ul class=\"wp-block-list\">\n<li><strong>INCOPT-Studie 2.0<\/strong><\/li>\n<\/ul>\n\n\n<div class=\"wp-block-image is-style-default\">\n<figure class=\"alignright size-full is-resized\"><img loading=\"lazy\" decoding=\"async\" width=\"243\" height=\"243\" src=\"https:\/\/www.hsu-hh.de\/klinpsych\/wp-content\/uploads\/sites\/775\/2022\/11\/INCOPT_Logo.jpg\" data-credit=\"HSU\" alt=\"INCPOT\" class=\"wp-image-3326\" style=\"width:100px;height:100px\" srcset=\"https:\/\/www.hsu-hh.de\/klinpsych\/wp-content\/uploads\/sites\/775\/2022\/11\/INCOPT_Logo.jpg 243w, https:\/\/www.hsu-hh.de\/klinpsych\/wp-content\/uploads\/sites\/775\/2022\/11\/INCOPT_Logo-150x150.jpg 150w, https:\/\/www.hsu-hh.de\/klinpsych\/wp-content\/uploads\/sites\/775\/2022\/11\/INCOPT_Logo-100x100.jpg 100w\" sizes=\"auto, (max-width: 243px) 100vw, 243px\" \/><\/figure>\n<\/div>\n\n\n<p>Nachdem wir in einer ersten Umfrage \u00fcber 500 Psychotherapeut:innen zur Aufkl\u00e4rung \u00fcber Psychotherapie sowie die informierte Einwilligung f\u00fcr Psychotherapie befragt haben, m\u00f6chten wir nun auch die Sicht der Patient:innen abbilden. Deshalb m\u00f6chten wir im Rahmen der INCOPT-Studie 2.0 untersuchen, ob, wie und in welchem Umfang Patient:innen im Rahmen einer Psychotherapie durch ihre Behandler:innen aufgekl\u00e4rt werden und was dabei aus Patient:innensicht besonders wichtig und hilfreich ist.<\/p>\n\n\n\n<p>Die anonyme Online-Befragung k\u00f6nnen Sie hier aufrufen: <a href=\"https:\/\/ww2.unipark.de\/uc\/klin-psych\/\" rel='nofollow'>https:\/\/ww2.unipark.de\/uc\/klin-psych\/<\/a><\/p>\n\n\n\n<p><\/p>\n\n\n\n<p><h3>Wissenswertes zur Studienteilnahme<\/h3><\/p>\n\n\n\n<p><strong>Haben Sie Interesse an einer unserer Studien teilzunehmen?<\/strong><\/p>\n\n\n\n<p>Ganz allgemein gilt:<\/p>\n\n\n\n<p><strong>F\u00fcr die Teilnahme an unseren Studie gibt es eine Vielzahl guter Gr\u00fcnde:<\/strong><\/p>\n\n\n\n<ul class=\"wp-block-list\">\n<li>Als Teilnehmer\/in haben Sie, je nach Studie, beispielsweise die M\u00f6glichkeit eine umfassende psychologische Diagnostik zu erhalten, sich weiterzubilden, oder neuartige Behandlungsmethoden kennenzulernen.<\/li>\n\n\n\n<li>Ihre konkreten, pers\u00f6nlichen Vorteile, die mit einer Teilnahme einhergehen, finden Sie auf der jeweiligen Studienwebseite und k\u00f6nnen diese direkt bei uns erfragen.<\/li>\n\n\n\n<li>Dar\u00fcber hinaus tragen Sie mit Ihrer Studienteilnahme direkt dazu bei, neue Behandlungsmethoden zu entwickeln, diese zu optimieren oder die bestehende Versorgung von Patientinnen und Patienten zu verbessern.<\/li>\n<\/ul>\n\n\n\n<p><strong>Selbstverst\u00e4ndlich ist Ihre Teilnahme freiwillig und jederzeit widerrufbar:<\/strong><\/p>\n\n\n\n<p>Ob Sie an einer unserer Studien teilnehmen m\u00f6chten oder nicht, bleibt einzig und allein Ihre Entscheidung. Das gilt auch, wenn Sie mit der Studie bereits begonnen haben und im weiteren Verlauf nicht mehr teilnehmen m\u00f6chten. Dann k\u00f6nnen Sie Ihre Zustimmung jederzeit ohne Angabe von Gr\u00fcnden widerrufen &#8211; ohne Nachteile f\u00fcr Sie.<\/p>\n\n\n\n<p><strong>Datenschutz ist uns ein wichtiges Anliegen:<\/strong><\/p>\n\n\n\n<p>Im Rahmen unserer Studien erheben wir <strong>personenbezogene Daten<\/strong> und <strong>forschungsrelevante Daten<\/strong>. Personenbezogene Daten sind jegliche Informationen, die eine Identifikation mit Ihrer Person erm\u00f6glichen, beispielsweise Name, Telefonnummer oder E-Mail-Adresse. Forschungsrelevante Daten werden im Rahmen von Gespr\u00e4chen mit geschulten Teammitgliedern oder in Form von Frageb\u00f6gen und Tageb\u00fcchern erfasst. Personenbezogene Kontaktdaten werden stets separat zu allen anderen erhobenen Daten verarbeitet.<\/p>\n\n\n\n<p><strong>Falls Sie noch weitere Fragen haben, kontaktieren Sie uns gerne.<\/strong><\/p>\n\n\n\n<p><\/p>\n\n\n\n<p><h3>Stellenausschreibungen<\/h3><\/p>\n\n\n\n<p><strong>Wir bieten fortlaufend spannende Forschungspraktika an und freuen uns auch \u00fcber Initiativbewerbungen f\u00fcr Qualifikationsstellen sowie studentische Mitarbeit!<\/strong><\/p>\n\n\n\n<p><\/p>\n\n\n\n<p><\/p>\n\n\n\n<p><\/p>\n\n\n\n<p><\/p>\n","protected":false},"excerpt":{"rendered":"<p>Herzlich Willkommen auf der Seite der Professur f\u00fcr Klinische Psychologie und Psychotherapie! Unter der Leitung von Frau Univ.-Prof. Dr. Yvonne Nestoriuc forscht unsere Arbeitsgruppe schwerpunktm\u00e4\u00dfig zu: Eingesetzte Methoden umfassen dabei [&hellip;]<\/p>\n","protected":false},"author":1,"featured_media":0,"parent":0,"menu_order":0,"comment_status":"closed","ping_status":"closed","template":"faculty.php","meta":{"footnotes":""},"categories":[35],"tags":[],"class_list":["post-73","page","type-page","status-publish","hentry","category-startseite"],"_links":{"self":[{"href":"https:\/\/www.hsu-hh.de\/klinpsych\/wp-json\/wp\/v2\/pages\/73","targetHints":{"allow":["GET"]}}],"collection":[{"href":"https:\/\/www.hsu-hh.de\/klinpsych\/wp-json\/wp\/v2\/pages"}],"about":[{"href":"https:\/\/www.hsu-hh.de\/klinpsych\/wp-json\/wp\/v2\/types\/page"}],"author":[{"embeddable":true,"href":"https:\/\/www.hsu-hh.de\/klinpsych\/wp-json\/wp\/v2\/users\/1"}],"replies":[{"embeddable":true,"href":"https:\/\/www.hsu-hh.de\/klinpsych\/wp-json\/wp\/v2\/comments?post=73"}],"version-history":[{"count":94,"href":"https:\/\/www.hsu-hh.de\/klinpsych\/wp-json\/wp\/v2\/pages\/73\/revisions"}],"predecessor-version":[{"id":3946,"href":"https:\/\/www.hsu-hh.de\/klinpsych\/wp-json\/wp\/v2\/pages\/73\/revisions\/3946"}],"wp:attachment":[{"href":"https:\/\/www.hsu-hh.de\/klinpsych\/wp-json\/wp\/v2\/media?parent=73"}],"wp:term":[{"taxonomy":"category","embeddable":true,"href":"https:\/\/www.hsu-hh.de\/klinpsych\/wp-json\/wp\/v2\/categories?post=73"},{"taxonomy":"post_tag","embeddable":true,"href":"https:\/\/www.hsu-hh.de\/klinpsych\/wp-json\/wp\/v2\/tags?post=73"}],"curies":[{"name":"wp","href":"https:\/\/api.w.org\/{rel}","templated":true}]}}