{"id":2388,"date":"2021-06-23T16:06:44","date_gmt":"2021-06-23T14:06:44","guid":{"rendered":"https:\/\/www.hsu-hh.de\/klinpsych\/?page_id=2388"},"modified":"2021-08-24T12:41:38","modified_gmt":"2021-08-24T10:41:38","slug":"roxwell-studie","status":"publish","type":"page","link":"https:\/\/www.hsu-hh.de\/klinpsych\/roxwell-studie","title":{"rendered":"ROXWELL-Studie"},"content":{"rendered":"\n<!--more-->\n\n\n\n<div style=\"height:20px\" aria-hidden=\"true\" class=\"wp-block-spacer\"><\/div>\n\n\n\n<p class=\"has-text-align-center\" style=\"font-size:22px\"><strong>Herzlich Willkommen auf der Internetseite der ROXWELL-Studie<\/strong>!<\/p>\n\n\n\n<p class=\"has-text-align-center\"><em><em>\u201eDer Einfluss von&nbsp;psychologischen Faktoren&nbsp;auf&nbsp;den Verlauf der Beschwerden und des Wohlbefindens <\/em><\/em><\/p>\n\n\n\n<p class=\"has-text-align-center\"><em><em>bei Patientinnen nach einer Endometriose-Entfernung\u201c <\/em><\/em><\/p>\n\n\n\n<div style=\"height:10px\" aria-hidden=\"true\" class=\"wp-block-spacer\"><\/div>\n\n\n\n<div class=\"wp-block-image\"><figure class=\"aligncenter size-large is-resized\"><img loading=\"lazy\" decoding=\"async\" src=\"https:\/\/www.hsu-hh.de\/klinpsych\/wp-content\/uploads\/sites\/775\/2021\/07\/Roxwell-Studie-1.png\" data-credit=\"Nina Hirsing \" alt=\"\" class=\"wp-image-2663\" width=\"408\" height=\"408\" srcset=\"https:\/\/www.hsu-hh.de\/klinpsych\/wp-content\/uploads\/sites\/775\/2021\/07\/Roxwell-Studie-1.png 500w, https:\/\/www.hsu-hh.de\/klinpsych\/wp-content\/uploads\/sites\/775\/2021\/07\/Roxwell-Studie-1-300x300.png 300w, https:\/\/www.hsu-hh.de\/klinpsych\/wp-content\/uploads\/sites\/775\/2021\/07\/Roxwell-Studie-1-150x150.png 150w, https:\/\/www.hsu-hh.de\/klinpsych\/wp-content\/uploads\/sites\/775\/2021\/07\/Roxwell-Studie-1-100x100.png 100w\" sizes=\"auto, (max-width: 408px) 100vw, 408px\" \/><\/figure><\/div>\n\n\n\n<p class=\"has-medium-font-size\"><strong>Kurz gesagt: Worum geht es in der ROXWELL-Studie?<\/strong><\/p>\n\n\n\n<p>Die ROXWELL-Studie ist eine wissenschaftliche Kooperationsstudie zwischen der&nbsp;<strong><em>Frauenklinik an der Elbe<\/em><\/strong> und der&nbsp;<strong><em>Helmut-Schmidt-Universit\u00e4t Hamburg<\/em><\/strong>.&nbsp;Die Abk\u00fcrzung&nbsp;<em>ROXWELL<\/em>&nbsp;leitet sich aus dem englischen Titel \u201eThe&nbsp;<strong>R<\/strong>ole&nbsp;<strong>O<\/strong>f e<strong>X<\/strong>pectations on complaints and&nbsp;<strong>WELL-<\/strong>being after endometriosis surgery\u201c ab.&nbsp;Die ROXWELL-Studie untersucht, ob psychologische Faktoren, wie Erwartungen, das Befinden nach einer Laparoskopie bei Patientinnen mit Endometriose beeinflussen.&nbsp;<\/p>\n\n\n\n<p>Durch die Ergebnisse dieser Studie m\u00f6chten wir das Befinden von Patientinnen nach einer operativen Entfernung von Endometriose besser verstehen. So kann im n\u00e4chsten Schritt die medizinische Behandlung weiter verbessert werden.<\/p>\n\n\n\n<div style=\"height:30px\" aria-hidden=\"true\" class=\"wp-block-spacer\"><\/div>\n\n\n\n<p class=\"has-medium-font-size\"><strong>Welche Vorteile hat die Teilnahme an dieser Studie f\u00fcr Sie?<\/strong><\/p>\n\n\n\n<p>Durch Ihre Studienteilnahme k\u00f6nnen wichtige wissenschaftliche Erkenntnisse in der Endometriose-Forschung gewonnen werden. Auf Wunsch erhalten Sie am Ende Ihrer Studienteilnahme eine R\u00fcckmeldung zu der Entwicklung Ihres Befindens nach der Operation sowie ein Gespr\u00e4ch mit einem*r Studienmitarbeiter*in.<\/p>\n\n\n\n<div style=\"height:30px\" aria-hidden=\"true\" class=\"wp-block-spacer\"><\/div>\n\n\n\n<p class=\"has-medium-font-size\"><strong>Wie l\u00e4uft die ROXWELL-Studie ab?<\/strong><\/p>\n\n\n\n<p>Ihre Teilnahme umfasst insgesamt 9 Online-Befragungen, die jeweils ca. 10 Minuten dauern. Die erste Online-Befragung findet <strong>VOR<\/strong> Ihrer Laparoskopie statt. Weitere 7 Online-Befragungen folgen danach \u00fcber <strong>sechs Monate verteilt<\/strong>. Ein Jahr nach der Laparoskopie erfolgt die letzte Online-Befragung. In den Frageb\u00f6gen werden Ihnen verschiedene Fragen zu Ihren pers\u00f6nlichen Erfahrungen und Ihrem Befinden im Zusammenhang mit Endometriose gestellt.<\/p>\n\n\n\n<p>Zus\u00e4tzlich haben Sie im Rahmen der ROXWELL-Studie die M\u00f6glichkeit an einer erg\u00e4nzenden Interviewstudie mit zwei Terminen <strong>oder<\/strong> an einer 7-t\u00e4gigen Handy-Tagebuch-Studie teilzunehmen. Genauere Informationen hierzu erhalten Sie in der ausf\u00fchrlichen Studieninformation zu Beginn der ersten Online-Befragung.<\/p>\n\n\n\n<div style=\"height:30px\" aria-hidden=\"true\" class=\"wp-block-spacer\"><\/div>\n\n\n\n<p class=\"has-medium-font-size\"><strong>Wie kann ich an der Studie teilnehmen?<\/strong><\/p>\n\n\n\n<p>Wenn Sie in der Frauenklinik an der Elbe einen Termin f\u00fcr eine Laparoskopie haben und an der ROXWELL-Studie teilnehmen m\u00f6chten, dann klicken Sie bitte auf den nachfolgenden Studienlink. Dieser leitet Sie direkt zur Online-Befragung weiter. Dort erhalten Sie zu Beginn ausf\u00fchrliche Studieninformationen. Nach Ihrer Einwilligung bei der ROXWELL-Studie mitzumachen k\u00f6nnen Sie direkt mit der ersten Befragung starten.<\/p>\n\n\n\n<p class=\"has-medium-font-size\"><strong>Studienlink zur Teilnahme: <\/strong><a href=\"https:\/\/ww2.unipark.de\/uc\/ROXWELL-Studie-HH\/\" data-type=\"URL\" data-id=\"https:\/\/ww2.unipark.de\/uc\/ROXWELL-Studie-HH\/\" rel='nofollow'>https:\/\/ww2.unipark.de\/uc\/ROXWELL-Studie-HH\/<\/a><\/p>\n\n\n\n<div style=\"height:22px\" aria-hidden=\"true\" class=\"wp-block-spacer\"><\/div>\n\n\n\n<p><strong>Haben Sie noch offene Fragen zur Studienteilnahme? <\/strong><\/p>\n\n\n\n<p>Kontaktieren Sie uns gerne via Mail unter: <strong>roxwell-studie@hsu-hh.de<\/strong>. Wir freuen uns von Ihnen zu h\u00f6ren! <\/p>\n\n\n\n<p>Am besten nutzen Sie f\u00fcr die Online-Befragung einen&nbsp;<strong>Laptop,<\/strong>&nbsp;einen&nbsp;<strong>PC&nbsp;<\/strong>oder ein&nbsp;<strong>Tablet<\/strong>, da die Darstellung auf dem Smartphone verzerrt sein k\u00f6nnte.&nbsp;<\/p>\n\n\n\n<p><\/p>\n\n\n\n<div style=\"height:20px\" aria-hidden=\"true\" class=\"wp-block-spacer\"><\/div>\n\n\n\n<p><\/p>\n\n\n\n<p>[tab title =&#8220;Wer kann an der Studie teilnehmen?&#8220; active=&#8220;active&#8220;]<\/p>\n\n\n\n<p><strong>An der ROXWELL-Studie k\u00f6nnen Sie teilnehmen, wenn Sie\u2026<\/strong><\/p>\n\n\n\n<div class=\"wp-block-media-text alignwide is-stacked-on-mobile\" style=\"grid-template-columns:31% auto\"><figure class=\"wp-block-media-text__media\"><img loading=\"lazy\" decoding=\"async\" width=\"1024\" height=\"907\" src=\"https:\/\/www.hsu-hh.de\/klinpsych\/wp-content\/uploads\/sites\/775\/2021\/07\/IMG_0046-1024x907.jpg\" data-credit=\"HSU\" alt=\"Teilnahme ROXWELL\" class=\"wp-image-2581 size-full\" srcset=\"https:\/\/www.hsu-hh.de\/klinpsych\/wp-content\/uploads\/sites\/775\/2021\/07\/IMG_0046-1024x907.jpg 1024w, https:\/\/www.hsu-hh.de\/klinpsych\/wp-content\/uploads\/sites\/775\/2021\/07\/IMG_0046-300x266.jpg 300w, https:\/\/www.hsu-hh.de\/klinpsych\/wp-content\/uploads\/sites\/775\/2021\/07\/IMG_0046-768x680.jpg 768w, https:\/\/www.hsu-hh.de\/klinpsych\/wp-content\/uploads\/sites\/775\/2021\/07\/IMG_0046-1100x974.jpg 1100w, https:\/\/www.hsu-hh.de\/klinpsych\/wp-content\/uploads\/sites\/775\/2021\/07\/IMG_0046.jpg 1391w\" sizes=\"auto, (max-width: 1024px) 100vw, 1024px\" \/><\/figure><div class=\"wp-block-media-text__content\">\n<p><\/p>\n\n\n\n<p>\u2026Endometriose haben&nbsp;<strong>oder<\/strong>&nbsp;der Verdacht auf Endometriose besteht.<\/p>\n\n\n\n<div style=\"height:25px\" aria-hidden=\"true\" class=\"wp-block-spacer\"><\/div>\n\n\n\n<p class=\"has-text-align-center\">                                           <\/p>\n\n\n\n<p>&#8230; <strong>oder <\/strong>einen unerf\u00fcllten Kinderwunsch <strong>und<\/strong> Beschwerden wie <em>Menstruationsschmerzen, Unterbauchschmerzen, Schmerzen beim Geschlechtsverkehr <\/em>oder<em> Probleme bei der Darm- und Blasenentleerung <\/em>haben.<\/p>\n\n\n\n<div style=\"height:25px\" aria-hidden=\"true\" class=\"wp-block-spacer\"><\/div>\n\n\n\n<p>\u2026in der&nbsp;<strong>Frauenklinik an der Elbe<\/strong>&nbsp;einen Termin f\u00fcr eine&nbsp;<strong>Laparoskopie&nbsp;<\/strong>haben.&nbsp;<\/p>\n\n\n\n<div style=\"height:25px\" aria-hidden=\"true\" class=\"wp-block-spacer\"><\/div>\n\n\n\n<p>\u2026mindestens 18 Jahre alt sind.<\/p>\n\n\n\n<div style=\"height:25px\" aria-hidden=\"true\" class=\"wp-block-spacer\"><\/div>\n\n\n\n<p>\u2026\u00fcber ausreichend Deutschkenntnisse verf\u00fcgen.<\/p>\n\n\n\n<div style=\"height:10px\" aria-hidden=\"true\" class=\"wp-block-spacer\"><\/div>\n\n\n\n<p><\/p>\n<\/div><\/div>\n\n\n\n<div style=\"height:25px\" aria-hidden=\"true\" class=\"wp-block-spacer\"><\/div>\n\n\n\n<p>Sollte sich nach dem medizinischen Eingriff (Laparoskopie) herausstellen, dass Sie nicht alle Studieneinschlusskriterien vollst\u00e4ndig erf\u00fcllen, k\u00f6nnen wir Sie leider nicht weiter in die Studie einschlie\u00dfen. Hier\u00fcber werden wir Sie via Mail vom Studienteam informiert.&nbsp;&nbsp;Nachfolgend werden Ihre bis zum Studienausschluss erhobenen Daten von uns selbstverst\u00e4ndlich gel\u00f6scht und nicht weiter ber\u00fccksichtigt.<\/p>\n\n\n\n<p><\/p>\n\n\n\n<p>[tab title = &#8222;Hintergrund&#8220;]<\/p>\n\n\n\n<p><strong>Was ist Endometriose?<\/strong><\/p>\n\n\n\n<p class=\"has-text-align-left\">Endometriose ist eine gyn\u00e4kologische Erkrankung, bei der <em>Geb\u00e4rmutterschleimhaut-artiges Gewebe (Endometrium)<\/em>&nbsp;au\u00dferhalb der Geb\u00e4rmutterh\u00f6hle,&nbsp;z.B. an den Eierst\u00f6cken, vorkommt. Dieses Gewebe bildet sich dort zu schmerzausl\u00f6senden Endometrioseherden aus&nbsp;(Nardi und Ferrrari 2011). <\/p>\n\n\n\n<p class=\"has-text-align-left\">Die bei einer Endometriose-Erkrankung am h\u00e4ufigsten berichteten Beschwerden sind: &nbsp;<strong>ausgepr\u00e4gte Menstruationsbeschwerden<\/strong>,&nbsp;<strong>Unterbauchschmerzen, Schmerzen beim Geschlechtsverkehr<\/strong>&nbsp;und&nbsp;<strong>Probleme bei der Darm- und Blasenentleerung&nbsp;<\/strong>(Bourdel et al. 2019; Hirsch et al. 2020). Sch\u00e4tzungsweise haben zudem zwischen 25 bis 50% aller Frauen mit einem unerf\u00fcllten Kinderwunsch Endometriose&nbsp;(Bulletti et al. 2010).&nbsp;Im Allgemeinen ist Endometriose mit einer Beeintr\u00e4chtigung der Lebensqualit\u00e4t verbunden sowie mit einer erh\u00f6hten Wahrscheinlichkeit im Verlauf der Erkrankung Symptome wie Depressivit\u00e4t oder Angst zu entwickeln.&nbsp;Ungef\u00e4hr 10 bis 15% der Frauen im geb\u00e4rf\u00e4higen Alter haben Endometriose&nbsp;(Carey et al. 2014; Parasar et al. 2017), womit Endometriose eine der h\u00e4ufigsten gyn\u00e4kologischen Erkrankungen ist. <\/p>\n\n\n\n<p>Betroffene Frauen berichten ganz unterschiedliche Entwicklungen ihrer Beschwerden und Symptome&nbsp;(Bulletti et al. 2010).&nbsp;Manche Patientinnen bemerken z.B. zunehmende Beschwerden in Abh\u00e4ngigkeit ihres Zyklus\u2018, andere Patientinnen stellen keinen Zusammenhang fest&nbsp;(Burghaus 2018).&nbsp;Es ist bekannt, dass&nbsp;medizinische Kennzeichen wie das Endometriose-Stadium und -Typ interessanterweise keinen zuverl\u00e4ssigen Zusammenhang mit der wahrgenommenen Symptomschwere der genannten Beschwerden haben&nbsp;(Nardi und Ferrrari 2011). Unter anderem deshalb stellen wir uns die Frage, ob nicht auch psychologische Faktoren relevant sein k\u00f6nnten.<\/p>\n\n\n\n<p><strong>Wie wird Endometriose behandelt?<\/strong><\/p>\n\n\n\n<p>Zur Behandlung unterschiedlicher Erkrankungen gibt es in Deutschland offizielle Leitlinien. Diese werden auf Basis aktueller wissenschaftlicher Erkenntnisse und in der Praxis bew\u00e4hrten Verfahren von wissenschaftlichen Fachgesellschaften entwickelt. Unterschieden werden hierbei je nach Qualit\u00e4tsstufe der Entwicklungsmethodik zwischen S1-, S2- und S3-Leitlinien. Je h\u00f6her die Zahl ist, desto besser ist der Wissensstand zur Behandlung und deren Wirksamkeit. Eine detaillierte \u00dcbersicht zu \u201eWas sind Leitlinien?\u201c finden Sie&nbsp;<strong>hier.&nbsp;<\/strong><\/p>\n\n\n\n<p>Zur&nbsp;&nbsp;Behandlung von Endometriose empfiehlt die deutsche S2k-Behandlungs-Leitlinien die operative Entfernung&nbsp;(Laparoskopie) der Endometriose und eine hormonelle Anschlusstherapie&nbsp;(Burghaus 2018; Koninckx et al. 2019). Nach der Operation zeigen viele Patientinnen&nbsp;&nbsp;eine kurzfristige Verbesserung ihres Befindens&nbsp;(Deguara et al. 2012; Wullschleger et al. 2015). Ca.&nbsp;<strong>20 bis 30% der operierten Patientinnen&nbsp;<\/strong>berichten aber \u00fcber anhaltende Beschwerden&nbsp;(Carey et al. 2014; Ghai et al. 2020). Diese Patientinnen k\u00f6nnen als sogenannte&nbsp;<strong><em>\u201eNon-Responder\u201c<\/em><\/strong>&nbsp;bezeichnet werden. Die ausbleibende Verbesserung der Endometriose-Beschwerden kann bei diesen Patientinnen nicht durch Schwierigkeiten bei der Laparoskopie oder ein Wiederauftreten der Endometriose erkl\u00e4rt werden. Dies weist darauf hin, dass viele verschiedene Faktoren bei der Entstehung (\u201e\u00c4tiologie\u201c) und Aufrechterhaltung der Erkrankung relevant sind. Dadurch ergeben sich gro\u00dfe therapeutische Herausforderungen f\u00fcr die klinische Versorgung.&nbsp;<\/p>\n\n\n\n<p><strong>Wodurch wird der Behandlungsverlauf und das Behandlungsergebnis beeinflusst?<\/strong><\/p>\n\n\n\n<p>Bekannte Risikofaktoren f\u00fcr anhaltende Beschwerden nach der Operation sind ein j\u00fcngeres Patientinnen-Alter, eine starke Schmerzkatastrophisierung und eine gr\u00f6\u00dfere subjektive Schmerzbelastung vor der Operation&nbsp;(Carey et al. 2014; Martin et al. 2011; Ghai et al. 2020). Diese Faktoren erkl\u00e4ren die anhaltenden Beschwerden nach der Operation aber nicht zufriedenstellend. Deshalb untersuchen wir in der ROXWELL-Studie&nbsp;bisher unbeachtete, psychologische Faktoren, wie z.B. Erwartungen. Aus anderen gyn\u00e4kologischen Bereichen wie der Brustkrebsforschung ist bereits bekannt, dass Erwartungen bedeutsame Einfl\u00fcsse auf die Symptombelastung und die Lebensqualit\u00e4t bei Patientinnen haben&nbsp;(Nestoriuc et al. 2016). Weiterhin lie\u00dfen sich die Erwartungen von Patientinnen zu Beginn einer antihormonellen Therapie mithilfe von Erwartungsmanagementprogrammen (EXPECT) positiv ver\u00e4ndern&nbsp;(Shedden\u2010Mora et al. 2020).<\/p>\n\n\n\n<p><strong>Was wollen wir genau untersuchen?&nbsp;<\/strong><\/p>\n\n\n\n<p>F\u00fcr uns stellt sich die Frage,&nbsp;ob diese vielversprechenden Forschungsergebnisse auch auf Patientinnen mit Endometriose zutreffen und sich auf dessen Behandlungsverlauf \u00fcbertragen lassen. Das Ziel dieser Studie ist es also, Erwartungen als Einflussfaktor f\u00fcr das Wohlbefinden nach der Operation (Laparoskopie) bei Patientinnen mit Endometriose zu untersuchen. Im n\u00e4chsten Schritt sollen durch die gewonnenen Erkenntnisse die (medizinische) Therapie der Endometriose weiter verbessert werden.<\/p>\n\n\n\n<p>Folgende Fragestellungen interessieren uns besonders:&nbsp;<\/p>\n\n\n\n<hr class=\"wp-block-separator\" \/>\n\n\n\n<ul class=\"wp-block-list\" type=\"1\"><li>Ver\u00e4ndern sich die Erwartungen an das Befinden nach der Operation?<\/li><\/ul>\n\n\n\n<ul class=\"wp-block-list\" type=\"1\"><li>Wie ver\u00e4ndert sich das Befinden der Patientinnen nach der Laparoskopie?<\/li><\/ul>\n\n\n\n<ul class=\"wp-block-list\" type=\"1\"><li>Gibt es psychologische Faktoren, die positive Behandlungsverl\u00e4ufe vorhersagen?&nbsp;<\/li><\/ul>\n\n\n\n<ul class=\"wp-block-list\" type=\"1\"><li>Welche Erwartungen haben Patientinnen genau an die Laparoskopie und wie ver\u00e4ndern sich diese Erwartungen nach der Laparoskopie?&nbsp;<\/li><\/ul>\n\n\n\n<div style=\"height:8px\" aria-hidden=\"true\" class=\"wp-block-spacer\"><\/div>\n\n\n\n<p><\/p>\n\n\n\n<h3>Team<\/h3>\n\n\n\n<div class=\"wp-block-image\"><figure class=\"alignright size-large is-resized\"><img loading=\"lazy\" decoding=\"async\" src=\"https:\/\/www.hsu-hh.de\/klinpsych\/wp-content\/uploads\/sites\/775\/2020\/01\/hsulogo.png\" data-credit=\"HSU\" alt=\"HSU logo\" class=\"wp-image-423\" width=\"188\" height=\"128\" \/><\/figure><\/div>\n\n\n\n<p><strong>Das ROXWELL-Studienteam<\/strong><\/p>\n\n\n\n<p>Die ROXWELL-Studie wird geleitet durch <strong>Frau<\/strong> <strong>Prof. Dr. Yvonne Nestoriuc<\/strong> des Arbeitsbereiches Klinische Psychologie der Helmut-Schmidt-Universit\u00e4t sowie durch die wissenschaftlichen Mitarbeiterinnen <strong>Frau Dr. Ann-Katrin Meyrose<\/strong> und <strong>Frau Nina Hirsing, M.Sc. Klinische Psychologin<\/strong>.<\/p>\n\n\n\n<div class=\"wp-block-image is-style-default\"><figure class=\"alignleft size-medium is-resized\"><img loading=\"lazy\" decoding=\"async\" src=\"https:\/\/www.hsu-hh.de\/klinpsych\/wp-content\/uploads\/sites\/775\/2021\/08\/Prof-Nestoriuc-1024x683-1-e1624213506800-edited.jpg\" data-credit=\"Yvonne Nestoriuc\" alt=\"Prof Nestoriuc f\u00fcr ICPT Website\" class=\"wp-image-2842\" width=\"131\" height=\"174\" srcset=\"https:\/\/www.hsu-hh.de\/klinpsych\/wp-content\/uploads\/sites\/775\/2021\/08\/Prof-Nestoriuc-1024x683-1-e1624213506800-edited.jpg 512w, https:\/\/www.hsu-hh.de\/klinpsych\/wp-content\/uploads\/sites\/775\/2021\/08\/Prof-Nestoriuc-1024x683-1-e1624213506800-edited-225x300.jpg 225w\" sizes=\"auto, (max-width: 131px) 100vw, 131px\" \/><figcaption>Frau Prof. Dr. Yvonne Nestoriuc<\/figcaption><\/figure><\/div>\n\n\n\n<div class=\"wp-block-image is-style-default\"><figure class=\"alignleft size-medium is-resized\"><img loading=\"lazy\" decoding=\"async\" src=\"https:\/\/www.hsu-hh.de\/klinpsych\/wp-content\/uploads\/sites\/775\/2021\/08\/Meyrose_website-edited-scaled.jpg\" data-credit=\"Meyrose\" alt=\"Dr. Ann-Katrin Meyrose\" class=\"wp-image-2843\" width=\"130\" height=\"174\" srcset=\"https:\/\/www.hsu-hh.de\/klinpsych\/wp-content\/uploads\/sites\/775\/2021\/08\/Meyrose_website-edited-scaled.jpg 1917w, https:\/\/www.hsu-hh.de\/klinpsych\/wp-content\/uploads\/sites\/775\/2021\/08\/Meyrose_website-edited-225x300.jpg 225w, https:\/\/www.hsu-hh.de\/klinpsych\/wp-content\/uploads\/sites\/775\/2021\/08\/Meyrose_website-edited-767x1024.jpg 767w, https:\/\/www.hsu-hh.de\/klinpsych\/wp-content\/uploads\/sites\/775\/2021\/08\/Meyrose_website-edited-768x1026.jpg 768w, https:\/\/www.hsu-hh.de\/klinpsych\/wp-content\/uploads\/sites\/775\/2021\/08\/Meyrose_website-edited-1150x1536.jpg 1150w, https:\/\/www.hsu-hh.de\/klinpsych\/wp-content\/uploads\/sites\/775\/2021\/08\/Meyrose_website-edited-1534x2048.jpg 1534w, https:\/\/www.hsu-hh.de\/klinpsych\/wp-content\/uploads\/sites\/775\/2021\/08\/Meyrose_website-edited-1100x1469.jpg 1100w\" sizes=\"auto, (max-width: 130px) 100vw, 130px\" \/><figcaption>Frau Dr. Ann-Katrin Meyrose<\/figcaption><\/figure><\/div>\n\n\n\n<div class=\"wp-block-image\"><figure class=\"alignleft size-large is-resized\"><img loading=\"lazy\" decoding=\"async\" src=\"https:\/\/www.hsu-hh.de\/klinpsych\/wp-content\/uploads\/sites\/775\/2021\/08\/Foto_NH-edited-1-scaled.jpg\" data-credit=\"Nia Hirsing\" alt=\"Nina Hirsing\" class=\"wp-image-2841\" width=\"131\" height=\"174\" srcset=\"https:\/\/www.hsu-hh.de\/klinpsych\/wp-content\/uploads\/sites\/775\/2021\/08\/Foto_NH-edited-1-scaled.jpg 1922w, https:\/\/www.hsu-hh.de\/klinpsych\/wp-content\/uploads\/sites\/775\/2021\/08\/Foto_NH-edited-1-225x300.jpg 225w, https:\/\/www.hsu-hh.de\/klinpsych\/wp-content\/uploads\/sites\/775\/2021\/08\/Foto_NH-edited-1-769x1024.jpg 769w, https:\/\/www.hsu-hh.de\/klinpsych\/wp-content\/uploads\/sites\/775\/2021\/08\/Foto_NH-edited-1-768x1023.jpg 768w, https:\/\/www.hsu-hh.de\/klinpsych\/wp-content\/uploads\/sites\/775\/2021\/08\/Foto_NH-edited-1-1153x1536.jpg 1153w, https:\/\/www.hsu-hh.de\/klinpsych\/wp-content\/uploads\/sites\/775\/2021\/08\/Foto_NH-edited-1-1537x2048.jpg 1537w, https:\/\/www.hsu-hh.de\/klinpsych\/wp-content\/uploads\/sites\/775\/2021\/08\/Foto_NH-edited-1-1100x1465.jpg 1100w\" sizes=\"auto, (max-width: 131px) 100vw, 131px\" \/><figcaption>Frau Nina Hirsing, <br>M. Sc. Psych.<\/figcaption><\/figure><\/div>\n\n\n\n<div style=\"height:25px\" aria-hidden=\"true\" class=\"wp-block-spacer\"><\/div>\n\n\n\n<div class=\"wp-block-image\"><figure class=\"alignright size-large is-resized\"><img loading=\"lazy\" decoding=\"async\" src=\"https:\/\/www.hsu-hh.de\/klinpsych\/wp-content\/uploads\/sites\/775\/2021\/07\/Frauenkliniklogo.png\" data-credit=\"Frauenklinik \" alt=\"Frauenkliniklogo\" class=\"wp-image-2433\" width=\"190\" height=\"193\" \/><\/figure><\/div>\n\n\n\n<p><strong>Unser Kooperationspartner: <\/strong><\/p>\n\n\n\n<p>Die ROXWELL-Studie wird durchgef\u00fchrt in Kooperation mit <strong>Herrn PD. Dr. med. Olaf Buchweitz<\/strong> <\/p>\n\n\n\n<p>&amp; Kolleg*innen. Fach\u00e4rzt*innen f\u00fcr Frauenheilkunde und Geburtshilfe an der Frauenklinik an der Elbe<\/p>\n\n\n\n<div class=\"wp-block-image\"><figure class=\"alignleft size-large is-resized\"><img loading=\"lazy\" decoding=\"async\" src=\"https:\/\/www.hsu-hh.de\/klinpsych\/wp-content\/uploads\/sites\/775\/2021\/08\/buchweitz_02-800x533-1.jpg\" data-credit=\"Frauenklinik an der Elbe\" alt=\"Dr. Buchweitz\" class=\"wp-image-2811\" width=\"217\" height=\"144\" srcset=\"https:\/\/www.hsu-hh.de\/klinpsych\/wp-content\/uploads\/sites\/775\/2021\/08\/buchweitz_02-800x533-1.jpg 800w, https:\/\/www.hsu-hh.de\/klinpsych\/wp-content\/uploads\/sites\/775\/2021\/08\/buchweitz_02-800x533-1-300x200.jpg 300w, https:\/\/www.hsu-hh.de\/klinpsych\/wp-content\/uploads\/sites\/775\/2021\/08\/buchweitz_02-800x533-1-768x512.jpg 768w\" sizes=\"auto, (max-width: 217px) 100vw, 217px\" \/><figcaption>Herr PD Dr. med. Olaf Buchweitz <\/figcaption><\/figure><\/div>\n\n\n\n<div style=\"height:13px\" aria-hidden=\"true\" class=\"wp-block-spacer\"><\/div>\n\n\n\n<p><\/p>\n\n\n\n<h3>Kontakt<\/h3>\n\n\n\n<p>Helmut-Schmidt-Universit\u00e4t\/Universit\u00e4t der Bundeswehr Hamburg<\/p>\n\n\n\n<p>Professur f\u00fcr Klinische Psychologie<\/p>\n\n\n\n<p>Holstenhofweg 85, 22043 Hamburg und Friedrich-Ebert-Damm 245, 22159 Hamburg<\/p>\n\n\n\n<p>E-Mail:&nbsp;<a href=\"mailto:roxwell-studie@hsu-hh.de\" rel='nofollow'><strong>roxwell-studie@hsu-hh.de<\/strong><\/a><\/p>\n\n\n\n<p><\/p>\n\n\n\n<p><\/p>\n\n\n\n<p>[tab title =&#8220;Datenschutz&#8220;]<\/p>\n\n\n\n<p><strong>Datenschutz und pers\u00f6nliches Codewort. <\/strong>Die Erhebung der Daten erfolgt, unter Verwendung eines von Ihnen erstellten Codes, pseudonymisiert. Nach Studienabschluss erfolgt eine vollst\u00e4ndige Anonymisierung Ihrer Daten und eine Speicherung der Daten f\u00fcr 10 Jahre. Der Aufbewahrung beziehungsweise Speicherung der Daten kann widersprochen werden, ohne dass den Teilnehmenden daraus Nachteile entstehen. Jedoch kann dies aufgrund der vollst\u00e4ndigen Anonymisierung nur bis zum Abschluss der Datenerhebung (voraussichtlich Sommer 2022) erfolgen. Nach Abschluss dieser Datenerhebung k\u00f6nnen die Daten keinen Personen direkt zugeordnet und somit auch nicht mehr gel\u00f6scht werden.<\/p>\n\n\n\n<p>Im Rahmen dieser Studie erheben wir <strong>personenbezogene<\/strong> und <strong>forschungsrelevante Daten<\/strong>. Personenbezogene Daten sind jegliche Informationen, die eine Identifikation Ihrer Person erm\u00f6glichen. Forschungsrelevante Daten werden in Form von Online-Frageb\u00f6gen erfasst.<\/p>\n\n\n\n<p><strong>Personenbezogene Daten.<\/strong> Im Rahmen der Erhebung werden z.B. das Alter, Geschlecht oder der Familienstand erfragt. Diese Daten werden unter Angabe eines Teilnahmecodes <a>pseudonymisiert<\/a>&nbsp;sodass keinerlei R\u00fcckschl\u00fcsse auf Ihre Identit\u00e4t m\u00f6glich sind.<\/p>\n\n\n\n<p><strong>Schweigepflicht.<\/strong> Die im Rahmen dieser Studie erhobenen Daten und pers\u00f6nlichen Mitteilungen werden vertraulich behandelt. Die Projektmitarbeiter*innen unterliegen der Schweigepflicht. Des Weiteren wird die Ver\u00f6ffentlichung der Ergebnisse in vollst\u00e4ndig <a>anonymisierter <\/a>&nbsp;Form erfolgen.<\/p>\n\n\n\n<p><\/p>\n\n\n\n<p>Datenschutz ist uns ein wichtiges Anliegen. Haben Sie noch weitere Fragen, kontaktieren Sie uns gerne.<\/p>\n\n\n\n<p><\/p>\n\n\n\n<div style=\"height:20px\" aria-hidden=\"true\" class=\"wp-block-spacer\"><\/div>\n\n\n\n<hr class=\"wp-block-separator\" \/>\n\n\n\n<p class=\"has-medium-font-size\"><strong>Herzlichen Dank f\u00fcr Ihre Zeit und Ihre Unterst\u00fctzung!<\/strong><\/p>\n\n\n\n<p><strong>Ihr ROXWELL-Studienteam: &nbsp;<\/strong><\/p>\n\n\n\n<p><em>Frau Prof. Dr. Yvonne Nestoriuc (Studienleitung)<\/em><\/p>\n\n\n\n<p><em>Frau Nina Hirsing, M.Sc. Klinische Psychologie<\/em><\/p>\n\n\n\n<p><em>Frau Dr. Ann-Katrin Meyrose<\/em><\/p>\n\n\n\n<p><em>Herr PD Dr. med. Olaf Buchweitz<\/em><a><em> <\/em><\/a><\/p>\n","protected":false},"excerpt":{"rendered":"","protected":false},"author":2874,"featured_media":0,"parent":0,"menu_order":0,"comment_status":"closed","ping_status":"closed","template":"","meta":{"footnotes":""},"categories":[4],"tags":[],"class_list":["post-2388","page","type-page","status-publish","hentry","category-forschung"],"_links":{"self":[{"href":"https:\/\/www.hsu-hh.de\/klinpsych\/wp-json\/wp\/v2\/pages\/2388","targetHints":{"allow":["GET"]}}],"collection":[{"href":"https:\/\/www.hsu-hh.de\/klinpsych\/wp-json\/wp\/v2\/pages"}],"about":[{"href":"https:\/\/www.hsu-hh.de\/klinpsych\/wp-json\/wp\/v2\/types\/page"}],"author":[{"embeddable":true,"href":"https:\/\/www.hsu-hh.de\/klinpsych\/wp-json\/wp\/v2\/users\/2874"}],"replies":[{"embeddable":true,"href":"https:\/\/www.hsu-hh.de\/klinpsych\/wp-json\/wp\/v2\/comments?post=2388"}],"version-history":[{"count":201,"href":"https:\/\/www.hsu-hh.de\/klinpsych\/wp-json\/wp\/v2\/pages\/2388\/revisions"}],"predecessor-version":[{"id":2959,"href":"https:\/\/www.hsu-hh.de\/klinpsych\/wp-json\/wp\/v2\/pages\/2388\/revisions\/2959"}],"wp:attachment":[{"href":"https:\/\/www.hsu-hh.de\/klinpsych\/wp-json\/wp\/v2\/media?parent=2388"}],"wp:term":[{"taxonomy":"category","embeddable":true,"href":"https:\/\/www.hsu-hh.de\/klinpsych\/wp-json\/wp\/v2\/categories?post=2388"},{"taxonomy":"post_tag","embeddable":true,"href":"https:\/\/www.hsu-hh.de\/klinpsych\/wp-json\/wp\/v2\/tags?post=2388"}],"curies":[{"name":"wp","href":"https:\/\/api.w.org\/{rel}","templated":true}]}}