{"id":200,"date":"2019-09-02T13:23:07","date_gmt":"2019-09-02T11:23:07","guid":{"rendered":"https:\/\/www.hsu-hh.de\/klinpsych\/?page_id=200"},"modified":"2019-09-02T13:24:17","modified_gmt":"2019-09-02T11:24:17","slug":"nachwuchspreis-center-for-health-care-research","status":"publish","type":"page","link":"https:\/\/www.hsu-hh.de\/klinpsych\/forschung\/nachwuchspreis-center-for-health-care-research","title":{"rendered":"Nachwuchspreis: Center for Health Care Research"},"content":{"rendered":"<h3 style=\"text-align: center\">Frau Yiqi Pan ausgezeichnet mit dem Nachwuchspreis Center for Health Care Research (CHCR) 2019 am Universit\u00e4tsklinikum Hamburg-Eppendorf<\/h3>\n<p>&nbsp;<\/p>\n<p><img loading=\"lazy\" decoding=\"async\" class=\"size-full wp-image-203 aligncenter\" src=\"https:\/\/www.hsu-hh.de\/klinpsych\/wp-content\/uploads\/sites\/775\/2019\/09\/eins1_contentbild2.jpg\" alt=\"Nachwuchspreis Yigi Pan\" width=\"298\" height=\"194\" data-credit=\"Yigi Pan\" \/><\/p>\n<p>&nbsp;<\/p>\n<p>Das CHCR w\u00fcrdigt mit dem &#8222;Young Investigator Award&#8220; einmal j\u00e4hrlich herausragende Publikationen im Bereich der Versorgungsforschung\/Health Care Research.<\/p>\n<p>Die Bewertung erfolgt durch eine vom Vorstand des CHCR bestimmte Jury. Kriterien f\u00fcr die Bewertung sind: (1) Relevanz f\u00fcr die Versorgungsforschung, (2) innovativer Charakter der wissenschaftlichen Arbeit sowie (3) wissenschaftliche Qualit\u00e4t.<\/p>\n<p>Im Rahmen ihrer Publikation untersuchte Frau Pan unter der Anleitung von Frau Prof. Nestoriuc den Einfluss von Behandlungserwartungen auf Medikamentenadh\u00e4renz bei Brustkrebspatientinnen.<\/p>\n<p>Die Publikation wurde in der Zeitschrift \u201eBreast Cancer Research and Treatment\u201c im Januar 2018 publiziert und ist offen f\u00fcr alle Interessentinnen und Interessenten verf\u00fcgbar:<\/p>\n<p><a href=\"https:\/\/link.springer.com\/content\/pdf\/10.1007%2Fs10549-017-4637-2.pdf\" rel='nofollow'>https:\/\/link.springer.com\/content\/pdf\/10.1007%2Fs10549-017-4637-2.pdf<\/a><\/p>\n","protected":false},"excerpt":{"rendered":"<p>Frau Yiqi Pan ausgezeichnet mit dem Nachwuchspreis Center for Health Care Research (CHCR) 2019 am Universit\u00e4tsklinikum Hamburg-Eppendorf &nbsp; &nbsp; Das CHCR w\u00fcrdigt mit dem &#8222;Young Investigator Award&#8220; einmal j\u00e4hrlich herausragende [&hellip;]<\/p>\n","protected":false},"author":582,"featured_media":0,"parent":166,"menu_order":0,"comment_status":"closed","ping_status":"closed","template":"","meta":{"footnotes":""},"categories":[4],"tags":[],"class_list":["post-200","page","type-page","status-publish","hentry","category-forschung"],"_links":{"self":[{"href":"https:\/\/www.hsu-hh.de\/klinpsych\/wp-json\/wp\/v2\/pages\/200","targetHints":{"allow":["GET"]}}],"collection":[{"href":"https:\/\/www.hsu-hh.de\/klinpsych\/wp-json\/wp\/v2\/pages"}],"about":[{"href":"https:\/\/www.hsu-hh.de\/klinpsych\/wp-json\/wp\/v2\/types\/page"}],"author":[{"embeddable":true,"href":"https:\/\/www.hsu-hh.de\/klinpsych\/wp-json\/wp\/v2\/users\/582"}],"replies":[{"embeddable":true,"href":"https:\/\/www.hsu-hh.de\/klinpsych\/wp-json\/wp\/v2\/comments?post=200"}],"version-history":[{"count":2,"href":"https:\/\/www.hsu-hh.de\/klinpsych\/wp-json\/wp\/v2\/pages\/200\/revisions"}],"predecessor-version":[{"id":204,"href":"https:\/\/www.hsu-hh.de\/klinpsych\/wp-json\/wp\/v2\/pages\/200\/revisions\/204"}],"up":[{"embeddable":true,"href":"https:\/\/www.hsu-hh.de\/klinpsych\/wp-json\/wp\/v2\/pages\/166"}],"wp:attachment":[{"href":"https:\/\/www.hsu-hh.de\/klinpsych\/wp-json\/wp\/v2\/media?parent=200"}],"wp:term":[{"taxonomy":"category","embeddable":true,"href":"https:\/\/www.hsu-hh.de\/klinpsych\/wp-json\/wp\/v2\/categories?post=200"},{"taxonomy":"post_tag","embeddable":true,"href":"https:\/\/www.hsu-hh.de\/klinpsych\/wp-json\/wp\/v2\/tags?post=200"}],"curies":[{"name":"wp","href":"https:\/\/api.w.org\/{rel}","templated":true}]}}