{"id":128,"date":"2019-04-09T16:04:03","date_gmt":"2019-04-09T14:04:03","guid":{"rendered":"https:\/\/www.hsu-hh.de\/klinpsych\/?page_id=128"},"modified":"2026-01-13T16:52:55","modified_gmt":"2026-01-13T15:52:55","slug":"lehre-2","status":"publish","type":"page","link":"https:\/\/www.hsu-hh.de\/klinpsych\/lehre-2","title":{"rendered":"Lehre"},"content":{"rendered":"\n<p><strong>Eine \u00dcbersicht der aktuellen Lehrveranstaltungen finden Sie hier: <\/strong><\/p>\n\n\n\n<div class=\"wp-block-hsu-downloadblock\"><div class=\"thumbnail-area\"><img decoding=\"async\" src=\"\/wp-content\/themes\/hsu\/img\/dummy\/downloads_dummy.png\" alt=\"Download Symbol-Icon\" \/><\/div><div class=\"text-area\">Veranstaltungs\u00fcbersicht Wintertrimester 2026 (<abbr title=\"Wintertrimester\">WT<\/abbr> 26)<\/div><div class=\"download-area\"><a class=\"download-link\" href=\"https:\/\/www.hsu-hh.de\/klinpsych\/wp-content\/uploads\/sites\/775\/2026\/01\/Veranstaltungsuebersicht-Wintertrimester-2026-WT-26.pdf\"><span class=\"download-name\">pdf laden<\/span><span class=\"download-icon\"><img decoding=\"async\" class=\"download-icon\" alt=\"download icon\" src=\"\/wp-content\/themes\/hsu\/img\/icons\/download_icon.png\" \/><\/span><span class=\"download-size\">98 kB<\/span><\/a><\/div><\/div>\n\n\n<p><strong>Die Lehrveranstaltungen der vergangenen Trimester finden Sie hier:<\/strong><\/p>\n<div class=\"col-xs-12 downloads-item\">\n<div class=\"row border-line\">\n<div class=\"thumbnail-area\"><img decoding=\"async\" class=\"download-image\" src=\"\/wp-content\/themes\/hsu\/img\/dummy\/downloads_dummy.png\" alt=\"\" \/><\/div>\n<div class=\"text-area\"><span class=\"download-text\">\u00dcbersicht vergangener Lehrveranstaltungen<\/span><\/div>\n<div class=\"download-area\"><a class=\"download-link\" href=\"https:\/\/www.hsu-hh.de\/klinpsych\/wp-content\/uploads\/sites\/775\/2023\/01\/Uebersicht-vergangene-LV-deutsch_03.01.2023.pdf\"><span class=\"download-name\">pdf laden<\/span><span class=\"donwload-icon\"><img decoding=\"async\" class=\"download-icon\" src=\"\/wp-content\/themes\/hsu\/img\/icons\/download_icon.png\" alt=\"download icon\" \/><\/span><span class=\"download-size\">89 kB<\/span><\/a><\/div>\n<\/div>\n<\/div>\n<p><strong><br \/>Richtlinien f\u00fcr Abschlussarbeiten:<\/strong><\/p>\n<div class=\"col-xs-12 downloads-item\">\n<div class=\"row border-line\">\n<div class=\"thumbnail-area\"><img decoding=\"async\" class=\"download-image\" src=\"\/wp-content\/themes\/hsu\/img\/dummy\/downloads_dummy.png\" alt=\"\" \/><\/div>\n<div class=\"text-area\"><span class=\"download-text\">Richtlinien f\u00fcr Abschlussarbeiten Klinische Psychologie<\/span><\/div>\n<div class=\"download-area\"><a class=\"download-link\" href=\"https:\/\/www.hsu-hh.de\/klinpsych\/wp-content\/uploads\/sites\/775\/2019\/12\/Richtlinien-f\u00fcr-Abschlussarbeiten.pdf\"><span class=\"download-name\">pdf laden<\/span><span class=\"donwload-icon\"><img decoding=\"async\" class=\"download-icon\" src=\"\/wp-content\/themes\/hsu\/img\/icons\/download_icon.png\" alt=\"download icon\" \/><\/span><span class=\"download-size\">923 KB<\/span><\/a><\/div>\n<\/div>\n<\/div>\n\n\n<p><strong>Praktika<\/strong><\/p>\n\n\n\n<p>M\u00f6chten Sie ein Forschungspraktikum in unserer Arbeitsgruppe machen, dann wenden Sie sich bitte an <a href=\"mailto:hahns@hsu-hh.de\" data-type=\"mailto\" data-id=\"mailto:hahns@hsu-hh.de\" rel='nofollow'>Stefanie Hahn<\/a>. Forschungspraktika sind in allen laufenden Projekten m\u00f6glich. Eine \u00dcbersicht dazu finden Sie auf unserer Startseite sowie unter Foschung &gt; Aktuelle Projekte.<\/p>\n","protected":false},"excerpt":{"rendered":"<p>Eine \u00dcbersicht der aktuellen Lehrveranstaltungen finden Sie hier: Die Lehrveranstaltungen der vergangenen Trimester finden Sie hier: \u00dcbersicht vergangener Lehrveranstaltungen pdf laden89 kB Richtlinien f\u00fcr Abschlussarbeiten: Richtlinien f\u00fcr Abschlussarbeiten Klinische Psychologie [&hellip;]<\/p>\n","protected":false},"author":582,"featured_media":0,"parent":0,"menu_order":0,"comment_status":"closed","ping_status":"closed","template":"","meta":{"footnotes":""},"categories":[38],"tags":[],"class_list":["post-128","page","type-page","status-publish","hentry","category-lehre"],"_links":{"self":[{"href":"https:\/\/www.hsu-hh.de\/klinpsych\/wp-json\/wp\/v2\/pages\/128","targetHints":{"allow":["GET"]}}],"collection":[{"href":"https:\/\/www.hsu-hh.de\/klinpsych\/wp-json\/wp\/v2\/pages"}],"about":[{"href":"https:\/\/www.hsu-hh.de\/klinpsych\/wp-json\/wp\/v2\/types\/page"}],"author":[{"embeddable":true,"href":"https:\/\/www.hsu-hh.de\/klinpsych\/wp-json\/wp\/v2\/users\/582"}],"replies":[{"embeddable":true,"href":"https:\/\/www.hsu-hh.de\/klinpsych\/wp-json\/wp\/v2\/comments?post=128"}],"version-history":[{"count":68,"href":"https:\/\/www.hsu-hh.de\/klinpsych\/wp-json\/wp\/v2\/pages\/128\/revisions"}],"predecessor-version":[{"id":3938,"href":"https:\/\/www.hsu-hh.de\/klinpsych\/wp-json\/wp\/v2\/pages\/128\/revisions\/3938"}],"wp:attachment":[{"href":"https:\/\/www.hsu-hh.de\/klinpsych\/wp-json\/wp\/v2\/media?parent=128"}],"wp:term":[{"taxonomy":"category","embeddable":true,"href":"https:\/\/www.hsu-hh.de\/klinpsych\/wp-json\/wp\/v2\/categories?post=128"},{"taxonomy":"post_tag","embeddable":true,"href":"https:\/\/www.hsu-hh.de\/klinpsych\/wp-json\/wp\/v2\/tags?post=128"}],"curies":[{"name":"wp","href":"https:\/\/api.w.org\/{rel}","templated":true}]}}