{"id":73,"date":"2017-07-03T15:52:08","date_gmt":"2017-07-03T13:52:08","guid":{"rendered":"https:\/\/www.hsu-hh.de\/vorlage\/?page_id=73"},"modified":"2025-10-06T09:59:05","modified_gmt":"2025-10-06T07:59:05","slug":"startseite","status":"publish","type":"page","link":"https:\/\/www.hsu-hh.de\/kel\/","title":{"rendered":""},"content":{"rendered":"<div class=\"wp-block-image\">\n<figure class=\"aligncenter size-large is-resized\"><img loading=\"lazy\" decoding=\"async\" width=\"1024\" height=\"341\" src=\"https:\/\/www.hsu-hh.de\/kel\/wp-content\/uploads\/sites\/711\/2017\/07\/Header-E-Lernen-1024x341.png\" data-credit=\"TDI\" alt=\"Header E-Lernen\" class=\"wp-image-103\" style=\"width:1140px;height:auto\" srcset=\"https:\/\/www.hsu-hh.de\/kel\/wp-content\/uploads\/sites\/711\/2017\/07\/Header-E-Lernen-1024x341.png 1024w, https:\/\/www.hsu-hh.de\/kel\/wp-content\/uploads\/sites\/711\/2017\/07\/Header-E-Lernen-300x100.png 300w, https:\/\/www.hsu-hh.de\/kel\/wp-content\/uploads\/sites\/711\/2017\/07\/Header-E-Lernen-768x256.png 768w, https:\/\/www.hsu-hh.de\/kel\/wp-content\/uploads\/sites\/711\/2017\/07\/Header-E-Lernen.png 1800w\" sizes=\"auto, (max-width: 1024px) 100vw, 1024px\" \/><\/figure>\n<\/div>\n\n\n<div class=\"wp-block-columns is-layout-flex wp-container-core-columns-is-layout-9d6595d7 wp-block-columns-is-layout-flex\">\n<div class=\"wp-block-column is-layout-flow wp-block-column-is-layout-flow\" style=\"flex-basis:25%\"><\/div>\n\n\n\n<div class=\"wp-block-column is-layout-flow wp-block-column-is-layout-flow\" style=\"flex-basis:50%\">\n<div class=\"wp-block-columns is-layout-flex wp-container-core-columns-is-layout-9d6595d7 wp-block-columns-is-layout-flex\">\n<div class=\"wp-block-column background-grey is-layout-flow wp-block-column-is-layout-flow\">\n<p class=\"has-text-align-center\"><a href=\"https:\/\/intranet.hsu-hh.de\/\" rel='nofollow'>Zur Intranet-Plattform<\/a><\/p>\n\n\n\n<p class=\"has-text-align-center\">Anmeldung nur mit g\u00fcltiger&nbsp;<abbr title=\"Rechenzentrum\">RZ<\/abbr>-Kennung m\u00f6glich.<\/p>\n<\/div>\n<\/div>\n\n\n\n<div style=\"height:20px\" aria-hidden=\"true\" class=\"wp-block-spacer\"><\/div>\n\n\n\n<div class=\"wp-block-columns is-layout-flex wp-container-core-columns-is-layout-9d6595d7 wp-block-columns-is-layout-flex\">\n<div class=\"wp-block-column background-grey is-layout-flow wp-block-column-is-layout-flow\">\n<p class=\"has-text-align-center\"><a href=\"https:\/\/ilias-public.hsu-hh.de\/\" rel='nofollow'>Zur externen ILIAS-Plattform<\/a><\/p>\n\n\n\n<p class=\"has-text-align-center\">Anmeldung mit <abbr title=\"Rechenzentrum\">RZ<\/abbr>-Kennung nicht m\u00f6glich.<\/p>\n<\/div>\n<\/div>\n<\/div>\n\n\n\n<div class=\"wp-block-column is-layout-flow wp-block-column-is-layout-flow\" style=\"flex-basis:25%\"><\/div>\n<\/div>\n\n\n\n<div style=\"height:100px\" aria-hidden=\"true\" class=\"wp-block-spacer\"><\/div>\n\n\n\n<h2 class=\"wp-block-heading\">Die&nbsp;Koordinationsstelle E-Lernen<\/h2>\n\n\n\n<p>\u2026 ist seit dem Jahr 2002 als Dienstleistungseinrichtung der Helmut-Schmidt-Universit\u00e4t \/Universit\u00e4t der Bundeswehr Hamburg der Ansprechpartner f\u00fcr alle Fragen im Bereich des E-Lernens.<\/p>\n\n\n\n<div class=\"wp-block-columns is-layout-flex wp-container-core-columns-is-layout-9d6595d7 wp-block-columns-is-layout-flex\">\n<div class=\"wp-block-column is-layout-flow wp-block-column-is-layout-flow\">\n<div class=\"wp-block-columns is-layout-flex wp-container-core-columns-is-layout-9d6595d7 wp-block-columns-is-layout-flex\">\n<div class=\"wp-block-column is-layout-flow wp-block-column-is-layout-flow\" style=\"flex-basis:95%\">\n<p>Unser Ziel ist es, mit Hilfe der Lernplattform&nbsp;ILIAS&nbsp;Lehr- und Lernprozesse zu optimieren und den Mehrwert durch neue Formen des kooperativen und interaktiven Arbeitens und Lernens herauszustellen. Wir unterst\u00fctzen und beraten zum einen die Mitarbeiter der Helmut-Schmidt-Universit\u00e4t beim Einsatz von&nbsp;ILIAS, zum anderen bieten wir auch f\u00fcr au\u00dferuniversit\u00e4re Kooperationspartner Dienstleistungen rund um\u2019s E-Lernen an. Dar\u00fcber hinaus stehen wir in engem Kontakt zur&nbsp;ILIAS-Community, um die Lernplattform nach Ihren W\u00fcnschen und Bed\u00fcrfnissen weiterentwickeln und verbessern zu k\u00f6nnen.<\/p>\n<\/div>\n<\/div>\n<\/div>\n\n\n\n<div class=\"wp-block-column is-layout-flow wp-block-column-is-layout-flow\">\n<div class=\"wp-block-columns is-layout-flex wp-container-core-columns-is-layout-9d6595d7 wp-block-columns-is-layout-flex\">\n<div class=\"wp-block-column has-grey-background-color has-background is-layout-flow wp-block-column-is-layout-flow\">\n<div class=\"wp-block-columns is-layout-flex wp-container-core-columns-is-layout-9d6595d7 wp-block-columns-is-layout-flex\">\n<div class=\"wp-block-column is-layout-flow wp-block-column-is-layout-flow\" style=\"flex-basis:5%\"><\/div>\n\n\n\n<div class=\"wp-block-column is-layout-flow wp-block-column-is-layout-flow\" style=\"flex-basis:90%\">\n<div style=\"height:20px\" aria-hidden=\"true\" class=\"wp-block-spacer\"><\/div>\n\n\n\n<h2 class=\"wp-block-heading\">Unser Dienstleistungsspektrum\u2026<\/h2>\n\n\n\n<ul class=\"wp-block-list\">\n<li>Betreuung der&nbsp;Open-Source&nbsp;Lernplattform&nbsp;ILIAS<\/li>\n\n\n\n<li>Unterst\u00fctzung der universit\u00e4ren Pr\u00e4senzlehre mit&nbsp;ILIAS<\/li>\n\n\n\n<li>Technische und didaktische Beratung<\/li>\n\n\n\n<li>Unterst\u00fctzung bei der Erstellung von E-Lernangeboten<\/li>\n\n\n\n<li>Organisation von Schulungen<\/li>\n\n\n\n<li>Weiterentwicklung von Konzeption und Service<\/li>\n\n\n\n<li>Anwendungsbetreuung, Weiterentwicklung und technische Administration der&nbsp;ILIAS-Plattform<\/li>\n<\/ul>\n\n\n\n<div style=\"height:50px\" aria-hidden=\"true\" class=\"wp-block-spacer\"><\/div>\n<\/div>\n\n\n\n<div class=\"wp-block-column is-layout-flow wp-block-column-is-layout-flow\" style=\"flex-basis:5%\"><\/div>\n<\/div>\n<\/div>\n<\/div>\n<\/div>\n<\/div>\n\n\n\n<div style=\"height:76px\" aria-hidden=\"true\" class=\"wp-block-spacer\"><\/div>\n\n\n\n<h2 class=\"wp-block-heading\">Die M\u00f6glichkeiten der Lernplattform&nbsp;ILIAS\u2026<\/h2>\n\n\n\n<div class=\"wp-block-columns is-layout-flex wp-container-core-columns-is-layout-9d6595d7 wp-block-columns-is-layout-flex\">\n<div class=\"wp-block-column is-layout-flow wp-block-column-is-layout-flow\">\n<div class=\"wp-block-columns is-layout-flex wp-container-core-columns-is-layout-9d6595d7 wp-block-columns-is-layout-flex\">\n<div class=\"wp-block-column is-layout-flow wp-block-column-is-layout-flow\" style=\"flex-basis:95%\">\n<p>Die Lernplattform&nbsp;ILIAS&nbsp;kann auf vielf\u00e4ltige Weise in unterschiedlichen Bereichen eingesetzt werden. Die Lerninhalte k\u00f6nnen in&nbsp;ILIAS&nbsp;frei gestaltet und&nbsp;<abbr title=\"zum Beispiel\">z.B.<\/abbr>&nbsp;durch multimediale und interaktive Anwendungen auch didaktisch anspruchsvoll umgesetzt werden. Ein besonderer didaktischer Mehrwert wird durch die Unterst\u00fctzung kooperativer Arbeitsformen und die Verbesserung der Kommunikation zwischen Lehrenden und Lernenden erzielt. Durch diese ergibt sich eine Erweiterung der Lernm\u00f6glichkeiten.<\/p>\n\n\n\n<p>Bei der Unterst\u00fctzung der Pr\u00e4senzlehre an einer Universit\u00e4t stehen insbesondere die Vorbereitung, Durchf\u00fchrung und Nachbereitung von Lehrveranstaltungen im Vordergrund. Von praktischen Verwaltungsfunktionen \u00fcber die Bereitstellung von Lerninhalten, die individuelle Betreuung von Lernprozessen und die Durchf\u00fchrungen von \u00dcbungen und Tests bis hin zur Evaluation und Archivierung von Lehrveranstaltungen bietet&nbsp;ILIAS&nbsp;hier ein breites Repertoire an M\u00f6glichkeiten.<\/p>\n<\/div>\n<\/div>\n<\/div>\n\n\n\n<div class=\"wp-block-column is-layout-flow wp-block-column-is-layout-flow\">\n<div class=\"wp-block-columns is-layout-flex wp-container-core-columns-is-layout-9d6595d7 wp-block-columns-is-layout-flex\">\n<div class=\"wp-block-column has-grey-background-color has-background is-layout-flow wp-block-column-is-layout-flow\">\n<div class=\"wp-block-columns is-layout-flex wp-container-core-columns-is-layout-9d6595d7 wp-block-columns-is-layout-flex\">\n<div class=\"wp-block-column is-layout-flow wp-block-column-is-layout-flow\" style=\"flex-basis:5%\"><\/div>\n\n\n\n<div class=\"wp-block-column is-layout-flow wp-block-column-is-layout-flow\" style=\"flex-basis:90%\">\n<div style=\"height:31px\" aria-hidden=\"true\" class=\"wp-block-spacer\"><\/div>\n\n\n\n<h2 class=\"wp-block-heading\">ILIAS Supportbereich<\/h2>\n\n\n\n<p>Hier finden Sie viele weitere Informationen zur Arbeit mit ILIAS.<\/p>\n\n\n\n<div style=\"height:20px\" aria-hidden=\"true\" class=\"wp-block-spacer\"><\/div>\n\n\n\n<p class=\"has-text-align-center\"><a href=\"https:\/\/ilias-public.hsu-hh.de\/go\/wiki\/wpage_39_439\" rel='nofollow'>Zum ILIAS-Supportbereich<\/a><\/p>\n\n\n\n<div style=\"height:30px\" aria-hidden=\"true\" class=\"wp-block-spacer\"><\/div>\n<\/div>\n\n\n\n<div class=\"wp-block-column is-layout-flow wp-block-column-is-layout-flow\" style=\"flex-basis:5%\"><\/div>\n<\/div>\n<\/div>\n<\/div>\n<\/div>\n<\/div>\n\n\n\n<div style=\"height:100px\" aria-hidden=\"true\" class=\"wp-block-spacer\"><\/div>\n\n\n\n<div class=\"wp-block-columns is-layout-flex wp-container-core-columns-is-layout-9d6595d7 wp-block-columns-is-layout-flex\">\n<div class=\"wp-block-column has-grey-background-color has-background is-layout-flow wp-block-column-is-layout-flow\">\n<div class=\"wp-block-columns is-layout-flex wp-container-core-columns-is-layout-9d6595d7 wp-block-columns-is-layout-flex\">\n<div class=\"wp-block-column is-layout-flow wp-block-column-is-layout-flow\" style=\"flex-basis:2%\"><\/div>\n\n\n\n<div class=\"wp-block-column is-layout-flow wp-block-column-is-layout-flow\" style=\"flex-basis:96%\">\n<div style=\"height:20px\" aria-hidden=\"true\" class=\"wp-block-spacer\"><\/div>\n\n\n\n<h2 class=\"wp-block-heading\">F\u00fcr weitere Informationen und ein pers\u00f6nliches Gespr\u00e4ch sind wir gerne f\u00fcr Sie da!<\/h2>\n\n\n\n<p>Das Team der Koordinationsstelle E-Lernen unterst\u00fctzt Sie gerne!<\/p>\n\n\n\n<div style=\"height:20px\" aria-hidden=\"true\" class=\"wp-block-spacer\"><\/div>\n\n\n\n<p class=\"has-text-align-center\"><a href=\"https:\/\/ilias-public.hsu-hh.de\/go\/wiki\/wpage_39_439#copganc_Kontakt\" rel='nofollow'>Kontakt zum ILIAS-Supportteam<\/a><\/p>\n\n\n\n<div style=\"height:31px\" aria-hidden=\"true\" class=\"wp-block-spacer\"><\/div>\n<\/div>\n<\/div>\n<\/div>\n<\/div>\n\n\n\n<div style=\"height:75px\" aria-hidden=\"true\" class=\"wp-block-spacer\"><\/div>\n\n\n\n<p>Ihre Koordinationsstelle E-Lernen im Medienzentrum der&nbsp;<abbr title=\"Helmut Schmidt Universit\u00e4t \u2044 Universit\u00e4t der Bundeswehr Hamburg\">HSU HH<\/abbr><\/p>\n","protected":false},"excerpt":{"rendered":"<p>Zur Intranet-Plattform Anmeldung nur mit g\u00fcltiger&nbsp;RZ-Kennung m\u00f6glich. Zur externen ILIAS-Plattform Anmeldung mit RZ-Kennung nicht m\u00f6glich. Die&nbsp;Koordinationsstelle E-Lernen \u2026 ist seit dem Jahr 2002 als Dienstleistungseinrichtung der Helmut-Schmidt-Universit\u00e4t \/Universit\u00e4t der Bundeswehr [&hellip;]<\/p>\n","protected":false},"author":1,"featured_media":0,"parent":0,"menu_order":0,"comment_status":"closed","ping_status":"closed","template":"","meta":{"footnotes":""},"categories":[35],"tags":[],"class_list":["post-73","page","type-page","status-publish","hentry","category-startseite"],"_links":{"self":[{"href":"https:\/\/www.hsu-hh.de\/kel\/wp-json\/wp\/v2\/pages\/73","targetHints":{"allow":["GET"]}}],"collection":[{"href":"https:\/\/www.hsu-hh.de\/kel\/wp-json\/wp\/v2\/pages"}],"about":[{"href":"https:\/\/www.hsu-hh.de\/kel\/wp-json\/wp\/v2\/types\/page"}],"author":[{"embeddable":true,"href":"https:\/\/www.hsu-hh.de\/kel\/wp-json\/wp\/v2\/users\/1"}],"replies":[{"embeddable":true,"href":"https:\/\/www.hsu-hh.de\/kel\/wp-json\/wp\/v2\/comments?post=73"}],"version-history":[{"count":32,"href":"https:\/\/www.hsu-hh.de\/kel\/wp-json\/wp\/v2\/pages\/73\/revisions"}],"predecessor-version":[{"id":184,"href":"https:\/\/www.hsu-hh.de\/kel\/wp-json\/wp\/v2\/pages\/73\/revisions\/184"}],"wp:attachment":[{"href":"https:\/\/www.hsu-hh.de\/kel\/wp-json\/wp\/v2\/media?parent=73"}],"wp:term":[{"taxonomy":"category","embeddable":true,"href":"https:\/\/www.hsu-hh.de\/kel\/wp-json\/wp\/v2\/categories?post=73"},{"taxonomy":"post_tag","embeddable":true,"href":"https:\/\/www.hsu-hh.de\/kel\/wp-json\/wp\/v2\/tags?post=73"}],"curies":[{"name":"wp","href":"https:\/\/api.w.org\/{rel}","templated":true}]}}