{"id":73,"date":"2017-07-03T15:52:08","date_gmt":"2017-07-03T13:52:08","guid":{"rendered":"https:\/\/www.hsu-hh.de\/vorlage\/?page_id=73"},"modified":"2017-11-27T10:49:31","modified_gmt":"2017-11-27T09:49:31","slug":"startseite","status":"publish","type":"page","link":"https:\/\/www.hsu-hh.de\/kdh\/","title":{"rendered":"Kompetenzzentrum f\u00fcr digital humanities"},"content":{"rendered":"<h3>\u00dcberblick<\/h3>\n<p><img loading=\"lazy\" decoding=\"async\" class=\"alignnone size-medium wp-image-157\" src=\"https:\/\/www.hsu-hh.de\/kdh\/wp-content\/uploads\/sites\/786\/2017\/07\/luftbild-e1510583934471-300x200.jpg\" alt=\"Luftbild\" width=\"300\" height=\"200\" srcset=\"https:\/\/www.hsu-hh.de\/kdh\/wp-content\/uploads\/sites\/786\/2017\/07\/luftbild-e1510583934471-300x200.jpg 300w, https:\/\/www.hsu-hh.de\/kdh\/wp-content\/uploads\/sites\/786\/2017\/07\/luftbild-e1510583934471-768x512.jpg 768w, https:\/\/www.hsu-hh.de\/kdh\/wp-content\/uploads\/sites\/786\/2017\/07\/luftbild-e1510583934471-1024x683.jpg 1024w\" sizes=\"auto, (max-width: 300px) 100vw, 300px\" \/><\/p>\n<p>Herzlich Willkommen auf den Seiten des Kompetenzzentrums f\u00fcr digital humanities. Vor dem Hintergrund des Computational Turns wurde das\u00a0Kompetenzzentrum f\u00fcr digital humanities\u00a0an der Helmut-Schmidt-Universit\u00e4t \/ Universit\u00e4t der Bundeswehr Hamburg\u00a0am 1.6.2014 gegr\u00fcndet. Es ist auf der Organisationsebene der Fakult\u00e4t f\u00fcr Wirtschafts- und Sozialwissenschaften angesiedelt und wird von Prof. <abbr title=\"Doktor\">Dr.<\/abbr> Gary S. Schaal, Lehrstuhl f\u00fcr Politikwissenschaft, ins. Politische\u00a0Theorie, geleitet. Weitere Informationen finden Sie <a href=\"https:\/\/www.hsu-hh.de\/kdh\/startseite\/ueberblick\">hier<\/a><\/p>\n<h3>Projekte<\/h3>\n<h2><a href=\"https:\/\/www.hsu-hh.de\/kdh\/startseite\/projekte\/epol\/\">ePol<\/a><\/h2>\n<p><img loading=\"lazy\" decoding=\"async\" class=\"alignnone size-medium wp-image-175\" src=\"https:\/\/www.hsu-hh.de\/kdh\/wp-content\/uploads\/sites\/786\/2017\/11\/LogoEpol3-300x49.jpg\" alt=\"epol\" width=\"300\" height=\"49\" srcset=\"https:\/\/www.hsu-hh.de\/kdh\/wp-content\/uploads\/sites\/786\/2017\/11\/LogoEpol3-300x49.jpg 300w, https:\/\/www.hsu-hh.de\/kdh\/wp-content\/uploads\/sites\/786\/2017\/11\/LogoEpol3-768x126.jpg 768w, https:\/\/www.hsu-hh.de\/kdh\/wp-content\/uploads\/sites\/786\/2017\/11\/LogoEpol3.jpg 1000w\" sizes=\"auto, (max-width: 300px) 100vw, 300px\" \/><\/p>\n<p>Postdemokratie und Neoliberalismus\u00a0&#8211;\u00a0Zur Nutzung neoliberaler Argumentationen in der bundesdeutschen Politik 1949\u20132011<\/p>\n<hr \/>\n<h2><a href=\"https:\/\/www.hsu-hh.de\/kdh\/startseite\/projekte\/kurationsprojekt-clarin-d\/\">Kurationsprojekt Clarin-D<\/a><\/h2>\n<p><img loading=\"lazy\" decoding=\"async\" class=\"alignnone size-medium wp-image-129\" src=\"https:\/\/www.hsu-hh.de\/kdh\/wp-content\/uploads\/sites\/786\/2017\/11\/Screen-Shot-2017-11-13-at-14.24.13-300x173.png\" alt=\"Clarin-D\" width=\"300\" height=\"173\" srcset=\"https:\/\/www.hsu-hh.de\/kdh\/wp-content\/uploads\/sites\/786\/2017\/11\/Screen-Shot-2017-11-13-at-14.24.13-300x173.png 300w, https:\/\/www.hsu-hh.de\/kdh\/wp-content\/uploads\/sites\/786\/2017\/11\/Screen-Shot-2017-11-13-at-14.24.13.png 532w\" sizes=\"auto, (max-width: 300px) 100vw, 300px\" \/><\/p>\n<hr \/>\n<h2><a href=\"https:\/\/www.hsu-hh.de\/kdh\/startseite\/projekte\/new-visual-hermeneutics\/\">New Visual Hermeneutics<\/a><\/h2>\n<p><img loading=\"lazy\" decoding=\"async\" class=\"alignnone size-medium wp-image-136\" src=\"https:\/\/www.hsu-hh.de\/kdh\/wp-content\/uploads\/sites\/786\/2017\/11\/New_Visual_Hermeneutics-272x300.jpg\" alt=\"New visual hermeneutics\" width=\"272\" height=\"300\" srcset=\"https:\/\/www.hsu-hh.de\/kdh\/wp-content\/uploads\/sites\/786\/2017\/11\/New_Visual_Hermeneutics-272x300.jpg 272w, https:\/\/www.hsu-hh.de\/kdh\/wp-content\/uploads\/sites\/786\/2017\/11\/New_Visual_Hermeneutics-768x846.jpg 768w, https:\/\/www.hsu-hh.de\/kdh\/wp-content\/uploads\/sites\/786\/2017\/11\/New_Visual_Hermeneutics-929x1024.jpg 929w, https:\/\/www.hsu-hh.de\/kdh\/wp-content\/uploads\/sites\/786\/2017\/11\/New_Visual_Hermeneutics.jpg 1089w\" sizes=\"auto, (max-width: 272px) 100vw, 272px\" \/><\/p>\n<h3>Workshops<\/h3>\n<p>Momentan sind keine Workshops in Planung. Veranstaltungen werden rechtzeitig auf dieser Website bekanntgegeben.Weitergehende Informationen finden Sie <a href=\"https:\/\/www.hsu-hh.de\/kdh\/startseite\/workshops\">hier<\/a>.<\/p>\n<h3>Aktuelles<\/h3>\n<p><img loading=\"lazy\" decoding=\"async\" class=\"alignnone size-medium wp-image-184\" src=\"https:\/\/www.hsu-hh.de\/kdh\/wp-content\/uploads\/sites\/786\/2017\/11\/Tiger-300x200.jpg\" alt=\"Statue auf dem HSU Campus\" width=\"300\" height=\"200\" srcset=\"https:\/\/www.hsu-hh.de\/kdh\/wp-content\/uploads\/sites\/786\/2017\/11\/Tiger-300x200.jpg 300w, https:\/\/www.hsu-hh.de\/kdh\/wp-content\/uploads\/sites\/786\/2017\/11\/Tiger-768x511.jpg 768w, https:\/\/www.hsu-hh.de\/kdh\/wp-content\/uploads\/sites\/786\/2017\/11\/Tiger-1024x682.jpg 1024w\" sizes=\"auto, (max-width: 300px) 100vw, 300px\" \/><\/p>\n<h3>Clarin-D Fach-AG 7 Sozialwissenschaften<\/h3>\n<p>Clarin ist eine europ\u00e4ische Forschungsinfrastruktur f\u00fcr die digital humanities.\u00a0Clarin-D(eutschland)\u00a0ist Teil dieser europ\u00e4ischen Infrastruktur. Die inhaltliche Arbeit wird innerhalb von Fach-Arbeitsgemeinschaften (F-AGs) geleistet. Mehr Informationen finden Sie <a href=\"https:\/\/www.hsu-hh.de\/kdh\/startseite\/clarin-d-fach-ag-7-sozialwissenschaften\/\">hier<\/a>.<\/p>\n<h3>Kooperationsprojekte<\/h3>\n<p>Am Kompetenzzentrum f\u00fcr digital humanities sind mehrere Forschungskooperationen angesiedelt. Weitergehende Informationen finden Sie <a href=\"https:\/\/www.hsu-hh.de\/kdh\/startseite\/kooperationsprojekte\/\">hier<\/a>.<\/p>\n<h3>Projekte und Kooperationspartner<\/h3>\n<p>Eine Liste mit Links zu den Projekten und Kooperationspartnern des Kompetenzzentrums f\u00fcr digital humanities finden Sie <a href=\"https:\/\/www.hsu-hh.de\/kdh\/startseite\/links-zu-projekten-und-kooperationspartnern\/\">hier<\/a>.<\/p>\n<h3>Kontakt<\/h3>\n<h2><a href=\"https:\/\/www.hsu-hh.de\/kdh\/startseite\/kontakt\/prof-dr-gary-s-schaal\/\">Prof. <abbr title=\"Doktor\">Dr.<\/abbr> Gary S. Schaal (Leitung)<\/a><\/h2>\n<p>Wissenschaftliche Leitung des Kompetenzzentrums f\u00fcr digital humanities (Kdh) an der Helmut-Schmidt-Universit\u00e4t \/ Universit\u00e4t der Bundeswehr Hamburg.<\/p>\n<hr \/>\n<h2><a href=\"https:\/\/www.hsu-hh.de\/kdh\/startseite\/kontakt\/susanne-kirst\/\">Susanne Kirst (Sekretariat)<\/a><\/h2>\n<hr \/>\n","protected":false},"excerpt":{"rendered":"<p>\u00dcberblick Herzlich Willkommen auf den Seiten des Kompetenzzentrums f\u00fcr digital humanities. Vor dem Hintergrund des Computational Turns wurde das\u00a0Kompetenzzentrum f\u00fcr digital humanities\u00a0an der Helmut-Schmidt-Universit\u00e4t \/ Universit\u00e4t der Bundeswehr Hamburg\u00a0am 1.6.2014 [&hellip;]<\/p>\n","protected":false},"author":1,"featured_media":0,"parent":0,"menu_order":0,"comment_status":"closed","ping_status":"closed","template":"","meta":{"footnotes":""},"categories":[35],"tags":[],"class_list":["post-73","page","type-page","status-publish","hentry","category-startseite"],"_links":{"self":[{"href":"https:\/\/www.hsu-hh.de\/kdh\/wp-json\/wp\/v2\/pages\/73","targetHints":{"allow":["GET"]}}],"collection":[{"href":"https:\/\/www.hsu-hh.de\/kdh\/wp-json\/wp\/v2\/pages"}],"about":[{"href":"https:\/\/www.hsu-hh.de\/kdh\/wp-json\/wp\/v2\/types\/page"}],"author":[{"embeddable":true,"href":"https:\/\/www.hsu-hh.de\/kdh\/wp-json\/wp\/v2\/users\/1"}],"replies":[{"embeddable":true,"href":"https:\/\/www.hsu-hh.de\/kdh\/wp-json\/wp\/v2\/comments?post=73"}],"version-history":[{"count":23,"href":"https:\/\/www.hsu-hh.de\/kdh\/wp-json\/wp\/v2\/pages\/73\/revisions"}],"predecessor-version":[{"id":187,"href":"https:\/\/www.hsu-hh.de\/kdh\/wp-json\/wp\/v2\/pages\/73\/revisions\/187"}],"wp:attachment":[{"href":"https:\/\/www.hsu-hh.de\/kdh\/wp-json\/wp\/v2\/media?parent=73"}],"wp:term":[{"taxonomy":"category","embeddable":true,"href":"https:\/\/www.hsu-hh.de\/kdh\/wp-json\/wp\/v2\/categories?post=73"},{"taxonomy":"post_tag","embeddable":true,"href":"https:\/\/www.hsu-hh.de\/kdh\/wp-json\/wp\/v2\/tags?post=73"}],"curies":[{"name":"wp","href":"https:\/\/api.w.org\/{rel}","templated":true}]}}