{"id":135,"date":"2017-11-13T14:39:25","date_gmt":"2017-11-13T13:39:25","guid":{"rendered":"https:\/\/www.hsu-hh.de\/kdh\/?page_id=135"},"modified":"2017-11-13T14:39:34","modified_gmt":"2017-11-13T13:39:34","slug":"new-visual-hermeneutics","status":"publish","type":"page","link":"https:\/\/www.hsu-hh.de\/kdh\/startseite\/projekte\/new-visual-hermeneutics","title":{"rendered":"New Visual Hermeneutics"},"content":{"rendered":"<p>Obwohl die Zahl der WissenschaftlerInnen, die im Feld der Digital Humanities arbeiten, in den letzten Jahren sehr deutlich gestiegen ist, existieren dennoch zwei wichtige Forschungsdesiderate:<\/p>\n<p>Es hat sich forschungspragmatisch noch keine umfassende Best Practice ausgebildet.<br \/>\nEs fehlt eine einheitliche, grundlagentheoretische Fundierung des gesamten Forschungsprozesses in den Digital Humanities.<br \/>\nAm Kompetenzzentrum DH arbeiten wir an einem Ansatz, der beide Forschungsl\u00fccken schlie\u00dfen soll: der New Visual Hermeneutics. Er greift auf bekannte, aber h\u00e4ufig parzellierte Ans\u00e4tze im Feld der Digital Humanities und der Computational Social Science zur\u00fcck und verbindet sie zu einem koh\u00e4renten holistischen Forschungsprogramm, das auch die Ausgestaltung der Forschungsinfrastruktur an epistemologische \u00dcberlegungen zur\u00fcckbindet. Der Ansatz der New Visual Hermeneutics greift daf\u00fcr grundlegende epistemologische Einsichten der Technikphilosophie von Don Ihde auf. F\u00fcr die New Visual Hermeneutics ist insbesondere sein empirischer Ansatz einer (experimentellen) Ph\u00e4nomenologie und visuellen Hermeneutik als eine Erkenntnistheorie, die er als &#8222;Postphenomenology&#8220; bezeichnet, von Bedeutung. Denn mit Ihde k\u00f6nnen die unterschiedlichen Schritte im Arbeitsprozess der Digital Humanities erkenntnistheoretisch als unterschiedliche Betonungen von Ph\u00e4nomenologie und Hermeneutik verstanden werden.<\/p>\n<p>Die New Visual Hermeneutics ist somit ein methodischer Ansatz f\u00fcr die Generierung von Wissen mittels Analysen gro\u00dfer, unstrukturierter Textdaten mit Hilfe von Information Visualization. Dieser Fokus ist zentral, da in den Digital Humanities die Position vertreten wird, dass aufgrund der Gr\u00f6\u00dfe der analysierten Daten das Verstehen der Daten und damit Wissensgenerierung nur noch durch ihre Visualisierung m\u00f6glich ist. Visualisierungen bauen aber konstitutiv auf vorg\u00e4ngige Arbeit auf und ihre Aussagekraft wird durch die algorithmischen Analysen von Daten bestimmt. Deshalb liegt der Fokus der New Visual Hermeneutics auf einer integrativen Betrachtung des gesamten Prozesses der Forschung, der zu einer Visualisierung f\u00fchrt.<\/p>\n<p>Eine dynamischere und differenziertere Perspektive auf die Forschungspipeline, so wie sie im Rahmen der New Visual Hermeneutics konzipiert wird, stellt die folgende Abbildung dar, die auf die Verschr\u00e4nkung von Ph\u00e4nomenologie und Hermeneutik verweist und Interaktionen und iterative R\u00fcckkoppelungen inkludiert.<\/p>\n<p><img loading=\"lazy\" decoding=\"async\" class=\"alignnone wp-image-136\" src=\"https:\/\/www.hsu-hh.de\/kdh\/wp-content\/uploads\/sites\/786\/2017\/11\/New_Visual_Hermeneutics-272x300.jpg\" alt=\"New visual hermeneutics\" width=\"392\" height=\"432\" srcset=\"https:\/\/www.hsu-hh.de\/kdh\/wp-content\/uploads\/sites\/786\/2017\/11\/New_Visual_Hermeneutics-272x300.jpg 272w, https:\/\/www.hsu-hh.de\/kdh\/wp-content\/uploads\/sites\/786\/2017\/11\/New_Visual_Hermeneutics-768x846.jpg 768w, https:\/\/www.hsu-hh.de\/kdh\/wp-content\/uploads\/sites\/786\/2017\/11\/New_Visual_Hermeneutics-929x1024.jpg 929w, https:\/\/www.hsu-hh.de\/kdh\/wp-content\/uploads\/sites\/786\/2017\/11\/New_Visual_Hermeneutics.jpg 1089w\" sizes=\"auto, (max-width: 392px) 100vw, 392px\" \/><\/p>\n<p>Durch die Darstellung der New Visual Hermeneutics wird auch deutlich, dass die Visualisierung und anschlie\u00dfende Interpretation wieder neue Fragestellungen aufwirft und den \u201aKreislauf\u2018 neu initiieren kann, <abbr title=\"das hei\u00dft\">d.h.<\/abbr> eine sich st\u00e4ndig wiederholende Dekonstruktion (Analyse) der Daten von der algorithmenbasierten Analyse und einer Rekonstruktion (Synthese) je nach Fragestellung und Ziel in der Visualisierung der Daten stattfindet.<\/p>\n<p>Zusammen mit unserem Projektpartner aus dem Feld der Automatischen Sprachverarbeitung, Prof. <abbr title=\"Doktor\">Dr.<\/abbr> Gerhard Heyer von der Universit\u00e4t Leipzig, arbeiten wir daran, den theoretischen Ansatz in eine Forschungsinfrastruktur zu \u00fcberf\u00fchren. Die New Visual Hermeneutics als Forschungsinfrastruktur liefert die technischen Tools, die in ihrer Interaktivit\u00e4t mit dem User und ihrer technischen Ausgestaltung der oben skizzierten Iterationen, Rekursivit\u00e4ten und Interdependenzen zwischen den einzelnen Phasen der Forschungspipeline ber\u00fccksichtigen<\/p>\n","protected":false},"excerpt":{"rendered":"<p>Obwohl die Zahl der WissenschaftlerInnen, die im Feld der Digital Humanities arbeiten, in den letzten Jahren sehr deutlich gestiegen ist, existieren dennoch zwei wichtige Forschungsdesiderate: Es hat sich forschungspragmatisch noch [&hellip;]<\/p>\n","protected":false},"author":181,"featured_media":0,"parent":110,"menu_order":0,"comment_status":"closed","ping_status":"closed","template":"","meta":{"footnotes":""},"categories":[4],"tags":[],"class_list":["post-135","page","type-page","status-publish","hentry","category-forschung"],"_links":{"self":[{"href":"https:\/\/www.hsu-hh.de\/kdh\/wp-json\/wp\/v2\/pages\/135","targetHints":{"allow":["GET"]}}],"collection":[{"href":"https:\/\/www.hsu-hh.de\/kdh\/wp-json\/wp\/v2\/pages"}],"about":[{"href":"https:\/\/www.hsu-hh.de\/kdh\/wp-json\/wp\/v2\/types\/page"}],"author":[{"embeddable":true,"href":"https:\/\/www.hsu-hh.de\/kdh\/wp-json\/wp\/v2\/users\/181"}],"replies":[{"embeddable":true,"href":"https:\/\/www.hsu-hh.de\/kdh\/wp-json\/wp\/v2\/comments?post=135"}],"version-history":[{"count":2,"href":"https:\/\/www.hsu-hh.de\/kdh\/wp-json\/wp\/v2\/pages\/135\/revisions"}],"predecessor-version":[{"id":138,"href":"https:\/\/www.hsu-hh.de\/kdh\/wp-json\/wp\/v2\/pages\/135\/revisions\/138"}],"up":[{"embeddable":true,"href":"https:\/\/www.hsu-hh.de\/kdh\/wp-json\/wp\/v2\/pages\/110"}],"wp:attachment":[{"href":"https:\/\/www.hsu-hh.de\/kdh\/wp-json\/wp\/v2\/media?parent=135"}],"wp:term":[{"taxonomy":"category","embeddable":true,"href":"https:\/\/www.hsu-hh.de\/kdh\/wp-json\/wp\/v2\/categories?post=135"},{"taxonomy":"post_tag","embeddable":true,"href":"https:\/\/www.hsu-hh.de\/kdh\/wp-json\/wp\/v2\/tags?post=135"}],"curies":[{"name":"wp","href":"https:\/\/api.w.org\/{rel}","templated":true}]}}