{"id":133,"date":"2017-11-13T14:36:55","date_gmt":"2017-11-13T13:36:55","guid":{"rendered":"https:\/\/www.hsu-hh.de\/kdh\/?page_id=133"},"modified":"2017-11-13T14:36:55","modified_gmt":"2017-11-13T13:36:55","slug":"kurationsprojekt-clarin-d","status":"publish","type":"page","link":"https:\/\/www.hsu-hh.de\/kdh\/startseite\/projekte\/kurationsprojekt-clarin-d","title":{"rendered":"Kurationsprojekt Clarin-D"},"content":{"rendered":"<h2>Plenarprotokolle als \u00f6ffentliche Sprachressource der Demokratie: Klassifikation von Plenardebatten im PolMine-Plenarprotokollkorpus<\/h2>\n<p>Kurationsprojekt der<a href=\"https:\/\/www.clarin-d.net\/de\/facharbeitsgruppen\/inhaltsanalytische-methoden-in-den-sozialwissenschaften\" rel='nofollow'> F-AG 7<\/a> , <a href=\"https:\/\/www.uni-due.de\/politik\/blaette.php\" rel='nofollow'>Prof. <abbr title=\"Doktor\">Dr.<\/abbr> Andreas Bl\u00e4tte<\/a> \/ <a href=\"https:\/\/www.hsu-hh.de\/politiktheorie\/prof-dr-gary-s-schaal\/\">Prof. <abbr title=\"Doktor\">Dr.<\/abbr> Gary S. Schaal<\/a><\/p>\n<p>Im deutschsprachigen Raum fehlen frei verf\u00fcgbare, annotierte Korpora politischer Texte. Dadurch wird die Entwicklung der Digital Humanities-Forschung insgesamt gehemmt, es ergeben sich auch Barrieren f\u00fcr Nachwuchswissenschaftler, in den Bereich der eHumanities einzusteigen. Eine m\u00f6gliche L\u00f6sung bieten Plenarprotokolle als \u00f6ffentliches Archiv des politischen Zeitgeschehens einer Demokratie.<\/p>\n<p>Plenarprotokolle des Bundestags, der Landtage oder auch des Europaparlaments dokumentieren \u00fcber gro\u00dfe Zeitr\u00e4ume das gesamte Spektrum politischer Aktivit\u00e4t. Dies ist zugleich, ohne eine thematische Klassifikation von Debatten, ein Nachteil: Plenarprotokolle decken, wenn nicht Subkorpora nach inhaltlichen Kriterien gebildet werden k\u00f6nnen, das politische Geschehen f\u00fcr viele Auswertungszwecke zu breit und zu undifferenziert ab. F\u00fcr eine Vielzahl politikwissenschaftlicher Fragestellungen ist es relevant, dass themen- <abbr title=\"beziehungsweise\">bzw.<\/abbr> politikfeldspezifische Subkorpora gebildet werden k\u00f6nnen. Daf\u00fcr ist eine Annotation von Debatten und deren Klassifikation erforderlich.<\/p>\n<p>Im Mittelpunkt des vorgeschlagenen Projekts steht die Klassifikation von Plenardebatten des Deutschen Bundestags. Auf der Basis eines bereits mit einer Grundannotation als XML aufbereiteten Korpus von Plenarprotokollen (PolMine-Plenarprotokollkorpus, <abbr title=\"vergleiche\">vgl.<\/abbr> http:\/\/polmine.sowi.uni-due.de) wird ein Sample von Plenardebatten (<abbr title=\"das hei\u00dft\">d.h.<\/abbr> die protokollierten Aussprachen zu einem qua Tagesordnung definierten Debattengegenstand im Parlament) nach einer politikwissenschaftlich einschl\u00e4gigen Taxonomie manuell klassifiziert. Geplant ist die Nutzung des einschl\u00e4gigen Codierschemas des Comparative Agendas Project (www.comparativeagendas.info). Mit Hilfe dieser Testdaten kann eine vollst\u00e4ndige Klassifikation von Plenardebatten vorgenommen werden. Das PolMine-Korpus ist bereits in das Deutsche Referenzkorpus (DeReKo) aufgenommen worden und steht \u00fcber das Institut f\u00fcr Deutsche Sprache (IDS) zur Verf\u00fcgung. Es wird im Zuge des Projekts vom IMS Stuttgart als Ressource f\u00fcr einen sozial- <abbr title=\"beziehungsweise\">bzw.<\/abbr> politikwissenschaftlichen Nutzerkreis gehostet.<\/p>\n","protected":false},"excerpt":{"rendered":"<p>Plenarprotokolle als \u00f6ffentliche Sprachressource der Demokratie: Klassifikation von Plenardebatten im PolMine-Plenarprotokollkorpus Kurationsprojekt der F-AG 7 , Prof. Dr. Andreas Bl\u00e4tte \/ Prof. Dr. Gary S. Schaal Im deutschsprachigen Raum fehlen [&hellip;]<\/p>\n","protected":false},"author":181,"featured_media":0,"parent":110,"menu_order":0,"comment_status":"closed","ping_status":"closed","template":"","meta":{"footnotes":""},"categories":[4],"tags":[],"class_list":["post-133","page","type-page","status-publish","hentry","category-forschung"],"_links":{"self":[{"href":"https:\/\/www.hsu-hh.de\/kdh\/wp-json\/wp\/v2\/pages\/133","targetHints":{"allow":["GET"]}}],"collection":[{"href":"https:\/\/www.hsu-hh.de\/kdh\/wp-json\/wp\/v2\/pages"}],"about":[{"href":"https:\/\/www.hsu-hh.de\/kdh\/wp-json\/wp\/v2\/types\/page"}],"author":[{"embeddable":true,"href":"https:\/\/www.hsu-hh.de\/kdh\/wp-json\/wp\/v2\/users\/181"}],"replies":[{"embeddable":true,"href":"https:\/\/www.hsu-hh.de\/kdh\/wp-json\/wp\/v2\/comments?post=133"}],"version-history":[{"count":1,"href":"https:\/\/www.hsu-hh.de\/kdh\/wp-json\/wp\/v2\/pages\/133\/revisions"}],"predecessor-version":[{"id":134,"href":"https:\/\/www.hsu-hh.de\/kdh\/wp-json\/wp\/v2\/pages\/133\/revisions\/134"}],"up":[{"embeddable":true,"href":"https:\/\/www.hsu-hh.de\/kdh\/wp-json\/wp\/v2\/pages\/110"}],"wp:attachment":[{"href":"https:\/\/www.hsu-hh.de\/kdh\/wp-json\/wp\/v2\/media?parent=133"}],"wp:term":[{"taxonomy":"category","embeddable":true,"href":"https:\/\/www.hsu-hh.de\/kdh\/wp-json\/wp\/v2\/categories?post=133"},{"taxonomy":"post_tag","embeddable":true,"href":"https:\/\/www.hsu-hh.de\/kdh\/wp-json\/wp\/v2\/tags?post=133"}],"curies":[{"name":"wp","href":"https:\/\/api.w.org\/{rel}","templated":true}]}}