{"id":105,"date":"2017-11-13T13:16:21","date_gmt":"2017-11-13T12:16:21","guid":{"rendered":"https:\/\/www.hsu-hh.de\/kdh\/?page_id=105"},"modified":"2017-11-27T10:58:31","modified_gmt":"2017-11-27T09:58:31","slug":"ueberblick","status":"publish","type":"page","link":"https:\/\/www.hsu-hh.de\/kdh\/startseite\/ueberblick","title":{"rendered":"\u00dcberblick"},"content":{"rendered":"<h2>Der Computational Turn<\/h2>\n<p>Die immensen Fortschritte in der automatischen Datenverarbeitung und die Tatsache, dass immer mehr Daten digital vorliegen, begr\u00fcnden die Erwartung, dass die digital humanities (dh) in den Geistes- wie in den Sozialwissenschaften zunehmend an Relevanz gewinnen werden.<\/p>\n<h3>Ihr volles Erkenntnispotential werden die dh jedoch erst dann entfalten k\u00f6nnen, wenn drei Bedingungen erf\u00fcllt sind:<\/h3>\n<ul>\n<li>Erstens ben\u00f6tigen die dh eine epistemische, (wissenschafts-)theoretische und methodische Grundlagenreflexion, die \u00fcber den aktuellen Stand der Diskussion weit hinaus geht.<\/li>\n<li>Zweitens ben\u00f6tigen sie f\u00fcr ihre zielgerichtete Entwicklung und kumulativen Erkenntnisgewinn eine best practice, die den Forschungsprozess strukturierend anleiten kann.<\/li>\n<li>Drittens sind die dh\u00a0konstitutiv auf inter- und transdisziplin\u00e4re Arbeit orientiert, die zunehmend internationaler aufgestellt ist.<\/li>\n<\/ul>\n<p>&nbsp;<\/p>\n<p>Die drei Bedingungen stehen in konstitutiver Verbindung: Erst die Explikation der Grundlagen entlang des konkreten Forschungsprozesses, der methodisch und epistemisch multidisziplin\u00e4r refektiert wurd, kann zur Ausbildung einer gehaltvollen best practice f\u00fchren.<\/p>\n<p>&nbsp;<\/p>\n<h2>Das Kompetenzzentrum f\u00fcr digital humanities<\/h2>\n<p>Vor diesem Hintergrund wurde am 1.6.2014 das\u00a0Kompetenzzentrum f\u00fcr digital humanities\u00a0an der Helmut-Schmidt-Universit\u00e4t \/ Universit\u00e4t der Bundeswehr Hamburg gegr\u00fcndet. Es ist auf der Organisationsebene der Fakult\u00e4t f\u00fcr Wirtschafts- und Sozialwissenschaften angesiedelt und wird von <a href=\"https:\/\/www.hsu-hh.de\/politiktheorie\/prof-dr-gary-s-schaal\/\">Prof. <abbr title=\"Doktor\">Dr.<\/abbr> Gary S. Schaal<\/a>, Lehrstuhl f\u00fcr Politikwissenschaft, ins. Politische\u00a0Theorie, geleitet.<\/p>\n<h3>Das Kompetenzzentrum f\u00fcr digital humanities\u00a0verfolgt mehrere Ziele:<\/h3>\n<p>Organisatorisch\u00a0b\u00fcndelt es Projekte und Initiativen, die an der Helmut-Schmidt-Universit\u00e4t in den\u00a0digital humanities\u00a0angesiedelt sind.<\/p>\n<p>Inhaltlich\u00a0verfolgt das Zentrum die Entwicklung eines genuinen und integrierten Forschungsansatzes f\u00fcr die digitial humanities unter dem\u00a0Label\u00a0Neue Visuelle Hermeneutik.<\/p>\n<p>Didaktisch\u00a0will das Zentrum die Methoden der digital humanities, insbesondere\u00a0text mining\u00a0und blended reading im regul\u00e4ren Curriculum verankern.<\/p>\n<p>Hierf\u00fcr kooperiert das Kompetenzzentrum mit externen Kooperationspartnern, <abbr title=\"unter anderem\">u.a.<\/abbr> der Abteilung f\u00fcr automatische Sprachverarbeitung der Universit\u00e4t Leipzig, dem GESIS, dem Wissenschaftstrum Berlin (WZB), der Universit\u00e4t Stuttgart und der Universit\u00e4t Duisburg.<\/p>\n","protected":false},"excerpt":{"rendered":"<p>Der Computational Turn Die immensen Fortschritte in der automatischen Datenverarbeitung und die Tatsache, dass immer mehr Daten digital vorliegen, begr\u00fcnden die Erwartung, dass die digital humanities (dh) in den Geistes- [&hellip;]<\/p>\n","protected":false},"author":181,"featured_media":0,"parent":73,"menu_order":0,"comment_status":"closed","ping_status":"closed","template":"","meta":{"footnotes":""},"categories":[35],"tags":[],"class_list":["post-105","page","type-page","status-publish","hentry","category-startseite"],"_links":{"self":[{"href":"https:\/\/www.hsu-hh.de\/kdh\/wp-json\/wp\/v2\/pages\/105","targetHints":{"allow":["GET"]}}],"collection":[{"href":"https:\/\/www.hsu-hh.de\/kdh\/wp-json\/wp\/v2\/pages"}],"about":[{"href":"https:\/\/www.hsu-hh.de\/kdh\/wp-json\/wp\/v2\/types\/page"}],"author":[{"embeddable":true,"href":"https:\/\/www.hsu-hh.de\/kdh\/wp-json\/wp\/v2\/users\/181"}],"replies":[{"embeddable":true,"href":"https:\/\/www.hsu-hh.de\/kdh\/wp-json\/wp\/v2\/comments?post=105"}],"version-history":[{"count":5,"href":"https:\/\/www.hsu-hh.de\/kdh\/wp-json\/wp\/v2\/pages\/105\/revisions"}],"predecessor-version":[{"id":193,"href":"https:\/\/www.hsu-hh.de\/kdh\/wp-json\/wp\/v2\/pages\/105\/revisions\/193"}],"up":[{"embeddable":true,"href":"https:\/\/www.hsu-hh.de\/kdh\/wp-json\/wp\/v2\/pages\/73"}],"wp:attachment":[{"href":"https:\/\/www.hsu-hh.de\/kdh\/wp-json\/wp\/v2\/media?parent=105"}],"wp:term":[{"taxonomy":"category","embeddable":true,"href":"https:\/\/www.hsu-hh.de\/kdh\/wp-json\/wp\/v2\/categories?post=105"},{"taxonomy":"post_tag","embeddable":true,"href":"https:\/\/www.hsu-hh.de\/kdh\/wp-json\/wp\/v2\/tags?post=105"}],"curies":[{"name":"wp","href":"https:\/\/api.w.org\/{rel}","templated":true}]}}