{"id":864,"date":"2026-03-11T14:34:38","date_gmt":"2026-03-11T13:34:38","guid":{"rendered":"https:\/\/www.hsu-hh.de\/kath\/?page_id=864"},"modified":"2026-03-11T14:34:39","modified_gmt":"2026-03-11T13:34:39","slug":"programm-fruehjahrstrimester-2026","status":"publish","type":"page","link":"https:\/\/www.hsu-hh.de\/kath\/programm-fruehjahrstrimester-2026","title":{"rendered":"Programm Fr\u00fchjahrstrimester 2026"},"content":{"rendered":"\n<p>April &#8211; Juni 2026<\/p>\n\n\n\n<hr class=\"wp-block-separator has-alpha-channel-opacity\" \/>\n\n\n\n<p>(Stand 11. M\u00e4rz 2026)<\/p>\n\n\n\n<hr class=\"wp-block-separator has-alpha-channel-opacity\" \/>\n\n\n\n<p><strong>April 2026<\/strong><\/p>\n\n\n\n<hr class=\"wp-block-separator has-alpha-channel-opacity\" \/>\n\n\n\n<p><em>(Gr\u00fcn-)Donnerstag, 2. April 2026, 10 Uhr&nbsp;&nbsp;&nbsp;&nbsp;&nbsp;&nbsp;&nbsp;&nbsp;&nbsp;<\/em>&nbsp;&nbsp;<br><strong>Hl. Messe &amp; Brunch&nbsp;&nbsp;&nbsp;&nbsp;&nbsp;&nbsp;&nbsp;&nbsp;<\/strong><br>Am Gr\u00fcndonnerstag gedenken wir des letzten Abendmahls Jesu mit seinen J\u00fcngern. Der Name Gr\u00fcndonnerstag geht auf das mittelhochdeutsche Wort \u201egreinen\u201c (wehklagen) zur\u00fcck. Nach dem letzten Mahl wird Jesus von Judas verraten und sp\u00e4ter gekreuzigt. Zuvor bat er seine J\u00fcnger, zum Ged\u00e4chtnis an seinen Tod k\u00fcnftig gemeinsam das Abendmahl zu feiern.<\/p>\n\n\n\n<hr class=\"wp-block-separator has-alpha-channel-opacity\" \/>\n\n\n\n<p><em>Dienstag, 7. April 2026, 19.15 Uhr&nbsp;&nbsp;&nbsp;&nbsp;&nbsp;&nbsp;<\/em><br><strong>Hl. Messe &amp; Osterfeuer&nbsp;<\/strong><br>Nach der Hl. Messe (19.15 Uhr) entz\u00fcnden wir im Garten der KHG ein Osterfeuer. Dazu machen wir Stockbrot.<\/p>\n\n\n\n<hr class=\"wp-block-separator has-alpha-channel-opacity\" \/>\n\n\n\n<p><em>Mittwoch, 8. April 2026, ab 7.30 Uhr&nbsp;<\/em><br><strong>Run, Pray, Eat \u2013 unser gemeinsamer Start in den Morgen<\/strong><\/p>\n\n\n\n<hr class=\"wp-block-separator has-alpha-channel-opacity\" \/>\n\n\n\n<p><em>Montag, 13. April 2026, 9 Uhr&nbsp;&nbsp;<\/em><br><strong>Krabbelgruppe<\/strong><\/p>\n\n\n\n<hr class=\"wp-block-separator has-alpha-channel-opacity\" \/>\n\n\n\n<p><em>Dienstag, 14. April 2026, 19.15 Uhr<\/em><br><strong>Hl. Messe &amp; Gemeindeabend<\/strong><\/p>\n\n\n\n<hr class=\"wp-block-separator has-alpha-channel-opacity\" \/>\n\n\n\n<p><em>Montag, 20. April 2026, 9 Uhr<\/em><br><strong>Krabbelgruppe<\/strong><\/p>\n\n\n\n<hr class=\"wp-block-separator has-alpha-channel-opacity\" \/>\n\n\n\n<p><em>Dienstag, 21. April 2026, 19.15 Uhr&nbsp;&nbsp;&nbsp;&nbsp;<\/em><br><strong>Hl. Messe &amp; Spieleabend\/Skatturnier&nbsp;&nbsp;&nbsp;&nbsp;&nbsp;&nbsp;&nbsp;&nbsp;&nbsp;&nbsp;<\/strong>&nbsp;<br>Ob Detektivarbeit bei \u201eCluedo\u201c, Weltenbau mit den \u201eSiedlern\u201c oder Wortgefechte bei \u201eStadt-Land-Fluss\u201c \u2013 an diesem Abend wird gezockt! Parallel l\u00e4uft ein Skatturnier f\u00fcr alle, die gern mit Herz, Karo, Pik und Kreuz punkten. Egal ob Spieleprofi oder Gelegenheitsspieler \u2013 komm vorbei, lernt Leute kennen und hab einfach Spa\u00df.<\/p>\n\n\n\n<hr class=\"wp-block-separator has-alpha-channel-opacity\" \/>\n\n\n\n<p><em>Montag, 27. April 2026, 9 Uhr<\/em><br><strong>Krabbelgruppe<\/strong><\/p>\n\n\n\n<hr class=\"wp-block-separator has-alpha-channel-opacity\" \/>\n\n\n\n<p><em>Dienstag, 28. April 2026, 19.15 Uhr&nbsp;&nbsp;&nbsp;&nbsp;<\/em><br><strong>Hl. Messe &amp; Gemeindeabend\/Werwolf-Spiel&nbsp;&nbsp;<\/strong><br>Hl. Messe und Abendesse \u2013 danach wird\u2018s geheimnisvoll: Beim Werwolf-Spiel schl\u00fcpfst Du in eine Rolle, bluffst, r\u00e4tselst und versuchst, das Dorf zu retten. Sei dabei und entdecke, wie gut Du l\u00fcgen kannst.<\/p>\n\n\n\n<hr class=\"wp-block-separator has-alpha-channel-opacity\" \/>\n\n\n\n<p><strong>Mai 2026<\/strong><\/p>\n\n\n\n<hr class=\"wp-block-separator has-alpha-channel-opacity\" \/>\n\n\n\n<p><em>Montag, 4. Mai 2026, 9 Uhr<\/em><br><strong>Krabbelgruppe<\/strong><\/p>\n\n\n\n<hr class=\"wp-block-separator has-alpha-channel-opacity\" \/>\n\n\n\n<p><em>Dienstag, 5. Mai 2026, 19.15 Uhr<\/em><br><strong>Hl. Messe &amp; Gemeindeabend<\/strong><\/p>\n\n\n\n<hr class=\"wp-block-separator has-alpha-channel-opacity\" \/>\n\n\n\n<p><em>Mittwoch, 6. Mai 2026, ab 7.30 Uhr&nbsp;&nbsp;&nbsp;<\/em><br><strong>Run, Pray, Eat \u2013 unser gemeinsamer Start in den Morgen<\/strong><\/p>\n\n\n\n<hr class=\"wp-block-separator has-alpha-channel-opacity\" \/>\n\n\n\n<p><em>Montag, 11. Mai 2026, 9 Uhr<\/em><br><strong>Krabbelgruppe<\/strong><\/p>\n\n\n\n<hr class=\"wp-block-separator has-alpha-channel-opacity\" \/>\n\n\n\n<p><em>Dienstag, 12. Mai 2026, 8 Uhr<\/em><br><strong>\u00d6kumenische Kurzandacht (DB\/H4\/007)<\/strong><\/p>\n\n\n\n<hr class=\"wp-block-separator has-alpha-channel-opacity\" \/>\n\n\n\n<p><em>Dienstag, 12. Mai 2026, 19.15 Uhr&nbsp;&nbsp;&nbsp;&nbsp;&nbsp;<\/em><br><strong>Hl. Messe &amp; Weinprobe&nbsp;<\/strong><br>Nach der Hl. Messe und dem Abendessen laden wir zu einem besonderen Themenabend mit Weinprobe ein. Entdecke verschiedene Weine, erfahre spannendes \u00fcber ihre Herkunft und genie\u00dfe einen geselligen Abend in guter Gemeinschaft.<\/p>\n\n\n\n<hr class=\"wp-block-separator has-alpha-channel-opacity\" \/>\n\n\n\n<p><em>Montag, 18. Mai 2026, 9 Uhr<\/em><br><strong>Krabbelgruppe<\/strong><\/p>\n\n\n\n<hr class=\"wp-block-separator has-alpha-channel-opacity\" \/>\n\n\n\n<p><em>Montag, 18. Mai 2026, 19 Uhr&nbsp;<\/em><br><strong>Abendessen &amp; Planungstreff&nbsp;<\/strong>&nbsp;&nbsp;<br>Wir beginnen mit einem gemeinsamen Abendessen. Beim anschlie\u00dfenden Planungstreffen beraten und beschlie\u00dfen wir die Veranstaltungen und Aktivit\u00e4ten des kommenden Trimesters. Ideen und Anregungen k\u00f6nnen wir immer gebrauchen!<\/p>\n\n\n\n<hr class=\"wp-block-separator has-alpha-channel-opacity\" \/>\n\n\n\n<p><em>Dienstag, 19. Mai 2026, 19.15 Uhr<\/em><br><strong>Hl. Messe (Reisesegen) &amp; Angrillen<\/strong><br>Hl. Messe, Angrillen und am n\u00e4chsten Tag Aufbruch nach Lourdes. Allen Lourdes-Pilgern (20.-26. Mai) w\u00fcnschen wir eine gute Wallfahrt und bitten um Gottes Segen.<\/p>\n\n\n\n<hr class=\"wp-block-separator has-alpha-channel-opacity\" \/>\n\n\n\n<p><em>Mittwoch, 20. Mai 2026, bis Dienstag, 26. Mai 2026<\/em><br><strong>66. Internationale Soldatenwallfahrt Lourdes<\/strong><\/p>\n\n\n\n<hr class=\"wp-block-separator has-alpha-channel-opacity\" \/>\n\n\n\n<p><em>Dienstag, 26. Mai 2026, 19.15 Uhr&nbsp;&nbsp;&nbsp;&nbsp;&nbsp;<\/em><br><strong>Hl. Messe (zu Pfingsten) &amp; Gemeindeabend&nbsp;&nbsp;<\/strong><br>Pfingsten gilt als der \u201eGeburtstag der Kirche\u201c: Die J\u00fcngerinnen und J\u00fcnger Jesu wurden vom Heiligen Geist erf\u00fcllt und fanden den Mut, die Botschaft Jesu i die Welt hinauszutragen. Der Heilige Geist steht f\u00fcr Gottes N\u00e4he, Kraft und Beistand im Leben der Menschen. Pfingsten l\u00e4dt dazu ein, sich neu von diesem Geist der Hoffnung und Gemeinschaft bewegen zu lassen.<\/p>\n\n\n\n<hr class=\"wp-block-separator has-alpha-channel-opacity\" \/>\n\n\n\n<p><strong>Juni 2026<\/strong><\/p>\n\n\n\n<hr class=\"wp-block-separator has-alpha-channel-opacity\" \/>\n\n\n\n<p><em>Montag, 1. Juni 2026, 9 Uhr<\/em><br><strong>Krabbelgruppe<\/strong><\/p>\n\n\n\n<hr class=\"wp-block-separator has-alpha-channel-opacity\" \/>\n\n\n\n<p><em>Dienstag, 2. Juni 2026, 19.15 Uhr<\/em><br><strong>Hl. Messe &amp; Gemeindeabend<\/strong><\/p>\n\n\n\n<hr class=\"wp-block-separator has-alpha-channel-opacity\" \/>\n\n\n\n<p><em>Mittwoch, 3. Juni 2026, ab 7.30 Uhr&nbsp;&nbsp;<\/em><br><strong>Run, Pray, Eat \u2013 unser gemeinsamer Start in den Morgen<\/strong><\/p>\n\n\n\n<hr class=\"wp-block-separator has-alpha-channel-opacity\" \/>\n\n\n\n<p><em>Montag, 8. Juni 2026, 9 Uhr<\/em><br><strong>Krabbelgruppe<\/strong><\/p>\n\n\n\n<hr class=\"wp-block-separator has-alpha-channel-opacity\" \/>\n\n\n\n<p><em>Dienstag, 9. Juni 2026, 8 Uhr<\/em><br><strong>Andacht &amp; Fr\u00fchst\u00fcck<\/strong><\/p>\n\n\n\n<hr class=\"wp-block-separator has-alpha-channel-opacity\" \/>\n\n\n\n<p><em>Dienstag, 9. Juni 2026, 19.15 Uhr<\/em><br><strong>Hl. Messe &amp; Nachtreffen Lourdes<\/strong><br>Wir berichten von unserer diesj\u00e4hrigen Lourdes-Wallfahrt und zeigen Fotos und Souvenirs.<\/p>\n\n\n\n<hr class=\"wp-block-separator has-alpha-channel-opacity\" \/>\n\n\n\n<p><em>Montag, 15. Juni 2026, 9 Uhr<\/em><br><strong>Krabbelgruppe<\/strong><\/p>\n\n\n\n<hr class=\"wp-block-separator has-alpha-channel-opacity\" \/>\n\n\n\n<p><em>Dienstag, 16. Juni 2026, 19.15 Uhr<\/em><br><strong>Hl. Messe &amp; Gemeindeabend<\/strong><\/p>\n\n\n\n<hr class=\"wp-block-separator has-alpha-channel-opacity\" \/>\n\n\n\n<p><em>Montag, 22. Juni 2026, 9 Uhr<\/em><br><strong>Krabbelgruppe<\/strong><\/p>\n\n\n\n<hr class=\"wp-block-separator has-alpha-channel-opacity\" \/>\n\n\n\n<p><em>Montag, 22. Juni 2026<\/em><br><strong>Aufbau Sommerfest<\/strong><\/p>\n\n\n\n<hr class=\"wp-block-separator has-alpha-channel-opacity\" \/>\n\n\n\n<p><em>Dienstag, 23. Juni 2026, 17.30 Uhr<\/em><br><strong>Hl. Messe &amp; Sommerfest<\/strong><br>Das Sommerfest findet bei jedem Wetter statt!<\/p>\n\n\n\n<hr class=\"wp-block-separator has-alpha-channel-opacity\" \/>\n\n\n\n<p><em>Freitag, 26. Juni 2026 ab 7.30 Uhr&nbsp;&nbsp;&nbsp;&nbsp;&nbsp;&nbsp;<\/em><br><strong>Run, Pray, Eat \u2013 unser gemeinsamer Start in den Morgen<\/strong><\/p>\n\n\n\n<hr class=\"wp-block-separator has-alpha-channel-opacity\" \/>\n\n\n\n<p><em>Montag, 29. Juni 2026, 9 Uhr<\/em><br><strong>Krabbelgruppe<\/strong><\/p>\n\n\n\n<hr class=\"wp-block-separator has-alpha-channel-opacity\" \/>\n\n\n\n<p><em>Dienstag, 30. Juni 2026, 18 Uhr<\/em><br><strong>OpenHouse<\/strong><\/p>\n\n\n\n<hr class=\"wp-block-separator has-alpha-channel-opacity\" \/>\n\n\n\n<p><strong>Juli-August: OpenHouse<\/strong><\/p>\n\n\n\n<hr class=\"wp-block-separator has-alpha-channel-opacity\" \/>\n\n\n\n<p><em>Offenes Haus am Dienstagabend<\/em><\/p>\n\n\n\n<p>W\u00e4hrend des Fr\u00fchjahrstrimesters (April bis Juni) finden dienstags die regul\u00e4ren Gemeindeabende der Katholischen Hochschulgemeinde ab 19.15 Uhr statt. In den Sommermonaten bleiben wir diesem Rhythmus treu: An jedem Dienstag \u00f6ffnet die KHG ihre T\u00fcren zum \u201eOpen House\u201c.<\/p>\n\n\n\n<p>Das Open House bietet die Gelegenheit, in lockerer und ungezwungener Atmosph\u00e4re zusammenzukommen, neue Menschen kennenzulernen und bekannte Gesichter wiederzutreffen. Im Mittelpunkt stehen die Gemeinschaft, das Gespr\u00e4ch und das gemeinsame Beisammensein \u2013 ganz ohne festes Programm.<\/p>\n\n\n\n<p>Treffpunkt ist jeweils um 18:00 Uhr in der Katholischen Hochschulgemeinde. Im Anschluss an das Ankommen und Zusammensitzen genie\u00dfen wir ein gemeinsames Abendessen.<\/p>\n\n\n\n<p>Das Open House ist offen f\u00fcr alle \u2013 unabh\u00e4ngig von Konfession oder pers\u00f6nlichem Hintergrund. Ob f\u00fcr einen kurzen Besuch oder einen l\u00e4ngeren gemeinsamen Abend: Jede und jeder ist herzlich willkommen.<\/p>\n\n\n\n<hr class=\"wp-block-separator has-alpha-channel-opacity\" \/>\n\n\n\n<p><strong>Ausblick<\/strong><\/p>\n\n\n\n<hr class=\"wp-block-separator has-alpha-channel-opacity\" \/>\n\n\n\n<p><em>Freitag, 23. Oktober 2026 \u2013 Sonntag, 25. Oktober 2026<\/em><br><strong>Aktiven- und Ehemaligentreff in Hamburg<\/strong><\/p>\n\n\n\n<p>Das Aktiven- und ehemaligentreffen der (Alt-)KHGler und ihrer Familien hat eine lange Tradition. Inzwischen sind einige Kinder der Ehemaligen selbst aktive Soldaten der Bundeswehr. Zusammen mit den aktiven Gemeindemitgliedern gibt es einen regen kameradschaftlichen Austausch \u00fcber die Generationen hinweg. Neben thematischen Impulsen festigt das Wochenende im Norden alte Freundschaften und begr\u00fcndet neue. Anmeldung \u00fcber die Dienststelle im DB\/H4.<\/p>\n\n\n\n<hr class=\"wp-block-separator has-alpha-channel-opacity\" \/>\n\n\n\n<p><em><strong>Run \u2013 Pray &#8211; Eat<\/strong><br><\/em><strong>Unser gemeinsamer Start in den Morgen \u2013 Ablauf:<\/strong><\/p>\n\n\n\n<p>7:30 Uhr \u2013 Run<br>Gemeinsame Laufrunde Treffpunkt: Katholische Hochschulgemeinde, Oktaviostra\u00dfe 76<br>Dauer: bis ca. 8:00 Uhr (Bitte passende Kleidung und Laufschuhe mitbringen)<\/p>\n\n\n\n<p>8:15 Uhr \u2013 Pray<br>Kurze Morgenandacht<\/p>\n\n\n\n<p>8:30 Uhr \u2013 Eat<br>Gemeinsames Fr\u00fchst\u00fcck<\/p>\n\n\n\n<p>Eine Teilnahme ist an allen drei Programmpunkten m\u00f6glich \u2013 ebenso gerne auch nur an einzelnen Teilen. Hinweis: Zur Andacht und zum Fr\u00fchst\u00fcck ist kein Umziehen erforderlich \u2013 Sportkleidung ist vollkommen in Ordnung.<\/p>\n","protected":false},"excerpt":{"rendered":"<p>April &#8211; Juni 2026 (Stand 11. M\u00e4rz 2026) April 2026 (Gr\u00fcn-)Donnerstag, 2. April 2026, 10 Uhr&nbsp;&nbsp;&nbsp;&nbsp;&nbsp;&nbsp;&nbsp;&nbsp;&nbsp;&nbsp;&nbsp;Hl. Messe &amp; Brunch&nbsp;&nbsp;&nbsp;&nbsp;&nbsp;&nbsp;&nbsp;&nbsp;Am Gr\u00fcndonnerstag gedenken wir des letzten Abendmahls Jesu mit seinen J\u00fcngern. Der [&hellip;]<\/p>\n","protected":false},"author":1538,"featured_media":0,"parent":0,"menu_order":0,"comment_status":"closed","ping_status":"closed","template":"","meta":{"footnotes":""},"categories":[4],"tags":[],"class_list":["post-864","page","type-page","status-publish","hentry","category-forschung"],"_links":{"self":[{"href":"https:\/\/www.hsu-hh.de\/kath\/wp-json\/wp\/v2\/pages\/864","targetHints":{"allow":["GET"]}}],"collection":[{"href":"https:\/\/www.hsu-hh.de\/kath\/wp-json\/wp\/v2\/pages"}],"about":[{"href":"https:\/\/www.hsu-hh.de\/kath\/wp-json\/wp\/v2\/types\/page"}],"author":[{"embeddable":true,"href":"https:\/\/www.hsu-hh.de\/kath\/wp-json\/wp\/v2\/users\/1538"}],"replies":[{"embeddable":true,"href":"https:\/\/www.hsu-hh.de\/kath\/wp-json\/wp\/v2\/comments?post=864"}],"version-history":[{"count":1,"href":"https:\/\/www.hsu-hh.de\/kath\/wp-json\/wp\/v2\/pages\/864\/revisions"}],"predecessor-version":[{"id":865,"href":"https:\/\/www.hsu-hh.de\/kath\/wp-json\/wp\/v2\/pages\/864\/revisions\/865"}],"wp:attachment":[{"href":"https:\/\/www.hsu-hh.de\/kath\/wp-json\/wp\/v2\/media?parent=864"}],"wp:term":[{"taxonomy":"category","embeddable":true,"href":"https:\/\/www.hsu-hh.de\/kath\/wp-json\/wp\/v2\/categories?post=864"},{"taxonomy":"post_tag","embeddable":true,"href":"https:\/\/www.hsu-hh.de\/kath\/wp-json\/wp\/v2\/tags?post=864"}],"curies":[{"name":"wp","href":"https:\/\/api.w.org\/{rel}","templated":true}]}}