{"id":857,"date":"2025-12-05T11:27:42","date_gmt":"2025-12-05T10:27:42","guid":{"rendered":"https:\/\/www.hsu-hh.de\/kath\/?page_id=857"},"modified":"2025-12-05T11:27:49","modified_gmt":"2025-12-05T10:27:49","slug":"programm-wintertrimester-2026","status":"publish","type":"page","link":"https:\/\/www.hsu-hh.de\/kath\/programm-wintertrimester-2026","title":{"rendered":"Programm Wintertrimester 2026"},"content":{"rendered":"\n<p><\/p>\n\n\n\n<p>Januar &#8211; April 2026<\/p>\n\n\n\n<hr class=\"wp-block-separator has-alpha-channel-opacity\" \/>\n\n\n\n<p>(Stand 5. Dezember 2026)<\/p>\n\n\n\n<hr class=\"wp-block-separator has-alpha-channel-opacity\" \/>\n\n\n\n<p><strong>Januar 2026<\/strong><\/p>\n\n\n\n<hr class=\"wp-block-separator has-alpha-channel-opacity\" \/>\n\n\n\n<p><em>Montag, 5. Januar 2026<\/em><br><strong>Vorlesungsbeginn<\/strong><\/p>\n\n\n\n<hr class=\"wp-block-separator has-alpha-channel-opacity\" \/>\n\n\n\n<p><em>Montag, 5. Januar 2026, 9 Uhr<\/em><br><strong>Krabbelgruppe<\/strong><\/p>\n\n\n\n<hr class=\"wp-block-separator has-alpha-channel-opacity\" \/>\n\n\n\n<p><em>Dienstag, 6. Januar 2026, 19.15 Uhr<\/em><br><strong>Heilige Drei K\u00f6nige: Hl. Messe &amp; Gemeindeabend<\/strong><\/p>\n\n\n\n<hr class=\"wp-block-separator has-alpha-channel-opacity\" \/>\n\n\n\n<p><em>Mittwoch, 7. Januar 2026, ab 10 Uhr&nbsp;<\/em><br><strong>Sternsinger auf dem \u201eRoten Platz\u201c&nbsp;&nbsp;&nbsp;&nbsp;<\/strong><br>Wie auch in den letzten Jahren besuchen die Sternsinger die Helmut-Schmidt-Universit\u00e4t, um den Segen Gottes f\u00fcr die Universit\u00e4t und all ihrer Angeh\u00f6rigen zu erbitten. Dabei wird folgender Segensspruch mit Kreide auf die Wand geschrieben: 20+C+M+B*26 (Christus Mansionem Benedicat \u2013 Christus segne dieses Haus).<\/p>\n\n\n\n<hr class=\"wp-block-separator has-alpha-channel-opacity\" \/>\n\n\n\n<p><em>Freitag, 9. Januar 2026, 8 Uhr<\/em><br><strong>Andacht &amp; Fr\u00fchst\u00fcck zum Jahresbeginn<\/strong><\/p>\n\n\n\n<hr class=\"wp-block-separator has-alpha-channel-opacity\" \/>\n\n\n\n<p><em>Montag, 12. Januar 2026, 9 Uhr<\/em><br><strong>Krabbelgruppe<\/strong><\/p>\n\n\n\n<hr class=\"wp-block-separator has-alpha-channel-opacity\" \/>\n\n\n\n<p><em>Dienstag, 13. Januar 2026, 19.15 Uhr<\/em><br><strong>Hl. Messe &amp; Nordischer Abend und Pubquiz &nbsp;&nbsp;<\/strong><br>Nach der Hl. Messe geht es gem\u00fctlich weiter: Beim nordischen Abend gibt es leckeres Essen aus dem Hohen Norden: lasst Euch \u00fcberraschen! Danach testen wir beim Quizabend, wer das meiste Wissen (oder das beste Bauchgef\u00fchl) hat. Ob alleine oder im Team \u2013 Spa\u00df, Gemeinschaft und ein bisschen K\u00f6pfchen sind garantiert!<\/p>\n\n\n\n<hr class=\"wp-block-separator has-alpha-channel-opacity\" \/>\n\n\n\n<p><em>Freitag, 16. Januar 2026<\/em><br><strong>Neujahrsempfang der Hamburger Dienststellen<\/strong><\/p>\n\n\n\n<hr class=\"wp-block-separator has-alpha-channel-opacity\" \/>\n\n\n\n<p><em>Montag, 19. Januar 2026, 9 Uhr<\/em><br><strong>Krabbelgruppe<\/strong><\/p>\n\n\n\n<hr class=\"wp-block-separator has-alpha-channel-opacity\" \/>\n\n\n\n<p><em>Dienstag, 20. Januar 2026, 19.15 Uhr<\/em><br><strong>Hl. Messe &amp; Themenabend USA&nbsp;&nbsp;&nbsp;&nbsp;&nbsp;&nbsp;&nbsp;<\/strong><br>Studenten der <abbr title=\"Helmut Schmidt Universit\u00e4t\">HSU<\/abbr> berichten \u00fcber Ihre Zeit an der United States Military Academy in West Point\/New York.<\/p>\n\n\n\n<hr class=\"wp-block-separator has-alpha-channel-opacity\" \/>\n\n\n\n<p><em>Freitag, 23. Januar 2026, 8 Uhr<\/em><br><strong>Andacht &amp; Fr\u00fchst\u00fcck<\/strong><\/p>\n\n\n\n<hr class=\"wp-block-separator has-alpha-channel-opacity\" \/>\n\n\n\n<p><em>Montag, 26. Januar 2026, 9 Uhr<\/em><br><strong>Krabbelgruppe<\/strong><\/p>\n\n\n\n<hr class=\"wp-block-separator has-alpha-channel-opacity\" \/>\n\n\n\n<p><em>Montag, 26. Januar 2026, 19 Uhr&nbsp;&nbsp;<\/em><br><strong>Aufbau\/Planungstreff\/PGR-Mitarbeiterkreis&nbsp;&nbsp;&nbsp;<\/strong><br>Wir beginnen mit einem gemeinsamen Abendessen. Danach beraten und beschlie\u00dfen wir die Veranstaltungen und Aktivit\u00e4ten des kommenden Trimesters. Ideen und Anregungen k\u00f6nnen wir immer wieder gebrauchen!<\/p>\n\n\n\n<hr class=\"wp-block-separator has-alpha-channel-opacity\" \/>\n\n\n\n<p><em>Dienstag, 27. Januar 2026, 17.30 Uhr<\/em><br><strong>Hl. Messe und Neujahrsempfang&nbsp;&nbsp;&nbsp;&nbsp;&nbsp;&nbsp;&nbsp;<\/strong><br>Wir beginnen um 17.30 Uhr mit der Feier der Heiligen Messe, danach wollen wir gemeinsam auf das neue Jahr ansto\u00dfen.<\/p>\n\n\n\n<hr class=\"wp-block-separator has-alpha-channel-opacity\" \/>\n\n\n\n<p><em>Freitag, 30. Januar 2026, bis Sonntag, 1. Februar 2026&nbsp;&nbsp;&nbsp;<\/em><br><strong>Gemeindefahrt nach D\u00fcsseldorf&nbsp;&nbsp;<\/strong><br>D\u00fcsseldorf: die elegante, lebenswerte Stadt am Rhein steht nicht nur f\u00fcr Mode, Shopping, Kultur und au\u00dfergew\u00f6hnliche Events. Von der K\u00f6nigsallee, liebevoll \u201eK\u00f6\u201c genannt, ist es nicht weit zur historischen Altstadt. Ihr Flair ist weltber\u00fchmt, in den Gassen pulsiert das Leben, und die facettenreiche Kulturszene bietet spektakul\u00e4re Events und Ausstellungen. Die katholische Kirche ist im Rheinland untrennbar mit dem Leben in der Stadt und der Region verbunden. Gemeinsam wollen wir mit den aktiven Gemeindemitgliedern die Facetten dieser faszinierenden Stadt erkunden. \u00dcbernachtung auf Luftmatratzen im Jugendheim der Kirchengemeinde St. Mari\u00e4 Empf\u00e4ngnis\/D\u00fcsseldorf.<\/p>\n\n\n\n<hr class=\"wp-block-separator has-alpha-channel-opacity\" \/>\n\n\n\n<p><strong>Februar 2026<\/strong><\/p>\n\n\n\n<hr class=\"wp-block-separator has-alpha-channel-opacity\" \/>\n\n\n\n<p><em>Montag, 2. Februar 2026, 9 Uhr<\/em><br><strong>Krabbelgruppe<\/strong><\/p>\n\n\n\n<hr class=\"wp-block-separator has-alpha-channel-opacity\" \/>\n\n\n\n<p><em>Dienstag, 3. Februar 2026, 19.15 Uhr<\/em><br><strong>Hl. Messe (mit Blasiussegen) &amp; Themenabend \u201eSoldat sein\u201c&nbsp;&nbsp;&nbsp;<\/strong><br>Am Ende der Heiligen Messe wird der Blasiussegen gespendet. Bei der Spendung des Blasiussegens h\u00e4lt der Priester dem Gl\u00e4ubigen zwei gekreuzte brennende Kerzen in H\u00f6he des Halses vor und spricht: \u201eAuf die F\u00fcrsprache des heiligen Blasius bewahre dich der Herr vor Halskrankheit und allem B\u00f6sen. Es segne dich Gott, der Vater und der Sohn und der Heilige Geist.\u201c Blasius war Bischof von Sebaste in Kleinasien und starb 316 f\u00fcr seinen Glauben. Die bekannteste Erz\u00e4hlung \u00fcber Blasius berichtet, wie er w\u00e4hrend seiner Gefangenschaft in einem r\u00f6mischen Gef\u00e4ngnis einem jungen Mann, der an einer Fischgr\u00e4te zu ersticken drohte, das Leben rettete. Deshalb erteilt die Kirche den Blasiussegen zum Schutz gegen Halskrankheiten. Darin kommt das gl\u00e4ubige Vertrauen auf die Heilzusage Gottes gerade auch f\u00fcr das leibliche Wohlergehen des erl\u00f6sungsbed\u00fcrftigen Menschen zum Ausdruck.<br>Im Rahmen des Themenabends wollen wir uns mit der Frage besch\u00e4ftigen, was es heute hei\u00dft, Soldat oder Soldatin zu sein \u2013 im Spannungsfeld von Pflicht, Gewissen und Gesellschaft. Generalleutnant a.D. <abbr title=\"Doktor\">Dr.<\/abbr> Ansgar Rieks wird seine Perspektiven einbringen und zur anschlie\u00dfenden Diskussion anregen. Alle Interessierten sind herzlich eingeladen, mitzudenken und mitzudiskutieren.<\/p>\n\n\n\n<hr class=\"wp-block-separator has-alpha-channel-opacity\" \/>\n\n\n\n<p><em>Montag, 9. Februar 2026, 9 Uhr<\/em><br><strong>Krabbelgruppe<\/strong><\/p>\n\n\n\n<hr class=\"wp-block-separator has-alpha-channel-opacity\" \/>\n\n\n\n<p><em>Dienstag, 10. Februar 2026, 19.15 Uhr<\/em><br><strong>Hl. Messe &amp; Gemeindeabend<\/strong><\/p>\n\n\n\n<hr class=\"wp-block-separator has-alpha-channel-opacity\" \/>\n\n\n\n<p><em>Montag, 16. Februar 2026, 9 Uhr<\/em><br><strong>Krabbelgruppe<\/strong><\/p>\n\n\n\n<hr class=\"wp-block-separator has-alpha-channel-opacity\" \/>\n\n\n\n<p><em>(Karnevals-)Dienstag, 17. Februar 2026, 18.30 Uhr&nbsp;&nbsp;&nbsp;&nbsp;<\/em><br><strong>Wortgottesdienst &amp; Karnevalskochabend&nbsp;<\/strong><br>Am Karnevalsdienstag laden wir herzlich zum Karnevalskochabend ein. Gemeinsam wollen wir kochen, essen und in fr\u00f6hlicher runde feiern. Wer mag, darf gerne verkleidet kommen \u2013 bunte Kost\u00fcme, gute Laune und Kochfreude sind ausdr\u00fccklich erw\u00fcnscht!<\/p>\n\n\n\n<hr class=\"wp-block-separator has-alpha-channel-opacity\" \/>\n\n\n\n<p><em>Aschermittwoch, 18. Februar 2026, 11.30 Uhr&nbsp;&nbsp;<\/em><br><strong>Hl. Messe mit Aschenkreuz &amp; Fischessen&nbsp;&nbsp;<\/strong><br>Mit dem Aschermittwoch beginnt die 40-t\u00e4gige Fastenzeit vor Ostern. Die Bezeichnung Aschermittwoch kommt von dem Brauch, im Gottesdienst am Aschermittwoch die Asche vom Verbrennen der Palmzweige des Vorjahres zu segnen und die Gl\u00e4ubigen mit einem Kreuz aus dieser Asche zu bezeichnen.<\/p>\n\n\n\n<hr class=\"wp-block-separator has-alpha-channel-opacity\" \/>\n\n\n\n<p><em>Montag, 23. Februar 2026, 9 Uhr<\/em><br><strong>Krabbelgruppe<\/strong><\/p>\n\n\n\n<p><em>Dienstag, 24. Februar 2026, 19.15 Uhr&nbsp;&nbsp;&nbsp;&nbsp;&nbsp;&nbsp;<\/em><br><strong>Hl. Messe &amp; Themenabend Lourdes&nbsp;<\/strong><br>Vom Mittwoch, den 20. Mai 2026, bis zum Dienstag, den 26. Mai 2026, findet die 66. Internationale Soldatenwallfahrt nach Lourdes statt.<br>Wir werden von den letzten Wallfahrten berichten und die Soldatenwallfahrt vorstellen. Vor dem Themenabend besteht die M\u00f6glichkeit zum Besuch der Hl. Messe (19.15 Uhr) und zum Abendessen.<\/p>\n\n\n\n<hr class=\"wp-block-separator has-alpha-channel-opacity\" \/>\n\n\n\n<p><em>Freitag, 27. Februar 2026, bis Sonntag, 1. M\u00e4rz 2026&nbsp;&nbsp;<\/em><br><strong>Dekanatsarbeitskonferenz (DAK) in Stapelfeld\/Cloppenburg<\/strong><\/p>\n\n\n\n<hr class=\"wp-block-separator has-alpha-channel-opacity\" \/>\n\n\n\n<p><strong>M\u00e4rz 2026<\/strong><\/p>\n\n\n\n<hr class=\"wp-block-separator has-alpha-channel-opacity\" \/>\n\n\n\n<p><em>Montag, 2. M\u00e4rz 2026, 9 Uhr<\/em><br><strong>Krabbelgruppe<\/strong><\/p>\n\n\n\n<hr class=\"wp-block-separator has-alpha-channel-opacity\" \/>\n\n\n\n<p><em>Dienstag, 3. M\u00e4rz 2026, 19.15 Uhr&nbsp;&nbsp;<\/em><br>H<strong>l. Messe &amp; Gemeindeabend\/Bier-Tasting (angefragt)&nbsp;&nbsp;<\/strong><br>Gemeinsam probieren wir verschiedene Biersorten, entdecken ihre Vielfalt und erfahren Spannendes \u00fcber Braukunst und Geschmack. Ein geselliger Abend zum Verkosten, Austauschen und Genie\u00dfen.<\/p>\n\n\n\n<hr class=\"wp-block-separator has-alpha-channel-opacity\" \/>\n\n\n\n<p><em>Freitag, 6. M\u00e4rz 2026, 8 Uhr<br><\/em><strong>Andacht &amp; Fr\u00fchst\u00fcck<\/strong><\/p>\n\n\n\n<hr class=\"wp-block-separator has-alpha-channel-opacity\" \/>\n\n\n\n<p><strong>Samstag, 7. M\u00e4rz 2026, bis Sonntag, 8. M\u00e4rz 2025<br><\/strong><strong>Der Jakobsweg \u2013 eine Wanderung&nbsp;<\/strong><br>Zusammen mit der Marsch IG brechen wir zu einer gemeinsamen Wanderung in und Hamburg. Dabei werden wir uns an den Routen des Jakobswegs im Norden orientieren.<\/p>\n\n\n\n<hr class=\"wp-block-separator has-alpha-channel-opacity\" \/>\n\n\n\n<p><strong>Montag, 9. M\u00e4rz 2026, 9 Uhr<br>Krabbelgruppe<\/strong><\/p>\n\n\n\n<hr class=\"wp-block-separator has-alpha-channel-opacity\" \/>\n\n\n\n<p><em>Dienstag, 10. M\u00e4rz 2026, 19.15 Uhr&nbsp; &nbsp;<\/em><br><strong>Hl. Messe &amp; Bingo-Abend&nbsp; &nbsp; &nbsp; &nbsp; &nbsp;<\/strong><br>Bingo geht auf das italienische Lotteriespiel Il Gioco del Lotto d\u2019Italia aus dem 16. Jahrhundert zur\u00fcck. In den USA wurde es in den 1920er- Jahren zun\u00e4chst als \u201eBeano\u201c gespielt \u2013 die Zahlen wurden dabei mit Bohnen markiert. Als ein Spieler vor Freude \u201eBingo!\u201c rief, bekam das Spiel seinen heutigen Namen.<\/p>\n\n\n\n<hr class=\"wp-block-separator has-alpha-channel-opacity\" \/>\n\n\n\n<p><em>Montag, 16. M\u00e4rz 2026, 9 Uhr<br><\/em><strong>Krabbelgruppe<\/strong><\/p>\n\n\n\n<hr class=\"wp-block-separator has-alpha-channel-opacity\" \/>\n\n\n\n<p><em>Dienstag, 17. M\u00e4rz 2026, 19.15 Uhr<br><\/em>S<strong>t. Patrick\u2019s Day: Hl. Messe &amp; Irischer Abend&nbsp;<\/strong><br>Der St. Patrick\u2019s Day (Irisch: L\u00e1 Fh\u00e9ile P\u00e1draig) ist der Gedenktag des irischen Bischofs Patrick, der wahrscheinlich im 5. Jahrhundert lebte und als erster christliche Missionar in Irland gilt.<br>Beim Gemeindeabend geht es dann gr\u00fcn, gem\u00fctlich und ein bisschen geheimnisvoll \u2013 am St. Patrick\u2019s Day laden wir zum irischen Abend ein. Freut euch auf einen stimmungsvollen Abend mit typisch irischem Flair \u2013 lasst Euch \u00fcberraschen!<\/p>\n\n\n\n<hr class=\"wp-block-separator has-alpha-channel-opacity\" \/>\n\n\n\n<p><em>Montag, 23. M\u00e4rz 2026, 9 Uhr&nbsp;<\/em><br><strong>Krabbelgruppe<\/strong><\/p>\n\n\n\n<hr class=\"wp-block-separator has-alpha-channel-opacity\" \/>\n\n\n\n<p><em>Dienstag, 24. M\u00e4rz 2026, 19.15 Uhr<\/em><br><strong>Hl. Messe &amp; Gemeindeabend<\/strong><\/p>\n\n\n\n<hr class=\"wp-block-separator has-alpha-channel-opacity\" \/>\n\n\n\n<p><em>Freitag, 27. M\u00e4rz 2026<br><\/em><strong>Ende der Vorlesungen<\/strong><\/p>\n\n\n\n<hr class=\"wp-block-separator has-alpha-channel-opacity\" \/>\n\n\n\n<p><strong>April 2026<\/strong><\/p>\n\n\n\n<hr class=\"wp-block-separator has-alpha-channel-opacity\" \/>\n\n\n\n<p><em>Montag, 30. April 2026, 9 Uhr<br><\/em><strong>Krabbelgruppe<\/strong><\/p>\n\n\n\n<hr class=\"wp-block-separator has-alpha-channel-opacity\" \/>\n\n\n\n<p><em>Dienstag, 31. M\u00e4rz 2026, 19.15 Uhr<br><\/em><strong>Hl. Messe (zu Palmsonntag) &amp; Gemeindeabend<br><\/strong>Am Palmsonntag, dem Sonntag vor Ostern wird der Einzug Jesu Christi in Jerusalem gedacht. Zum Zeichen seines K\u00f6nigtums jubelte das Volk ihm zu. Um daran zu erinnern, werden im Gottesdienst Palmst\u00f6cke (besonders geschm\u00fcckte Buchsbaumb\u00fcschel) mit Weiwasser gesegnet und in der kirchlichen Prozession als \u201eZeichen des Lebens und des Sieges\u201c mitgetragen. Vor dem Gottesdienst wollen wir gemeinsam Osterl\u00e4mmer backen nach dem Gottesdienst Ostereier f\u00e4rben.<\/p>\n\n\n\n<hr class=\"wp-block-separator has-alpha-channel-opacity\" \/>\n\n\n\n<p><em>(Gr\u00fcn-)Donnerstag, 2. April 2026, 10 Uhr&nbsp; &nbsp; &nbsp; &nbsp; &nbsp; &nbsp;<\/em><br><strong>Hl. Messe &amp; Brunch&nbsp; &nbsp; &nbsp; &nbsp;&nbsp;<\/strong><br>Am Gr\u00fcndonnerstag gedenken wir des letzten Abendmahls Jesu mit seinen J\u00fcngern. Der Name Gr\u00fcndonnerstag geht auf das mittelhochdeutsche Wort \u201egreinen\u201c (wehklagen) zur\u00fcck. Nach dem letzten Mahl wird Jesus von Judas verraten und sp\u00e4ter gekreuzigt. Zuvor bat er seine J\u00fcnger, zum Ged\u00e4chtnis an seinen Tod k\u00fcnftig gemeinsam das Abendmahl zu feiern.<\/p>\n\n\n\n<hr class=\"wp-block-separator has-alpha-channel-opacity\" \/>\n\n\n\n<p><em>Dienstag, 7. April 2026<br><\/em><strong>Beginn der Vorlesungen<\/strong><\/p>\n\n\n\n<hr class=\"wp-block-separator has-alpha-channel-opacity\" \/>\n\n\n\n<p><em>Dienstag, 7. April 2026, 19.15 Uhr<br><\/em><strong>Hl. Messe &amp; Osterfeuer<\/strong><\/p>\n\n\n\n<hr class=\"wp-block-separator has-alpha-channel-opacity\" \/>\n\n\n\n<p><strong>Ausblick 2026<\/strong><\/p>\n\n\n\n<hr class=\"wp-block-separator has-alpha-channel-opacity\" \/>\n\n\n\n<p><em>Mittwoch, 13. Mai 2026 bis Sonntag, 17. Mai 2026&nbsp; &nbsp; &nbsp;<\/em><br><strong>104. Deutscher Katholikentag an Himmelfahrt in W\u00fcrzburg<\/strong><\/p>\n\n\n\n<hr class=\"wp-block-separator has-alpha-channel-opacity\" \/>\n\n\n\n<p><em>Mittwoch, 20. Mai 2026, bis Dienstag, 26. Mai 2026<br><\/em><strong>66. Internationale Soldatenwallfahrt nach Lourdes<br><\/strong>Jedes Jahr pilgern mehrere hundert Soldatinnen und Soldaten, Angeh\u00f6rige von Bundeswehrfamilien sowie zivile Mitarbeitende der Bundeswehr zum s\u00fcdfranz\u00f6sischen Marienwallfahrtsort Lourdes. Dort treffen sie auf \u00fcber 10.000 Milit\u00e4rangeh\u00f6rige aus rund 40 Nationen, die an der internationalen Soldatenwallfahrt teilnehmen.<br>Die Wallfahrt hat ihren Ursprung in einer Initiative franz\u00f6sischer und deutscher Milit\u00e4rseelsorger nach dem Zweiten Weltkrieg \u2013 mit dem Ziel, Vers\u00f6hnung und Verst\u00e4ndigung zu f\u00f6rdern. Seit der ersten Wallfahrt 1958 ist Lourdes zu einem Ort internationaler Begegnung im Geist des Friedens geworden. Auch an der Helmut-Schmidt-Universit\u00e4t\/Universit\u00e4t der Bundeswehr Hamburg ist die Wallfahrt sehr beliebt. Besonders das kameradschaftliche Miteinander im Sonderzug und im Zeltlager pr\u00e4gt die intensive Gemeinschaftserfahrung. Die Teilnehmer m\u00fcssen nicht katholisch sein, sondern einfach offen f\u00fcr neue Erfahrungen, Gespr\u00e4che und Begegnungen. Die Anmeldung f\u00fcr 2026 erfolgt \u00fcber das Katholische Milit\u00e4rpfarramt Hamburg I. Der genaue Beginn der Anmeldefrist wird rechtzeitig \u00fcber ein Bulletin bekannt gegeben. Sonderurlaub kann beantragt werden.<\/p>\n\n\n\n<hr class=\"wp-block-separator has-alpha-channel-opacity\" \/>\n\n\n\n<p><em>Freitag, 23. Oktober 2026 bis Sonntag, 25. Oktober 2026<br><\/em><strong>Aktiven- und Ehemaligentreff in Hamburg<br><\/strong>Das Aktiven- und Ehemaligentreffen der (Alt-)KHGler und ihrer Familien hat eine lange Tradition. Inzwischen sind einiger Kinder der Ehemaligen selbst aktive Soldaten der Bundeswehr. Zusammen mit den aktiven Gemeindemitgliedern gibt es einen regen kameradschaftlichen Austausch \u00fcber die Generationen hinweg. Neben thematischen Impulsen festigt das Wochenende im Norden alte Freundschaften und begr\u00fcndet neue. Anmeldung \u00fcber die Dienststelle im DB\/H4.<\/p>\n","protected":false},"excerpt":{"rendered":"<p>Januar &#8211; April 2026 (Stand 5. Dezember 2026) Januar 2026 Montag, 5. Januar 2026Vorlesungsbeginn Montag, 5. Januar 2026, 9 UhrKrabbelgruppe Dienstag, 6. Januar 2026, 19.15 UhrHeilige Drei K\u00f6nige: Hl. Messe [&hellip;]<\/p>\n","protected":false},"author":1538,"featured_media":0,"parent":0,"menu_order":0,"comment_status":"closed","ping_status":"closed","template":"","meta":{"footnotes":""},"categories":[4],"tags":[],"class_list":["post-857","page","type-page","status-publish","hentry","category-forschung"],"_links":{"self":[{"href":"https:\/\/www.hsu-hh.de\/kath\/wp-json\/wp\/v2\/pages\/857","targetHints":{"allow":["GET"]}}],"collection":[{"href":"https:\/\/www.hsu-hh.de\/kath\/wp-json\/wp\/v2\/pages"}],"about":[{"href":"https:\/\/www.hsu-hh.de\/kath\/wp-json\/wp\/v2\/types\/page"}],"author":[{"embeddable":true,"href":"https:\/\/www.hsu-hh.de\/kath\/wp-json\/wp\/v2\/users\/1538"}],"replies":[{"embeddable":true,"href":"https:\/\/www.hsu-hh.de\/kath\/wp-json\/wp\/v2\/comments?post=857"}],"version-history":[{"count":1,"href":"https:\/\/www.hsu-hh.de\/kath\/wp-json\/wp\/v2\/pages\/857\/revisions"}],"predecessor-version":[{"id":858,"href":"https:\/\/www.hsu-hh.de\/kath\/wp-json\/wp\/v2\/pages\/857\/revisions\/858"}],"wp:attachment":[{"href":"https:\/\/www.hsu-hh.de\/kath\/wp-json\/wp\/v2\/media?parent=857"}],"wp:term":[{"taxonomy":"category","embeddable":true,"href":"https:\/\/www.hsu-hh.de\/kath\/wp-json\/wp\/v2\/categories?post=857"},{"taxonomy":"post_tag","embeddable":true,"href":"https:\/\/www.hsu-hh.de\/kath\/wp-json\/wp\/v2\/tags?post=857"}],"curies":[{"name":"wp","href":"https:\/\/api.w.org\/{rel}","templated":true}]}}