{"id":827,"date":"2025-02-24T12:47:31","date_gmt":"2025-02-24T11:47:31","guid":{"rendered":"https:\/\/www.hsu-hh.de\/kath\/?page_id=827"},"modified":"2025-02-24T12:47:41","modified_gmt":"2025-02-24T11:47:41","slug":"programm-wintertrimester-2025","status":"publish","type":"page","link":"https:\/\/www.hsu-hh.de\/kath\/programm-wintertrimester-2025","title":{"rendered":"Programm &#8211; Wintertrimester 2025"},"content":{"rendered":"\n<p><em>Dienstag, 7. Januar 2025, 19.15 Uhr<\/em><br><strong>Hl. Messe &amp; Gemeindeabend<\/strong><\/p>\n\n\n\n<hr class=\"wp-block-separator has-alpha-channel-opacity\" \/>\n\n\n\n<p><em>Mittwoch, 8. Januar 2025, ab 10 Uhr&nbsp;<\/em><br><strong>Besuch der Sternsinger auf dem Roten Platz&nbsp;<\/strong><br>Wie auch in den letzten Jahren besuchen die Sternsinger die Helmut-Schmidt-Universit\u00e4t, um den Segen Gottes f\u00fcr die Universit\u00e4t und all ihrer Angeh\u00f6rigen zu erbitten. Dabei wird folgender Segensspruch mit Kreide auf die Wand geschrieben: 20+C+M+B*25 (Christus Mansionem Benedicat \u2013 Christus segne dieses Haus).<\/p>\n\n\n\n<hr class=\"wp-block-separator has-alpha-channel-opacity\" \/>\n\n\n\n<p><em>Freitag, 10. Januar 2025, 8 Uhr<\/em><br><strong>Andacht &amp; Fr\u00fchst\u00fcck zum Jahresbeginn<\/strong><\/p>\n\n\n\n<hr class=\"wp-block-separator has-alpha-channel-opacity\" \/>\n\n\n\n<p><em>Montag, 13. Januar 2025, 19 Uhr<\/em><br><strong>Aufbau\/Planungstreff\/PGR-Mitarbeiterkreis<\/strong><br>Wir beginnen mit einem gemeinsamen Abendessen. Danach beraten und beschlie\u00dfen wir die Veranstaltungen und Aktivit\u00e4ten des kommenden Trimesters. Ideen und Anregungen k\u00f6nnen wir immer wieder gebrauchen!<\/p>\n\n\n\n<hr class=\"wp-block-separator has-alpha-channel-opacity\" \/>\n\n\n\n<p><em>Dienstag, 14. Januar 2025, 17.30 Uhr<\/em><br><strong>Hl. Messe &amp; Neujahrsempfang<\/strong><br>Wir beginnen um 17.30 Uhr mit der Feier der Heiligen Messe, danach wollen wir gemeinsam auf das neue Jahr ansto\u00dfen.<\/p>\n\n\n\n<hr class=\"wp-block-separator has-alpha-channel-opacity\" \/>\n\n\n\n<p><em>Dienstag, 21. Januar 2025, 19.15 Uhr<\/em><br><strong>Hl. Messe &amp; Themenabend: \u201eMarsch\/Pilgern\/Wandern\u201c<\/strong><br>Nach der Hl. Messe (19.15 Uhr) findet ein gemeinsames Abendessen statt. In Zusammenarbeit mit der Marsch IG stellen wir danach das Marschieren\/ Wandern\/ Pilgern vor.<\/p>\n\n\n\n<hr class=\"wp-block-separator has-alpha-channel-opacity\" \/>\n\n\n\n<p><em>Freitag, 24. Januar 2025, 8 Uhr<\/em><br><strong>Andacht &amp; Fr\u00fchst\u00fcck<\/strong><\/p>\n\n\n\n<hr class=\"wp-block-separator has-alpha-channel-opacity\" \/>\n\n\n\n<p><em>Dienstag, 28. Januar 2025, 19.15 Uhr<\/em><br><strong>Hl. Messe &amp; Bier-Tasting<\/strong><\/p>\n\n\n\n<hr class=\"wp-block-separator has-alpha-channel-opacity\" \/>\n\n\n\n<p><em>Dienstag, 4. Februar 2025, 19.15 Uhr<\/em><br><strong>Hl. Messe (mit Blasiussegen) &amp; Gemeindeabend&nbsp;<\/strong><br>Am Ende der Heiligen Messe wird der Blasiussegen gespendet. Bei der Spendung des Blasiussegens h\u00e4lt der Priester dem Gl\u00e4ubigen zwei gekreuzte brennende Kerzen in H\u00f6he des Halses vor und spricht: \u201eAuf die F\u00fcrsprache des heiligen Blasius bewahre dich der Herr vor Halskrankheit und allem B\u00f6sen. Es segne dich Gott, der Vater und der Sohn und der Heilige Geist.\u201c Blasius war Bischof von Sebaste in Kleinasien und starb 316 f\u00fcr seinen Glauben. Die bekannteste Erz\u00e4hlung \u00fcber Blasius berichtet, wie er w\u00e4hrend seiner Gefangenschaft in einem r\u00f6mischen Gef\u00e4ngnis einem jungen Mann, der an einer Fischgr\u00e4te zu ersticken drohte, das Leben rettete. Deshalb erteilt die Kirche den Blasiussegen zum Schutz gegen Halskrankheiten. Darin kommt das gl\u00e4ubige Vertrauen auf die Heilzusage Gottes gerade auch f\u00fcr das leibliche Wohlergehen des erl\u00f6sungsbed\u00fcrftigen Menschen zum Ausdruck.<\/p>\n\n\n\n<hr class=\"wp-block-separator has-alpha-channel-opacity\" \/>\n\n\n\n<p><em>Freitag, 7. Februar 2025, bis Sonntag, 9. Februar 2025&nbsp;&nbsp;&nbsp;&nbsp;&nbsp;&nbsp;&nbsp;&nbsp;&nbsp;<\/em><br><strong>Gemeindefahrt nach D\u00fcsseldorf&nbsp;&nbsp;&nbsp;&nbsp;&nbsp;&nbsp;&nbsp;&nbsp;<\/strong><br>D\u00fcsseldorf: die elegante, lebenswerte Stadt am Rhein steht nicht nur f\u00fcr Mode, Shopping, Kultur und au\u00dfergew\u00f6hnliche Events. Von der K\u00f6nigsallee, liebevoll \u201eK\u00f6\u201c genannt, ist es nicht weit zur historischen Altstadt. Ihr Flair ist weltber\u00fchmt, in den Gassen pulsiert das Leben, und die facettenreiche Kulturszene bietet spektakul\u00e4re Events und Ausstellungen. Die katholische Kirche ist im Rheinland untrennbar mit dem Leben in der Stadt und der Region verbunden. Gemeinsam wollen wir mit den aktiven Gemeindemitgliedern die Facetten dieser faszinierenden Stadt erkunden. \u00dcbernachtung auf Luftmatratzen im Jugendheim der Kirchengemeinde St. Mari\u00e4 Empf\u00e4ngnis\/D\u00fcsseldorf<\/p>\n\n\n\n<hr class=\"wp-block-separator has-alpha-channel-opacity\" \/>\n\n\n\n<p><em>Dienstag, 11. Februar 2025, 19.15 Uhr<\/em><br><strong>Hl. Messe &amp; Gemeindeabend<\/strong><\/p>\n\n\n\n<hr class=\"wp-block-separator has-alpha-channel-opacity\" \/>\n\n\n\n<p><em>Freitag, 14. Februar 2025, 8.00 Uhr&nbsp;&nbsp;&nbsp;&nbsp;<\/em><br><strong>Valentinstag: Andacht &amp; Fr\u00fchst\u00fcck &nbsp;&nbsp;<\/strong><br>Der Valentinstag gilt in vielen L\u00e4ndern als Tag der Liebenden. Das Brauchtum dieses Tages geht auf einen oder mehrere christliche M\u00e4rtyrer namens Valentinus zur\u00fcck, die der \u00dcberlieferung zufolge das Martyrium durch Enthaupten erlitten haben. Verbreitet gibt es zum Valentinstag Gottesdienst, in denen Ehepaare und Liebende gesegnet werden.<\/p>\n\n\n\n<hr class=\"wp-block-separator has-alpha-channel-opacity\" \/>\n\n\n\n<p><em>Dienstag, 18. Februar 2025, 19.15 Uhr&nbsp;&nbsp;&nbsp;&nbsp;&nbsp;&nbsp;&nbsp;&nbsp;&nbsp;&nbsp;&nbsp;<\/em><br><strong>Hl. Messe &amp; Lourdes Infoabend&nbsp;&nbsp;&nbsp;&nbsp;&nbsp;<\/strong><br>Vom Mittwoch, den 14. Mai 2025, bis zum Dienstag, den 20. Mai 2025, findet die 65. Internationale Soldatenwallfahrt nach Lourdes statt.<br>Wir werden von den letzten Wallfahrten berichten und die Soldatenwallfahrt vorstellen. Vor dem Themenabend besteht die M\u00f6glichkeit zum Besuch der Hl. Messe (19.15 Uhr) und zum Abendessen.<\/p>\n\n\n\n<hr class=\"wp-block-separator has-alpha-channel-opacity\" \/>\n\n\n\n<p><em>Dienstag, 25. Februar 2025, 19.15 Uhr<\/em><br><strong>Hl. Messe &amp; Gemeindeabend<\/strong><\/p>\n\n\n\n<hr class=\"wp-block-separator has-alpha-channel-opacity\" \/>\n\n\n\n<p><em>(Karnevals-)Dienstag, 4. M\u00e4rz 2025, 19.15 Uhr&nbsp;&nbsp;&nbsp;&nbsp;<\/em><br><strong>Hl. Messe &amp; \u201eAbend der russischen K\u00fcche\u201c&nbsp;&nbsp;&nbsp;<\/strong><br>In Zusammenarbeit mit dem Sprachenzentrum werden wir russisch kochen.<\/p>\n\n\n\n<hr class=\"wp-block-separator has-alpha-channel-opacity\" \/>\n\n\n\n<p><em>Aschermittwoch, 5. M\u00e4rz 2025, 11.30 Uhr<\/em><br><strong>Hl. Messe mit Aschenkreuz &amp; Fischessen<\/strong><br>Mit dem Aschermittwoch beginnt die 40-t\u00e4gige Fastenzeit vor Ostern. Die Bezeichnung Aschermittwoch kommt von dem Brauch, im Gottesdienst am Aschermittwoch die Asche vom Verbrennen der Palmzweige des Vorjahres zu segnen und die Gl\u00e4ubigen mit einem Kreuz aus dieser Asche zu bezeichnen.<\/p>\n\n\n\n<hr class=\"wp-block-separator has-alpha-channel-opacity\" \/>\n\n\n\n<p><em>Donnerstag, 7. M\u00e4rz 2025, bis Sonntag, 9. M\u00e4rz 2025<\/em><br><strong>Dekanatsarbeitskonferenz<\/strong><\/p>\n\n\n\n<hr class=\"wp-block-separator has-alpha-channel-opacity\" \/>\n\n\n\n<p><em>Dienstag, 11. M\u00e4rz 2025, 19.15 Uhr<\/em><br><strong>Hl. Messe &amp; Gemeindeabend<\/strong><\/p>\n\n\n\n<hr class=\"wp-block-separator has-alpha-channel-opacity\" \/>\n\n\n\n<p><em>Samstag, 15. M\u00e4rz 2025, bis Sonntag, 16. M\u00e4rz 2025&nbsp;&nbsp;<\/em><br><strong>Der Jakobsweg \u2013 eine Wanderung&nbsp;&nbsp;<\/strong><br>Zusammen mit der Marsch IG brechen wir zu einer gemeinsamen Wanderung in und um Hamburg auf. Dabei werden wir uns an den Routen des Jakobswegs im Norden orientieren.<\/p>\n\n\n\n<hr class=\"wp-block-separator has-alpha-channel-opacity\" \/>\n\n\n\n<p><em>Montag, 17. M\u00e4rz 2025, 8 Uhr&nbsp;<\/em><br><strong>St. Patrick\u2019s Day: Andacht &amp; Fr\u00fchst\u00fcck&nbsp;&nbsp;&nbsp;<\/strong><br>Der St. Patrick\u2019s Day (Irisch: L\u00e1 Fh\u00e9ile P\u00e1draig) ist der Gedenktag des irischen Bischofs Patrick, der wahrscheinlich im 5. Jahrhundert lebte und als erster christliche Missionar in Irland gilt.<\/p>\n\n\n\n<hr class=\"wp-block-separator has-alpha-channel-opacity\" \/>\n\n\n\n<p><em>Dienstag, 18. M\u00e4rz 2025, 17.30 Uhr&nbsp;&nbsp;&nbsp;<\/em><br><strong>Hl. Messe &amp; Kochduell<\/strong><br>Damit das Kochduell rechtzeitig starten kann (gegen 18.30 Uhr) beginnt die Hl. Messe an diesem Dienstag bereits um 17.30 Uhr<\/p>\n\n\n\n<hr class=\"wp-block-separator has-alpha-channel-opacity\" \/>\n\n\n\n<p><em>Dienstag, 25. M\u00e4rz 2025, 19.15 Uhr<\/em><br><strong>Hl. Messe &amp; Gemeindeabend<\/strong><\/p>\n\n\n\n<hr class=\"wp-block-separator has-alpha-channel-opacity\" \/>\n\n\n\n<p><em>Freitag, 28. M\u00e4rz 2025, 8 Uhr<\/em><br><strong>Andacht &amp; Fr\u00fchst\u00fcck<\/strong><\/p>\n\n\n\n<hr class=\"wp-block-separator has-alpha-channel-opacity\" \/>\n\n\n\n<p><em>Dienstag, 1. April 2025, 19.15 Uhr<\/em><br><strong>Hl. Messe &amp; Gemeindeabend<\/strong><\/p>\n\n\n\n<hr class=\"wp-block-separator has-alpha-channel-opacity\" \/>\n\n\n\n<p><em>Donnerstag, 3. April 2025<\/em><br><strong>Weltfriedenstag in Hildesheim<\/strong><\/p>\n","protected":false},"excerpt":{"rendered":"<p>Dienstag, 7. Januar 2025, 19.15 UhrHl. Messe &amp; Gemeindeabend Mittwoch, 8. Januar 2025, ab 10 Uhr&nbsp;Besuch der Sternsinger auf dem Roten Platz&nbsp;Wie auch in den letzten Jahren besuchen die Sternsinger [&hellip;]<\/p>\n","protected":false},"author":1538,"featured_media":0,"parent":0,"menu_order":0,"comment_status":"closed","ping_status":"closed","template":"","meta":{"footnotes":""},"categories":[4],"tags":[],"class_list":["post-827","page","type-page","status-publish","hentry","category-forschung"],"_links":{"self":[{"href":"https:\/\/www.hsu-hh.de\/kath\/wp-json\/wp\/v2\/pages\/827","targetHints":{"allow":["GET"]}}],"collection":[{"href":"https:\/\/www.hsu-hh.de\/kath\/wp-json\/wp\/v2\/pages"}],"about":[{"href":"https:\/\/www.hsu-hh.de\/kath\/wp-json\/wp\/v2\/types\/page"}],"author":[{"embeddable":true,"href":"https:\/\/www.hsu-hh.de\/kath\/wp-json\/wp\/v2\/users\/1538"}],"replies":[{"embeddable":true,"href":"https:\/\/www.hsu-hh.de\/kath\/wp-json\/wp\/v2\/comments?post=827"}],"version-history":[{"count":1,"href":"https:\/\/www.hsu-hh.de\/kath\/wp-json\/wp\/v2\/pages\/827\/revisions"}],"predecessor-version":[{"id":828,"href":"https:\/\/www.hsu-hh.de\/kath\/wp-json\/wp\/v2\/pages\/827\/revisions\/828"}],"wp:attachment":[{"href":"https:\/\/www.hsu-hh.de\/kath\/wp-json\/wp\/v2\/media?parent=827"}],"wp:term":[{"taxonomy":"category","embeddable":true,"href":"https:\/\/www.hsu-hh.de\/kath\/wp-json\/wp\/v2\/categories?post=827"},{"taxonomy":"post_tag","embeddable":true,"href":"https:\/\/www.hsu-hh.de\/kath\/wp-json\/wp\/v2\/tags?post=827"}],"curies":[{"name":"wp","href":"https:\/\/api.w.org\/{rel}","templated":true}]}}