{"id":819,"date":"2024-12-20T10:19:19","date_gmt":"2024-12-20T09:19:19","guid":{"rendered":"https:\/\/www.hsu-hh.de\/kath\/?page_id=819"},"modified":"2024-12-20T10:22:22","modified_gmt":"2024-12-20T09:22:22","slug":"bibelgruppe","status":"publish","type":"page","link":"https:\/\/www.hsu-hh.de\/kath\/bibelgruppe","title":{"rendered":"Bibelgruppe"},"content":{"rendered":"\n<p><em>Dienstag (nach Absprache) um 18.00 Uhr\u00a0\u00a0\u00a0\u00a0\u00a0\u00a0\u00a0\u00a0\u00a0\u00a0\u00a0<br><\/em><strong>Bibelgruppe &#8211; Zeit f\u00fcr Gott<br><\/strong>Es ist das meistverbreitete Buch der Welt, \u00f6fter \u00fcbersetzt als jedes andere und auch nach 2000 Jahren Inspiration f\u00fcr das Leben von \u00fcber 2 Milliarden Menschen: <strong>Die Bibel.<\/strong>\u00a0\u00a0\u00a0\u00a0\u00a0\u00a0\u00a0\u00a0\u00a0\u00a0\u00a0<br>Grund genug, sich als Christ, aber auch als Mensch generell, mit den Geschichten und Fragen der Bibel zu besch\u00e4ftigen.\u00a0\u00a0\u00a0\u00a0\u00a0\u00a0\u00a0\u00a0<br>Was bedeutet die Bibel f\u00fcr uns\/f\u00fcr mich heute?\u00a0\u00a0\u00a0\u00a0\u00a0\u00a0\u00a0\u00a0\u00a0\u00a0<br><strong>Dienstag um 18.00 Uhr<\/strong> nehmen wir uns Zeit, verschiedene Bibelstellen zu lesen, dar\u00fcber nachzudenken, und auch zu beten.\u00a0\u00a0\u00a0\u00a0\u00a0\u00a0\u00a0\u00a0\u00a0\u00a0\u00a0<br>Jeder, der Interesse an dem ber\u00fchmtesten Werk der Menschheit hat, ist willkommen, egal ob Christ oder suchend!\u00a0\u00a0\u00a0\u00a0\u00a0\u00a0\u00a0\u00a0\u00a0\u00a0<\/p>\n\n\n\n<p>\u00a0Anmeldungen und Informationen \u00fcber khg@hsu-hh.de<\/p>\n","protected":false},"excerpt":{"rendered":"<p>Dienstag (nach Absprache) um 18.00 Uhr\u00a0\u00a0\u00a0\u00a0\u00a0\u00a0\u00a0\u00a0\u00a0\u00a0\u00a0Bibelgruppe &#8211; Zeit f\u00fcr GottEs ist das meistverbreitete Buch der Welt, \u00f6fter \u00fcbersetzt als jedes andere und auch nach 2000 Jahren Inspiration f\u00fcr das Leben [&hellip;]<\/p>\n","protected":false},"author":1538,"featured_media":0,"parent":0,"menu_order":0,"comment_status":"closed","ping_status":"closed","template":"","meta":{"footnotes":""},"categories":[4],"tags":[],"class_list":["post-819","page","type-page","status-publish","hentry","category-forschung"],"_links":{"self":[{"href":"https:\/\/www.hsu-hh.de\/kath\/wp-json\/wp\/v2\/pages\/819","targetHints":{"allow":["GET"]}}],"collection":[{"href":"https:\/\/www.hsu-hh.de\/kath\/wp-json\/wp\/v2\/pages"}],"about":[{"href":"https:\/\/www.hsu-hh.de\/kath\/wp-json\/wp\/v2\/types\/page"}],"author":[{"embeddable":true,"href":"https:\/\/www.hsu-hh.de\/kath\/wp-json\/wp\/v2\/users\/1538"}],"replies":[{"embeddable":true,"href":"https:\/\/www.hsu-hh.de\/kath\/wp-json\/wp\/v2\/comments?post=819"}],"version-history":[{"count":2,"href":"https:\/\/www.hsu-hh.de\/kath\/wp-json\/wp\/v2\/pages\/819\/revisions"}],"predecessor-version":[{"id":822,"href":"https:\/\/www.hsu-hh.de\/kath\/wp-json\/wp\/v2\/pages\/819\/revisions\/822"}],"wp:attachment":[{"href":"https:\/\/www.hsu-hh.de\/kath\/wp-json\/wp\/v2\/media?parent=819"}],"wp:term":[{"taxonomy":"category","embeddable":true,"href":"https:\/\/www.hsu-hh.de\/kath\/wp-json\/wp\/v2\/categories?post=819"},{"taxonomy":"post_tag","embeddable":true,"href":"https:\/\/www.hsu-hh.de\/kath\/wp-json\/wp\/v2\/tags?post=819"}],"curies":[{"name":"wp","href":"https:\/\/api.w.org\/{rel}","templated":true}]}}