{"id":813,"date":"2024-12-20T10:02:05","date_gmt":"2024-12-20T09:02:05","guid":{"rendered":"https:\/\/www.hsu-hh.de\/kath\/?page_id=813"},"modified":"2024-12-20T10:02:05","modified_gmt":"2024-12-20T09:02:05","slug":"sonstiges","status":"publish","type":"page","link":"https:\/\/www.hsu-hh.de\/kath\/sonstiges","title":{"rendered":"Sonstiges"},"content":{"rendered":"\n<h3 class=\"wp-block-heading\">Offizielle Amtseinf\u00fchrung von Pater&nbsp;<abbr title=\"Doktor\">Dr.<\/abbr>&nbsp;Peter Henrich OP<\/h3>\n\n\n\n<p>Nachdem Pater&nbsp;<abbr title=\"Doktor\">Dr.<\/abbr>&nbsp;Peter Henrich bereits zum 1. Juni 2015 seinen Dienst beim Katholischen Milit\u00e4rpfarramt Hamburg I aufgenommen hatte, wurde er nun am 8. Dezember 2015 durch den Leitenden Milit\u00e4rdekan aus Kiel, Msgr. Rainer Schadt, offiziell in sein Amt eingef\u00fchrt.<\/p>\n\n\n\n<p>Im Rahmen einer festlichen Eucharistiefeier zum Hochfest Mari\u00e4 Empf\u00e4ngnis in der Kath. Pfarrgemeinde St. Joseph zu Wandsbek wurde ihm vom Leitenden Milit\u00e4rdekan das Brustkreuz der Katholischen Milit\u00e4rseelsorge \u00fcberreicht. Die Festpredigt hielt <abbr title=\"Professor\">Prof.<\/abbr>&nbsp;<abbr title=\"Doktor\">Dr.<\/abbr>&nbsp;Markus Tymister, Pfarrer in St. Joseph.<\/p>\n\n\n\n<p>Zusammen mit den rund 150 G\u00e4sten, darunter vielen Milit\u00e4rseelsorgerinnen und \u2013 seelsorgern aus dem Dekanat Nord, Dominikanern aus Hamburg und Berlin, den Hochschulseelsorgern der Universit\u00e4ten in Hamburg und Berlin, zahlreichen Aktiven der Pfarrgemeinde St. Joseph, der Katholischen Hochschulgemeinde an der Helmut-Schmidt-Universit\u00e4t, sowie vielen Angeh\u00f6rigen<br>der Universit\u00e4t der Bundeswehr, des Bundeswehrkrankenhauses und des Landeskommandos Hamburgs wurde anschlie\u00dfend im benachbarten Gemeindesaal ausgiebig gefeiert.<\/p>\n\n\n\n<figure class=\"wp-block-image\"><img loading=\"lazy\" decoding=\"async\" width=\"448\" height=\"306\" src=\"https:\/\/www.hsu-hh.de\/kath\/wp-content\/uploads\/sites\/731\/2018\/02\/DSC_1140_resized_web.jpg\" data-credit=\"\" alt=\"Amtseinf\u00fchrung von Pater Dr. Peter Henrich OP\" class=\"wp-image-118\" srcset=\"https:\/\/www.hsu-hh.de\/kath\/wp-content\/uploads\/sites\/731\/2018\/02\/DSC_1140_resized_web.jpg 448w, https:\/\/www.hsu-hh.de\/kath\/wp-content\/uploads\/sites\/731\/2018\/02\/DSC_1140_resized_web-300x205.jpg 300w\" sizes=\"auto, (max-width: 448px) 100vw, 448px\" \/><\/figure>\n\n\n\n<figure class=\"wp-block-image\"><img loading=\"lazy\" decoding=\"async\" width=\"448\" height=\"306\" src=\"https:\/\/www.hsu-hh.de\/kath\/wp-content\/uploads\/sites\/731\/2018\/02\/DSC_1181_resized_web.jpg\" data-credit=\"\" alt=\"Amtseinf\u00fchrung von Pater Dr. Peter Henrich OP\" class=\"wp-image-119\" srcset=\"https:\/\/www.hsu-hh.de\/kath\/wp-content\/uploads\/sites\/731\/2018\/02\/DSC_1181_resized_web.jpg 448w, https:\/\/www.hsu-hh.de\/kath\/wp-content\/uploads\/sites\/731\/2018\/02\/DSC_1181_resized_web-300x205.jpg 300w\" sizes=\"auto, (max-width: 448px) 100vw, 448px\" \/><\/figure>\n\n\n\n<figure class=\"wp-block-image\"><img loading=\"lazy\" decoding=\"async\" width=\"448\" height=\"306\" src=\"https:\/\/www.hsu-hh.de\/kath\/wp-content\/uploads\/sites\/731\/2018\/02\/DSC_1138_resized_web.jpg\" data-credit=\"\" alt=\"Amtseinf\u00fchrung von Pater Dr. Peter Henrich OP\" class=\"wp-image-117\" srcset=\"https:\/\/www.hsu-hh.de\/kath\/wp-content\/uploads\/sites\/731\/2018\/02\/DSC_1138_resized_web.jpg 448w, https:\/\/www.hsu-hh.de\/kath\/wp-content\/uploads\/sites\/731\/2018\/02\/DSC_1138_resized_web-300x205.jpg 300w\" sizes=\"auto, (max-width: 448px) 100vw, 448px\" \/><\/figure>\n\n\n\n<figure class=\"wp-block-image\"><img loading=\"lazy\" decoding=\"async\" width=\"448\" height=\"306\" src=\"https:\/\/www.hsu-hh.de\/kath\/wp-content\/uploads\/sites\/731\/2018\/02\/DSC_1094_resized_web.jpg\" data-credit=\"\" alt=\"Amtseinf\u00fchrung von Pater Dr. Peter Henrich OP\" class=\"wp-image-116\" srcset=\"https:\/\/www.hsu-hh.de\/kath\/wp-content\/uploads\/sites\/731\/2018\/02\/DSC_1094_resized_web.jpg 448w, https:\/\/www.hsu-hh.de\/kath\/wp-content\/uploads\/sites\/731\/2018\/02\/DSC_1094_resized_web-300x205.jpg 300w\" sizes=\"auto, (max-width: 448px) 100vw, 448px\" \/><\/figure>\n","protected":false},"excerpt":{"rendered":"<p>Offizielle Amtseinf\u00fchrung von Pater&nbsp;Dr.&nbsp;Peter Henrich OP Nachdem Pater&nbsp;Dr.&nbsp;Peter Henrich bereits zum 1. Juni 2015 seinen Dienst beim Katholischen Milit\u00e4rpfarramt Hamburg I aufgenommen hatte, wurde er nun am 8. Dezember 2015 [&hellip;]<\/p>\n","protected":false},"author":1538,"featured_media":0,"parent":0,"menu_order":0,"comment_status":"closed","ping_status":"closed","template":"","meta":{"footnotes":""},"categories":[4],"tags":[],"class_list":["post-813","page","type-page","status-publish","hentry","category-forschung"],"_links":{"self":[{"href":"https:\/\/www.hsu-hh.de\/kath\/wp-json\/wp\/v2\/pages\/813","targetHints":{"allow":["GET"]}}],"collection":[{"href":"https:\/\/www.hsu-hh.de\/kath\/wp-json\/wp\/v2\/pages"}],"about":[{"href":"https:\/\/www.hsu-hh.de\/kath\/wp-json\/wp\/v2\/types\/page"}],"author":[{"embeddable":true,"href":"https:\/\/www.hsu-hh.de\/kath\/wp-json\/wp\/v2\/users\/1538"}],"replies":[{"embeddable":true,"href":"https:\/\/www.hsu-hh.de\/kath\/wp-json\/wp\/v2\/comments?post=813"}],"version-history":[{"count":1,"href":"https:\/\/www.hsu-hh.de\/kath\/wp-json\/wp\/v2\/pages\/813\/revisions"}],"predecessor-version":[{"id":814,"href":"https:\/\/www.hsu-hh.de\/kath\/wp-json\/wp\/v2\/pages\/813\/revisions\/814"}],"wp:attachment":[{"href":"https:\/\/www.hsu-hh.de\/kath\/wp-json\/wp\/v2\/media?parent=813"}],"wp:term":[{"taxonomy":"category","embeddable":true,"href":"https:\/\/www.hsu-hh.de\/kath\/wp-json\/wp\/v2\/categories?post=813"},{"taxonomy":"post_tag","embeddable":true,"href":"https:\/\/www.hsu-hh.de\/kath\/wp-json\/wp\/v2\/tags?post=813"}],"curies":[{"name":"wp","href":"https:\/\/api.w.org\/{rel}","templated":true}]}}