{"id":810,"date":"2024-12-20T10:00:43","date_gmt":"2024-12-20T09:00:43","guid":{"rendered":"https:\/\/www.hsu-hh.de\/kath\/?page_id=810"},"modified":"2024-12-20T10:00:44","modified_gmt":"2024-12-20T09:00:44","slug":"programm-herbsttrimester-2024","status":"publish","type":"page","link":"https:\/\/www.hsu-hh.de\/kath\/programm-herbsttrimester-2024","title":{"rendered":"Programm &#8211; Herbsttrimester 2024"},"content":{"rendered":"\n<p>Planungsstand: 2. Juli 2024<\/p>\n\n\n\n<hr class=\"wp-block-separator has-alpha-channel-opacity\" \/>\n\n\n\n<p><em>Montag, 24. September 2024<\/em><br><strong>Beginn der O-Phase<\/strong><\/p>\n\n\n\n<hr class=\"wp-block-separator has-alpha-channel-opacity\" \/>\n\n\n\n<p><em>Dienstag, 25. September 2024, 19.15 Uhr<\/em><br><strong>Hl. Messe &amp; erster Gemeindeabend im <abbr title=\"Herbsttrimester\">HT<\/abbr> 2024<\/strong><\/p>\n\n\n\n<hr class=\"wp-block-separator has-alpha-channel-opacity\" \/>\n\n\n\n<p><em>Dienstag, 1. Oktober 2024, 19.15 Uhr<\/em><br><strong>Hl. Messe &amp; Kulinarische Reise durch Deutschland&nbsp;&nbsp;&nbsp;&nbsp;&nbsp;<\/strong><br>Am ersten Gemeindeabend im neuen Trimester starten wir \u2013 im Vorausblick auf den Tag der Deutschen Einheit \u2013 eine kulinarische Reise durch Deutschland, die Nord und S\u00fcd, West und Ost verbinden soll. Studierende aus den verschiedenen Landesteilen bringen verschiedene Spezialit\u00e4ten aus ihrer Heimat mit, und stellen diese vor. Alle sind eingeladen, sich an dieser Reise zu beteiligen. Vor der Kulinarischen Reise feiern wir eine Hl. Messe (19.15 Uhr).<\/p>\n\n\n\n<hr class=\"wp-block-separator has-alpha-channel-opacity\" \/>\n\n\n\n<p><em>Montag, 7. Oktober 2024, 19 Uhr&nbsp;&nbsp;&nbsp;&nbsp;&nbsp;&nbsp;<\/em><br><strong>Rosenkranzgebet in der KHG&nbsp;&nbsp;&nbsp;<\/strong><br>Am 7. Oktober begeht die Kirche einen heute kaum noch bekannten Gedenktag. Dabei ist die Entstehung des sogenannten Rosenkranzfestes spannend: Es geht auf die knapp 450 Jahre zur\u00fcckliegende Seeschlacht bei Lepanto zur\u00fcck. Damals standen sich die osmanische, muslimische Flotte unter Ali Pascha und eine gemeinsame christliche Flotte unter Don Juan de Austria entgegen. Vorangegangen waren viele milit\u00e4rische Auseinandersetzungen im Mittelmeerraum, unter anderem auch die Belagerung von Malta.<\/p>\n\n\n\n<hr class=\"wp-block-separator has-alpha-channel-opacity\" \/>\n\n\n\n<p><em>Dienstag, 8. Oktober 2024, 19.15 Uhr<\/em><br><strong>Hl. Messe &amp; Trimesterer\u00f6ffnungsgrillen<\/strong><br>Um die neuen Studierenden geb\u00fchrend willkommen hei\u00dfen zu k\u00f6nnen, wird der Grill der KHG angeschmissen! Die KHG l\u00e4dt alle, die Lust haben, zu einem gem\u00fctlichen Grillabend und einer F\u00fchrung durch das Haus ein. Hier ist egal welcher Konfession man angeh\u00f6rt oder auch nicht, wir freuen uns \u00fcber jeden Gast. Das Grillen wird nach der Hl. Messe um 19.15 Uhr, also etwa gegen 20.00 Uhr, egal bei welchem Wetter, stattfinden.<\/p>\n\n\n\n<hr class=\"wp-block-separator has-alpha-channel-opacity\" \/>\n\n\n\n<p><em>Freitag, 11. Oktober 2024, 8 Uhr<\/em><br><strong>Andacht &amp; Fr\u00fchst\u00fcck<\/strong><\/p>\n\n\n\n<hr class=\"wp-block-separator has-alpha-channel-opacity\" \/>\n\n\n\n<p><em>Dienstag, 15 Oktober 2024, 19.15 Uhr<\/em><br><strong>Wortgottesdienst &amp; Skatturnier\/Spieleabend<\/strong><\/p>\n\n\n\n<hr class=\"wp-block-separator has-alpha-channel-opacity\" \/>\n\n\n\n<p><em>Dienstag, 22. Oktober 2024, 19.15 Uhr<\/em><br><strong>Hl. Messe &amp; Gemeindeabend<\/strong><\/p>\n\n\n\n<hr class=\"wp-block-separator has-alpha-channel-opacity\" \/>\n\n\n\n<p><em>Donnerstag, 24. Oktober 2024&nbsp;<\/em><br><strong>Tag der IGs\/AGs&nbsp;&nbsp;&nbsp;<\/strong><br>Am Tag der IGs\/AGs werden wir mit der Katholischen Hochschulgemeinde (KHG) auch mit einem Stand pr\u00e4sent sein.<\/p>\n\n\n\n<hr class=\"wp-block-separator has-alpha-channel-opacity\" \/>\n\n\n\n<p><em>Freitag, 25. Oktober 2024, bis Sonntag, 27. Oktober 2024&nbsp;&nbsp;&nbsp;&nbsp;&nbsp;&nbsp;&nbsp;<\/em><br><strong>Aktiven- und Ehemaligentreff in Duderstadt&nbsp;<\/strong><br>Das Aktiven- und Ehemaligentreffen der (Alt-)KHGler und ihrer Familien hat eine lange Tradition. Inzwischen sind einige Kinder der Ehemaligen selbst aktive Soldaten der Bundeswehr. Zusammen mit den aktiven Gemeindemitgliedern gibt es einen regen kameradschaftlichen Austausch \u00fcber die Generationen hinweg. Neben thematischen Impulsen, festigt das Wochenende im Harz alte Freundschaften und begr\u00fcndet neue. Anmeldung \u00fcber die Dienststelle im DB\/H4.<\/p>\n\n\n\n<hr class=\"wp-block-separator has-alpha-channel-opacity\" \/>\n\n\n\n<p><em>Dienstag, 29. Oktober 2024, 19.15\/20.30 Uhr<\/em><br><strong>Hl. Messe &amp; Themenabend: Shaolinkloster<\/strong><\/p>\n\n\n\n<hr class=\"wp-block-separator has-alpha-channel-opacity\" \/>\n\n\n\n<p><em>Dienstag, 5. November 2024, 19.15 Uhr&nbsp;&nbsp;<\/em><br><strong>Hl. Messe (Helmut Schmidt) &amp; Gemeindeabend&nbsp;&nbsp;<\/strong><br>Die Messe wird auch als Jahresamt f\u00fcr Helmut Schmidt gefeiert, der am 10. November 2015 im Alter von 97 Jahren starb.<\/p>\n\n\n\n<hr class=\"wp-block-separator has-alpha-channel-opacity\" \/>\n\n\n\n<p><em>Montag, 11. November 2024, 8 Uhr \/ 19 Uhr&nbsp;&nbsp;&nbsp;&nbsp;<\/em><br><strong>8 Uhr: St. Martin: Andacht &amp; Fr\u00fchst\u00fcck&nbsp;&nbsp;&nbsp;&nbsp;&nbsp;&nbsp;&nbsp;&nbsp;&nbsp;<\/strong><br><strong>19 Uhr: Planungstreff&nbsp;&nbsp;&nbsp;<\/strong><br>Wir beginnen mit einem gemeinsamen Abendessen. Danach beraten und beschlie\u00dfen wir die Veranstaltungen und Aktivit\u00e4ten des kommenden Trimesters. Ideen und Anregungen k\u00f6nnen wir immer wieder gebrauchen!<\/p>\n\n\n\n<hr class=\"wp-block-separator has-alpha-channel-opacity\" \/>\n\n\n\n<p><em>Dienstag, 12. November 2024, 17.30 Uhr&nbsp;&nbsp;&nbsp;&nbsp;&nbsp;&nbsp;&nbsp;&nbsp;&nbsp;&nbsp;&nbsp;<\/em><br><strong>Patrozinium: Hl. Messe zum Patrozinium &amp; Gemeindeabend\/Empfang&nbsp;&nbsp;&nbsp;&nbsp;&nbsp;&nbsp;<\/strong><br>Gerade f\u00fcr Soldaten hat der Heilige Martin eine besondere Bedeutung, denn er ist nicht nur der Patron der Reisenden und Armen, sondern auch der Soldaten. An diesem Tag findet die Hl. Messe bereits um 17.30 Uhr statt.<\/p>\n\n\n\n<hr class=\"wp-block-separator has-alpha-channel-opacity\" \/>\n\n\n\n<p><em>Dienstag, 19. November 2024, 16 Uhr &amp; 19.15 Uhr<\/em><br><strong>16 Uhr: Pl\u00e4tzchenbacken international<\/strong><br><strong>19.15 Uhr: Hl. Messe &amp; Themenabend: Praktikum beim Milit\u00e4rattach\u00e9<\/strong><\/p>\n\n\n\n<hr class=\"wp-block-separator has-alpha-channel-opacity\" \/>\n\n\n\n<p><em>Dienstag, 26. November 2024, 19.15 Uhr<br><\/em><strong>Hl. Messe &amp; Kulinarische Weltreise<\/strong><\/p>\n\n\n\n<hr class=\"wp-block-separator has-alpha-channel-opacity\" \/>\n\n\n\n<p><em>Freitag, 29. November 2024, 8 Uhr<\/em><br><strong>Weihnachtsbaum\/Krippe aufbauen<\/strong><\/p>\n\n\n\n<hr class=\"wp-block-separator has-alpha-channel-opacity\" \/>\n\n\n\n<p><em>Dienstag, 3. Dezember 2024, 19.15 Uhr<\/em><br><strong>Wortgottesdienst &amp; Kroatischer Abend<\/strong><\/p>\n\n\n\n<hr class=\"wp-block-separator has-alpha-channel-opacity\" \/>\n\n\n\n<p><em>Freitag, 6. Dezember 2024, 8 Uhr<\/em><br><strong>Andacht &amp; Fr\u00fchst\u00fcck: Der Nikolaus kommt!<\/strong><\/p>\n\n\n\n<hr class=\"wp-block-separator has-alpha-channel-opacity\" \/>\n\n\n\n<p><em>Dienstag, 10. Dezember 2024, 19.15 Uhr<\/em><br><strong>Hl. Messe &amp; Feuerzangenbowle<\/strong><\/p>\n\n\n\n<hr class=\"wp-block-separator has-alpha-channel-opacity\" \/>\n\n\n\n<p><em>Dienstag, 17. Dezember 2024, 19.15 Uhr<\/em><br><strong>Hl. Messe &amp; Gemeindeabend<\/strong><\/p>\n\n\n\n<hr class=\"wp-block-separator has-alpha-channel-opacity\" \/>\n\n\n\n<p><em>Donnerstag, 19. Dezember 2024, 10 Uhr<\/em><br><strong>Einstimmung auf Weihnachten: Gottesdienst &amp; Brunch<\/strong><\/p>\n","protected":false},"excerpt":{"rendered":"<p>Planungsstand: 2. Juli 2024 Montag, 24. September 2024Beginn der O-Phase Dienstag, 25. September 2024, 19.15 UhrHl. Messe &amp; erster Gemeindeabend im HT 2024 Dienstag, 1. Oktober 2024, 19.15 UhrHl. Messe [&hellip;]<\/p>\n","protected":false},"author":1538,"featured_media":0,"parent":0,"menu_order":0,"comment_status":"closed","ping_status":"closed","template":"","meta":{"footnotes":""},"categories":[4],"tags":[],"class_list":["post-810","page","type-page","status-publish","hentry","category-forschung"],"_links":{"self":[{"href":"https:\/\/www.hsu-hh.de\/kath\/wp-json\/wp\/v2\/pages\/810","targetHints":{"allow":["GET"]}}],"collection":[{"href":"https:\/\/www.hsu-hh.de\/kath\/wp-json\/wp\/v2\/pages"}],"about":[{"href":"https:\/\/www.hsu-hh.de\/kath\/wp-json\/wp\/v2\/types\/page"}],"author":[{"embeddable":true,"href":"https:\/\/www.hsu-hh.de\/kath\/wp-json\/wp\/v2\/users\/1538"}],"replies":[{"embeddable":true,"href":"https:\/\/www.hsu-hh.de\/kath\/wp-json\/wp\/v2\/comments?post=810"}],"version-history":[{"count":1,"href":"https:\/\/www.hsu-hh.de\/kath\/wp-json\/wp\/v2\/pages\/810\/revisions"}],"predecessor-version":[{"id":811,"href":"https:\/\/www.hsu-hh.de\/kath\/wp-json\/wp\/v2\/pages\/810\/revisions\/811"}],"wp:attachment":[{"href":"https:\/\/www.hsu-hh.de\/kath\/wp-json\/wp\/v2\/media?parent=810"}],"wp:term":[{"taxonomy":"category","embeddable":true,"href":"https:\/\/www.hsu-hh.de\/kath\/wp-json\/wp\/v2\/categories?post=810"},{"taxonomy":"post_tag","embeddable":true,"href":"https:\/\/www.hsu-hh.de\/kath\/wp-json\/wp\/v2\/tags?post=810"}],"curies":[{"name":"wp","href":"https:\/\/api.w.org\/{rel}","templated":true}]}}