{"id":807,"date":"2024-12-20T09:59:01","date_gmt":"2024-12-20T08:59:01","guid":{"rendered":"https:\/\/www.hsu-hh.de\/kath\/?page_id=807"},"modified":"2024-12-20T09:59:01","modified_gmt":"2024-12-20T08:59:01","slug":"programm-fruehjahrstrimester-2024","status":"publish","type":"page","link":"https:\/\/www.hsu-hh.de\/kath\/programm-fruehjahrstrimester-2024","title":{"rendered":"Programm &#8211; Fr\u00fchjahrstrimester 2024"},"content":{"rendered":"\n<p>Planungsstand: 19. M\u00e4rz 2024<\/p>\n\n\n\n<hr class=\"wp-block-separator has-alpha-channel-opacity\" \/>\n\n\n\n<p><em>Dienstag, 2. April 2024, 18 Uhr<\/em><br><strong>Hl. Messe &amp; Osterfeuer&nbsp;<\/strong><br>Nach der Hl. Messe (18 Uhr), entz\u00fcnden wir im Garten der KHG ein Osterfeuer. Dazu machen wir Stockbrot.<\/p>\n\n\n\n<hr class=\"wp-block-separator has-alpha-channel-opacity\" \/>\n\n\n\n<p><em>Donnerstag, 4. April 2024, 18 Uhr&nbsp;&nbsp;&nbsp;&nbsp;&nbsp;<\/em><br><strong>\u00d6kumenischer Feldgottesdienst &nbsp;&nbsp;&nbsp;&nbsp;&nbsp;&nbsp;&nbsp;<\/strong><br>Im Rahmen der Gr\u00fcnen Woche des SFB-B feiern wir auf der Wiese im Hanseatenbereich einen Feldgottesdienst.<\/p>\n\n\n\n<hr class=\"wp-block-separator has-alpha-channel-opacity\" \/>\n\n\n\n<p><em>Dienstag, 9. April 2024, 19.15 Uhr<\/em><br><strong>Hl. Messe &amp; Themenabend: KIDSK\u00f6pfe<\/strong><\/p>\n\n\n\n<hr class=\"wp-block-separator has-alpha-channel-opacity\" \/>\n\n\n\n<p><em>Donnerstag, 11. April 2024, 9.30 Uhr&nbsp;<\/em><br><strong>Weltfriedenstag in Hildesheim<\/strong><br>Mit Soldaten, zivilen Mitarbeitern der Bundeswehr und Polizisten feiert Bischof <abbr title=\"Doktor\">Dr.<\/abbr> Heiner Wilmer im Dom zu Hildesheim einen Friedensgottesdienst. Im Anschluss besteht die M\u00f6glichkeit zum Gespr\u00e4ch und Begegnung mit dem Bischof und Mittagessen im Generalvikariat. Anmeldung \u00fcber das katholische Milit\u00e4rpfarramt Hamburg I.<\/p>\n\n\n\n<hr class=\"wp-block-separator has-alpha-channel-opacity\" \/>\n\n\n\n<p><em>Freitag, 12. April 2024, 8 Uhr<\/em><br><strong>Andacht &amp; Fr\u00fchst\u00fcck<\/strong><\/p>\n\n\n\n<hr class=\"wp-block-separator has-alpha-channel-opacity\" \/>\n\n\n\n<p><em>Dienstag, 16. April 2024, 19.15 Uhr&nbsp;&nbsp;&nbsp;&nbsp;<\/em><br><strong>Taiz\u00e9gebet &amp; Gemeindeabend&nbsp;&nbsp;&nbsp;&nbsp;<\/strong><br>Taiz\u00e9 ist ein kleiner Ort nahe dem ostfranz\u00f6sischen Cluny und Sitz einer geistlichen Gemeinschaft, die zum Treffpunkt f\u00fcr Jugendliche aus der ganzen Welt. Taiz\u00e9 gilt als Symbol der \u00f6kumenischen Bewegung.<br>Dabei ist ein Taiz\u00e9gebet eine predigtlose, besinnliche und kurze Gottesdienstform. Biblische und poetische Lesungen, Stille, Gebete und kurze sich wiederholende Ges\u00e4nge erm\u00f6glichen es, den eigenen Gedanken vor Gott Raum zu geben.<\/p>\n\n\n\n<hr class=\"wp-block-separator has-alpha-channel-opacity\" \/>\n\n\n\n<p><em>Donnerstag, 18. April 2024, 11.30 Uhr<\/em><br><strong>Atempause = Kurzandacht &amp; Mittagessen<\/strong><\/p>\n\n\n\n<hr class=\"wp-block-separator has-alpha-channel-opacity\" \/>\n\n\n\n<p><em>Dienstag, 23. April 2024, 19.15 Uhr<\/em><br><strong>Hl. Messe &amp; Themenabend Psychologie: Pferdetherapie<\/strong><\/p>\n\n\n\n<hr class=\"wp-block-separator has-alpha-channel-opacity\" \/>\n\n\n\n<p><em>Donnerstag, 25. April 2024, 17 Uhr&nbsp;&nbsp;&nbsp;&nbsp;<\/em><br><strong>\u00d6kumenischer Feldgottesdienst&nbsp;&nbsp;&nbsp;&nbsp;&nbsp;&nbsp;&nbsp;&nbsp;<\/strong><br>Im Rahmen des Alpha-Cup feiern wir im Douaumontbereich einen Feldgottesdienst.<\/p>\n\n\n\n<hr class=\"wp-block-separator has-alpha-channel-opacity\" \/>\n\n\n\n<p><em>Dienstag, 30. April 2024, 19.15 Uhr<\/em><br><strong>Hl. Messe &amp; Gemeindeabend<\/strong><\/p>\n\n\n\n<hr class=\"wp-block-separator has-alpha-channel-opacity\" \/>\n\n\n\n<p><em>Dienstag, 7. Mai 2024, 19.15 Uhr&nbsp;&nbsp;&nbsp;&nbsp;&nbsp;&nbsp;&nbsp;<\/em><br><strong>Hl. Messe &amp; Vortreffen Lourdes&nbsp;&nbsp;&nbsp;&nbsp;&nbsp;<\/strong><br>Nach der Hl. Messe treffen sich, parallel zum Gemeindeabend mit Abendessen, alle Lourdes-Pilger, um letzte Absprachen und Informationen auszutauschen.<\/p>\n\n\n\n<hr class=\"wp-block-separator has-alpha-channel-opacity\" \/>\n\n\n\n<p><em>Montag, 13. Mai 2024, 19.00 Uhr&nbsp;&nbsp;&nbsp;&nbsp;&nbsp;<\/em><br><strong>Abendessen &amp; Planungstreff&nbsp;&nbsp;<\/strong><br>Wir beginnen mit einem gemeinsamen Abendessen. Beim anschlie\u00dfenden Planungstreffen beraten und beschlie\u00dfen wir die Veranstaltungen und Aktivit\u00e4ten des kommenden Trimesters. Ideen und Anregungen k\u00f6nnen wir immer gebrauchen!<\/p>\n\n\n\n<hr class=\"wp-block-separator has-alpha-channel-opacity\" \/>\n\n\n\n<p><em>Dienstag, 14. Mai 2024, 19.15 Uhr<\/em><br><strong>Hl. Messe &amp; Gemeindeabend\/Koch-Duell<\/strong><\/p>\n\n\n\n<hr class=\"wp-block-separator has-alpha-channel-opacity\" \/>\n\n\n\n<p><em>Dienstag, 21. Mai 2024, 9 Uhr<\/em><br><strong>\u00d6kumenische Andacht zu Pfingsten.<\/strong><br>Die Andacht mit anschlie\u00dfendem Fr\u00fchst\u00fcck findet im \u00f6kumenischen Andachtsraum (DB\/H4\/Raum 7) statt.<\/p>\n\n\n\n<hr class=\"wp-block-separator has-alpha-channel-opacity\" \/>\n\n\n\n<p><em>Dienstag, 21. Mai 2024, 19.15 Uhr&nbsp;&nbsp;&nbsp;<\/em><br><strong>Hl. Messe (mit Reisesegen) &amp; Gemeindeabend&nbsp;&nbsp;<\/strong><br>Allen Lourdes-Pilgern (22.-28. Mai) w\u00fcnschen wir eine gute Wallfahrt und bitten um Gottes Segen.<\/p>\n\n\n\n<hr class=\"wp-block-separator has-alpha-channel-opacity\" \/>\n\n\n\n<p><em>Mittwoch, 22. Mai 2024, bis Dienstag, 28. Mai 2024&nbsp;&nbsp;&nbsp;&nbsp;&nbsp;<\/em><br><strong>64. Internationale Soldatenwallfahrt Lourdes: \u201eKommt in Gemeinschaft hierher!\u201c&nbsp;&nbsp;<\/strong><br>Unter diesem Motto nehmen vom 22. bis 28. Mai 2024 Soldatinnen und Soldaten aus vielen Nationen auf Einladung des franz\u00f6sischen Milit\u00e4rbischofs an der 64. Internationalen Soldatenwallfahrt nach Lourdes teil.<\/p>\n\n\n\n<hr class=\"wp-block-separator has-alpha-channel-opacity\" \/>\n\n\n\n<p><em>Dienstag, 28. Mai 2024, 19.15 Uhr&nbsp;&nbsp;&nbsp;&nbsp;&nbsp;<\/em><br><strong>Hl. Messe &amp; Gemeindeabend: Spieleabend&nbsp;&nbsp;&nbsp;&nbsp;<\/strong><br>Der Gemeindeabend steht ganz unter dem Motto: Lasset die Spiele beginnen! Denn nach der Hl. Messe um 19.15 Uhr und dem gemeinsamen Abendessen wird es einen Spieleabend geben. Egal ob Brett- oder Kartenspiel, es wird f\u00fcr jeden etwas dabei sein.<\/p>\n\n\n\n<hr class=\"wp-block-separator has-alpha-channel-opacity\" \/>\n\n\n\n<p><em>Freitag, 30. Mai 2024, bis Sonntag, 2. Juni 2024<\/em><br><strong>Katholikentag&nbsp;&nbsp;&nbsp;&nbsp;&nbsp;&nbsp;&nbsp;&nbsp;<\/strong><br>Der 103. Deutsche Katholikentag findet in diesem Jahr in Erfurt statt.<\/p>\n\n\n\n<hr class=\"wp-block-separator has-alpha-channel-opacity\" \/>\n\n\n\n<p><em>Dienstag, 4. Juni 2024, 19.15 Uhr<\/em><br><strong>Komplet &amp; Gemeindeabend\/Quizduell<\/strong><\/p>\n\n\n\n<hr class=\"wp-block-separator has-alpha-channel-opacity\" \/>\n\n\n\n<p><em>Montag, 10. Juni 2024, 19 Uhr<\/em><br><strong>Aufbau Sommerfest<\/strong><\/p>\n\n\n\n<hr class=\"wp-block-separator has-alpha-channel-opacity\" \/>\n\n\n\n<p><em>Dienstag, 11. Juni 2024, 17.30 Uhr<\/em><br><strong>Hl. Messe &amp; Sommerfest<\/strong><br>Das Sommerfest feiern wir im Garten der KHG zusammen mit der katholischen Milit\u00e4rseelsorge am Bundeswehrkrankenhaus Hamburg. Das Sommerfest findet bei jedem Wetter statt!<\/p>\n\n\n\n<hr class=\"wp-block-separator has-alpha-channel-opacity\" \/>\n\n\n\n<p><em>Samstag, 15. Juni 2024<\/em><br><strong>Paddeln mit den kath. Hochschulgemeinden im Erzbistum Hamburg<\/strong><br>(fr\u00fchzeitige Anmeldung erforderlich)<\/p>\n\n\n\n<hr class=\"wp-block-separator has-alpha-channel-opacity\" \/>\n\n\n\n<p><em>Dienstag, 18. Juni 2024, 19.15 Uhr<\/em><br><strong>Hl. Messe &amp; Nachtreffen Lourdes<\/strong><br>Wir berichten von der diesj\u00e4hrigen Lourdes-Wallfahrt und zeigen Fotos<\/p>\n\n\n\n<hr class=\"wp-block-separator has-alpha-channel-opacity\" \/>\n\n\n\n<p><em>Donnerstag, 20. Juni 2024, 11.30 Uhr<\/em><br><strong>Atempause = Kurzandacht &amp; Mittagessen<\/strong><\/p>\n\n\n\n<hr class=\"wp-block-separator has-alpha-channel-opacity\" \/>\n\n\n\n<p><em>Dienstag, 25. Juni 2024, 19.15 Uhr<\/em><br><strong>Hl. Messe &amp; Gemeindeabend<\/strong><\/p>\n\n\n\n<hr class=\"wp-block-separator has-alpha-channel-opacity\" \/>\n\n\n\n<p><em>Dienstag, 2. Juli 2024, 19.15 Uhr<\/em><br><strong>Hl. Messe &amp; Gemeindeabend<\/strong><\/p>\n\n\n\n<hr class=\"wp-block-separator has-alpha-channel-opacity\" \/>\n\n\n\n<p><em>Freitag, 5. Juli 2024, 8 Uhr<\/em><br><strong>Andacht &amp; Fr\u00fchst\u00fcck<\/strong><\/p>\n\n\n\n<hr class=\"wp-block-separator has-alpha-channel-opacity\" \/>\n\n\n\n<p><em>Dienstag, 9. Juli 2024, 19.15 Uhr<\/em><br><strong>Hl. Messe &amp; Gemeindeabend<\/strong><\/p>\n\n\n\n<hr class=\"wp-block-separator has-alpha-channel-opacity\" \/>\n\n\n\n<p><em>Dienstag, 16. Juli 2024<\/em><br><strong>Hl. Messe &amp; Gemeindeabend<\/strong><\/p>\n","protected":false},"excerpt":{"rendered":"<p>Planungsstand: 19. M\u00e4rz 2024 Dienstag, 2. April 2024, 18 UhrHl. Messe &amp; Osterfeuer&nbsp;Nach der Hl. Messe (18 Uhr), entz\u00fcnden wir im Garten der KHG ein Osterfeuer. Dazu machen wir Stockbrot. [&hellip;]<\/p>\n","protected":false},"author":1538,"featured_media":0,"parent":0,"menu_order":0,"comment_status":"closed","ping_status":"closed","template":"","meta":{"footnotes":""},"categories":[4],"tags":[],"class_list":["post-807","page","type-page","status-publish","hentry","category-forschung"],"_links":{"self":[{"href":"https:\/\/www.hsu-hh.de\/kath\/wp-json\/wp\/v2\/pages\/807","targetHints":{"allow":["GET"]}}],"collection":[{"href":"https:\/\/www.hsu-hh.de\/kath\/wp-json\/wp\/v2\/pages"}],"about":[{"href":"https:\/\/www.hsu-hh.de\/kath\/wp-json\/wp\/v2\/types\/page"}],"author":[{"embeddable":true,"href":"https:\/\/www.hsu-hh.de\/kath\/wp-json\/wp\/v2\/users\/1538"}],"replies":[{"embeddable":true,"href":"https:\/\/www.hsu-hh.de\/kath\/wp-json\/wp\/v2\/comments?post=807"}],"version-history":[{"count":1,"href":"https:\/\/www.hsu-hh.de\/kath\/wp-json\/wp\/v2\/pages\/807\/revisions"}],"predecessor-version":[{"id":808,"href":"https:\/\/www.hsu-hh.de\/kath\/wp-json\/wp\/v2\/pages\/807\/revisions\/808"}],"wp:attachment":[{"href":"https:\/\/www.hsu-hh.de\/kath\/wp-json\/wp\/v2\/media?parent=807"}],"wp:term":[{"taxonomy":"category","embeddable":true,"href":"https:\/\/www.hsu-hh.de\/kath\/wp-json\/wp\/v2\/categories?post=807"},{"taxonomy":"post_tag","embeddable":true,"href":"https:\/\/www.hsu-hh.de\/kath\/wp-json\/wp\/v2\/tags?post=807"}],"curies":[{"name":"wp","href":"https:\/\/api.w.org\/{rel}","templated":true}]}}