{"id":803,"date":"2024-12-20T09:55:22","date_gmt":"2024-12-20T08:55:22","guid":{"rendered":"https:\/\/www.hsu-hh.de\/kath\/?page_id=803"},"modified":"2024-12-20T09:55:22","modified_gmt":"2024-12-20T08:55:22","slug":"programm-wintertrimester-2024","status":"publish","type":"page","link":"https:\/\/www.hsu-hh.de\/kath\/programm-wintertrimester-2024","title":{"rendered":"Programm &#8211; Wintertrimester 2024"},"content":{"rendered":"\n<p><em>Planungsstand: 22. November 2023<\/em><\/p>\n\n\n\n<hr class=\"wp-block-separator has-alpha-channel-opacity\" \/>\n\n\n\n<p><em>jeden Dienstag um 18.00 Uhr und jeden Mittwoch um 17.30 Uhr&nbsp;<\/em><br><strong>Bibelgruppe &#8211; Zeit f\u00fcr Gott<\/strong><br>Es ist das meistverbreitete Buch der Welt, \u00f6fter \u00fcbersetzt als jedes andere und auch nach 2000 Jahren Inspiration f\u00fcr das Leben von \u00fcber 2 Milliarden Menschen: <strong>Die Bibel.&nbsp;&nbsp;&nbsp;&nbsp;<\/strong><br>Grund genug, sich als Christ, aber auch als Mensch generell, mit den Geschichten und Fragen der Bibel zu besch\u00e4ftigen.<br>Was bedeutet die Bibel f\u00fcr uns\/f\u00fcr mich heute?<br><strong>Jeden Dienstag um 18.00 Uhr<\/strong> und <strong>jeden Mittwoch um 17.30 Uhr<\/strong> nehmen wir uns Zeit, verschiedene Bibelstellen zu lesen, dar\u00fcber nachzudenken, und auch zu beten.<br>Jeder, der Interesse an dem ber\u00fchmtesten Werk der Menschheit hat, ist willkommen, egal ob Christ oder suchend!<\/p>\n\n\n\n<hr class=\"wp-block-separator has-alpha-channel-opacity\" \/>\n\n\n\n<p><em>Dienstag, 9. Januar 2024, 19.15 Uhr<\/em><br><strong>Hl. Messe &amp; erster Gemeindeabend 2024<\/strong><\/p>\n\n\n\n<hr class=\"wp-block-separator has-alpha-channel-opacity\" \/>\n\n\n\n<p><em>Donnerstag, 11. Januar 2024, 10 Uhr<\/em><br><strong>Besuch der Sternsinger auf dem Roten Platz<\/strong><br>Wie auch in den letzten Jahren besuchen die Sternsinger die Helmut-Schmidt-Universit\u00e4t, um den Segen Gottes f\u00fcr die Universit\u00e4t und all ihrer Angeh\u00f6rigen zu erbitten. Dabei wird folgender Segensspruch mit Kreide auf die Wand geschrieben: <strong>20+C+M+B*24<\/strong> (<strong>C<\/strong>hristus <strong>M<\/strong>ansionem <strong>B<\/strong>enedicat \u2013 Christus segne dieses Haus.)<\/p>\n\n\n\n<hr class=\"wp-block-separator has-alpha-channel-opacity\" \/>\n\n\n\n<p><em>Freitag, 12. Januar 2024, 8 Uhr<\/em><br><strong>Andacht &amp; Fr\u00fchst\u00fcck zum Jahresbeginn<\/strong><\/p>\n\n\n\n<hr class=\"wp-block-separator has-alpha-channel-opacity\" \/>\n\n\n\n<p><em>Montag, 15. Januar 2024, 19 Uhr<\/em><br><strong>Planungstreff in der KHG<\/strong><br>Wir beginnen mit einem gemeinsamen Abendessen. Danach beraten und beschlie\u00dfen wir die Veranstaltungen und Aktivit\u00e4ten des kommenden Trimesters. Ideen und Anregungen k\u00f6nnen wir immer wieder gebrauchen.<\/p>\n\n\n\n<hr class=\"wp-block-separator has-alpha-channel-opacity\" \/>\n\n\n\n<p><em>Dienstag, 16. Januar 2024, 17.30 Uhr<\/em><br><strong>Hl. Messe &amp; Neujahrsempfang<\/strong><br>Wir beginnen um 17.30 Uhr mit der Feier der Heiligen Messe, danach wollen wir gemeinsam auf das neue Jahr ansto\u00dfen.<\/p>\n\n\n\n<hr class=\"wp-block-separator has-alpha-channel-opacity\" \/>\n\n\n\n<p><em>Dienstag, 23. Januar 2024, 19.15 Uhr<\/em><br><strong>Hl. Messe &amp; Themenabend: Kirche in Not<\/strong><br>Das internationale katholische Hilfswerk Kirche in Not ist eine Stiftung p\u00e4pstlichen Rechts. Schwerpunkt ist die pastorale Hilfe f\u00fcr verfolgte, bedr\u00e4ngte und notleidende Christen in rund 140 L\u00e4ndern.<\/p>\n\n\n\n<hr class=\"wp-block-separator has-alpha-channel-opacity\" \/>\n\n\n\n<p><em>Freitag, 26. Januar 2024, bis Sonntag, 28. Januar 2024<\/em><br><strong>Gemeindefahrt nach D\u00fcsseldorf<\/strong><br>D\u00fcsseldorf: die elegante, lebenswerte Stadt am Rhein steht nicht nur f\u00fcr Mode, Shopping, Kultur und au\u00dfergew\u00f6hnliche Events. Von der K\u00f6nigsallee, liebevoll \u201eK\u00f6\u201c genannt, ist es nicht weit zur historischen Altstadt. Ihr Flair ist weltber\u00fchmt, in den Gassen pulsiert das Leben, und die facettenreiche Kulturszene bietet spektakul\u00e4re Events und Ausstellungen. Die katholische Kirche ist im Rheinland untrennbar mit dem Leben in der Stadt und der Region verbunden. Gemeinsam wollen wir mit den aktiven Gemeindemitgliedern die Facetten dieser faszinierenden Stadt erkunden. \u00dcbernachtung auf Luftmatratzen im Jugendheim der Kirchengemeinde St. Mari\u00e4 Empf\u00e4ngnis\/D\u00fcsseldorf<\/p>\n\n\n\n<hr class=\"wp-block-separator has-alpha-channel-opacity\" \/>\n\n\n\n<p><em>Dienstag, 30. Januar 2024, 19.15 Uhr<\/em><br><strong>Hl. Messe &amp; Themenabend USA<\/strong><br>Ein Student der <abbr title=\"Helmut Schmidt Universit\u00e4t\">HSU<\/abbr> berichtet von seiner Zeit an der <strong>United States Air Force Academy (USAFA)<\/strong> in Colorado\/USA<\/p>\n\n\n\n<hr class=\"wp-block-separator has-alpha-channel-opacity\" \/>\n\n\n\n<p><em>Freitag, 2. Februar 2024, 8 Uhr<\/em><br><strong>Mari\u00e4 Lichtmess: Andacht &amp; Fr\u00fchst\u00fcck<\/strong><br>40 Tage nach Weihnachten, am 2. Februar, feiert die katholische Kirche das <em>\u201eFest der Darstellung des Herrn\u201c<\/em>, welches im Volksmund besser unter dem Namen <em>\u201eMari\u00e4 Lichtmess\u201c<\/em> bekannt ist. Das Fest kn\u00fcpft an das Lukas-Evangelium an, wonach Jesus wie alle j\u00fcdischen Erstgeborenen 40 Tage nach seiner Geburt von seinen Eltern zum Tempel in Jerusalem gebracht und dem Herrn <em>\u201edargestellt\u201c<\/em>, also geweiht wurde. Im Lukasevangelium hei\u00dft es au\u00dferdem, dass Simeon und Hanna in Jesus den Erl\u00f6ser erkannten, ein <em>\u201eLicht zur Erleuchtung der Heiden\u201c.<\/em><\/p>\n\n\n\n<hr class=\"wp-block-separator has-alpha-channel-opacity\" \/>\n\n\n\n<p><em>Dienstag, 6. Februar 2024, 19.15 Uhr<\/em><br><strong>Hl. Messe (mit Blasiussegen) &amp; Themenabend \u201eMarsch\/Pilgern\/Wandern\u201c<\/strong><br>Am Ende der Heiligen Messe wird der <strong>Blasiussegen<\/strong> gespendet. Bei der Spendung des Blasiussegens h\u00e4lt der Priester dem Gl\u00e4ubigen zwei gekreuzte brennende Kerzen in H\u00f6he des Halses vor und spricht: \u201eAuf die F\u00fcrsprache des heiligen Blasius bewahre dich der Herr vor Halskrankheit und allem B\u00f6sen. Es segne dich Gott, der Vater und der Sohn und der Heilige Geist.\u201c Blasius war Bischof von Sebaste in Kleinasien und starb 316 f\u00fcr seinen Glauben. Die bekannteste Erz\u00e4hlung \u00fcber Blasius berichtet, wie er w\u00e4hrend seiner Gefangenschaft in einem r\u00f6mischen Gef\u00e4ngnis einem jungen Mann, der an einer Fischgr\u00e4te zu ersticken drohte, das Leben rettete. Deshalb erteilt die Kirche den Blasiussegen zum Schutz gegen Halskrankheiten. Darin kommt das gl\u00e4ubige Vertrauen auf die Heilzusage Gottes gerade auch f\u00fcr das leibliche Wohlergehen des erl\u00f6sungsbed\u00fcrftigen Menschen zum Ausdruck.<br>Nach der Hl. Messe (19.15 Uhr) findet ein gemeinsames Abendessen statt. In Zusammenarbeit mit der <strong>Marsch IG<\/strong> stellen wir das <strong>Marschieren\/Wandern\/Pilgern<\/strong> vor.<\/p>\n\n\n\n<hr class=\"wp-block-separator has-alpha-channel-opacity\" \/>\n\n\n\n<p><em>(Karnevals-)Dienstag, 13. Februar 2024, 19.15 Uhr<\/em><br><strong>Hl. Messe &amp; Spieleabend<\/strong><\/p>\n\n\n\n<hr class=\"wp-block-separator has-alpha-channel-opacity\" \/>\n\n\n\n<p><em>Aschermittwoch, 14. Februar 2024, 11.30 Uhr<\/em><br><strong>Hl. Messe mit Aschenkreuz &amp; Fischessen<\/strong><br>Mit dem Aschermittwoch beginnt die 40-t\u00e4gige Fastenzeit vor Ostern. Die Bezeichnung Aschermittwoch kommt von dem Brauch, im Gottesdienst am Aschermittwoch die Asche vom Verbrennen der Palmzweige des Vorjahres zu segnen und die Gl\u00e4ubigen mit einem Kreuz aus dieser Asche zu bezeichnen.<\/p>\n\n\n\n<hr class=\"wp-block-separator has-alpha-channel-opacity\" \/>\n\n\n\n<p><em>Dienstag, 20. Februar 2024, 19.15 Uhr<\/em><br><strong>Hl. Messe &amp; Themenabend Lourdes<\/strong><br>Vom Mittwoch, den 22. Mai 2024, bis zum Dienstag, den 28. Mai 2024, findet die 64. Internationale Soldatenwallfahrt nach Lourdes statt.<br>Wir werden von den letzten Wallfahrten berichten und die Soldatenwallfahrt vorstellen. Vor dem Themenabend besteht die M\u00f6glichkeit zum Besuch der Hl. Messe (19.15 Uhr) und zum Abendessen.<\/p>\n\n\n\n<hr class=\"wp-block-separator has-alpha-channel-opacity\" \/>\n\n\n\n<p><em>Dienstag, 27. Februar 2024, 19.15 Uhr<\/em><br><strong>Hl. Messe &amp; Gemeindeabend<\/strong><\/p>\n\n\n\n<hr class=\"wp-block-separator has-alpha-channel-opacity\" \/>\n\n\n\n<p><em>Donnerstag, 29. Februar 2024, 11.30 Uhr<\/em><br><strong>Atempause = Kurzandacht &amp; Mittagessen<\/strong><\/p>\n\n\n\n<hr class=\"wp-block-separator has-alpha-channel-opacity\" \/>\n\n\n\n<p><em>Dienstag, 5. M\u00e4rz 2024, 19.15 Uhr<\/em><br><strong>Hl. Messe &amp; Themenabend&nbsp;<\/strong><br>In Zusammenarbeit mit dem Sprachenzentrum wird dieser Themenabend vorbereitet. Geplant ist eine kulinarische Reise durch die L\u00e4nder der ehemaligen Sowjetunion.<\/p>\n\n\n\n<hr class=\"wp-block-separator has-alpha-channel-opacity\" \/>\n\n\n\n<p><em>Samstag &amp; Sonntag, 9.\/10. M\u00e4rz 2024<\/em><br><strong>Der Jakobsweg \u2013 eine Wanderung<\/strong><br>Zusammen mit der Marsch IG brechen wir zu einer gemeinsamen Wanderung in und um Hamburg auf. Dabei werden wir uns an den Routen des Jakobswegs im Norden orientieren.<\/p>\n\n\n\n<hr class=\"wp-block-separator has-alpha-channel-opacity\" \/>\n\n\n\n<p><em>Dienstag, 12. M\u00e4rz 2024, 19.15 Uhr<\/em><br><strong>Hl. Messe &amp; Themenabend \u201eEssen aus der Heimat\u201c<\/strong><br>In der KHG kommen Menschen aus Nord und S\u00fcd, Ost und West zusammen. Gemeinschaftlich wollen wir die unterschiedlichen kulinarischen Spezialit\u00e4ten und Lieblingsgerichte erkunden.<\/p>\n\n\n\n<hr class=\"wp-block-separator has-alpha-channel-opacity\" \/>\n\n\n\n<p><em>Montag, 18. M\u00e4rz 2024, 8 Uhr<\/em><br><strong>St. Patrick\u2019s Day: Andacht &amp; Fr\u00fchst\u00fcck<\/strong><br>Der St. Patrick\u2019s Day (Irisch: L\u00e1 Fh\u00e9ile P\u00e1draig) ist der Gedenktag des irischen Bischofs Patrick, der wahrscheinlich im 5. Jahrhundert lebte und als erster christliche Missionar in Irland gilt.<\/p>\n\n\n\n<hr class=\"wp-block-separator has-alpha-channel-opacity\" \/>\n\n\n\n<p><em>Dienstag, 19. M\u00e4rz 2024, 19.15 Uhr<\/em><br><strong>Hl. Messe &amp; Gemeindeabend<\/strong><\/p>\n\n\n\n<hr class=\"wp-block-separator has-alpha-channel-opacity\" \/>\n\n\n\n<p><em>Dienstag, 26. M\u00e4rz 2024, 17\/19.15 Uhr<\/em><br><strong>Hl. Messe (zu Palmsonntag) &amp; Gemeindeabend<\/strong><br>Am Palmsonntag, dem Sonntag vor Ostern wird der Einzug Jesu Christi in Jerusalem gedacht. Zum Zeichen seines K\u00f6nigtums jubelte das Volk ihm zu. Um daran zu erinnern, werden im Gottesdienst Palmst\u00f6cke (besonders geschm\u00fcckte Buchsbaumb\u00fcschel) mit Weiwasser gesegnet und in der kirchlichen Prozession als \u201eZeichen des Lebens und des Sieges\u201c mitgetragen.<br>Vor dem Gottesdienst wollen wir gemeinsam Osterl\u00e4mmer backen und Ostereier f\u00e4rben.<\/p>\n\n\n\n<hr class=\"wp-block-separator has-alpha-channel-opacity\" \/>\n\n\n\n<p><em>Donnerstag, 28. M\u00e4rz 2024, 8.00 Uhr<\/em><br><strong>Hl. Messe zu Gr\u00fcndonnerstag &amp; Brunch<\/strong><br>Am Gr\u00fcndonnerstag gedenken wir des letzten Abendmahls Jesu mit seinen J\u00fcngern. Der Name Gr\u00fcndonnerstag geht auf das mittelhochdeutsche Wort \u201egreinen\u201c (wehklagen) zur\u00fcck. Nach dem letzten Mahl wird Jesus von Judas verraten und sp\u00e4ter gekreuzigt. Zuvor bat er seine J\u00fcnger, zum Ged\u00e4chtnis an seinen Tod k\u00fcnftig gemeinsam das Abendmahl zu feiern.<\/p>\n","protected":false},"excerpt":{"rendered":"<p>Planungsstand: 22. November 2023 jeden Dienstag um 18.00 Uhr und jeden Mittwoch um 17.30 Uhr&nbsp;Bibelgruppe &#8211; Zeit f\u00fcr GottEs ist das meistverbreitete Buch der Welt, \u00f6fter \u00fcbersetzt als jedes andere [&hellip;]<\/p>\n","protected":false},"author":1538,"featured_media":0,"parent":0,"menu_order":0,"comment_status":"closed","ping_status":"closed","template":"","meta":{"footnotes":""},"categories":[4],"tags":[],"class_list":["post-803","page","type-page","status-publish","hentry","category-forschung"],"_links":{"self":[{"href":"https:\/\/www.hsu-hh.de\/kath\/wp-json\/wp\/v2\/pages\/803","targetHints":{"allow":["GET"]}}],"collection":[{"href":"https:\/\/www.hsu-hh.de\/kath\/wp-json\/wp\/v2\/pages"}],"about":[{"href":"https:\/\/www.hsu-hh.de\/kath\/wp-json\/wp\/v2\/types\/page"}],"author":[{"embeddable":true,"href":"https:\/\/www.hsu-hh.de\/kath\/wp-json\/wp\/v2\/users\/1538"}],"replies":[{"embeddable":true,"href":"https:\/\/www.hsu-hh.de\/kath\/wp-json\/wp\/v2\/comments?post=803"}],"version-history":[{"count":1,"href":"https:\/\/www.hsu-hh.de\/kath\/wp-json\/wp\/v2\/pages\/803\/revisions"}],"predecessor-version":[{"id":804,"href":"https:\/\/www.hsu-hh.de\/kath\/wp-json\/wp\/v2\/pages\/803\/revisions\/804"}],"wp:attachment":[{"href":"https:\/\/www.hsu-hh.de\/kath\/wp-json\/wp\/v2\/media?parent=803"}],"wp:term":[{"taxonomy":"category","embeddable":true,"href":"https:\/\/www.hsu-hh.de\/kath\/wp-json\/wp\/v2\/categories?post=803"},{"taxonomy":"post_tag","embeddable":true,"href":"https:\/\/www.hsu-hh.de\/kath\/wp-json\/wp\/v2\/tags?post=803"}],"curies":[{"name":"wp","href":"https:\/\/api.w.org\/{rel}","templated":true}]}}