{"id":798,"date":"2024-12-20T09:52:39","date_gmt":"2024-12-20T08:52:39","guid":{"rendered":"https:\/\/www.hsu-hh.de\/kath\/?page_id=798"},"modified":"2024-12-20T09:52:40","modified_gmt":"2024-12-20T08:52:40","slug":"programm-herbsttrimester-2023","status":"publish","type":"page","link":"https:\/\/www.hsu-hh.de\/kath\/programm-herbsttrimester-2023","title":{"rendered":"Programm &#8211; Herbsttrimester 2023"},"content":{"rendered":"\n<p>Planungsstand: 20. Juni 2023<\/p>\n\n\n\n<hr class=\"wp-block-separator has-alpha-channel-opacity\" \/>\n\n\n\n<p><em>Montag, 25. September 2023<\/em><br><strong>Beginn der O-Phase<\/strong><\/p>\n\n\n\n<hr class=\"wp-block-separator has-alpha-channel-opacity\" \/>\n\n\n\n<p><em>Dienstag, 26. September 2023, 19.15 Uhr<\/em><br><strong>Gottesdienst &amp; Gemeindeabend<\/strong><\/p>\n\n\n\n<hr class=\"wp-block-separator has-alpha-channel-opacity\" \/>\n\n\n\n<p><em>Mittwoch, 4. Oktober 2023, 11.30 Uhr&nbsp;&nbsp;<\/em><br><strong>Atempause = Kurzandacht &amp; Mittagessen&nbsp;&nbsp;&nbsp;&nbsp;&nbsp;&nbsp;&nbsp;&nbsp;<\/strong><br>Die Atempause ist eine Kurzandacht mit anschlie\u00dfendem Mittagessen. Nach der vorlesungsfreien Zeit, m\u00f6chten wir eine Gelegenheit bieten, einmal tief durchzuatmen, um in ein neues akademisches Jahr zu starten.<\/p>\n\n\n\n<hr class=\"wp-block-separator has-alpha-channel-opacity\" \/>\n\n\n\n<p><em>Dienstag, 10. Oktober 2023, 19.15\/20.00 Uhr&nbsp;&nbsp;<\/em><br><strong>Hl. Messe &amp;<\/strong> Trimesterer\u00f6ffnungsgrillen<br>Um die neuen Studierenden geb\u00fchrend willkommen hei\u00dfen zu k\u00f6nnen, wird der Grill der KHG angeschmissen! Die KHG l\u00e4dt alle, die Lust haben, zu einem gem\u00fctlichen Grillabend und einer F\u00fchrung durch das Haus ein. Hier ist egal welcher Konfession man angeh\u00f6rt oder auch nicht, wir freuen uns \u00fcber jeden Gast. Das Grillen wird nach der Hl. Messe um 19.15 Uhr, also etwa gegen 20.00 Uhr, egal bei welchem Wetter, stattfinden.<\/p>\n\n\n\n<hr class=\"wp-block-separator has-alpha-channel-opacity\" \/>\n\n\n\n<p><em>Dienstag, 17. Oktober 2023, 19.15 Uhr &nbsp;<\/em><br><strong>Hl. Messe &amp; Gemeindeabend: Spieleabend (Siedler &amp; Co.)&nbsp;&nbsp;&nbsp;&nbsp;&nbsp;<\/strong><br>Der Gemeindeabend steht ganz unter dem Motto: Lasset die Spiele beginnen! Nach der Hl. Messe um 19.15 Uhr wird es einen Spieleabend geben. Egal ob Brett- oder Kartenspiel, es wird f\u00fcr jeden etwas dabei sein.<\/p>\n\n\n\n<hr class=\"wp-block-separator has-alpha-channel-opacity\" \/>\n\n\n\n<p><em>Donnerstag, 19. Oktober 2023, 8 Uhr<\/em><br><strong>Andacht &amp; Fr\u00fchst\u00fcck<\/strong><\/p>\n\n\n\n<hr class=\"wp-block-separator has-alpha-channel-opacity\" \/>\n\n\n\n<p><em>Dienstag, 24. Oktober 2023, 19.15 Uhr&nbsp;<\/em><br><strong>Hl. Messe &amp; BlindCooking&nbsp;&nbsp;&nbsp;&nbsp;&nbsp;&nbsp;&nbsp;&nbsp;<\/strong><br>BlindCooking \u2013 Kochen mal ganz anders: Habt ihr schon mal versucht, mit verbundenen Augen zu kochen? Das ist bestimmt ziemlich unm\u00f6glich, jedoch nicht, wenn man jemanden an seiner Seite hat, der einen anleitet. In Zweierteams (blind\/sehend) werden wir ein komplettes Men\u00fc kochen und dabei von einem Profi angeleitet, der selbst blind geboren wurde.<\/p>\n\n\n\n<hr class=\"wp-block-separator has-alpha-channel-opacity\" \/>\n\n\n\n<p><em>Donnerstag, 26. Oktober 2023&nbsp;<\/em><br><strong>Tag der IGs\/AGs&nbsp;&nbsp;&nbsp;<\/strong><br>Am Tag der IGs &amp; AGs wird auch die Katholische Hochschulgemeinde mit einem Stand vertreten sein. Wir freuen uns auf Euren Besuch!<\/p>\n\n\n\n<hr class=\"wp-block-separator has-alpha-channel-opacity\" \/>\n\n\n\n<p><em>Freitag, 27. Oktober 2023, bis Sonntag, 29. Oktober 2023&nbsp;&nbsp;&nbsp;&nbsp;&nbsp;<\/em><br><strong>Aktiven- und Ehemaligentreff in Duderstadt&nbsp;<\/strong><br>Das Aktiven- und Ehemaligentreff der (Alt-)KHGler und ihrer Familien hat eine lange Tradition. Inzwischen sind einige Kinder der Ehemaligen selbst aktive Soldaten der Bundeswehr. Zusammen mit den aktiven Gemeindemitgliedern gibt es einen regen kameradschaftlichen Austausch \u00fcber die Generationen hinweg. Neben thematischen Impulsen festigt das Wochenende im Harz alte Freundschaften und begr\u00fcndet neue. Anmeldung \u00fcber die Dienststelle im DB\/H4.<\/p>\n\n\n\n<hr class=\"wp-block-separator has-alpha-channel-opacity\" \/>\n\n\n\n<p><em>Dienstag, 7. November 2023, 19.15 Uhr<\/em><br><strong>Hl. Messe &amp; Themenabend Sanit\u00e4t\/Unfallchirurgie&nbsp;&nbsp;<\/strong><br>Ein Unfallchirurg der Bundeswehr berichtet von seinen Erfahrungen im In- und Ausland.<\/p>\n\n\n\n<hr class=\"wp-block-separator has-alpha-channel-opacity\" \/>\n\n\n\n<p><em>Freitag, 10. November 2023, 8 Uhr&nbsp;&nbsp;&nbsp;<\/em><br><strong>Andacht &amp; Fr\u00fchst\u00fcck&nbsp;&nbsp;&nbsp;&nbsp;&nbsp;&nbsp;<\/strong><br>Am 10. November 2015 starb Helmut Schmidt im Alter von 97 Jahren. In der Andacht wollen wir zu seinem 8. Todestag an den gro\u00dfen Hamburger erinnern.<\/p>\n\n\n\n<hr class=\"wp-block-separator has-alpha-channel-opacity\" \/>\n\n\n\n<p><em>Montag, 13. November 2023, 19 Uhr<\/em><br><strong>Planungstreff&nbsp;&nbsp;&nbsp;&nbsp;&nbsp;&nbsp;&nbsp;&nbsp;<\/strong><br>Wir beginnen mit einem gemeinsamen Abendessen. Danach beraten und beschlie\u00dfen wir die Veranstaltungen und Aktivit\u00e4ten des kommenden Trimesters. Ideen und Anregungen k\u00f6nnen wir immer wieder gebrauchen.<\/p>\n\n\n\n<hr class=\"wp-block-separator has-alpha-channel-opacity\" \/>\n\n\n\n<p><em>Dienstag, 14. November 2023, 17.30 Uhr&nbsp;&nbsp;&nbsp;&nbsp;&nbsp;&nbsp;<\/em><br><strong>Patrozinium: Hl. Messe &amp; Empfang&nbsp;&nbsp;&nbsp;<\/strong><br>Gerade f\u00fcr Soldaten hat der Heilige Martin eine besondere Bedeutung, denn er ist nicht nur der Patron der reisenden und Armen, sondern auch der Soldaten. An diesem Tag findet die Hl. Messe bereits um 17.30 Uhr statt.<\/p>\n\n\n\n<hr class=\"wp-block-separator has-alpha-channel-opacity\" \/>\n\n\n\n<p><em>Dienstag, 21. November 2023, 16 Uhr\/19.15 Uhr&nbsp;&nbsp;&nbsp;&nbsp;<\/em><br><strong>16 Uhr Pl\u00e4tzchenbacken &nbsp;&nbsp;&nbsp;&nbsp;&nbsp;&nbsp;<\/strong><br><strong>19.15 Uhr Hl. Messe &amp; Gemeindeabend&nbsp;&nbsp;&nbsp;&nbsp;&nbsp;&nbsp;<\/strong><br>Um uns auf die Advents- und Weihnachtszeit einzustimmen, m\u00f6chten wir die Gelegenheit nutzen, zusammen Pl\u00e4tzchen zu backen. Die Pl\u00e4tzchen werden wir zu Soldaten schicken, die \u00fcber Weihnachten im Einsatz sind. Im Anschluss berichtet ein Soldat, wie er pers\u00f6nlich Weihnachten im Einsatz verbracht hat.<\/p>\n\n\n\n<hr class=\"wp-block-separator has-alpha-channel-opacity\" \/>\n\n\n\n<p><em>Dienstag, 28. November 2023, 19.15 Uhr<\/em><br><strong>Hl. Messe &amp; Gemeindeabend<\/strong><\/p>\n\n\n\n<hr class=\"wp-block-separator has-alpha-channel-opacity\" \/>\n\n\n\n<p><em>Samstag, 2. Dezember 2023&nbsp;&nbsp;&nbsp;&nbsp;&nbsp;<\/em><br><strong>Gr\u00fcndungsfest der \u00c9cole Sp\u00e9ciale Militaire de Saint-Cyr\/Frankreich&nbsp;<\/strong><br>In der Schlacht bei Austerlitz (1805) fiel der erste Soldat der \u00c9cole Sp\u00e9ciale Militaire de Saint-Cyr, von woher jedes Jahr einige Studierende ihr Studium an der <abbr title=\"Helmut Schmidt Universit\u00e4t\">HSU<\/abbr> aufnehmen.<\/p>\n\n\n\n<hr class=\"wp-block-separator has-alpha-channel-opacity\" \/>\n\n\n\n<p><em>Dienstag, 5. Dezember 2023, 19.15 Uhr<\/em><br><strong>Nikolausabend: Messe &amp; Gemeindeabend<\/strong><br>Der Nikolaus kommt!<\/p>\n\n\n\n<hr class=\"wp-block-separator has-alpha-channel-opacity\" \/>\n\n\n\n<p><em>Mittwoch, 6. Dezember 2023, 8 Uhr<\/em><br><strong>Andacht &amp; Fr\u00fchst\u00fcck: Der Nikolaus kommt!<\/strong><\/p>\n\n\n\n<hr class=\"wp-block-separator has-alpha-channel-opacity\" \/>\n\n\n\n<p><em>Dienstag, 12. Dezember 2023, 19.15 Uhr&nbsp;&nbsp;&nbsp;&nbsp;&nbsp;&nbsp;&nbsp;&nbsp;&nbsp;&nbsp;&nbsp;<\/em><br><strong>Hl. Messe &amp; Feuerzangenbowle (Film &amp; Getr\u00e4nk)&nbsp;&nbsp;&nbsp;&nbsp;&nbsp;&nbsp;<\/strong><br>Im Anschluss an die Hl. Messe um 19.15 Uhr schauen wir den Film \u201eDie Feuerzangenbowle\u201c und genie\u00dfen zusammen selbiges Getr\u00e4nk bei einem geselligen Gemeindeabend.<\/p>\n\n\n\n<hr class=\"wp-block-separator has-alpha-channel-opacity\" \/>\n\n\n\n<p><em>Dienstag, 19. Dezember 2023, 19.15 Uhr<\/em><br><strong>Hl. Messe &amp; Gemeindeabend<\/strong><\/p>\n\n\n\n<hr class=\"wp-block-separator has-alpha-channel-opacity\" \/>\n\n\n\n<p><em>Mittwoch, 20. Dezember 2023, 10.30 Uhr<\/em><br><strong>Einstimmung auf Weihnachten: Gottesdienst &amp; Brunch<\/strong><\/p>\n","protected":false},"excerpt":{"rendered":"<p>Planungsstand: 20. Juni 2023 Montag, 25. September 2023Beginn der O-Phase Dienstag, 26. September 2023, 19.15 UhrGottesdienst &amp; Gemeindeabend Mittwoch, 4. Oktober 2023, 11.30 Uhr&nbsp;&nbsp;Atempause = Kurzandacht &amp; Mittagessen&nbsp;&nbsp;&nbsp;&nbsp;&nbsp;&nbsp;&nbsp;&nbsp;Die Atempause ist [&hellip;]<\/p>\n","protected":false},"author":1538,"featured_media":0,"parent":0,"menu_order":0,"comment_status":"closed","ping_status":"closed","template":"","meta":{"footnotes":""},"categories":[4],"tags":[],"class_list":["post-798","page","type-page","status-publish","hentry","category-forschung"],"_links":{"self":[{"href":"https:\/\/www.hsu-hh.de\/kath\/wp-json\/wp\/v2\/pages\/798","targetHints":{"allow":["GET"]}}],"collection":[{"href":"https:\/\/www.hsu-hh.de\/kath\/wp-json\/wp\/v2\/pages"}],"about":[{"href":"https:\/\/www.hsu-hh.de\/kath\/wp-json\/wp\/v2\/types\/page"}],"author":[{"embeddable":true,"href":"https:\/\/www.hsu-hh.de\/kath\/wp-json\/wp\/v2\/users\/1538"}],"replies":[{"embeddable":true,"href":"https:\/\/www.hsu-hh.de\/kath\/wp-json\/wp\/v2\/comments?post=798"}],"version-history":[{"count":1,"href":"https:\/\/www.hsu-hh.de\/kath\/wp-json\/wp\/v2\/pages\/798\/revisions"}],"predecessor-version":[{"id":799,"href":"https:\/\/www.hsu-hh.de\/kath\/wp-json\/wp\/v2\/pages\/798\/revisions\/799"}],"wp:attachment":[{"href":"https:\/\/www.hsu-hh.de\/kath\/wp-json\/wp\/v2\/media?parent=798"}],"wp:term":[{"taxonomy":"category","embeddable":true,"href":"https:\/\/www.hsu-hh.de\/kath\/wp-json\/wp\/v2\/categories?post=798"},{"taxonomy":"post_tag","embeddable":true,"href":"https:\/\/www.hsu-hh.de\/kath\/wp-json\/wp\/v2\/tags?post=798"}],"curies":[{"name":"wp","href":"https:\/\/api.w.org\/{rel}","templated":true}]}}