{"id":796,"date":"2024-12-20T09:52:29","date_gmt":"2024-12-20T08:52:29","guid":{"rendered":"https:\/\/www.hsu-hh.de\/kath\/?page_id=796"},"modified":"2024-12-20T09:52:30","modified_gmt":"2024-12-20T08:52:30","slug":"programm-fruehjahrstrimester-2023","status":"publish","type":"page","link":"https:\/\/www.hsu-hh.de\/kath\/programm-fruehjahrstrimester-2023","title":{"rendered":"Programm &#8211; Fr\u00fchjahrstrimester 2023"},"content":{"rendered":"\n<p>Planungsstand: 2. M\u00e4rz 2023<\/p>\n\n\n\n<p><em>Dienstag, 4. April 2023, 17.00\/19.15 Uhr<\/em><\/p>\n\n\n\n<p><strong>17.00 Uhr: Backen von Osterl\u00e4mmern &amp; Bemalen\/F\u00e4rben von Ostereiern&nbsp;&nbsp;&nbsp;&nbsp;&nbsp;&nbsp;&nbsp;<\/strong><br><strong>19.15 Uhr: Hl. Messe (zu Palmsonntag) &amp; Gemeindeabend&nbsp;&nbsp;<\/strong><br>Am Palmsonntag, dem Sonntag vor Ostern wird der Einzug Jesu Christi in Jerusalem gedacht. Zum Zeichen seines K\u00f6nigtums jubelte das Volk ihm zu. Um daran zu erinnern, werden im Gottesdienst Palmst\u00f6cke (besonders geschm\u00fcckte Buchsbaumb\u00fcschel) mit Weiwasser gesegnet und in der kirchlichen Prozession als \u201eZeichen des Lebens und des Sieges\u201c mitgetragen.<\/p>\n\n\n\n<hr class=\"wp-block-separator has-alpha-channel-opacity\" \/>\n\n\n\n<p><em>Donnerstag, 6. April 2023, 10.30 Uhr<\/em><br><strong>Hl. Messe zu Gr\u00fcndonnerstag &amp; Brunch<\/strong><\/p>\n\n\n\n<hr class=\"wp-block-separator has-alpha-channel-opacity\" \/>\n\n\n\n<p><em>Dienstag, 11. April 2023, 19.15 Uhr&nbsp;&nbsp;&nbsp;&nbsp;<\/em><br><strong>Hl. Messe &amp; Osterfeuer&nbsp;&nbsp;&nbsp;<\/strong><br>Nach der Hl. Messe (19.15 Uhr), entz\u00fcnden wir im Garten der KHG ein Osterfeuer. Dazu machen wir Stockbrot.<\/p>\n\n\n\n<hr class=\"wp-block-separator has-alpha-channel-opacity\" \/>\n\n\n\n<p><em>Dienstag, 18. April 2023, 19.15 Uhr<\/em><br><strong>Wortgottesdienst &amp; Gemeindeabend<\/strong><\/p>\n\n\n\n<hr class=\"wp-block-separator has-alpha-channel-opacity\" \/>\n\n\n\n<p><em>Dienstag, 25. April 2023, 19.15 Uhr<\/em><br><strong>Hl. Messe &amp; Themenabend: Naval Academy\/USA<\/strong><\/p>\n\n\n\n<hr class=\"wp-block-separator has-alpha-channel-opacity\" \/>\n\n\n\n<p><em>Dienstag, 2. Mai 2023, 19.15 Uhr&nbsp;&nbsp;&nbsp;&nbsp;&nbsp;&nbsp;&nbsp;<\/em><br><strong>Hl. Messe &amp; Vortreffen Lourdes&nbsp;&nbsp;&nbsp;&nbsp;&nbsp;&nbsp;&nbsp;&nbsp;&nbsp;<\/strong><br>Nach der Hl. Messe treffen sich, parallel zum Gemeindeabend mit Abendessen, alle Lourdes-Pilger, um letzte Absprachen und Informationen auszutauschen.<\/p>\n\n\n\n<hr class=\"wp-block-separator has-alpha-channel-opacity\" \/>\n\n\n\n<p><em>Mittwoch, 3. Mai 2023, 8 Uhr&nbsp;&nbsp;<\/em><br><strong>Maiandacht &amp; Fr\u00fchst\u00fcck&nbsp;&nbsp;&nbsp;&nbsp;&nbsp;<\/strong><br>Eine Maiandacht ist ein Wortgottesdienst zu Ehren Mariens. Wortgottesdienst zu Ehren Mariens. Der Mai gilt kirchlich traditionell als \u201eMarienmonat\u201c. Die Gottesmutter wird in der christlichen Spiritualit\u00e4t als Sinnbild f\u00fcr die lebensbejahende Kraft des Fr\u00fchlings und seiner \u00fcberbordenden Fruchtbarkeit verehrt. Maria steht am Beginn des Heilswerkes Gottes und symbolisiert somit den \u201eFr\u00fchling des Heils\u201c.<\/p>\n\n\n\n<hr class=\"wp-block-separator has-alpha-channel-opacity\" \/>\n\n\n\n<p><em>Dienstag, 9. Mai 2023, 19.15 Uhr&nbsp;&nbsp;&nbsp;&nbsp;&nbsp;&nbsp;&nbsp;<\/em><br><strong>Hl. Messe (mit Reisesegen) &amp; Gemeindeabend&nbsp;&nbsp;<\/strong><br>Allen Lourdes-Pilgern (10.-16. Mai) w\u00fcnschen wir eine gute Wallfahrt<br>und bitten um Gottes Segen.<\/p>\n\n\n\n<hr class=\"wp-block-separator has-alpha-channel-opacity\" \/>\n\n\n\n<p><em>Mittwoch, 10. Mai 2023, bis Dienstag, 16. Mai 2023<\/em><br><strong>Internationale Soldatenwallfahrt nach Lourdes<\/strong><\/p>\n\n\n\n<hr class=\"wp-block-separator has-alpha-channel-opacity\" \/>\n\n\n\n<p><em>Dienstag, 16. Mai 2023, 19.15 Uhr<\/em><br><strong>Hl. Messe &amp; Gemeindeabend<\/strong><\/p>\n\n\n\n<hr class=\"wp-block-separator has-alpha-channel-opacity\" \/>\n\n\n\n<p><em>Dienstag, 23. Mai 2023, 19.15 Uhr<\/em><br><strong>Hl. Messe &amp; Nachtreffen Lourdes<\/strong><br>Wir berichten von der diesj\u00e4hrigen Lourdes-Wallfahrt und zeigen Fotos.<\/p>\n\n\n\n<hr class=\"wp-block-separator has-alpha-channel-opacity\" \/>\n\n\n\n<p><em>Dienstag, 30. Mai 2023, 19.15 Uhr<\/em><br><strong>Gottesdienst (zu Pfingsten) &amp; Gemeindeabend<\/strong><\/p>\n\n\n\n<hr class=\"wp-block-separator has-alpha-channel-opacity\" \/>\n\n\n\n<p><em>Dienstag, 6. Juni 2023, 19.15 Uhr<\/em><br><strong>Gottesdienst &amp; Spieleabend<\/strong><\/p>\n\n\n\n<hr class=\"wp-block-separator has-alpha-channel-opacity\" \/>\n\n\n\n<p><em>Dienstag, 13. Juni 2023, 19.15 Uhr<\/em><br><strong>Hl. Messe &amp; Gemeindeabend<\/strong><\/p>\n\n\n\n<hr class=\"wp-block-separator has-alpha-channel-opacity\" \/>\n\n\n\n<p><em>Donnerstag, 15. Juni 2023, 11.30 Uhr<\/em><br><strong>Atempause = Kurzandacht &amp; Mittagessen<\/strong><\/p>\n\n\n\n<hr class=\"wp-block-separator has-alpha-channel-opacity\" \/>\n\n\n\n<p><em>Montag, 19. Juni 2023, 19.00 Uhr&nbsp;&nbsp;&nbsp;<\/em><br><strong>Planungstreff &amp; Aufbau Sommerfest<\/strong><br>Wir beginnen mit einem gemeinsamen Abendessen. Beim anschlie\u00dfenden Planungstreffen beraten und beschlie\u00dfen wir die Veranstaltungen und Aktivit\u00e4ten des kommenden Trimesters. Ideen und Anregungen k\u00f6nnen wir immer gebrauchen! Auch sollen die letzten Vorbereitungen f\u00fcr das Sommerfest abgeschlossen werden.<\/p>\n\n\n\n<hr class=\"wp-block-separator has-alpha-channel-opacity\" \/>\n\n\n\n<p><em>Dienstag, 20. Juni 2023, 17.30 Uhr<\/em><br><strong>Hl. Messe &amp; Sommerfest &amp; Verabschiedung des 19er Jahrgangs&nbsp;<\/strong><br>Das Sommerfest findet bei jedem Wetter statt!<\/p>\n\n\n\n<hr class=\"wp-block-separator has-alpha-channel-opacity\" \/>\n\n\n\n<p><em>Dienstag, 27. Juni 2023, 19.15 Uhr&nbsp;&nbsp;&nbsp;&nbsp;&nbsp;<\/em><br><strong>Hl. Messe &amp; Trimesterabgrillen&nbsp;&nbsp;&nbsp;<\/strong><br>Beginn der \u201eSommerpause\u201c: Die regul\u00e4ren Gemeindeabende beginnen wieder im Oktober. \u00dcber Hl. Messen und Gemeindeabende innerhalb der Vorlesungsfreien Zeit wird \u00fcber Aush\u00e4nge und <abbr title=\"Helmut Schmidt Universit\u00e4t\">HSU<\/abbr>-Rundmails informiert werden.<\/p>\n\n\n\n<p><\/p>\n","protected":false},"excerpt":{"rendered":"<p>Planungsstand: 2. M\u00e4rz 2023 Dienstag, 4. April 2023, 17.00\/19.15 Uhr 17.00 Uhr: Backen von Osterl\u00e4mmern &amp; Bemalen\/F\u00e4rben von Ostereiern&nbsp;&nbsp;&nbsp;&nbsp;&nbsp;&nbsp;&nbsp;19.15 Uhr: Hl. Messe (zu Palmsonntag) &amp; Gemeindeabend&nbsp;&nbsp;Am Palmsonntag, dem Sonntag vor [&hellip;]<\/p>\n","protected":false},"author":1538,"featured_media":0,"parent":0,"menu_order":0,"comment_status":"closed","ping_status":"closed","template":"","meta":{"footnotes":""},"categories":[4],"tags":[],"class_list":["post-796","page","type-page","status-publish","hentry","category-forschung"],"_links":{"self":[{"href":"https:\/\/www.hsu-hh.de\/kath\/wp-json\/wp\/v2\/pages\/796","targetHints":{"allow":["GET"]}}],"collection":[{"href":"https:\/\/www.hsu-hh.de\/kath\/wp-json\/wp\/v2\/pages"}],"about":[{"href":"https:\/\/www.hsu-hh.de\/kath\/wp-json\/wp\/v2\/types\/page"}],"author":[{"embeddable":true,"href":"https:\/\/www.hsu-hh.de\/kath\/wp-json\/wp\/v2\/users\/1538"}],"replies":[{"embeddable":true,"href":"https:\/\/www.hsu-hh.de\/kath\/wp-json\/wp\/v2\/comments?post=796"}],"version-history":[{"count":1,"href":"https:\/\/www.hsu-hh.de\/kath\/wp-json\/wp\/v2\/pages\/796\/revisions"}],"predecessor-version":[{"id":797,"href":"https:\/\/www.hsu-hh.de\/kath\/wp-json\/wp\/v2\/pages\/796\/revisions\/797"}],"wp:attachment":[{"href":"https:\/\/www.hsu-hh.de\/kath\/wp-json\/wp\/v2\/media?parent=796"}],"wp:term":[{"taxonomy":"category","embeddable":true,"href":"https:\/\/www.hsu-hh.de\/kath\/wp-json\/wp\/v2\/categories?post=796"},{"taxonomy":"post_tag","embeddable":true,"href":"https:\/\/www.hsu-hh.de\/kath\/wp-json\/wp\/v2\/tags?post=796"}],"curies":[{"name":"wp","href":"https:\/\/api.w.org\/{rel}","templated":true}]}}