{"id":792,"date":"2024-12-20T09:46:48","date_gmt":"2024-12-20T08:46:48","guid":{"rendered":"https:\/\/www.hsu-hh.de\/kath\/?page_id=792"},"modified":"2024-12-20T09:46:49","modified_gmt":"2024-12-20T08:46:49","slug":"programm-wintertrimester-2023","status":"publish","type":"page","link":"https:\/\/www.hsu-hh.de\/kath\/programm-wintertrimester-2023","title":{"rendered":"Programm &#8211; Wintertrimester 2023"},"content":{"rendered":"\n<p>Planungsstand: 21. November 2022<\/p>\n\n\n\n<hr class=\"wp-block-separator has-alpha-channel-opacity\" \/>\n\n\n\n<p><em>Dienstag, 10. Januar 2023, 19.15 Uhr<\/em><br><strong>Hl. Messe &amp; erster Gemeindeabend 2023<\/strong><\/p>\n\n\n\n<hr class=\"wp-block-separator has-alpha-channel-opacity\" \/>\n\n\n\n<p><em>Mittwoch, 11. Januar 2023, 8.00 Uhr<\/em><br><strong>Andacht &amp; Fr\u00fchst\u00fcck zum Jahresbeginn<\/strong><\/p>\n\n\n\n<hr class=\"wp-block-separator has-alpha-channel-opacity\" \/>\n\n\n\n<p><em>Donnerstag, 12. Januar 2023, 10 Uhr<\/em><br><strong>Besuch der Sternsinger auf dem Roten Platz&nbsp;<\/strong><br>Wie auch in den letzten Jahren besuchen die Sternsinger die Helmut-Schmidt-Universit\u00e4t, um den Segen Gottes f\u00fcr die Universit\u00e4t und all ihrer Angeh\u00f6rigen zu erbitten. Dabei wird folgender Segensspruch mit Kreide&nbsp; auf die Wand geschrieben: <strong>20+C+M+B*23<\/strong> (Christus Mansionem Benedicat \u2013 Christus segne dieses Haus).<\/p>\n\n\n\n<hr class=\"wp-block-separator has-alpha-channel-opacity\" \/>\n\n\n\n<p><em>Dienstag, 17. Januar 2023, 17.15 Uhr<\/em><br><strong>Hl. Messe &amp; Neujahrsempfang<\/strong><br>Wir beginnen um 17.15 Uhr mit der Feier der Heiligen Messe, danach wollen wir gemeinsam auf das neue Jahr ansto\u00dfen.<\/p>\n\n\n\n<hr class=\"wp-block-separator has-alpha-channel-opacity\" \/>\n\n\n\n<p><em>Dienstag, 24. Januar 2023, 19.15 Uhr<\/em><br><strong>Hl. Messe &amp; Spieleabend<\/strong><\/p>\n\n\n\n<hr class=\"wp-block-separator has-alpha-channel-opacity\" \/>\n\n\n\n<p><em>Donnerstag, 26. Januar 2023, 11.30 Uhr<\/em><br><strong>Atempause = Kurzandacht &amp; Mittagessen<\/strong><\/p>\n\n\n\n<hr class=\"wp-block-separator has-alpha-channel-opacity\" \/>\n\n\n\n<p><em>Dienstag, 31. Januar 2023, 19.15 Uhr<\/em><br><strong>Wortgottesdienst und Gemeindeabend<\/strong><\/p>\n\n\n\n<hr class=\"wp-block-separator has-alpha-channel-opacity\" \/>\n\n\n\n<p><em>Donnerstag, 2. Februar 2023&nbsp;&nbsp;&nbsp;&nbsp;<\/em><br><strong>Weltfriedenstag in Hildesheim&nbsp;&nbsp;&nbsp;&nbsp;&nbsp;&nbsp;&nbsp;<\/strong><br>Mit vielen Soldaten, zivilen Mitarbeitern der Bundeswehr und Polizisten feiert Bischof <abbr title=\"Doktor\">Dr.<\/abbr> Heiner Wilmer im Dom zu Hildesheim einen Friedensgottesdienst. Im Anschluss besteht die M\u00f6glichkeit zum Gespr\u00e4ch und Begegnung mit dem Bischof und Mittagessen im Generalvikariat. Anmeldung \u00fcber das kath. Milit\u00e4rpfarramt Hamburg I.<\/p>\n\n\n\n<hr class=\"wp-block-separator has-alpha-channel-opacity\" \/>\n\n\n\n<p><em>Freitag, 3. Februar 2023, bis Sonntag, 5. Februar 2023&nbsp;&nbsp;&nbsp;&nbsp;&nbsp;&nbsp;&nbsp;&nbsp;<\/em><br><strong>Gemeindefahrt nach D\u00fcsseldorf&nbsp;&nbsp;&nbsp;<\/strong><br>D\u00fcsseldorf: die elegante, lebenswerte Stadt am Rhein steht nicht nur f\u00fcr Mode, Shopping, Kultur und au\u00dfergew\u00f6hnliche Events. Von der K\u00f6nigsallee, liebevoll \u201eK\u00f6\u201c genannt, ist es nicht weit zur historischen Altstadt. Ihr Flair ist weltber\u00fchmt, in den Gassen pulsiert das Leben, und die facettenreiche Kulturszene bietet spektakul\u00e4re Events und Ausstellungen. Die katholische Kirche ist im Rheinland untrennbar mit dem Leben in der Stadt und der Region verbunden. Gemeinsam wollen wir mit den aktiven Gemeindemitgliedern die Facetten dieser faszinierenden Stadt erkunden. \u00dcbernachtung auf Luftmatratzen im Jugendheim der Kirchengemeinde St. Mari\u00e4 Empf\u00e4ngnis\/D\u00fcsseldorf<\/p>\n\n\n\n<hr class=\"wp-block-separator has-alpha-channel-opacity\" \/>\n\n\n\n<p><em>Montag, 6. Februar 2023, 19 Uhr<\/em><br><strong>Planungstreff in der KHG<\/strong><br>Wir beginnen mit einem gemeinsamen Abendessen. Danach beraten und beschlie\u00dfen wir die Veranstaltungen und Aktivit\u00e4ten des kommenden Trimesters. Ideen und Anregungen k\u00f6nnen wir immer wieder gebrauchen.<\/p>\n\n\n\n<hr class=\"wp-block-separator has-alpha-channel-opacity\" \/>\n\n\n\n<p><em>Dienstag, 7. Februar 2023, 19.15 Uhr<\/em><br><strong>Hl. Messe (mit Blasiussegen) &amp; Themenabend \u201eMarsch\/Pilgern\/Wandern\u201c&nbsp;&nbsp;&nbsp;&nbsp;<\/strong><br>Am Ende der Heiligen Messe wird der Blasiussegen gespendet. Bei der Spendung des Blasiussegens h\u00e4lt der Priester dem Gl\u00e4ubigen zwei gekreuzte brennende Kerzen in H\u00f6he des Halses vor und spricht: <em>\u201eAuf die F\u00fcrsprache des heiligen Blasius bewahre dich der Herr vor Halskrankheit und allem B\u00f6sen. Es segne dich Gott, der Vater und der Sohn und der Heilige Geist.\u201c<\/em> Blasius war Bischof von Sebaste in Kleinasien und starb 316 f\u00fcr seinen Glauben. Die bekannteste Erz\u00e4hlung \u00fcber Blasius berichtet, wie er w\u00e4hrend seiner Gefangenschaft in einem r\u00f6mischen Gef\u00e4ngnis einem jungen Mann, der an einer Fischgr\u00e4te zu ersticken drohte, das Leben rettete. Deshalb erteilt die Kirche den Blasiussegen zum Schutz gegen Halskrankheiten. Darin kommt das gl\u00e4ubige Vertrauen auf die Heilzusage Gottes gerade auch f\u00fcr das leibliche Wohlergehen des erl\u00f6sungsbed\u00fcrftigen Menschen zum Ausdruck.<\/p>\n\n\n\n<p>Nach der Hl. Messe (19.15 Uhr) findet ein gemeinsames Abendessen statt. In Zusammenarbeit mit der <strong>Marsch IG<\/strong> stellen wir das Marschieren\/Wandern\/Pilgern vor.<\/p>\n\n\n\n<hr class=\"wp-block-separator has-alpha-channel-opacity\" \/>\n\n\n\n<p><em>Dienstag, 14. Februar 2023<\/em><br><strong>Valentinstag<\/strong><br><em>8.00 Uhr:<\/em> Andacht &amp; Fr\u00fchst\u00fcck<br><em>19.15 Uhr:<\/em> Hl. Messe &amp; Poetry Slam<\/p>\n\n\n\n<hr class=\"wp-block-separator has-alpha-channel-opacity\" \/>\n\n\n\n<p><em>Dienstag, 21. Februar 2023. 19.15 Uhr<\/em><br><strong>Hl. Messe &amp; Karnevalsfeier<\/strong><\/p>\n\n\n\n<hr class=\"wp-block-separator has-alpha-channel-opacity\" \/>\n\n\n\n<p><em>Aschermittwoch, 22. Februar 2023, 11.00 Uhr<\/em><br><strong>Hl. Messe mit Aschenkreuz &amp; Fischessen<\/strong><\/p>\n\n\n\n<hr class=\"wp-block-separator has-alpha-channel-opacity\" \/>\n\n\n\n<p><em>Dienstag, 28. Februar 2023, 19.15 Uhr&nbsp;&nbsp;&nbsp;<\/em><br><strong>Hl. Messe &amp; Themenabend Lourdes<\/strong><br>Vom Mittwoch, den 10. Mai, bis zum Dienstag, den 16. Mai 2023, findet die 63. Internationale Soldatenwallfahrt nach Lourdes statt. Wir werden von den letzten Wallfahrten berichten und die Soldatenwallfahrt vorstellen. Vor dem Themenabend besteht die M\u00f6glichkeit zum Besuch der Hl. Messe (19.15 Uhr) und zum Abendessen.<\/p>\n\n\n\n<hr class=\"wp-block-separator has-alpha-channel-opacity\" \/>\n\n\n\n<p><em>Samstag &amp; Sonntag, 4.\/5. M\u00e4rz 2022<\/em><br><strong>Der Jakobsweg \u2013 eine Wanderung<\/strong><br>Zusammen mit der Marsch IG brechen wir zu einer gemeinsamen Wanderung in und um Hamburg auf. Dabei werden wir uns an den Routen des Jakobswegs im Norden orientieren.<\/p>\n\n\n\n<hr class=\"wp-block-separator has-alpha-channel-opacity\" \/>\n\n\n\n<p><em>Montag, 6. M\u00e4rz 2023, 11.30 Uhr<\/em><br><strong>Atempause = Kurzandacht &amp; Mittagessen<\/strong><\/p>\n\n\n\n<hr class=\"wp-block-separator has-alpha-channel-opacity\" \/>\n\n\n\n<p><em>Dienstag, 7. M\u00e4rz 2023, 19.15 Uhr<\/em><br><strong>Hl. Messe &amp; Themenabend \u201eRussland-Ukraine\u201c<\/strong><br>In Zusammenarbeit mit dem Sprachenzentrum und dem Lehrstuhl f\u00fcr osteurop\u00e4ische Geschichte an der <abbr title=\"Helmut Schmidt Universit\u00e4t\">HSU<\/abbr> wird dieser Themenabend vorbereitet.<\/p>\n\n\n\n<hr class=\"wp-block-separator has-alpha-channel-opacity\" \/>\n\n\n\n<p><em>Dienstag, 14. M\u00e4rz 2023, 19.15 Uhr<\/em><br><strong>Hl. Messe &amp; Gemeindeabend<\/strong><\/p>\n\n\n\n<hr class=\"wp-block-separator has-alpha-channel-opacity\" \/>\n\n\n\n<p><em>Dienstag, 21. M\u00e4rz 2023, 19.15 Uhr<\/em><br><strong>Hl. Messe &amp; kulinarische Reise durch Europa<\/strong><\/p>\n\n\n\n<hr class=\"wp-block-separator has-alpha-channel-opacity\" \/>\n\n\n\n<p><em>Mittwoch, 22. M\u00e4rz 2023, 8 Uhr<\/em><br><strong>Andacht &amp; Fr\u00fchst\u00fcck<\/strong><\/p>\n\n\n\n<hr class=\"wp-block-separator has-alpha-channel-opacity\" \/>\n\n\n\n<p><em>Dienstag, 28. M\u00e4rz 2023, 19.15 Uhr<\/em><br><strong>Hl. Messe &amp; Gemeindeabend zum Trimesterende<\/strong><\/p>\n","protected":false},"excerpt":{"rendered":"<p>Planungsstand: 21. November 2022 Dienstag, 10. Januar 2023, 19.15 UhrHl. Messe &amp; erster Gemeindeabend 2023 Mittwoch, 11. Januar 2023, 8.00 UhrAndacht &amp; Fr\u00fchst\u00fcck zum Jahresbeginn Donnerstag, 12. Januar 2023, 10 [&hellip;]<\/p>\n","protected":false},"author":1538,"featured_media":0,"parent":0,"menu_order":0,"comment_status":"closed","ping_status":"closed","template":"","meta":{"footnotes":""},"categories":[4],"tags":[],"class_list":["post-792","page","type-page","status-publish","hentry","category-forschung"],"_links":{"self":[{"href":"https:\/\/www.hsu-hh.de\/kath\/wp-json\/wp\/v2\/pages\/792","targetHints":{"allow":["GET"]}}],"collection":[{"href":"https:\/\/www.hsu-hh.de\/kath\/wp-json\/wp\/v2\/pages"}],"about":[{"href":"https:\/\/www.hsu-hh.de\/kath\/wp-json\/wp\/v2\/types\/page"}],"author":[{"embeddable":true,"href":"https:\/\/www.hsu-hh.de\/kath\/wp-json\/wp\/v2\/users\/1538"}],"replies":[{"embeddable":true,"href":"https:\/\/www.hsu-hh.de\/kath\/wp-json\/wp\/v2\/comments?post=792"}],"version-history":[{"count":1,"href":"https:\/\/www.hsu-hh.de\/kath\/wp-json\/wp\/v2\/pages\/792\/revisions"}],"predecessor-version":[{"id":793,"href":"https:\/\/www.hsu-hh.de\/kath\/wp-json\/wp\/v2\/pages\/792\/revisions\/793"}],"wp:attachment":[{"href":"https:\/\/www.hsu-hh.de\/kath\/wp-json\/wp\/v2\/media?parent=792"}],"wp:term":[{"taxonomy":"category","embeddable":true,"href":"https:\/\/www.hsu-hh.de\/kath\/wp-json\/wp\/v2\/categories?post=792"},{"taxonomy":"post_tag","embeddable":true,"href":"https:\/\/www.hsu-hh.de\/kath\/wp-json\/wp\/v2\/tags?post=792"}],"curies":[{"name":"wp","href":"https:\/\/api.w.org\/{rel}","templated":true}]}}