{"id":774,"date":"2024-12-20T09:37:47","date_gmt":"2024-12-20T08:37:47","guid":{"rendered":"https:\/\/www.hsu-hh.de\/kath\/?page_id=774"},"modified":"2024-12-20T09:37:48","modified_gmt":"2024-12-20T08:37:48","slug":"programm-herbsttrimester-2021","status":"publish","type":"page","link":"https:\/\/www.hsu-hh.de\/kath\/programm-herbsttrimester-2021","title":{"rendered":"Programm &#8211; Herbsttrimester 2021"},"content":{"rendered":"\n<p>(Stand: 23. M\u00e4rz 2021)<\/p>\n\n\n\n<hr class=\"wp-block-separator has-alpha-channel-opacity\" \/>\n\n\n\n<p><em>Montag, 27. September 2021<\/em><br><strong>Ankunft des neuen Studierendenjahrgangs<\/strong><\/p>\n\n\n\n<p>Vorstellung der Milit\u00e4rseelsorge und der Katholischen Hochschulgemeinde im Rahmen der O-PHase<\/p>\n\n\n\n<hr class=\"wp-block-separator has-alpha-channel-opacity\" \/>\n\n\n\n<p><em>Dienstag, 28. September 2021, 19.15 Uhr<\/em><br><strong>Hl. Messe &amp; Gemeindeabend<\/strong><\/p>\n\n\n\n<hr class=\"wp-block-separator has-alpha-channel-opacity\" \/>\n\n\n\n<p><em>Dienstag, 5. Oktober 2021, 19.15 Uhr<\/em><br><strong>Gottesdienst &amp; Kulinarische Reise durch Deutschland<\/strong><\/p>\n\n\n\n<p>Am ersten Gemeindeabend im neuen Trimester starten wir &#8211; im R\u00fcckblick auf den Tag der Deutschen Einheit &#8211; eine kulinarische Reise durch Deutschland, die Nord und S\u00fcd, West und Ost verbinden soll. Studierende aus den verschiedenen Landesteilen bringen verschiedene Spezialit\u00e4ten aus ihrer Heimat mit und stellen diese vor. Alle sind eingeladen, sich an dieser Reise zu beteiligen.<\/p>\n\n\n\n<hr class=\"wp-block-separator has-alpha-channel-opacity\" \/>\n\n\n\n<p><em>Dienstag, 12. Oktober 2021, 19.15 Uhr<\/em><br><strong>Hl. Messe &amp; Trimesterer\u00f6ffnungsgrillen<\/strong><\/p>\n\n\n\n<p>Um die neuen Studentinnen und Studenten geb\u00fchrend willkommen hei\u00dfen zu k\u00f6nnen, wird der Grill der KHG angeschmissen! Die KHG l\u00e4dt alle, die Lust haben, zu einem gem\u00fctlichen Grillabend und eine F\u00fchrung durch das Haus ein. Hier ist egal, welcher Konfession oder Religion man angeh\u00f6rt, wir freuen uns \u00fcber jeden gast. Das Grillen wird nach der Hl. Messe (19.15 Uhr), also etwa gegen 20 Uhr, egal bei welchem Wetter, stattfinden.<\/p>\n\n\n\n<hr class=\"wp-block-separator has-alpha-channel-opacity\" \/>\n\n\n\n<p><em>Donnerstag, 14. Oktober 2021, 8.00 Uhr<\/em><br><strong>Andacht &amp; Fr\u00fchst\u00fcck zum Trimesterstart<\/strong><\/p>\n\n\n\n<hr class=\"wp-block-separator has-alpha-channel-opacity\" \/>\n\n\n\n<p><em>Dienstag, 19. Oktober 2021, 19.15 Uhr<\/em><br><strong>Hl. Messe &amp; &#8222;Oktoberfest&#8220;<\/strong><\/p>\n\n\n\n<hr class=\"wp-block-separator has-alpha-channel-opacity\" \/>\n\n\n\n<p><em>Donnerstag, 21. Oktober 2021, 11.30 Uhr<\/em><br><strong>Atempause = Kurzandacht &amp; Mittagessen<\/strong><\/p>\n\n\n\n<hr class=\"wp-block-separator has-alpha-channel-opacity\" \/>\n\n\n\n<p><em>Dienstag, 26. Oktober 2021, 19.15 Uhr<\/em><br><strong>Hl. Messe &amp; Gemeindeabend<\/strong><\/p>\n\n\n\n<hr class=\"wp-block-separator has-alpha-channel-opacity\" \/>\n\n\n\n<p><em>Freitag, 29. Oktober 2021, bis Sonntag, 31. Oktober 2021<\/em><br><strong>Aktiven- und Ehemaligentreff in Duderstadt<\/strong><\/p>\n\n\n\n<p>Das Aktiven- und Ehemaligentreff der (Alt)KHGler und ihrer Familien hat eine lange Tradition. Inzwischen sind einige der Kinder der Ehemaligen selbst aktive Soldaten der Bundeswehr. Zusammen mit den aktiven Gemeindemitgliedern gibt es einen regen kameradschaftlichen Austausch \u00fcber die Generationen hinweg. Neben zahlreichen thematischen Impulsen festigt das Wochenende im Harz alte Freundschaften und begr\u00fcndet neue. Anmeldung \u00fcber die Dienststelle im DB\/H4.<\/p>\n\n\n\n<hr class=\"wp-block-separator has-alpha-channel-opacity\" \/>\n\n\n\n<p><em>Dienstag, 2. November 2021, 19.15 Uhr<\/em><br><strong>Hl. Messe (Allerseelen) &amp; Gemeindeabend<\/strong><\/p>\n\n\n\n<hr class=\"wp-block-separator has-alpha-channel-opacity\" \/>\n\n\n\n<p><em>Montag, 8. November 2021, 19.00 Uhr<\/em><br><strong>Abendessen &amp; Planungstreffen in der KHG<\/strong><\/p>\n\n\n\n<p>Wir beginnen mit einem gemeinsamen Abendessen. Danach beraten und beschlie\u00dfen wir die Veranstaltungen und Aktivit\u00e4ten des kommenden Trimesters. Ideen und Anregungen k\u00f6nnen wir immer wieder gebrauchen.<\/p>\n\n\n\n<hr class=\"wp-block-separator has-alpha-channel-opacity\" \/>\n\n\n\n<p><em>Dienstag, 9. November 2021, 18.00 Uhr<\/em><br><strong>Hl. Messe zum Patrozinium &amp; Gemeindeabend\/Empfang<\/strong><\/p>\n\n\n\n<p>Gerade f\u00fcr Soldaten hat der <strong>Heilige Martin<\/strong> eine besondere Bedeutung, denn er ist nicht nur der Patron der Reisenden und Armen, sondern auch der Soldaten. An diesem Tag findet die Hl. Messe bereits um 18 Uhr statt.<\/p>\n\n\n\n<p>Die Messe wird auch als <strong>Jahresamt f\u00fcr Helmut Schmidt<\/strong> gefeiert, der am 10. November 2015 im Alter von 97 Jahren starb.<\/p>\n\n\n\n<hr class=\"wp-block-separator has-alpha-channel-opacity\" \/>\n\n\n\n<p><em>Donnerstag, 11. November 2021, 8.00 Uhr<\/em><br><strong>Andacht (zu St. Martin) &amp; Fr\u00fchst\u00fcck<\/strong><\/p>\n\n\n\n<hr class=\"wp-block-separator has-alpha-channel-opacity\" \/>\n\n\n\n<p><em>Dienstag, 16. November 2021, 19.15 Uhr<\/em><br><strong>Hl. Messe &amp; kroatischer Abend<\/strong><\/p>\n\n\n\n<hr class=\"wp-block-separator has-alpha-channel-opacity\" \/>\n\n\n\n<p><em>Dienstag, 23. November 2021, ab 15 Uhr\/19.15 Uhr<\/em><br><strong>Pl\u00e4tzchenbacken &#8211; Hl. Messe &amp; Gemeindeabend<\/strong><\/p>\n\n\n\n<p>Um (nicht nur) die Kleinen der Gemeinde auf die kommende Weihnachtszeit einzustimmen, m\u00f6chten wir die Gelegenheit nutzen, zusammen Pl\u00e4tzchen zu backen und anschlie\u00dfend nat\u00fcrlich auch zu verputzen.<\/p>\n\n\n\n<hr class=\"wp-block-separator has-alpha-channel-opacity\" \/>\n\n\n\n<p><em>Dienstag, 30. November 2021, 19.15 Uhr<\/em><br><strong>Hl. Messe &amp; Gemeindeabend mit Feuerzangenbowle (Film &amp; Getr\u00e4nk)<\/strong><\/p>\n\n\n\n<p>Im Anschluss an die Hl. Messe um 19.15 Uhr schauen wir den Film &#8222;Die Feuerzangenbowle&#8220; und genie\u00dfen zusammen selbiges Getr\u00e4nk bei einem geselligen Gemeindeabend.<\/p>\n\n\n\n<hr class=\"wp-block-separator has-alpha-channel-opacity\" \/>\n\n\n\n<p><em>Samstag, 4. Dezember 2021<\/em><br><strong>Gr\u00fcndungsfest der \u00c9cole Sp\u00e9ciale Militaire de Saint Cyr\/Frankreich<\/strong><\/p>\n\n\n\n<p>In der Schlacht bei Austerlitz (1805) fiel der erste Soldat der \u00c9cole Sp\u00e9ciale Militaire de Saint-Cyr, von woher jedes Jahr einige Studierende ihr Studium an der <abbr title=\"Helmut Schmidt Universit\u00e4t\">HSU<\/abbr> aufnehmen.<\/p>\n\n\n\n<hr class=\"wp-block-separator has-alpha-channel-opacity\" \/>\n\n\n\n<p><em>Montag, 6. Dezember 2021, 8.00 Uhr<\/em><br><strong>Andacht &amp; Fr\u00fchst\u00fcck<\/strong><\/p>\n\n\n\n<p>Der Nikolaus kommt!<\/p>\n\n\n\n<hr class=\"wp-block-separator has-alpha-channel-opacity\" \/>\n\n\n\n<p><em>Dienstag, 7. Dezember 2021, 19.15 Uhr<\/em><br><strong>Hl. Messe (Nikolaus) &amp; Gemeindeabend<\/strong><\/p>\n\n\n\n<hr class=\"wp-block-separator has-alpha-channel-opacity\" \/>\n\n\n\n<p><em>Dienstag, 14. Dezember 2021, 19.15 Uhr<\/em><br><strong>Hl. Messe &amp; Gemeindeabend<\/strong><\/p>\n\n\n\n<hr class=\"wp-block-separator has-alpha-channel-opacity\" \/>\n\n\n\n<p><em>Donnerstag, 16. Dezember 2021, 10.30 Uhr<\/em><br><strong>Hl. Messe &amp; Brunch<\/strong><\/p>\n\n\n\n<p>Einstimmung auf Weihnachten<\/p>\n\n\n\n<hr class=\"wp-block-separator has-alpha-channel-opacity\" \/>\n\n\n\n<p><em>Dienstag, 21. Dezember 2021, 19.15 Uhr<\/em><br><strong>Hl. Messe &amp; Gemeindeabend<\/strong><\/p>\n","protected":false},"excerpt":{"rendered":"<p>(Stand: 23. M\u00e4rz 2021) Montag, 27. September 2021Ankunft des neuen Studierendenjahrgangs Vorstellung der Milit\u00e4rseelsorge und der Katholischen Hochschulgemeinde im Rahmen der O-PHase Dienstag, 28. September 2021, 19.15 UhrHl. Messe &amp; [&hellip;]<\/p>\n","protected":false},"author":1538,"featured_media":0,"parent":0,"menu_order":0,"comment_status":"closed","ping_status":"closed","template":"","meta":{"footnotes":""},"categories":[4],"tags":[],"class_list":["post-774","page","type-page","status-publish","hentry","category-forschung"],"_links":{"self":[{"href":"https:\/\/www.hsu-hh.de\/kath\/wp-json\/wp\/v2\/pages\/774","targetHints":{"allow":["GET"]}}],"collection":[{"href":"https:\/\/www.hsu-hh.de\/kath\/wp-json\/wp\/v2\/pages"}],"about":[{"href":"https:\/\/www.hsu-hh.de\/kath\/wp-json\/wp\/v2\/types\/page"}],"author":[{"embeddable":true,"href":"https:\/\/www.hsu-hh.de\/kath\/wp-json\/wp\/v2\/users\/1538"}],"replies":[{"embeddable":true,"href":"https:\/\/www.hsu-hh.de\/kath\/wp-json\/wp\/v2\/comments?post=774"}],"version-history":[{"count":1,"href":"https:\/\/www.hsu-hh.de\/kath\/wp-json\/wp\/v2\/pages\/774\/revisions"}],"predecessor-version":[{"id":775,"href":"https:\/\/www.hsu-hh.de\/kath\/wp-json\/wp\/v2\/pages\/774\/revisions\/775"}],"wp:attachment":[{"href":"https:\/\/www.hsu-hh.de\/kath\/wp-json\/wp\/v2\/media?parent=774"}],"wp:term":[{"taxonomy":"category","embeddable":true,"href":"https:\/\/www.hsu-hh.de\/kath\/wp-json\/wp\/v2\/categories?post=774"},{"taxonomy":"post_tag","embeddable":true,"href":"https:\/\/www.hsu-hh.de\/kath\/wp-json\/wp\/v2\/tags?post=774"}],"curies":[{"name":"wp","href":"https:\/\/api.w.org\/{rel}","templated":true}]}}