{"id":766,"date":"2024-12-20T09:33:45","date_gmt":"2024-12-20T08:33:45","guid":{"rendered":"https:\/\/www.hsu-hh.de\/kath\/?page_id=766"},"modified":"2024-12-20T09:33:46","modified_gmt":"2024-12-20T08:33:46","slug":"programm-wintertrimester-2021","status":"publish","type":"page","link":"https:\/\/www.hsu-hh.de\/kath\/programm-wintertrimester-2021","title":{"rendered":"Programm &#8211; Wintertrimester 2021"},"content":{"rendered":"\n<p><em>Jeden Dienstag um 19.15 Uhr<\/em><br><strong>Heilige Messe in St. Olaf<\/strong><\/p>\n\n\n\n<p>Die Messen finden in der Kirche St. Olaf (Speckenreye 41b, 22119 Hamburg-Horn) statt. Die Kirche ist vom Hanseatenbereich fu\u00dfl\u00e4ufig erreichbar (1100 m).<\/p>\n\n\n\n<p>W\u00e4hrend des Gottesdienstes wird sehr strikt auf die Einhaltung der AHA-Regeln und der geltenden Hygienekonzepte geachtet. So m\u00fcssen <abbr title=\"zum Beispiel\">z.B.<\/abbr> Personen mit Krankheitssymptomen <abbr title=\"et cetera\">etc.<\/abbr> leider zu Hause bleiben<\/p>\n\n\n\n<p>Zur R\u00fcckverfolgbarkeit m\u00f6glicher Kontakte ist eine Anmeldung (khg@hsu-hh.de).<br>Ein Ordner in der Kirche wird die Teilnehmerliste \u00fcberpr\u00fcfen (und <abbr title=\"eventuell(en)\">evtl.<\/abbr> um spontane Gottesdienstbesucher erg\u00e4nzen).<\/p>\n\n\n\n<p>Wie immer sind wirklich ALLE eingeladen, unabh\u00e4ngig von Status, T\u00e4tigkeit, Alter, Geschlecht, Herkunft, Konfessions- oder Religionszugeh\u00f6rigkeit.<\/p>\n\n\n\n<figure class=\"wp-block-image alignnone\"><a href=\"https:\/\/www.hsu-hh.de\/kath\/wp-content\/uploads\/sites\/731\/2020\/10\/Hintergrund_Gottesdienst.png\"><img loading=\"lazy\" decoding=\"async\" width=\"300\" height=\"232\" src=\"https:\/\/www.hsu-hh.de\/kath\/wp-content\/uploads\/sites\/731\/2020\/10\/Hintergrund_Gottesdienst-300x232.png\" data-credit=\"HSU\" alt=\"St. Olaf\" class=\"wp-image-557\" srcset=\"https:\/\/www.hsu-hh.de\/kath\/wp-content\/uploads\/sites\/731\/2020\/10\/Hintergrund_Gottesdienst-300x232.png 300w, https:\/\/www.hsu-hh.de\/kath\/wp-content\/uploads\/sites\/731\/2020\/10\/Hintergrund_Gottesdienst-1024x792.png 1024w, https:\/\/www.hsu-hh.de\/kath\/wp-content\/uploads\/sites\/731\/2020\/10\/Hintergrund_Gottesdienst-768x594.png 768w, https:\/\/www.hsu-hh.de\/kath\/wp-content\/uploads\/sites\/731\/2020\/10\/Hintergrund_Gottesdienst-1536x1188.png 1536w, https:\/\/www.hsu-hh.de\/kath\/wp-content\/uploads\/sites\/731\/2020\/10\/Hintergrund_Gottesdienst-2048x1584.png 2048w, https:\/\/www.hsu-hh.de\/kath\/wp-content\/uploads\/sites\/731\/2020\/10\/Hintergrund_Gottesdienst-1100x851.png 1100w\" sizes=\"auto, (max-width: 300px) 100vw, 300px\" \/><\/a><figcaption class=\"wp-element-caption\">St. Olaf, Speckenreye 41, 22119 Hamburg<\/figcaption><\/figure>\n\n\n\n<p><strong>Jeden Dienstag<\/strong> findet ein <strong>Gemeindeabend<\/strong> statt. Die Gemeindeabende werden meist in einer<strong> &#8222;hybriden&#8220; Form<\/strong> angeboten: wir beginnen mit einer <strong>Hl. Messe in St. Olaf (live &amp; analog)<\/strong> und wechseln danach zum <strong>Online-Teil<\/strong> \u00fcber (Stand: 7. Januar 2021):<\/p>\n\n\n\n<p><em>Montag, 4. Januar 2021, 19.15 Uhr<\/em><br><strong>Planungstreff<\/strong><br>Wir planen und besprechen die Aktivit\u00e4ten des kommenden Trimesters. Ideen, Anregungen und Verst\u00e4rkung k\u00f6nnen wir immer gut gebrauchen.<\/p>\n\n\n\n<hr class=\"wp-block-separator has-alpha-channel-opacity\" \/>\n\n\n\n<p><em>Dienstag, 5. Januar 2021, 19.15 Uhr<\/em><br><strong>Hl. Messe in St. Olaf<\/strong><\/p>\n\n\n\n<hr class=\"wp-block-separator has-alpha-channel-opacity\" \/>\n\n\n\n<p><em>Dienstag, 12. Januar 2021, 19.15 Uhr<\/em><br><strong>Hl. Messe in St. Olaf &amp; Themen- und Diskussionsabend <em>\u201eSynodaler Weg\u201c<\/em><\/strong><br>Der Synodale Weg nennt als Ziel des Forms 3 (Frauen in Diensten und \u00c4mtern der Kirche): \u201eDas Forum beleuchtet die Rolle der Frau in der Kirche. Mit dem Synodalen Weg geht es um die Frage, wie die Relevanz von Glaube und Kirche wieder in die gesellschaftliche Debatte eingebracht und gleichzeitig Antworten auf innerkirchliche Fragen gegeben werden k\u00f6nnen. Das geht nur in einer Gemeinsamkeit von Frauen und M\u00e4nnern in der Kirche, was sich bereits jetzt an vielen engagierten Frauen in Leitungsfunktionen im kirchlichen Bereich zeigt.\u201c<\/p>\n\n\n\n<hr class=\"wp-block-separator has-alpha-channel-opacity\" \/>\n\n\n\n<p><em>Dienstag, 17. Januar 2021, 19.15 Uhr<\/em><br><strong>Hl. Messe in St. Olaf &amp; (online) Feuerzangenbowle (Film &amp; Getr\u00e4nk)<\/strong><br>Wir schauen gemeinsam den Film \u201eDie Feuerzangenbowle\u201c und genie\u00dfen zusammen selbiges Getr\u00e4nk. Auch das ist online m\u00f6glich!<\/p>\n\n\n\n<hr class=\"wp-block-separator has-alpha-channel-opacity\" \/>\n\n\n\n<p><em>Dienstag, 26. Januar 2021, 19.15 Uhr<\/em><br><strong>Hl. Messe in St. Olaf &amp; Themenabend <em>\u201eBibel\u201c<\/em><\/strong><\/p>\n\n\n\n<hr class=\"wp-block-separator has-alpha-channel-opacity\" \/>\n\n\n\n<p><em>Dienstag, 2. Februar 2021<\/em><br><strong>Darstellung des Herrn \/Lichtmess<\/strong><\/p>\n\n\n\n<hr class=\"wp-block-separator has-alpha-channel-opacity\" \/>\n\n\n\n<p><em>Mittwoch, 3. Februar 2021<\/em><br><strong>Gedenktag des Heiligen Blasius \/ Blasiussegen<\/strong><br>Am Ende der Heiligen Messe (<em>2. Februar oder 9. Februar<\/em>) wird der Blasiussegen gespendet. Bei der Spendung des Blasiussegens h\u00e4lt der Priester dem Gl\u00e4ubigen zwei gekreuzte brennende Kerzen in H\u00f6he des Halses vor und spricht: <em>\u201eAuf die F\u00fcrsprache des heiligen Blasius bewahre dich der Herr vor Halskrankheit und allem B\u00f6sen. Es segne dich Gott, der Vater und der Sohn und der Heilige Geist.\u201c<\/em><\/p>\n\n\n\n<p>Blasius war Bischof von Sebaste in Kleinasien und starb 316 f\u00fcr seinen Glauben. Die bekannteste Erz\u00e4hlung \u00fcber Blasius berichtet, wie er w\u00e4hrend seiner Gefangenschaft in einem r\u00f6mischen Gef\u00e4ngnis einem jungen Mann, der an einer Fischgr\u00e4te zu ersticken drohte, das Leben rettete. Deshalb erteilt die Kirche den Blasiussegen zum Schutz gegen Halskrankheiten. Darin kommt das gl\u00e4ubige Vertrauen auf die Heilszusage Gottes gerade auch f\u00fcr das leibliche Wohlergehen des erl\u00f6sungsbed\u00fcrftigen Menschen zum Ausdruck.<\/p>\n\n\n\n<hr class=\"wp-block-separator has-alpha-channel-opacity\" \/>\n\n\n\n<p><em>Dienstag, 9. Februar 2021, 19.15 Uhr<\/em><br><strong>Hl. Messe in St. Olaf &amp; Spieleabend<em> \u201eEscape Room\u201c<\/em><\/strong><\/p>\n\n\n\n<hr class=\"wp-block-separator has-alpha-channel-opacity\" \/>\n\n\n\n<p><em>Dienstag, 16. Februar 2021, 19.15 Uhr<\/em><br><strong>Hl. Messe in St. Olaf &amp; (online) Biertasting<\/strong><\/p>\n\n\n\n<hr class=\"wp-block-separator has-alpha-channel-opacity\" \/>\n\n\n\n<p><em>Dienstag, 23. Februar 2021, 19.15 Uhr<\/em><br><strong>Hl. Messe in St. Olaf &amp; (online) Quizabend<\/strong><\/p>\n\n\n\n<hr class=\"wp-block-separator has-alpha-channel-opacity\" \/>\n\n\n\n<p><em>Dienstag, 2. M\u00e4rz 2021, 19.15 Uhr<\/em><br><strong>Hl. Messe in St. Olaf &amp; (online) Themenabend &#8222;Honduras&#8220;<\/strong><\/p>\n\n\n\n<hr class=\"wp-block-separator has-alpha-channel-opacity\" \/>\n\n\n\n<p><em>Dienstag, 9. M\u00e4rz 2021, 19.15 Uhr<\/em><br><strong>Hl. Messe in St. Olaf &amp; (online) Themenabend <em>&#8222;Agenda 2030: die Zukunft des Computers&#8220;<\/em><br><\/strong>Professor <abbr title=\"Doktor\">Dr.<\/abbr> phil. nat Bernd Klauer leitet die Professur f\u00fcr Technische Informatik (TI)<br>an der Helmut-Schmidt-Universit\u00e4t\/Universit\u00e4t der Bundeswehr Hamburg<br>und deckt in den Studieng\u00e4nden der Elektrotechnik<br>alle Studienanteile mit Informatik-Bezug ab.<br>Die klassischen Forschungsthemen, die der TI zugeordnet werden,<br>sind die Rechnertechnologie und die Rechnerarchitektur.<br>Er wird mit uns das Thema<br><em>\u201eAgenda 2030: die Zukunft des Computers\u201c<\/em><br>diskutieren.<\/p>\n\n\n\n<hr class=\"wp-block-separator has-alpha-channel-opacity\" \/>\n\n\n\n<p><em>Montag, 15. M\u00e4rz 2021, 19.15 Uhr<\/em><br><strong>Planungstreff &amp; Pfarrgemeinderatssitzung (PGR)<\/strong><br>Alle aktiven KHGler (PGR &amp; Team) treffen sich (online), um ihre Arbeit vorzustellen und anstehende Projekte zu planen. Wir k\u00f6nnen immer gute Ideen und Verst\u00e4rkung gebrauchen.<\/p>\n\n\n\n<hr class=\"wp-block-separator has-alpha-channel-opacity\" \/>\n\n\n\n<p><em>Dienstag, 16. M\u00e4rz 2021, 19.15 Uhr<\/em><br><strong>Hl. Messe in St. Olaf &amp; (online) Spieleabend<\/strong><\/p>\n\n\n\n<hr class=\"wp-block-separator has-alpha-channel-opacity\" \/>\n\n\n\n<p><em>Dienstag, 23. M\u00e4rz 2021, 19.15 Uhr\/20.30 Uhr<\/em><br><strong>Hl. Messe in St. Olaf zum Trimesterende &amp; (online) Themenabend &#8222;Wohlbefinden&#8220;<\/strong><\/p>\n\n\n\n<p>Carolin Perner, Sportwissenschaftlerin und Leiterin des Sportzentrums an de Helmut-Schmidt-Universit\u00e4t \/ Universit\u00e4t der Bundeswehr Hamburg wird mit uns \u00fcber &#8222;Wohlbefinden&#8220; diskutieren.<\/p>\n\n\n\n<hr class=\"wp-block-separator has-alpha-channel-opacity\" \/>\n\n\n\n<p><em>Dienstag, 30. M\u00e4rz 2021, 19.15 Uhr<\/em><br><strong>Hl. Messe in St. Olaf<\/strong><\/p>\n","protected":false},"excerpt":{"rendered":"<p>Jeden Dienstag um 19.15 UhrHeilige Messe in St. Olaf Die Messen finden in der Kirche St. Olaf (Speckenreye 41b, 22119 Hamburg-Horn) statt. Die Kirche ist vom Hanseatenbereich fu\u00dfl\u00e4ufig erreichbar (1100 [&hellip;]<\/p>\n","protected":false},"author":1538,"featured_media":0,"parent":0,"menu_order":0,"comment_status":"closed","ping_status":"closed","template":"","meta":{"footnotes":""},"categories":[4],"tags":[],"class_list":["post-766","page","type-page","status-publish","hentry","category-forschung"],"_links":{"self":[{"href":"https:\/\/www.hsu-hh.de\/kath\/wp-json\/wp\/v2\/pages\/766","targetHints":{"allow":["GET"]}}],"collection":[{"href":"https:\/\/www.hsu-hh.de\/kath\/wp-json\/wp\/v2\/pages"}],"about":[{"href":"https:\/\/www.hsu-hh.de\/kath\/wp-json\/wp\/v2\/types\/page"}],"author":[{"embeddable":true,"href":"https:\/\/www.hsu-hh.de\/kath\/wp-json\/wp\/v2\/users\/1538"}],"replies":[{"embeddable":true,"href":"https:\/\/www.hsu-hh.de\/kath\/wp-json\/wp\/v2\/comments?post=766"}],"version-history":[{"count":1,"href":"https:\/\/www.hsu-hh.de\/kath\/wp-json\/wp\/v2\/pages\/766\/revisions"}],"predecessor-version":[{"id":767,"href":"https:\/\/www.hsu-hh.de\/kath\/wp-json\/wp\/v2\/pages\/766\/revisions\/767"}],"wp:attachment":[{"href":"https:\/\/www.hsu-hh.de\/kath\/wp-json\/wp\/v2\/media?parent=766"}],"wp:term":[{"taxonomy":"category","embeddable":true,"href":"https:\/\/www.hsu-hh.de\/kath\/wp-json\/wp\/v2\/categories?post=766"},{"taxonomy":"post_tag","embeddable":true,"href":"https:\/\/www.hsu-hh.de\/kath\/wp-json\/wp\/v2\/tags?post=766"}],"curies":[{"name":"wp","href":"https:\/\/api.w.org\/{rel}","templated":true}]}}