{"id":762,"date":"2024-12-20T09:31:11","date_gmt":"2024-12-20T08:31:11","guid":{"rendered":"https:\/\/www.hsu-hh.de\/kath\/?page_id=762"},"modified":"2024-12-20T09:31:12","modified_gmt":"2024-12-20T08:31:12","slug":"programm-herbsttrimester-2020","status":"publish","type":"page","link":"https:\/\/www.hsu-hh.de\/kath\/programm-herbsttrimester-2020","title":{"rendered":"Programm &#8211; Herbsttrimester 2020"},"content":{"rendered":"\n<p><em>Jeden Dienstag um 19.15 Uhr<br><strong>Heilige Messe in St. Olaf<\/strong><\/em><\/p>\n\n\n\n<p>Die Messen finden in der Kirche St. Olaf (Speckenreye 41b, 22119 Hamburg-Horn) statt. Die Kirche ist vom Hanseatenbereich fu\u00dfl\u00e4ufig erreichbar (1100 m).<\/p>\n\n\n\n<p>W\u00e4hrend des Gottesdienstes wird sehr strikt auf die Einhaltung der AHA-Regeln und der geltenden Hygienekonzepte geachtet. So m\u00fcssen Personen mit Krankheitssymptomen <abbr title=\"beziehungsweise\">bzw.<\/abbr> R\u00fcckkehrer aus Risikogebieten <abbr title=\"et cetera\">etc.<\/abbr> leider zu Hause bleiben.<\/p>\n\n\n\n<p>Zur R\u00fcckverfolgbarkeit m\u00f6glicher Kontakte ist eine Anmeldung (khg@hsu-hh.de).<br>Ein Ordner in der Kirche wird die Teilnehmerliste \u00fcberpr\u00fcfen (und <abbr title=\"eventuell(en)\">evtl.<\/abbr> um spontane Gottesdienstbesucher erg\u00e4nzen).<\/p>\n\n\n\n<p>Wie immer sind wirklich ALLE eingeladen, unabh\u00e4ngig von Status, T\u00e4tigkeit, Alter, Geschlecht, Herkunft, Konfessions- oder Religionszugeh\u00f6rigkeit.<\/p>\n\n\n\n<figure class=\"wp-block-image alignnone\"><a href=\"https:\/\/www.hsu-hh.de\/kath\/wp-content\/uploads\/sites\/731\/2020\/10\/Hintergrund_Gottesdienst.png\"><img loading=\"lazy\" decoding=\"async\" width=\"300\" height=\"232\" src=\"https:\/\/www.hsu-hh.de\/kath\/wp-content\/uploads\/sites\/731\/2020\/10\/Hintergrund_Gottesdienst-300x232.png\" data-credit=\"HSU\" alt=\"St. Olaf\" class=\"wp-image-557\" srcset=\"https:\/\/www.hsu-hh.de\/kath\/wp-content\/uploads\/sites\/731\/2020\/10\/Hintergrund_Gottesdienst-300x232.png 300w, https:\/\/www.hsu-hh.de\/kath\/wp-content\/uploads\/sites\/731\/2020\/10\/Hintergrund_Gottesdienst-1024x792.png 1024w, https:\/\/www.hsu-hh.de\/kath\/wp-content\/uploads\/sites\/731\/2020\/10\/Hintergrund_Gottesdienst-768x594.png 768w, https:\/\/www.hsu-hh.de\/kath\/wp-content\/uploads\/sites\/731\/2020\/10\/Hintergrund_Gottesdienst-1536x1188.png 1536w, https:\/\/www.hsu-hh.de\/kath\/wp-content\/uploads\/sites\/731\/2020\/10\/Hintergrund_Gottesdienst-2048x1584.png 2048w, https:\/\/www.hsu-hh.de\/kath\/wp-content\/uploads\/sites\/731\/2020\/10\/Hintergrund_Gottesdienst-1100x851.png 1100w\" sizes=\"auto, (max-width: 300px) 100vw, 300px\" \/><\/a><figcaption class=\"wp-element-caption\">St. Olaf, Speckenreye 41, 22119 Hamburg<\/figcaption><\/figure>\n\n\n\n<!--more-->\n\n\n\n<hr class=\"wp-block-separator has-alpha-channel-opacity\" \/>\n\n\n\n<p>Jeden Dienstag findet ein Gemeindeabend statt. Die Gemeindeabende werden meist in einer &#8222;hybriden&#8220; Form angeboten: wir beginnen mit einer Hl. Messe in St. Olaf (live &amp; analog) und wechseln danach zum Online-Teil \u00fcber:<\/p>\n\n\n\n<p><em>Dienstag, 22. September 2020, 19.15 Uhr<\/em><br><strong>Hl Messe in St. Olaf<\/strong><\/p>\n\n\n\n<hr class=\"wp-block-separator has-alpha-channel-opacity\" \/>\n\n\n\n<p><em>Dienstag, 29. September 2020, 19.15 Uhr<\/em><br><strong>Hl. Messe in St. Olaf<\/strong><\/p>\n\n\n\n<hr class=\"wp-block-separator has-alpha-channel-opacity\" \/>\n\n\n\n<p><em>Dienstag, 6. Oktober 2020, 19.15 Uhr<\/em><br><strong>Hl. Messe in St. Olaf<\/strong><\/p>\n\n\n\n<hr class=\"wp-block-separator has-alpha-channel-opacity\" \/>\n\n\n\n<p><em>Dienstag, 13. Oktober, 2020 19.15 Uhr<\/em><br><strong>Hl. Messe in St. Olaf<\/strong><\/p>\n\n\n\n<hr class=\"wp-block-separator has-alpha-channel-opacity\" \/>\n\n\n\n<p><em>Dienstag, 20. Oktober 2020, 19.15 Uhr<\/em><br><strong>Hl. Messe in St. Olaf<\/strong><\/p>\n\n\n\n<hr class=\"wp-block-separator has-alpha-channel-opacity\" \/>\n\n\n\n<p><em>Dienstag, 27. Oktober 2020, 19.15 Uhr<\/em><br><strong>Hl. Messe in St. Olaf<\/strong><\/p>\n\n\n\n<hr class=\"wp-block-separator has-alpha-channel-opacity\" \/>\n\n\n\n<p><em>Dienstag, 3. November 2020, 19.15 Uhr<\/em><br><strong>Hl. Messe in St. Olaf<\/strong><\/p>\n\n\n\n<hr class=\"wp-block-separator has-alpha-channel-opacity\" \/>\n\n\n\n<p><em>Dienstag, 10. November 2020, 19.15 Uhr<\/em><br><strong>online Gottesdienst zum 5. Todestag von Helmut Schmidt<\/strong><br><em>Gespr\u00e4chsrunde mit <abbr title=\"Professor\">Prof.<\/abbr> <abbr title=\"Doktor\">Dr.<\/abbr> Klaus Beckmann<\/em><\/p>\n\n\n\n<hr class=\"wp-block-separator has-alpha-channel-opacity\" \/>\n\n\n\n<p><em>Donnerstag, 12. November 2020, 12.00 Uhr<\/em><br><strong>\u00d6kumenisches Mittagsgebet im Gro\u00dfen Michel zur Gr\u00fcndung der Bundeswehr<\/strong><\/p>\n\n\n\n<hr class=\"wp-block-separator has-alpha-channel-opacity\" \/>\n\n\n\n<p><em>Dienstag, 17. November 2020, 19.15 Uhr<\/em><br><strong>Hl. Messe in St. Olaf &amp; online Biertasting<\/strong><\/p>\n\n\n\n<hr class=\"wp-block-separator has-alpha-channel-opacity\" \/>\n\n\n\n<p><em>Dienstag, 24. November 2020, 19.15 Uhr<\/em><br><strong>Hl. Messe in St. Olaf &amp; online Themenabend <em>\u201eSoldatenlieder\u201c<\/em><\/strong><\/p>\n\n\n\n<hr class=\"wp-block-separator has-alpha-channel-opacity\" \/>\n\n\n\n<p><em>Dienstag, 1. Dezember 2020, 19.15 Uhr<\/em><br><strong>Hl. Messe in St. Olaf &amp; online Themenabend <em>\u201eVerbrennungsmotoren\u201c<\/em><\/strong><br>Professor <abbr title=\"Doktor\">Dr.<\/abbr>&#8211;<abbr title=\"Ingenieur\">Ing.<\/abbr> Wolfgang Thiemann vertritt das Fachgebiet Antriebssystemtechnik am Institut f\u00fcr Fahrzeugtechink und Antriebssystemtechnik (IFAS) an der Helmut-Schmidt-Universit\u00e4t\/ Universit\u00e4t der Bundeswehr Hamburg und diskutiert mit uns Fragen zur<br><em>\u201eZukunft der Verbrennungsmotoren\u201c.<\/em><\/p>\n\n\n\n<hr class=\"wp-block-separator has-alpha-channel-opacity\" \/>\n\n\n\n<p><em>Sonntag, 6. Dezember 2020<\/em><br><strong>Hl. Messe (online) der \u201eNordlichter\u201c &amp; Begegnung<\/strong><\/p>\n\n\n\n<hr class=\"wp-block-separator has-alpha-channel-opacity\" \/>\n\n\n\n<p><em>Dienstag, 8. Dezember 2020, 19.15 Uhr<\/em><br><strong>Hl. Messe in St. Olaf (Mari\u00e4 Empf\u00e4ngnis)<\/strong><\/p>\n\n\n\n<hr class=\"wp-block-separator has-alpha-channel-opacity\" \/>\n\n\n\n<p><em>Dienstag, 15. Dezember 2020, 19.15 Uhr<\/em><br><strong>Hl. Messe in St. Olaf &amp; Themenabend <em>\u201eCorona\u201c<\/em><\/strong><br><abbr title=\"Professor\">Prof.<\/abbr> <abbr title=\"Doktor\">Dr.<\/abbr> iur. Christian Ernst ist Inhaber der Professur f\u00fcr \u00d6ffentliches Recht und Verwaltungsrecht (einschlie\u00dflich Vergaberecht an der <abbr title=\"Helmut Schmidt Universit\u00e4t\">HSU<\/abbr> und diskutiert mit uns die Frage:<br><em>\u201eLockdown, Ausgangssperre und Impfpass \u2013 Wie steht es um Rechtsstaat und Demokratie in der Corona-Pandemie\u201c<\/em><\/p>\n\n\n\n<hr class=\"wp-block-separator has-alpha-channel-opacity\" \/>\n\n\n\n<p><em>Dienstag, 22. Dezember 2020, 19.15 Uhr<\/em><br><strong>Hl. Messe in St. Olaf<\/strong><\/p>\n\n\n\n<hr class=\"wp-block-separator has-alpha-channel-opacity\" \/>\n\n\n\n<p><em>Donnerstag, 24. Dezember 2020, 10 Uhr<\/em><br><strong>Wortgottesdienst am RotenPlatz\/Einstimmung auf Weihnachten<\/strong><\/p>\n","protected":false},"excerpt":{"rendered":"<p>Jeden Dienstag um 19.15 UhrHeilige Messe in St. Olaf Die Messen finden in der Kirche St. Olaf (Speckenreye 41b, 22119 Hamburg-Horn) statt. Die Kirche ist vom Hanseatenbereich fu\u00dfl\u00e4ufig erreichbar (1100 [&hellip;]<\/p>\n","protected":false},"author":1538,"featured_media":0,"parent":0,"menu_order":0,"comment_status":"closed","ping_status":"closed","template":"","meta":{"footnotes":""},"categories":[4],"tags":[],"class_list":["post-762","page","type-page","status-publish","hentry","category-forschung"],"_links":{"self":[{"href":"https:\/\/www.hsu-hh.de\/kath\/wp-json\/wp\/v2\/pages\/762","targetHints":{"allow":["GET"]}}],"collection":[{"href":"https:\/\/www.hsu-hh.de\/kath\/wp-json\/wp\/v2\/pages"}],"about":[{"href":"https:\/\/www.hsu-hh.de\/kath\/wp-json\/wp\/v2\/types\/page"}],"author":[{"embeddable":true,"href":"https:\/\/www.hsu-hh.de\/kath\/wp-json\/wp\/v2\/users\/1538"}],"replies":[{"embeddable":true,"href":"https:\/\/www.hsu-hh.de\/kath\/wp-json\/wp\/v2\/comments?post=762"}],"version-history":[{"count":1,"href":"https:\/\/www.hsu-hh.de\/kath\/wp-json\/wp\/v2\/pages\/762\/revisions"}],"predecessor-version":[{"id":763,"href":"https:\/\/www.hsu-hh.de\/kath\/wp-json\/wp\/v2\/pages\/762\/revisions\/763"}],"wp:attachment":[{"href":"https:\/\/www.hsu-hh.de\/kath\/wp-json\/wp\/v2\/media?parent=762"}],"wp:term":[{"taxonomy":"category","embeddable":true,"href":"https:\/\/www.hsu-hh.de\/kath\/wp-json\/wp\/v2\/categories?post=762"},{"taxonomy":"post_tag","embeddable":true,"href":"https:\/\/www.hsu-hh.de\/kath\/wp-json\/wp\/v2\/tags?post=762"}],"curies":[{"name":"wp","href":"https:\/\/api.w.org\/{rel}","templated":true}]}}