{"id":758,"date":"2024-12-20T09:28:28","date_gmt":"2024-12-20T08:28:28","guid":{"rendered":"https:\/\/www.hsu-hh.de\/kath\/?page_id=758"},"modified":"2024-12-20T09:28:29","modified_gmt":"2024-12-20T08:28:29","slug":"programm-fruehjahrstrimester-2020","status":"publish","type":"page","link":"https:\/\/www.hsu-hh.de\/kath\/programm-fruehjahrstrimester-2020","title":{"rendered":"Programm &#8211; Fr\u00fchjahrstrimester 2020"},"content":{"rendered":"\n<p>(Stand 9. M\u00e4rz 2020)<\/p>\n\n\n\n<p><em>Freitag, 3. April 2020, 16.00 Uhr&nbsp;&nbsp;&nbsp;&nbsp;&nbsp;&nbsp;&nbsp;<\/em><br><strong>Palmstockbasteln (besonders f\u00fcr Kinder)&nbsp;&nbsp;<\/strong><br>Am Palmsonntag, dem Sonntag vor Ostern wird der Einzug Jesu Christi in Jerusalem gedacht. Zum Zeichen seines K\u00f6nigtums jubelte das Volk ihm zu. Um daran zu erinnern, werden im Gottesdienst am 5. April in St. Joseph\/Wandsbek und am Dienstag, den 7. April in der KHG, Palmst\u00f6cke (besonders geschm\u00fcckte Buchsbaumb\u00fcschel) mit Weihwasser gesegnet und in der kirchlichen Prozession als \u201eZeichen des Lebens und des Sieges\u201c mitgetragen. Zusammen wollen in der KHG diese Palmst\u00f6cke basteln.<\/p>\n\n\n\n<hr class=\"wp-block-separator has-alpha-channel-opacity\" \/>\n\n\n\n<p><em>Samstag, 4. April 2020, Hammer Park, 13.45 Uhr&nbsp;<\/em><br><strong>Feldgottesdienst &amp; Benefiz-Spiel der Snipers (American Football)&nbsp;&nbsp;&nbsp;<\/strong><br>10 Jahre nach dem \u201eKarfreitagsgefecht\u201c organisieren die Snipers ein Benefiz-Spiel im Hammer Park (Kick-Off 14 Uhr), beginnend mit einer Gedenkminute.<\/p>\n\n\n\n<hr class=\"wp-block-separator has-alpha-channel-opacity\" \/>\n\n\n\n<p><em>Dienstag, 7. April 2020, 19.15 Uhr<\/em><br><strong>Hl. Messe (zum Palmsonntag) &amp; Badischer Abend 2.0<\/strong><br>In der Hl. Messe denken wir an den Einzug Jesu in Jerusalem.<br>Das anschlie\u00dfende Abendessen steht unter dem Motto \u201eBadischer Abend 2.0\u201c mit badischen Maultaschen, die als \u201eHerrgottsbeschei\u00dferle\u201c auch als Fastenessen bekannt sind.<\/p>\n\n\n\n<hr class=\"wp-block-separator has-alpha-channel-opacity\" \/>\n\n\n\n<p><em>Donnerstag, 9. April 2020, 10 Uhr&nbsp;&nbsp;&nbsp;&nbsp;&nbsp;&nbsp;<\/em><br><strong>Gr\u00fcndonnerstag: Hl. Messe &amp; Brunch&nbsp;&nbsp;&nbsp;&nbsp;&nbsp;&nbsp;&nbsp;&nbsp;&nbsp;<\/strong><br>In der Heiligen Messe am Gr\u00fcndonnerstag h\u00f6ren wir vom letzten Abendmahl Jesu mit seinen J\u00fcngern in Jerusalem. Im Anschluss laden wir zum gemeinsamen Brunch ein.<\/p>\n\n\n\n<hr class=\"wp-block-separator has-alpha-channel-opacity\" \/>\n\n\n\n<p><em>Dienstag, 14. April 2020, 18 Uhr &nbsp;&nbsp;&nbsp;&nbsp;&nbsp;&nbsp;&nbsp;&nbsp;<\/em><br><strong>Hl. Messe zu Ostern\/Taufe Felix &amp; Osterfeuer&nbsp;&nbsp;&nbsp;&nbsp;&nbsp;<\/strong><br>Nach der Hl. Messe (18 Uhr), in der Felix getauft und gefirmt wird, entz\u00fcnden wir im Garten der KHG ein Osterfeuer. Dazu machen wir Stockbrot. Die Kinder k\u00f6nnen im Garten nach Ostereiern suchen.<\/p>\n\n\n\n<hr class=\"wp-block-separator has-alpha-channel-opacity\" \/>\n\n\n\n<p><em>Dienstag, 21. April 2020, 19.15 Uhr&nbsp;&nbsp;&nbsp;<\/em><br><strong>Gottesdienst &amp; Themenabend \u201eSucht\u201c&nbsp;&nbsp;&nbsp;&nbsp;&nbsp;&nbsp;&nbsp;<\/strong><br>Patricia Jakubowski ist als ausgebildete Suchtkrankenhelferin f\u00fcr die Helmut-Schmidt-Universit\u00e4t\/Universit\u00e4t Hamburg ansprechbar. Sie berichtet \u00fcber stoffgebundene S\u00fcchten (Alkohol, Nikotin, Cannabis, <abbr title=\"et cetera\">etc.<\/abbr>) sowie \u00fcber stoffungebundene S\u00fcchte (Spielsucht, Handysucht, Kaufsucht, <abbr title=\"et cetera\">etc.<\/abbr>).<\/p>\n\n\n\n<hr class=\"wp-block-separator has-alpha-channel-opacity\" \/>\n\n\n\n<p><em>Donnerstag, 23. April 2020, 11.30 Uhr&nbsp;&nbsp;&nbsp;&nbsp;&nbsp;&nbsp;&nbsp;&nbsp;&nbsp;<\/em><br><strong>Atempause: Kurzandacht &amp; Fr\u00fchschoppen<\/strong><br>In der Kurzandacht denken wir an den Hl. Georg, der als F\u00fcrsprecher f\u00fcr die Soldaten verehrt wird. Passend zum \u201eTag des Deutschen Bieres\u201c laden wir nach der Andacht zum Fr\u00fchschoppen (Leberk\u00e4s, Wei\u00dfw\u00fcrstchen <abbr title=\"et cetera\">etc.<\/abbr>) und (alkoholfreiem) Bier ein.<\/p>\n\n\n\n<hr class=\"wp-block-separator has-alpha-channel-opacity\" \/>\n\n\n\n<p><em>Dienstag, 28. April 2020, 19.15 Uhr<\/em><br><strong>Hl. Messe &amp; Russischer Abend<\/strong><br>Der Sprachkurs \u201eRussisch\u201c an der <abbr title=\"Helmut Schmidt Universit\u00e4t\">HSU<\/abbr> stellt Land und Leute vor und bereitet ein russisches Abendessen vor. Vor dem russischen Abend besteht die M\u00f6glichkeit zum Besuch der Hl. Messe. (19.15 Uhr)<\/p>\n\n\n\n<hr class=\"wp-block-separator has-alpha-channel-opacity\" \/>\n\n\n\n<p><em>Dienstag, 5. Mai 2020, 19.15 Uhr<\/em><br><strong>Hl. Messe &amp; Gemeindeabend &amp; Vortreffen Lourdes&nbsp;&nbsp;&nbsp;&nbsp;&nbsp;&nbsp;<\/strong><br>Nach der Hl. Messe treffen sich, parallel zum Gemeindeabend mit Abendessen, alle Lourdes-Pilger, um letzte Absprachen und Informationen auszutauschen.<\/p>\n\n\n\n<hr class=\"wp-block-separator has-alpha-channel-opacity\" \/>\n\n\n\n<p><em>Donnerstag, 7. Mai 2020, 8 Uhr<\/em><br><strong>Andacht zum Ende des 2. Weltkrieges &amp; Fr\u00fchst\u00fcck<\/strong><br>Am 7. Mai 1945 kapitulierte zum Ende des 2. Weltkrieges die Wehrmacht.<\/p>\n\n\n\n<hr class=\"wp-block-separator has-alpha-channel-opacity\" \/>\n\n\n\n<p><em>Dienstag, 12. Mai 2020, 19.15 Uhr<\/em><br><strong>Hl. Messe (mit Reisesegen) &amp; Gemeindeabend&nbsp;&nbsp;&nbsp;<\/strong><br>Allen Lourdes-Pilgern (13.-19.05.20) w\u00fcnschen wir eine gute Wallfahrt und bitten um Gottes Segen.<\/p>\n\n\n\n<hr class=\"wp-block-separator has-alpha-channel-opacity\" \/>\n\n\n\n<p><em>Mittwoch, 13. Mai 2020, bis Dienstag, 19. Mai 2020&nbsp;&nbsp;&nbsp;&nbsp;&nbsp;&nbsp;&nbsp;<\/em><br><strong>62. Internationale Soldatenwallfahrt Lourdes: <em>\u201eMeinen Frieden gebe ich euch\u201c&nbsp;<\/em><\/strong><br>Unter diesem Motto nehmen vom 13. bis 19. Mai 2020 Soldatinnen und Soldaten aus vielen Nationen auf Einladung des franz\u00f6sischen Milit\u00e4rbischofs an der 62. Internationalen Soldatenwallfahrt nach Lourdes teil.<\/p>\n\n\n\n<hr class=\"wp-block-separator has-alpha-channel-opacity\" \/>\n\n\n\n<p><em>Dienstag, 19. Mai 2020, 19.15 Uhr<\/em><br><strong>Hl. Messe &amp; Gemeindeabend<\/strong><\/p>\n\n\n\n<hr class=\"wp-block-separator has-alpha-channel-opacity\" \/>\n\n\n\n<p><em>Dienstag, 26. Mai 2020, 19.15 Uhr&nbsp;&nbsp;&nbsp;&nbsp;<\/em><br><strong>Hl. Messe &amp; Nachtreffen Lourdes&nbsp;&nbsp;&nbsp;&nbsp;&nbsp;<\/strong><br>Nach der Heiligen Messe (19.15 Uhr) laden wir zum gemeinsamen Abendessen ein und berichten von der diesj\u00e4hrigen Lourdes-Wallfahrt und zeigen Fotos.<\/p>\n\n\n\n<hr class=\"wp-block-separator has-alpha-channel-opacity\" \/>\n\n\n\n<p><em>Donnerstag, 28. Mai 2020&nbsp;&nbsp;&nbsp;&nbsp;&nbsp;&nbsp;&nbsp;&nbsp;<\/em><br><strong>Weinprobe in der KHG<\/strong><\/p>\n\n\n\n<hr class=\"wp-block-separator has-alpha-channel-opacity\" \/>\n\n\n\n<p><em>Dienstag, 2. Juni 2020, 19.15 Uhr&nbsp;&nbsp;&nbsp;&nbsp;&nbsp;&nbsp;<\/em><br><strong>Gottesdienst (Pfingsten) &amp; Gemeindeabend<\/strong><\/p>\n\n\n\n<hr class=\"wp-block-separator has-alpha-channel-opacity\" \/>\n\n\n\n<p><em>Dienstag, 9. Juni 2020, 19.15 Uhr<\/em><br><strong>Hl. Messe &amp; Gemeindeabend<\/strong><\/p>\n\n\n\n<hr class=\"wp-block-separator has-alpha-channel-opacity\" \/>\n\n\n\n<p><em>Fronleichnam, Donnerstag, 11. Juni 2020, <abbr title=\"Helmut Schmidt Universit\u00e4t\">HSU<\/abbr>\/DB<\/em><br><strong>Soli-Lauf<\/strong><\/p>\n\n\n\n<hr class=\"wp-block-separator has-alpha-channel-opacity\" \/>\n\n\n\n<p><em>Sonntag, 14. Juni 2020, St. Joseph\/Wandsbek, 10 Uhr<\/em><br><strong>Hl. Messe &amp; Fronleichnamsprozession<\/strong><\/p>\n\n\n\n<hr class=\"wp-block-separator has-alpha-channel-opacity\" \/>\n\n\n\n<p><em>Montag, 15. Juni 2020, 19 Uhr<\/em><br><strong>Planungstreff &amp; Aufbau Sommerfest<\/strong><br>Wir beginnen mit einem gemeinsamen Abendessen. Beim anschlie\u00dfenden Planungstreffen beraten und beschlie\u00dfen wir die Veranstaltungen und Aktivit\u00e4ten des kommenden Trimesters. Ideen und Anregungen k\u00f6nnen wir immer gebrauchen! Auch sollen die letzten Vorbereitungen f\u00fcr das Sommerfest abgeschlossen werden.<\/p>\n\n\n\n<hr class=\"wp-block-separator has-alpha-channel-opacity\" \/>\n\n\n\n<p><em>Dienstag, 16. Juni 2020, 17 Uhr<\/em><br><strong>Hl. Messe &amp; Sommerfest<\/strong><br>Das Sommerfest findet bei jedem Wetter statt!<br>Um 21 Uhr spielt im Rahmen der Fu\u00dfball EM Deutschland gegen Frankreich.<\/p>\n\n\n\n<hr class=\"wp-block-separator has-alpha-channel-opacity\" \/>\n\n\n\n<p><em>Dienstag, 23. Juni 2020, 19.15 Uhr&nbsp;&nbsp;&nbsp;<\/em><br><strong>Hl. Messe &amp; Themenabend&nbsp;&nbsp;&nbsp;&nbsp;&nbsp;<\/strong><br>\u201eGott ist nicht lieb \u2013 Gewalt im Alten Testament\u201c (<abbr title=\"Professor\">Prof.<\/abbr> <abbr title=\"Doktor\">Dr.<\/abbr> Thomas El\u00dfner)<br><abbr title=\"Professor\">Prof.<\/abbr> <abbr title=\"Doktor\">Dr.<\/abbr> Thomas El\u00dfner, Professor f\u00fcr Theologie und Exegese des Alten Testaments, ist als Leitender wissenschaftlicher Direktor im Kirchendienst im Katholischen Milit\u00e4rbischofsamt verantwortlich f\u00fcr das Referat Seelsorge. Zuvor arbeitete er als Milit\u00e4rseelsorger und Dozent am Zentrum innere F\u00fchrung in Koblenz in Koblenz, hatte hatte einen Lehrauftrag an der <abbr title=\"Helmut Schmidt Universit\u00e4t\">HSU<\/abbr> (2002-2005), <abbr title=\"et cetera\">etc.<\/abbr><\/p>\n\n\n\n<hr class=\"wp-block-separator has-alpha-channel-opacity\" \/>\n\n\n\n<p><em>Donnerstag, 25. Juni 2020, 8 Uhr<\/em><br><strong>Andacht &amp; Fr\u00fchst\u00fcck<\/strong><br>Der 25. Juni ist sowohl der <em>\u201eSeefahrer-Tag\u201c<\/em> als auch der Gedenktag der <em>L\u00fcbecker M\u00e4rtyrer<\/em>.<\/p>\n\n\n\n<hr class=\"wp-block-separator has-alpha-channel-opacity\" \/>\n\n\n\n<p><em>Dienstag, 30. Juni 2020, 19.15 Uhr<\/em><br><strong>Hl. Messe &amp; Gemeindeabend<\/strong><br>(Achtelfinale der Fu\u00dfball Europameisterschaft)<\/p>\n\n\n\n<hr class=\"wp-block-separator has-alpha-channel-opacity\" \/>\n\n\n\n<p><em>Donnerstag, 2. Juli, 11.30 Uhr&nbsp;<\/em><br><strong>Atempause: Kurzandacht zu Mari\u00e4 Heimsuchung &amp; Mittagessen&nbsp;&nbsp;&nbsp;&nbsp;&nbsp;<\/strong><br>Das Fest Mari\u00e4 Heimsuchung (lat.: visitatio mariae) erinnert an den Besuch der Gottesmutter Maria bei ihrer Cousine Elisabeth (Lk 1,39-56).<\/p>\n\n\n\n<hr class=\"wp-block-separator has-alpha-channel-opacity\" \/>\n\n\n\n<p><em>Dienstag, 7. Juli 2020, 19.15 Uhr<\/em><br><strong>Hl. Messe &amp; Gemeindeabend<\/strong><br>(Halbfinale der Fu\u00dfball Europameisterschaft)<\/p>\n\n\n\n<hr class=\"wp-block-separator has-alpha-channel-opacity\" \/>\n\n\n\n<p><em>Dienstag, 14. Juli 2020 &amp; Donnerstag, 16. Juli 2020&nbsp;&nbsp;&nbsp;&nbsp;&nbsp;&nbsp;&nbsp;&nbsp;&nbsp;<\/em><br><strong>Feldgottesdienst auf dem Truppen\u00fcbungsplatz<\/strong><br>Im Rahmen der Gr\u00fcnen Woche des SFB-C feiern wir zwei Feldgottesdienste mit anschlie\u00dfendem Fr\u00fchst\u00fcck.<\/p>\n\n\n\n<hr class=\"wp-block-separator has-alpha-channel-opacity\" \/>\n\n\n\n<p><em>Dienstag, 14. Juli 2020, 19.15 Uhr<\/em><br><strong>Hl. Messe &amp; Gemeindeabend<\/strong><\/p>\n\n\n\n<hr class=\"wp-block-separator has-alpha-channel-opacity\" \/>\n\n\n\n<p><em>Dienstag, 21. Juli 2020<\/em><br>OpenHouse=offener Gemeindeabend<\/p>\n\n\n\n<hr class=\"wp-block-separator has-alpha-channel-opacity\" \/>\n\n\n\n<p><em>Dienstag, 28. Juli 2020, 19.15 Uhr<\/em><br><strong>Hl. Messe &amp; Gemeindeabend<\/strong><\/p>\n","protected":false},"excerpt":{"rendered":"<p>(Stand 9. M\u00e4rz 2020) Freitag, 3. April 2020, 16.00 Uhr&nbsp;&nbsp;&nbsp;&nbsp;&nbsp;&nbsp;&nbsp;Palmstockbasteln (besonders f\u00fcr Kinder)&nbsp;&nbsp;Am Palmsonntag, dem Sonntag vor Ostern wird der Einzug Jesu Christi in Jerusalem gedacht. Zum Zeichen seines K\u00f6nigtums [&hellip;]<\/p>\n","protected":false},"author":1538,"featured_media":0,"parent":0,"menu_order":0,"comment_status":"closed","ping_status":"closed","template":"","meta":{"footnotes":""},"categories":[4],"tags":[],"class_list":["post-758","page","type-page","status-publish","hentry","category-forschung"],"_links":{"self":[{"href":"https:\/\/www.hsu-hh.de\/kath\/wp-json\/wp\/v2\/pages\/758","targetHints":{"allow":["GET"]}}],"collection":[{"href":"https:\/\/www.hsu-hh.de\/kath\/wp-json\/wp\/v2\/pages"}],"about":[{"href":"https:\/\/www.hsu-hh.de\/kath\/wp-json\/wp\/v2\/types\/page"}],"author":[{"embeddable":true,"href":"https:\/\/www.hsu-hh.de\/kath\/wp-json\/wp\/v2\/users\/1538"}],"replies":[{"embeddable":true,"href":"https:\/\/www.hsu-hh.de\/kath\/wp-json\/wp\/v2\/comments?post=758"}],"version-history":[{"count":1,"href":"https:\/\/www.hsu-hh.de\/kath\/wp-json\/wp\/v2\/pages\/758\/revisions"}],"predecessor-version":[{"id":759,"href":"https:\/\/www.hsu-hh.de\/kath\/wp-json\/wp\/v2\/pages\/758\/revisions\/759"}],"wp:attachment":[{"href":"https:\/\/www.hsu-hh.de\/kath\/wp-json\/wp\/v2\/media?parent=758"}],"wp:term":[{"taxonomy":"category","embeddable":true,"href":"https:\/\/www.hsu-hh.de\/kath\/wp-json\/wp\/v2\/categories?post=758"},{"taxonomy":"post_tag","embeddable":true,"href":"https:\/\/www.hsu-hh.de\/kath\/wp-json\/wp\/v2\/tags?post=758"}],"curies":[{"name":"wp","href":"https:\/\/api.w.org\/{rel}","templated":true}]}}