{"id":753,"date":"2024-12-20T09:25:38","date_gmt":"2024-12-20T08:25:38","guid":{"rendered":"https:\/\/www.hsu-hh.de\/kath\/?page_id=753"},"modified":"2024-12-20T09:25:38","modified_gmt":"2024-12-20T08:25:38","slug":"programm-wintertrimester-2020","status":"publish","type":"page","link":"https:\/\/www.hsu-hh.de\/kath\/programm-wintertrimester-2020","title":{"rendered":"Programm &#8211; Wintertrimester 2020"},"content":{"rendered":"\n<p>(Stand: 9. Dezember 2019)<\/p>\n\n\n\n<hr class=\"wp-block-separator has-alpha-channel-opacity\" \/>\n\n\n\n<p><em>Sonntag, 5. Januar 2020<\/em><br><strong>Sternsinger in der KHG<\/strong><\/p>\n\n\n\n<hr class=\"wp-block-separator has-alpha-channel-opacity\" \/>\n\n\n\n<p><em>Montag, 6. Januar 2020<\/em><br><strong>Vorlesungsbeginn<\/strong><\/p>\n\n\n\n<hr class=\"wp-block-separator has-alpha-channel-opacity\" \/>\n\n\n\n<p><em>Dienstag, 7. Januar 2020, 19.15 Uhr<\/em><br><strong>Hl. Messe &amp; Gemeindeabend<\/strong><\/p>\n\n\n\n<hr class=\"wp-block-separator has-alpha-channel-opacity\" \/>\n\n\n\n<p><em>Mittwoch, 8. Januar 2020, ab 11.30 Uhr &nbsp;<\/em><br><strong>Sternsinger an der <abbr title=\"Helmut Schmidt Universit\u00e4t\">HSU<\/abbr><\/strong> (angefragt)<br>Wie auch in den letzten Jahren besuchen die Sternsinger die Helmut-Schmidt-Universit\u00e4t, um den Segen Gottes f\u00fcr die Universit\u00e4t und all ihrer Angeh\u00f6rigen zu erbitten. Dabei wird folgender Segensspruch mit Kreide auf die Wand geschrieben: <em><strong>20+C+M+B*20<\/strong><\/em> (<em><strong>C<\/strong>hristus <strong>M<\/strong>ansionem <strong>B<\/strong>enedicat \u2013 Christus segne dieses Haus<\/em>).<\/p>\n\n\n\n<hr class=\"wp-block-separator has-alpha-channel-opacity\" \/>\n\n\n\n<p><em>Donnerstag, 9. Januar 2020, 8 Uhr<\/em><br><strong>Andacht &amp; Fr\u00fchst\u00fcck zum Jahresbeginn<\/strong><\/p>\n\n\n\n<hr class=\"wp-block-separator has-alpha-channel-opacity\" \/>\n\n\n\n<p><em>Dienstag, 14. Januar 2020, 19.15\/20.20 Uhr<\/em><br><strong>Hl. Messe &amp; Themenabend (VJTF)<\/strong><br>VJTF steht f\u00fcr \u201eVery High Readiness Joint Task Force\u201c (zu deutsch \u201eEinsatzgruppe mit sehr hoher Einsatzbereitschaft\u201c). Ein Stabsoffizier berichtet \u00fcber die logistischen Erfahrungen und Herausforderungen bei der Versorgung der VJTF (l) 2019.<\/p>\n\n\n\n<hr class=\"wp-block-separator has-alpha-channel-opacity\" \/>\n\n\n\n<p><em>Mittwoch, 15. Januar 2020<\/em><br><strong>PGR\/Team Neujahrsfeier<\/strong><\/p>\n\n\n\n<hr class=\"wp-block-separator has-alpha-channel-opacity\" \/>\n\n\n\n<p><em>Montag, 20. Januar 2020, 18.15 Uhr<\/em><br><strong>Kochkurs mit Sebastian<\/strong><\/p>\n\n\n\n<hr class=\"wp-block-separator has-alpha-channel-opacity\" \/>\n\n\n\n<p><em>Dienstag, 21. Januar 2020, 19.15 Uhr&nbsp;&nbsp;&nbsp;&nbsp;&nbsp;&nbsp;&nbsp;&nbsp;&nbsp;&nbsp;<\/em><br><strong>Hl. Messe &amp; Neujahrsempfang&nbsp;&nbsp;&nbsp;&nbsp;&nbsp;<\/strong><br>Wir beginnen um 19.15 Uhr mit der Feier der Heiligen Messe, danach wollen wir gemeinsam auf das neue Jahr ansto\u00dfen.<\/p>\n\n\n\n<hr class=\"wp-block-separator has-alpha-channel-opacity\" \/>\n\n\n\n<p><em>Dienstag, 28. Januar 2020, 19.15 Uhr&nbsp;&nbsp;&nbsp;&nbsp;&nbsp;&nbsp;&nbsp;&nbsp;&nbsp;&nbsp;<\/em><br><strong>Hl. Messe (mit Blasiussegen) &amp; Badischer Abend&nbsp;<\/strong><\/p>\n\n\n\n<p><strong>Badischer Abend &nbsp;&nbsp;&nbsp;&nbsp;<\/strong><br><em>\u201eWir sprechen alles au\u00dfer Hochdeutsch\u201c<\/em> und <em>\u201eBadischer Wein: Von der Sonne verw\u00f6hnt\u201c<\/em> zwei S\u00e4tze die einem sofort in den Sinn kommen, wenn man an den s\u00fcdwestlichsten Teil Deutschlands denkt: Baden.<br>Beim badischen Abend lernen wir den sonnigsten Teil Deutschlands von seiner kulinarischen Seite kennen. (Den Internationalen LEGO-Tag, den Tag des Blaubeerpfannkuchens und den Ehrentag der Luftpolsterfolie, die ebenfalls am 28. Januar begangen werde, verschieben wir auf einen sp\u00e4teren Termin.)<\/p>\n\n\n\n<p><strong>Blasiussegen&nbsp;<\/strong><br>Am Ende der Heiligen Messe wird der Blasiussegen gespendet. Bei der Spendung des Blasiussegens h\u00e4lt der Priester dem Gl\u00e4ubigen zwei gekreuzte brennende Kerzen in H\u00f6he des Halses vor und spricht:<em> \u201eAuf die F\u00fcrsprache des heiligen Blasius bewahre dich der Herr vor Halskrankheit und allem B\u00f6sen. Es segne dich Gott, der Vater und der Sohn und der Heilige Geist.\u201c&nbsp;&nbsp;&nbsp;&nbsp;&nbsp;&nbsp;&nbsp;<\/em><br>Blasius war Bischof von Sebaste in Kleinasien und starb 316 f\u00fcr seinen Glauben. Die bekannteste Erz\u00e4hlung \u00fcber Blasius berichtet, wie er w\u00e4hrend seiner Gefangenschaft in einem r\u00f6mischen Gef\u00e4ngnis einem jungen Mann, der an einer Fischgr\u00e4te zu ersticken drohte, das Leben rettete. Deshalb erteilt die Kirche den Blasiussegen zum Schutz gegen Halskrankheiten. Darin kommt das gl\u00e4ubige Vertrauen auf die Heilszusage Gottes gerade auch f\u00fcr das leibliche Wohlergehen des erl\u00f6sungsbed\u00fcrftigen Menschen zum Ausdruck.<\/p>\n\n\n\n<hr class=\"wp-block-separator has-alpha-channel-opacity\" \/>\n\n\n\n<p><em>Dienstag, 4. Februar 2020, 19.15 Uhr&nbsp;&nbsp;&nbsp;&nbsp;&nbsp;&nbsp;&nbsp;&nbsp;&nbsp;&nbsp;<\/em><br><strong>Gottesdienst &amp; Vietnamesischer Abend&nbsp;&nbsp;&nbsp;&nbsp;<\/strong><br>Xuyen Tran, Doktorandin an der Professur f\u00fcr Politische \u00d6konomie und Empirische Wirtschaftsforschung, stellt anhand eines original vietnamesischen Abendessens ihr Heimatland Vietnam vor.<\/p>\n\n\n\n<hr class=\"wp-block-separator has-alpha-channel-opacity\" \/>\n\n\n\n<p><em>Mittwoch, 5. Februar 2020&nbsp;&nbsp;&nbsp;<\/em><br><strong>Einkehrtag zum Weltfriedenstag in Hildesheim&nbsp;&nbsp;&nbsp;&nbsp;<\/strong><br>Anl\u00e4sslich des Weltfriedenstages 2020 in Hildesheim wird zu einem Einkehrtag in das Michaeliskloster in Hildesheim eingeladen. Das Thema des Einkehrtages, der durch Milit\u00e4rdekan J\u00fcrgen Eckert und <abbr title=\"Diplom\">Dipl.<\/abbr>-Theol. Heinrich Dierkes vom Zentrum f\u00fcr ethische Bildung in den Streitkr\u00e4ften (zebis) gestaltet wird, ist: <em>\u201eBlut und Opfer, S\u00fchne und Eucharistiefeier\u201c &nbsp;<\/em><br>Anmeldung \u00fcber das Katholische Milit\u00e4rpfarramt Hamburg I.<\/p>\n\n\n\n<hr class=\"wp-block-separator has-alpha-channel-opacity\" \/>\n\n\n\n<p><em>Donnerstag, 6. Februar 2020&nbsp;&nbsp;&nbsp;&nbsp;&nbsp;&nbsp;&nbsp;&nbsp;&nbsp;&nbsp;&nbsp;&nbsp;<\/em><br><strong>Weltfriedenstag in Hildesheim&nbsp;&nbsp;&nbsp;&nbsp;&nbsp;&nbsp;&nbsp;<\/strong><br>Mit rund 500 Soldaten, zivilen Mitarbeitern der Bundeswehr und Polizisten feiert Bischof <abbr title=\"Doktor\">Dr.<\/abbr> Heiner Wilmer im Dom zu Hildesheim einen Friedensgottesdienst. Im Anschluss besteht die M\u00f6glichkeit zum Gespr\u00e4ch und Begegnung mit dem Bischof und Mittagessen im Generalvikariat. Ende der Veranstaltung um 13 Uhr. Anmeldung \u00fcber das Katholische Milit\u00e4rpfarramt Hamburg I.<\/p>\n\n\n\n<hr class=\"wp-block-separator has-alpha-channel-opacity\" \/>\n\n\n\n<p><em>Freitag bis Sonntag, 7.-9. Februar 2020&nbsp;&nbsp;&nbsp;&nbsp;&nbsp;&nbsp;&nbsp;<\/em><br><strong>Gemeindefahrt nach D\u00fcsseldorf &amp; Aachen<\/strong><br>D\u00fcsseldorf, die elegante und lebenswerte Stadt am Rhein ist nicht nur f\u00fcr Mode, Shopping, Kultur und au\u00dfergew\u00f6hnliche Events bekannt. Auch ist die katholische Kirche ist im Rheinland untrennbar mit dem Leben in der Stadt und der Region.<br>In D\u00fcsseldorf sind wir zu Gast bei der <em>Katholischen Jungen Gemeinde (KjG)<\/em>, einem Jugendverband im Bund der Katholischen Jugend (BDKJ). \u00dcbernachtet wird auf Luftmatratzen im Jugendheim der Kirchengemeinde <em>St. Mari\u00e4 Empf\u00e4ngnis\/D\u00fcsseldorf.<\/em> Auf dem Programm stehen eine gemeinsame <em>Karnevalsfeier<\/em> und ein Besuch im benachbarten Aachen.<\/p>\n\n\n\n<hr class=\"wp-block-separator has-alpha-channel-opacity\" \/>\n\n\n\n<p><em>Montag, 10. Februar 2020, 18 Uhr<\/em><br><strong>Kochkurs \u2013 Haute Cuisine mit Karlotta<\/strong><\/p>\n\n\n\n<hr class=\"wp-block-separator has-alpha-channel-opacity\" \/>\n\n\n\n<p><em>Dienstag, 11. Februar 2020, 19.15 Uhr&nbsp;&nbsp;&nbsp;&nbsp;&nbsp;&nbsp;&nbsp;&nbsp;<\/em><br><strong>Hl. Messe &amp; Themenabend \u201eBlack Hawk Down\u201c&nbsp;&nbsp;<\/strong><br>Passend zum <em>\u201eWelttag der Kranken\u201c<\/em> und zum <em>\u201eTag des Notrufs 112\u201c<\/em> berichtet Oberfeldarzt Michael Nowak aus dem BWK Hamburg \u00fcber seine Auslandseins\u00e4tze (Somalia, Kroatien, Bosnien, Kosovo uvm.). So war er <abbr title=\"zum Beispiel\">z.B.<\/abbr> am 3. Oktober 1993 als Ersthelfer in Somalias Hauptstadt Mogadischu vor Ort, als in der Operation \u201eGothic Serpent\u201c zwei amerikanische Helikopter vom Typ MH-60 Black Hawk abgeschossen wurden, 18 US-Amerikaner, ein malaysischer UN-Soldat und ca. 1000 Somalier bei blutigen Stra\u00dfenk\u00e4mpfen ums Leben kamen. Diese Ereignisse wurde als \u201eSchlacht von Mogadischu\u201c bekannt und im Action-Film \u201eBlack Hawk Down\u201c verfilmt.<\/p>\n\n\n\n<hr class=\"wp-block-separator has-alpha-channel-opacity\" \/>\n\n\n\n<p><em>Donnerstag, 13. Februar 2020<\/em><br><strong>Weltfriedenstag in Wilhelmshaven<\/strong><\/p>\n\n\n\n<hr class=\"wp-block-separator has-alpha-channel-opacity\" \/>\n\n\n\n<p><em>Freitag, 14. Februar 2020, 8.00 Uhr&nbsp;<\/em><br><strong>Valentinstag \u2013 Andacht &amp; Fr\u00fchst\u00fcck&nbsp;&nbsp;&nbsp;&nbsp;&nbsp;&nbsp;&nbsp;&nbsp;&nbsp;<\/strong><br>Der Valentinstag gilt in vielen L\u00e4ndern als Tag der Liebenden. Das Brauchtum dieses Tages geht auf einen oder mehrere christliche M\u00e4rtyrer namens Valentinus zur\u00fcck, die der \u00dcberlieferung zufolge das Martyrium durch Enthaupten erlitten haben. Verbreitet zum Valentinstag sind auch Gottesdienste, in denen Paare und Liebende gesegnet werden.<\/p>\n\n\n\n<hr class=\"wp-block-separator has-alpha-channel-opacity\" \/>\n\n\n\n<p><em>Dienstag, 18. Februar 2020, 19.15 Uhr&nbsp;&nbsp;&nbsp;&nbsp;&nbsp;&nbsp;&nbsp;&nbsp;<\/em><br><strong>Hl. Messe &amp; Themenabend (Lourdes)<\/strong><br>Vom Mittwoch, den 13. Mai, bis zum Dienstag, den 19. Mai, findet die 62. Internationale Soldatenwallfahrt nach Lourdes statt. Wir werden von den letzten Wallfahrten berichten und die Soldatenwallfahrt vorstellen. Vor dem Themenabend besteht wie immer die M\u00f6glichkeit zum Besuch der Hl. Messe (19.15 Uhr) und zum Abendessen.<\/p>\n\n\n\n<hr class=\"wp-block-separator has-alpha-channel-opacity\" \/>\n\n\n\n<p><em>Dienstag, 25. Februar 2020, 19.15 Uhr&nbsp;&nbsp;&nbsp;&nbsp;&nbsp;<\/em><br><strong>Hl. Messe &amp; Gemeindeabend<\/strong><\/p>\n\n\n\n<hr class=\"wp-block-separator has-alpha-channel-opacity\" \/>\n\n\n\n<p><em>Aschermittwoch, 26. Februar 2020, 11.30 Uhr&nbsp;&nbsp;&nbsp;&nbsp;&nbsp;&nbsp;&nbsp;&nbsp;<\/em><br><strong>Hl. Messe mit Austeilung des Aschenkreuzes &amp; Fischessen&nbsp;&nbsp;&nbsp;&nbsp;<\/strong><br>Mit dem Aschermittwoch beginnt die 40-t\u00e4gige Fastenzeit vor Ostern. Die Bezeichnung Aschermittwoch kommt von dem Brauch, im Gottesdienst am Aschermittwoch die Asche vom Verbrennen der Palmzweige des Vorjahres zu segnen und die Gl\u00e4ubigen mit einem Kreuz aus dieser Asche zu bezeichnen.<\/p>\n\n\n\n<hr class=\"wp-block-separator has-alpha-channel-opacity\" \/>\n\n\n\n<p><em>Dienstag, 3. M\u00e4rz 2020, 19.15 Uhr<\/em><br><strong>Hl. Messe &amp; Kochduell<\/strong><\/p>\n\n\n\n<hr class=\"wp-block-separator has-alpha-channel-opacity\" \/>\n\n\n\n<p><em>Donnerstag, 5. M\u00e4rz 2020, 8.00 Uhr<\/em><br><strong>Andacht &amp; Fr\u00fchst\u00fcck<\/strong><\/p>\n\n\n\n<hr class=\"wp-block-separator has-alpha-channel-opacity\" \/>\n\n\n\n<p><em>Dienstag, 10. M\u00e4rz 2020, 19.15 Uhr<\/em><br><strong>Hl. Messe &amp; Gemeindeabend<\/strong><\/p>\n\n\n\n<hr class=\"wp-block-separator has-alpha-channel-opacity\" \/>\n\n\n\n<p><em>Dienstag, 17. M\u00e4rz 2020, 19.15 Uhr&nbsp;<\/em><br><strong>Hl. Messe &amp; Gemeindeabend zum St. Patrick\u2019s Day&nbsp;&nbsp;&nbsp;&nbsp;&nbsp;&nbsp;&nbsp;&nbsp;&nbsp;<\/strong><br>Der St. Patrick\u2019s Day (Irisch: <strong>L\u00e1 Fh\u00e9ile P\u00e1draig<\/strong>) ist der Gedenktag des irischen Bischofs Patrick, der wahrscheinlich im 5. Jahrhundert lebte und als erster christlicher Missionar in Irland gilt.<\/p>\n\n\n\n<hr class=\"wp-block-separator has-alpha-channel-opacity\" \/>\n\n\n\n<p><em>Donnerstag, 19. M\u00e4rz 2020<\/em><br><strong>Atempause = Kurzandacht (Hl. Joseph) &amp; Mittagessen<\/strong><br>Der Heilige Joseph war der (Zieh-)Vater Jesu. Seit 1870 wird er als \u201ePatron der ganzen katholischen Kirche\u201c verehrt. Er ist aber auch der Patron der Arbeiter, Handwerker, Reisenden oder der Pioniere.<\/p>\n\n\n\n<hr class=\"wp-block-separator has-alpha-channel-opacity\" \/>\n\n\n\n<p><em>Dienstag, 24. M\u00e4rz 2020, 19.15 Uhr<\/em><br><strong>Hl. Messe &amp; Gemeindeabend zum Trimesterende<\/strong><\/p>\n\n\n\n<hr class=\"wp-block-separator has-alpha-channel-opacity\" \/>\n\n\n\n<p><em>Freitag, 27. M\u00e4rz 2020<\/em><br><strong>Vorlesungsende<\/strong><\/p>\n\n\n\n<hr class=\"wp-block-separator has-alpha-channel-opacity\" \/>\n\n\n\n<p><em>Dienstag, 31. M\u00e4rz 2020, 19.15 Uhr<\/em><br><strong>Hl. Messe &amp; Gemeindeabend<\/strong><\/p>\n","protected":false},"excerpt":{"rendered":"<p>(Stand: 9. Dezember 2019) Sonntag, 5. Januar 2020Sternsinger in der KHG Montag, 6. Januar 2020Vorlesungsbeginn Dienstag, 7. Januar 2020, 19.15 UhrHl. Messe &amp; Gemeindeabend Mittwoch, 8. Januar 2020, ab 11.30 [&hellip;]<\/p>\n","protected":false},"author":1538,"featured_media":0,"parent":0,"menu_order":0,"comment_status":"closed","ping_status":"closed","template":"","meta":{"footnotes":""},"categories":[4],"tags":[],"class_list":["post-753","page","type-page","status-publish","hentry","category-forschung"],"_links":{"self":[{"href":"https:\/\/www.hsu-hh.de\/kath\/wp-json\/wp\/v2\/pages\/753","targetHints":{"allow":["GET"]}}],"collection":[{"href":"https:\/\/www.hsu-hh.de\/kath\/wp-json\/wp\/v2\/pages"}],"about":[{"href":"https:\/\/www.hsu-hh.de\/kath\/wp-json\/wp\/v2\/types\/page"}],"author":[{"embeddable":true,"href":"https:\/\/www.hsu-hh.de\/kath\/wp-json\/wp\/v2\/users\/1538"}],"replies":[{"embeddable":true,"href":"https:\/\/www.hsu-hh.de\/kath\/wp-json\/wp\/v2\/comments?post=753"}],"version-history":[{"count":1,"href":"https:\/\/www.hsu-hh.de\/kath\/wp-json\/wp\/v2\/pages\/753\/revisions"}],"predecessor-version":[{"id":754,"href":"https:\/\/www.hsu-hh.de\/kath\/wp-json\/wp\/v2\/pages\/753\/revisions\/754"}],"wp:attachment":[{"href":"https:\/\/www.hsu-hh.de\/kath\/wp-json\/wp\/v2\/media?parent=753"}],"wp:term":[{"taxonomy":"category","embeddable":true,"href":"https:\/\/www.hsu-hh.de\/kath\/wp-json\/wp\/v2\/categories?post=753"},{"taxonomy":"post_tag","embeddable":true,"href":"https:\/\/www.hsu-hh.de\/kath\/wp-json\/wp\/v2\/tags?post=753"}],"curies":[{"name":"wp","href":"https:\/\/api.w.org\/{rel}","templated":true}]}}