{"id":748,"date":"2024-12-20T09:23:14","date_gmt":"2024-12-20T08:23:14","guid":{"rendered":"https:\/\/www.hsu-hh.de\/kath\/?page_id=748"},"modified":"2024-12-20T09:23:15","modified_gmt":"2024-12-20T08:23:15","slug":"programm-herbsttrimester-2019","status":"publish","type":"page","link":"https:\/\/www.hsu-hh.de\/kath\/programm-herbsttrimester-2019","title":{"rendered":"Programm &#8211; Herbsttrimester 2019"},"content":{"rendered":"\n<p>(Stand: 2. Juli 2019)<\/p>\n\n\n\n<p><em>Montag, 23. September 2019<\/em><br><strong>Vorstellung der KHG im Rahmen der O-Phase<\/strong><\/p>\n\n\n\n<hr class=\"wp-block-separator has-alpha-channel-opacity\" \/>\n\n\n\n<p><em>Dienstag, 24. September 2019, 19.15 Uhr<\/em><br><strong>Hl. Messe &amp; Gemeindeabend<\/strong><\/p>\n\n\n\n<hr class=\"wp-block-separator has-alpha-channel-opacity\" \/>\n\n\n\n<p><em>Donnerstag, 26. September 2019, 15.00-17.45 Uhr<\/em><br><strong>Info-Stand auf dem Roten Platz<\/strong><\/p>\n\n\n\n<hr class=\"wp-block-separator has-alpha-channel-opacity\" \/>\n\n\n\n<p><em>Montag, 30. September 2019<\/em><br><strong>Vorlesungsbeginn<\/strong><\/p>\n\n\n\n<hr class=\"wp-block-separator has-alpha-channel-opacity\" \/>\n\n\n\n<p><em>Montag, 30. September 2019, 18.30 Uhr&nbsp;&nbsp;&nbsp;<\/em><br><strong>TeamBuilding &nbsp;&nbsp;&nbsp;&nbsp;&nbsp;&nbsp;&nbsp;<\/strong><br>Damit sich die aktiven Gemeindemitglieder (Pfarrgemeinderat, Team &amp; Co.) der KHG noch besser kennenlernen, und sich in dem Vertrauen, jemand f\u00e4ngt einen auf, auch einfach mal fallen lassen k\u00f6nnen, machen wir unterschiedliche vertrauensbildende Aufgaben und teambildende \u00dcbungen. Herzliche Einladung an alle (Soldat, Zivilist, Student, Mitarbeiter <abbr title=\"et cetera\">etc.<\/abbr>) unabh\u00e4ngig von Konfessions- oder Religionszugeh\u00f6rigkeit, die die KHGler kennenlernen m\u00f6chten und sich vorstellen k\u00f6nnen, bei uns mitzuarbeiten.<\/p>\n\n\n\n<hr class=\"wp-block-separator has-alpha-channel-opacity\" \/>\n\n\n\n<p><em>Dienstag, 1. Oktober 2019, 19.15 Uhr<\/em><br><strong>Hl. Messe &amp; Kulinarische Reise durch Deutschland&nbsp;&nbsp;&nbsp;&nbsp;&nbsp;&nbsp;&nbsp;&nbsp;<\/strong><br>Am ersten Gemeindeabend im neuen Trimester starten wir \u2013 im Vorausblick auf den Tag der Deutschen Einheit \u2013 eine kulinarische Reise durch Deutschland, die Nord und S\u00fcd, West und Ost verbinden soll. Studierende aus den verschiedenen Landesteilen bringen verschiedene Spezialit\u00e4ten aus ihrer Heimat mit, und stellen diese vor. Alle sind eingeladen, sich an dieser Reise zu beteiligen. Vor der Kulinarischen Reise feiern wir eine Hl. Messe (19.15 Uhr).<\/p>\n\n\n\n<hr class=\"wp-block-separator has-alpha-channel-opacity\" \/>\n\n\n\n<p><em>Dienstag, 8. Oktober 2019, 19.15 Uhr<\/em><br><strong>Hl. Messe &amp; Trimesterer\u00f6ffnungsgrillen&nbsp;&nbsp;&nbsp;&nbsp;&nbsp;<\/strong><br>Um die neuen Studierenden geb\u00fchrend willkommen hei\u00dfen zu k\u00f6nnen, wird der Grill der KHG angeschmissen! Die KHG l\u00e4dt alle, die Lust haben, zu einem gem\u00fctlichen Grillabend und einer F\u00fchrung durch das Haus ein. Hier ist egal welcher Konfession man angeh\u00f6rt oder auch nicht, wir freuen uns \u00fcber jeden Gast. Das Grillen wird nach der Hl. Messe um 19.15 Uhr, also etwa gegen 20.00 Uhr, egal bei welchem Wetter, stattfinden.<\/p>\n\n\n\n<hr class=\"wp-block-separator has-alpha-channel-opacity\" \/>\n\n\n\n<p><em>Donnerstag, 10. Oktober 2019, 11.30 Uhr&nbsp;&nbsp;&nbsp;<\/em><br><strong>Atempause = Kurzandacht &amp; Mittagessen&nbsp;<\/strong><br>Die Atempause ist eine Kurzandacht mit anschlie\u00dfendem Mittagessen. In der Andacht denken wir an Pater Maximilian Kolbe, der am 10. Oktober 1982 durch Papst Johannes Paul II. heiliggesprochen wurde. Maximilian Kolbe ist der Patron der Katholischen Hochschulgemeinde. Er wurde 1941 verhaftet und nach Auschwitz deportiert, wo er f\u00fcr einen Mith\u00e4ftling in den Hungerbunker ging und starb.<\/p>\n\n\n\n<hr class=\"wp-block-separator has-alpha-channel-opacity\" \/>\n\n\n\n<p><em>Montag, 14. Oktober 2019, 19.00 Uhr&nbsp;&nbsp;&nbsp;&nbsp;&nbsp;&nbsp;&nbsp;&nbsp;<\/em><br><strong>Treff: PGR &amp; Team&nbsp;&nbsp;&nbsp;&nbsp;&nbsp;&nbsp;&nbsp;&nbsp;&nbsp;&nbsp;&nbsp;<\/strong><br>Alle aktiven KHGler (PGR &amp; Team) treffen sich, um ihre Arbeit vorzustellen und anstehende Projekte zu planen. Wir k\u00f6nnen immer gute Ideen und Verst\u00e4rkung gebrauchen.<\/p>\n\n\n\n<hr class=\"wp-block-separator has-alpha-channel-opacity\" \/>\n\n\n\n<p><em>Dienstag, 15. Oktober 2019, 18.00 Uhr&nbsp;&nbsp;&nbsp;&nbsp;&nbsp;&nbsp;&nbsp;&nbsp;<\/em><br><strong>Hl. Messe &amp; Oktoberfest (mit DJ Air Flow)<\/strong><br>Um 18 Uhr laden wir zur Hl. Messe ein. Anschlie\u00dfend gibt es die M\u00f6glichkeit zum Abendessen. Ab ca. 19 Uhr laden wir zur Oktoberfestparty ein, hier legt DJ Air Flow auf, der auch schon auf der WM Fan-Meile am Heiligengeistfeld, auf der Reeperbahn oder im Havanna Club Musik gemacht hat. Z\u00fcnftige Kleidung ist ausdr\u00fccklich erw\u00fcnscht!<\/p>\n\n\n\n<hr class=\"wp-block-separator has-alpha-channel-opacity\" \/>\n\n\n\n<p><em>Dienstag, 22. Oktober 2019, 19.15 Uhr<\/em><br><strong>Hl. Messe &amp; Gemeindeabend am Lagerfeuer<\/strong><\/p>\n\n\n\n<hr class=\"wp-block-separator has-alpha-channel-opacity\" \/>\n\n\n\n<p><em>Donnerstag, 24. Oktober 2019, 8.00 U<\/em><em>hr<\/em><br><strong>Andacht &amp; Fr\u00fchst\u00fcck<\/strong><\/p>\n\n\n\n<hr class=\"wp-block-separator has-alpha-channel-opacity\" \/>\n\n\n\n<p><em>Freitag bis Sonntag, 25.-27 Oktober 2019&nbsp;&nbsp;&nbsp;<\/em><br><strong>Aktiven- und Ehemaligentreff in Duderstadt&nbsp;&nbsp;&nbsp;&nbsp;&nbsp;&nbsp;&nbsp;&nbsp;<\/strong><br>Das Aktiven- und Ehemaligentreffen der (Alt-)KHGler und ihrer Familien hat eine lange Tradition. Inzwischen sind einiger Kinder der Ehemaligen selbst aktive Soldaten der Bundeswehr. Zusammen mit den aktiven Gemeindemitgliedern gibt es einen regen kameradschaftlichen Austausch \u00fcber die Generationen hinweg. Neben thematischen Impulsen, die in diesem Jahr von <abbr title=\"Doktor\">Dr.<\/abbr> Marco Schrage, Projektleiter im Institut f\u00fcr Theologie und Frieden (ithf), zum Thema \u201eFriedensethik\u201c gegeben werden, festigt das Wochenende im Harz alte Freundschaften und begr\u00fcndet neue. Anmeldung \u00fcber die Dienststelle im DB\/H4.<\/p>\n\n\n\n<hr class=\"wp-block-separator has-alpha-channel-opacity\" \/>\n\n\n\n<p><em>Dienstag, 29. Oktober 2019, 19.15 Uhr&nbsp;&nbsp;&nbsp;&nbsp;&nbsp;&nbsp;&nbsp;&nbsp;<\/em><br><strong>Hl. Messe &amp; BlindCooking&nbsp;&nbsp;&nbsp;&nbsp;&nbsp;&nbsp;&nbsp;&nbsp;<\/strong><br>BlindCooking \u2013 Kochen mal ganz anders: Habt ihr schon mal versucht, mit verbundenen Augen zu kochen? Das ist bestimmt ziemlich unm\u00f6glich, jedoch nicht, wenn man jemanden an seiner Seite hat, der einen anleitet. In zweier Teams (blind\/sehend) werden wir ein komplettes Men\u00fc kochen.<\/p>\n\n\n\n<hr class=\"wp-block-separator has-alpha-channel-opacity\" \/>\n\n\n\n<p><em>Dienstag, 5. November 2019, 19.15 Uhr&nbsp;&nbsp;&nbsp;&nbsp;&nbsp;<\/em><br><strong>Hl. Messe &amp; Themenabend EKV \u201eSurvival 1.0\u201c&nbsp;&nbsp;&nbsp;&nbsp;&nbsp;<\/strong><br>Die YouTube-Miniserie \u201eSurvival\u201c der Bundeswehr zeigt Studierende der <abbr title=\"Helmut Schmidt Universit\u00e4t\">HSU<\/abbr> w\u00e4hrend des Lehrgangs \u201eF\u00fchrer einer auf sich gestellten Gruppe\u201c \u2013 umgangssprachlich auch Einzelk\u00e4mpferlehrgang (EK) I genannt. Teilnehmer berichten \u00fcber die Serie, den EK I und \u00fcber die Einzelk\u00e4mfpervorausbildung (EKV), die sie neben ihrem Studium an der <abbr title=\"Helmut Schmidt Universit\u00e4t\">HSU<\/abbr> absolviert haben.<\/p>\n\n\n\n<hr class=\"wp-block-separator has-alpha-channel-opacity\" \/>\n\n\n\n<p><em>Montag, 11. Dezember 2019, 19.00 Uhr&nbsp;&nbsp;&nbsp;&nbsp;&nbsp;&nbsp;<\/em><br><strong>Planungstreffen in der KHG&nbsp;&nbsp;&nbsp;&nbsp;&nbsp;<\/strong><br>Wir beginnen mit einem gemeinsamen Abendessen. Danach beraten und beschlie\u00dfen wir die Veranstaltungen und Aktivit\u00e4ten des kommenden Trimesters. Ideen und Anregungen k\u00f6nnen wir immer wieder gebrauchen!<\/p>\n\n\n\n<hr class=\"wp-block-separator has-alpha-channel-opacity\" \/>\n\n\n\n<p><em>Dienstag, 12. November 2019, 18 Uhr&nbsp;&nbsp;&nbsp;&nbsp;&nbsp;&nbsp;&nbsp;&nbsp;&nbsp;&nbsp;<\/em><br><strong>Hl. Messe zum Patrozinium &amp; Gemeindeabend\/Empfang&nbsp;&nbsp;&nbsp;&nbsp;&nbsp;&nbsp;&nbsp;<\/strong><br>Gerade f\u00fcr Soldaten hat der Heilige Martin eine besondere Bedeutung, denn er ist nicht nur der Patron der Reisenden und Armen, sondern auch der Soldaten. An diesem Tag findet die Hl. Messe bereits um 18.00 Uhr statt.<br>Die Messe wird auch als <strong>Jahresamt f\u00fcr Helmut Schmidt<\/strong> gefeiert, der am 10. November 2015 im Alter von 97 Jahren starb.<\/p>\n\n\n\n<hr class=\"wp-block-separator has-alpha-channel-opacity\" \/>\n\n\n\n<p><em>Dienstag, 19. November 2019, 19.15 Uhr&nbsp;&nbsp;&nbsp;&nbsp;<\/em><br><strong>Hl. Messe &amp; mongolischer Abend&nbsp;&nbsp;&nbsp;&nbsp;&nbsp;<\/strong><br>Mongolische Studenten der <abbr title=\"Helmut Schmidt Universit\u00e4t\">HSU<\/abbr> bereiten ein landestypisches Abendessen vor.<\/p>\n\n\n\n<hr class=\"wp-block-separator has-alpha-channel-opacity\" \/>\n\n\n\n<p><em>Donnerstag, 21. November 2019, 11.30 Uhr<\/em><br><strong>Atempause = Kurzandacht &amp; Mittagessen&nbsp;<\/strong><br>Die Atempause ist eine Kurzandacht mit anschlie\u00dfendem Mittagessen. In Vorbereitung auf die nahende Adventszeit mit den vielen Festen und Feiern, m\u00f6chten wir eine Gelegenheit bieten sich eine Pause vom stressigen Alltag zu nehmen und einmal tief durchzuatmen.<\/p>\n\n\n\n<hr class=\"wp-block-separator has-alpha-channel-opacity\" \/>\n\n\n\n<p><em>Sonntag, 24. November 2019&nbsp;&nbsp;<\/em><br><strong>Adventsbasar in St. Joseph&nbsp;&nbsp;&nbsp;&nbsp;&nbsp;&nbsp;<\/strong><br>Zusammen mit der katholischen Milit\u00e4rseelsorge veranstaltet die Pfarrei St. Joseph in Wandsbek ihren j\u00e4hrlichen Adventsbasar.<\/p>\n\n\n\n<hr class=\"wp-block-separator has-alpha-channel-opacity\" \/>\n\n\n\n<p><em>Dienstag, 26. November 2019, 19.15 Uhr<\/em><br><strong>Hl. Messe &amp; Themenabend \u201eSurvival 2.0\u201c&nbsp;<\/strong><br>Franz\u00f6sische Soldaten berichten \u00fcber ihren \u201eEK\u201c am <em>Centre d\u2019entra\u00eenement en for\u00eat \u00e9quatoriale (CEFE)<\/em> in Franz\u00f6sisch Guyana.<\/p>\n\n\n\n<hr class=\"wp-block-separator has-alpha-channel-opacity\" \/>\n\n\n\n<p><em>Samstag, 30. November 2019&nbsp;<\/em><br><strong>Gr\u00fcndungsfest der \u00c9cole Sp\u00e9ciale Militaire de Saint-Cyr\/Frankreich<\/strong><br>In der Schlacht bei Austerlitz (1805) fiel der erste Soldat der \u00c9cole Sp\u00e9ciale Militaire de Saint-Cyr, von woher jedes Jahr einige Studierende ihr Studium an der <abbr title=\"Helmut Schmidt Universit\u00e4t\">HSU<\/abbr> aufnehmen.<\/p>\n\n\n\n<hr class=\"wp-block-separator has-alpha-channel-opacity\" \/>\n\n\n\n<p><em>Dienstag, 3. Dezember 2019, 19.15 Uhr&nbsp;&nbsp;&nbsp;&nbsp;&nbsp;&nbsp;&nbsp;<\/em><br><strong>Hl. Messe &amp; Feuerzangenbowle (Film &amp; Getr\u00e4nk)<\/strong><br>Im Anschluss an die Hl. Messe um 19.15 Uhr schauen wir den Film \u201eDie Feuerzangenbowle\u201c und genie\u00dfen zusammen selbiges Getr\u00e4nk bei einem geselligen Gemeindeabend.<\/p>\n\n\n\n<hr class=\"wp-block-separator has-alpha-channel-opacity\" \/>\n\n\n\n<p><em>Freitag, 6. Dezember 2019, 7.30 Uhr<\/em><br><strong>Andacht &amp; Fr\u00fchst\u00fcck: Der Nikolaus kommt!<\/strong><\/p>\n\n\n\n<hr class=\"wp-block-separator has-alpha-channel-opacity\" \/>\n\n\n\n<p><em>Dienstag, 10. Dezember 2019, ab 15 Uhr&nbsp;&nbsp;&nbsp;&nbsp;&nbsp;<\/em><br><strong>Pl\u00e4tzchenbacken \u2013 Hl. Messe (18 Uhr) &amp; Gemeindeabend&nbsp;&nbsp;&nbsp;&nbsp;&nbsp;&nbsp;<\/strong><br>Um (nicht nur) die Kleinen der Gemeinde auf die kommende Weihnachtszeit einzustimmen, m\u00f6chten wir die Gelegenheit nutzen, zusammen Pl\u00e4tzchen zu backen und anschlie\u00dfend nat\u00fcrlich auch zu verputzen.<\/p>\n\n\n\n<hr class=\"wp-block-separator has-alpha-channel-opacity\" \/>\n\n\n\n<p><em>Mittwoch, 11. Dezember 2019<\/em><br><strong>Adventsfeier: PGR &amp; Team<\/strong><\/p>\n\n\n\n<hr class=\"wp-block-separator has-alpha-channel-opacity\" \/>\n\n\n\n<p><em>Dienstag, 17. Dezember 2019, 19.15 Uhr<\/em><br><strong>Hl. Messe &amp; Gemeindeabend<\/strong><\/p>\n\n\n\n<hr class=\"wp-block-separator has-alpha-channel-opacity\" \/>\n\n\n\n<p><em>Donnerstag, 19. Dezember 2019, 10.00 Uhr<\/em><br><strong>Hl. Messe &amp; Brunch<\/strong><br>Einstimmung auf Weihnachten.<\/p>\n\n\n\n<hr class=\"wp-block-separator has-alpha-channel-opacity\" \/>\n\n\n\n<p><em>Freitag, 20. Dezember 2019<\/em><br><strong>Vorlesungsende<\/strong><\/p>\n","protected":false},"excerpt":{"rendered":"<p>(Stand: 2. Juli 2019) Montag, 23. September 2019Vorstellung der KHG im Rahmen der O-Phase Dienstag, 24. September 2019, 19.15 UhrHl. Messe &amp; Gemeindeabend Donnerstag, 26. September 2019, 15.00-17.45 UhrInfo-Stand auf [&hellip;]<\/p>\n","protected":false},"author":1538,"featured_media":0,"parent":0,"menu_order":0,"comment_status":"closed","ping_status":"closed","template":"","meta":{"footnotes":""},"categories":[4],"tags":[],"class_list":["post-748","page","type-page","status-publish","hentry","category-forschung"],"_links":{"self":[{"href":"https:\/\/www.hsu-hh.de\/kath\/wp-json\/wp\/v2\/pages\/748","targetHints":{"allow":["GET"]}}],"collection":[{"href":"https:\/\/www.hsu-hh.de\/kath\/wp-json\/wp\/v2\/pages"}],"about":[{"href":"https:\/\/www.hsu-hh.de\/kath\/wp-json\/wp\/v2\/types\/page"}],"author":[{"embeddable":true,"href":"https:\/\/www.hsu-hh.de\/kath\/wp-json\/wp\/v2\/users\/1538"}],"replies":[{"embeddable":true,"href":"https:\/\/www.hsu-hh.de\/kath\/wp-json\/wp\/v2\/comments?post=748"}],"version-history":[{"count":1,"href":"https:\/\/www.hsu-hh.de\/kath\/wp-json\/wp\/v2\/pages\/748\/revisions"}],"predecessor-version":[{"id":749,"href":"https:\/\/www.hsu-hh.de\/kath\/wp-json\/wp\/v2\/pages\/748\/revisions\/749"}],"wp:attachment":[{"href":"https:\/\/www.hsu-hh.de\/kath\/wp-json\/wp\/v2\/media?parent=748"}],"wp:term":[{"taxonomy":"category","embeddable":true,"href":"https:\/\/www.hsu-hh.de\/kath\/wp-json\/wp\/v2\/categories?post=748"},{"taxonomy":"post_tag","embeddable":true,"href":"https:\/\/www.hsu-hh.de\/kath\/wp-json\/wp\/v2\/tags?post=748"}],"curies":[{"name":"wp","href":"https:\/\/api.w.org\/{rel}","templated":true}]}}