{"id":743,"date":"2024-12-20T09:20:29","date_gmt":"2024-12-20T08:20:29","guid":{"rendered":"https:\/\/www.hsu-hh.de\/kath\/?page_id=743"},"modified":"2024-12-20T09:20:30","modified_gmt":"2024-12-20T08:20:30","slug":"programm-fruehjahrstrimester-2019","status":"publish","type":"page","link":"https:\/\/www.hsu-hh.de\/kath\/programm-fruehjahrstrimester-2019","title":{"rendered":"Programm &#8211; Fr\u00fchjahrstrimester 2019"},"content":{"rendered":"\n<p>(Stand: 26. M\u00e4rz 2019)<\/p>\n\n\n\n<p><em>Dienstag, 2. April Februar 2019, 19.15 Uhr<\/em><br><strong>Hl. Messe &amp; Gemeindeabend<\/strong><\/p>\n\n\n\n<hr class=\"wp-block-separator has-alpha-channel-opacity\" \/>\n\n\n\n<p><em>Dienstag, 9. April 2019, 19.15 Uhr&nbsp;&nbsp;&nbsp;&nbsp;<\/em><br><strong>Hl. Messe &amp; Trimesterer\u00f6ffnungsgrillen&nbsp;&nbsp;&nbsp;&nbsp;&nbsp;<\/strong><\/p>\n\n\n\n<p>Um das neue Trimester gut zu beginnen, wird der Grill der KHG angeschmissen! Die KHG l\u00e4dt alle, die Lust haben, zu einem gem\u00fctlichen Grillabend und einer F\u00fchrung durch das Haus ein. Hier ist (wie immer!) egal welcher Konfession man angeh\u00f6rt oder auch nicht, wir freuen uns \u00fcber jeden Gast. Das Grillen wird nach der Hl. Messe m 19.15 Uhr, also etwa gegen 20 Uhr, egal bei welchem Wetter, stattfinden.<\/p>\n\n\n\n<hr class=\"wp-block-separator has-alpha-channel-opacity\" \/>\n\n\n\n<p><em>Donnerstag, 11. April 2019, 8.00 Uhr<\/em><br><strong>Andacht &amp; Fr\u00fchst\u00fcck<\/strong><\/p>\n\n\n\n<hr class=\"wp-block-separator has-alpha-channel-opacity\" \/>\n\n\n\n<p><em>Freitag, 12. April 2019, 16.00 Uhr<\/em><br><strong>Palmstockbasteln (besonders f\u00fcr Kinder)<\/strong><\/p>\n\n\n\n<hr class=\"wp-block-separator has-alpha-channel-opacity\" \/>\n\n\n\n<p><em>Dienstag, 16. April 2019, 19.15 Uhr&nbsp;&nbsp;&nbsp;<\/em><br><strong>Hl. Messe (Palmsonntag) &amp; Gemeindeabend\/Vortreffen Lourdes&nbsp;&nbsp;&nbsp;&nbsp;<\/strong><br>Am Palmsonntag, dem Sonntag vor Ostern wird der Einzug Jesu Christi in Jerusalem gedacht. Zum Zeichen seines K\u00f6nigtums jubelte das Volk ihm zu. Um daran zu erinnern, werden im Gottesdienst am 14. April in St. Joseph\/Wandsbek Palmst\u00f6cke (besonders geschm\u00fcckte Buchsbaumb\u00fcschel) mit Weiwasser gesegnet und in der kirchlichen Prozession als \u201eZeichen des Lebens und des Sieges\u201c mitgetragen. Zusammen wollen wir am Freitag, den 12. April um 16 Uhr, in der KHG diese Palmst\u00f6cke basteln.<\/p>\n\n\n\n<p>Die Teilnehmer der 61. Internationalen Soldatenwallfahrt nach Lourdes treffen sich in der KHG, um organisatorische Details der Wallfahrt zu besprechen und sich besser kennenzulernen. Der Abend klingt gem\u00fctlich an der Bar aus.<\/p>\n\n\n\n<hr class=\"wp-block-separator has-alpha-channel-opacity\" \/>\n\n\n\n<p><em>Gr\u00fcndonnerstag, 18. April 2019, 10.30 Uhr<\/em><br><strong>Hl. Messe zu Gr\u00fcndonnerstag &amp; Brunch&nbsp;&nbsp;&nbsp;&nbsp;&nbsp;<\/strong><\/p>\n\n\n\n<hr class=\"wp-block-separator has-alpha-channel-opacity\" \/>\n\n\n\n<p><em>Dienstag, 23. April 2019, 18.00 Uhr&nbsp;&nbsp;<\/em><br><strong>Hl. Messe zu Ostern (mit Kindern) &amp; Osterfeuer\/Stockbrot\/Ostereiersuche&nbsp;&nbsp;&nbsp;&nbsp;&nbsp;&nbsp;&nbsp;&nbsp;&nbsp;&nbsp;<\/strong><br>Nach der Hl. Messe (18 Uhr), die vom Jugendchor der ghanaischen Gemeinde mitgestaltet wird, entz\u00fcnden wir im Garten der KHG ein Osterfeuer. Dazu machen wir Stockbrot. Die Kinder k\u00f6nnen im Garten nach Ostereiern suchen.<\/p>\n\n\n\n<hr class=\"wp-block-separator has-alpha-channel-opacity\" \/>\n\n\n\n<p><em>Dienstag, 30. April 2019, 19.15 Uhr&nbsp;&nbsp;&nbsp;<\/em><br><strong>Hl. Messe &amp; Niederl\u00e4ndischer Abend (Koningsdag)&nbsp;&nbsp;&nbsp;&nbsp;&nbsp;&nbsp;&nbsp;<\/strong><br>Am Niederl\u00e4ndischen Nationalfeiertag (27.4.19), dem Koningsdag, feiern unsere Nachbarn den Geburtstag ihres K\u00f6nigs Willem-Alexander. Am niederl\u00e4ndischen Abend wollen wir die kulinarische Vielfalt der Niederlande erkunden.<\/p>\n\n\n\n<hr class=\"wp-block-separator has-alpha-channel-opacity\" \/>\n\n\n\n<p><em>Dienstag, 7. Mai 2019, 19.15 Uhr&nbsp;&nbsp;&nbsp;&nbsp;&nbsp;&nbsp;&nbsp;<\/em><br><strong>Maiandacht &amp; Gemeindeabend&nbsp;&nbsp;&nbsp;&nbsp;&nbsp;&nbsp;&nbsp;&nbsp;&nbsp;<\/strong><br>Mitglieder des Pfarrgemeinderates gestallten einen Wortgottesdienst zu Ehren Mariens (Maiandacht). Der Mai gilt kirchlich traditionell als \u201eMarienmonat\u201c. Die Gottesmutter wird in der christlichen Spiritualit\u00e4t als Sinnbild f\u00fcr die lebensbejahende Kraft des Fr\u00fchlings und seiner \u00fcberbordenden Fruchtbarkeit verehrt. Maria steht am Beginn des Heilswerkes Gottes und symbolisiert somit den \u201eFr\u00fchling des Heils\u201c.<\/p>\n\n\n\n<hr class=\"wp-block-separator has-alpha-channel-opacity\" \/>\n\n\n\n<p><em>Donnerstag, 9.Mai 2019, 11.30 Uhr&nbsp;&nbsp;<\/em><br><strong>Atempause = Kurzandacht (zum Ende des 2. Weltkriegs) &amp; Mittagessen&nbsp;&nbsp;&nbsp;<\/strong><br>Am 3. Mai 1945 endet der zweite Weltkrieg in Hamburg. Am 7. Mai 1945 unterzeichnet Generaloberst Jodl in Reims die bedingungslose Kapitulation des Deutschen Reichs. Sie tritt am 8. Mai 1945 um 23 Uhr in Kraft. Der sowjetische Diktator Josef Stalin dr\u00e4ngt auf eine Wiederholung der Zeremonie im sowjetischen Machtbereich. So unterschreibt Generalfeldmarschall Wilhelm Keitel in der Nacht zum 9. Mai 1945 die Kapitulationsurkunde im sowjetischen Hauptquartier in Berlin-Karlshorst. Nach mehr als f\u00fcnf Jahren Krieg schweigen in Europa endlich die Waffen.<\/p>\n\n\n\n<hr class=\"wp-block-separator has-alpha-channel-opacity\" \/>\n\n\n\n<p><em>Dienstag, 14. Mai 2019, 19.15 Uhr<\/em><br><strong>Hl. Messe (+Firmung) &amp; Gemeindeabend<\/strong><br>Verabschiedung der Lourdes-Pilger &amp; Reisesegen<\/p>\n\n\n\n<hr class=\"wp-block-separator has-alpha-channel-opacity\" \/>\n\n\n\n<p><em>Mittwoch, 15. Mai 2019, bis Dienstag, 21. Mai 2019&nbsp;&nbsp;&nbsp;&nbsp;&nbsp;&nbsp;&nbsp;<\/em><br><strong>61. Soldatenwallfahrt nach Lourdes&nbsp; &#8222;Suche Frieden und jage ihm nach!&#8220; &nbsp;&nbsp;&nbsp;&nbsp;&nbsp;&nbsp;&nbsp;&nbsp;&nbsp;<\/strong><br>Unter diesem Motto nehmen vom 15. bis 21. Mai 2019 Soldatinnen und Soldaten aus fast 50 Nationen auf Einladung des franz\u00f6sischen Milit\u00e4rbischofs an der 61. Internationalen Soldatenwallfahrt nach Lourdes teil. Am Mittwoch, den 15. Mai 2019, fahren wir mit dem Sonderzug ab Hamburg-Altona zu einem der bedeutendsten Marienwallfahrtsorte der Katholischen Kirche.<\/p>\n\n\n\n<hr class=\"wp-block-separator has-alpha-channel-opacity\" \/>\n\n\n\n<p><em>Dienstag, 21. Mai 2019, 19.15 Uhr<\/em><br><strong>Hl. Messe &amp; Gemeindeabend<\/strong><\/p>\n\n\n\n<hr class=\"wp-block-separator has-alpha-channel-opacity\" \/>\n\n\n\n<p><em>Dienstag, 28. Mai 2019, 19.15 Uhr&nbsp;&nbsp;&nbsp;&nbsp;&nbsp;<\/em><br><strong>Hl. Messe &amp; Nachtreffen Lourdes&nbsp;&nbsp;&nbsp;&nbsp;<\/strong><br>Wir berichten von der diesj\u00e4hrigen Lourdes-Wallfahrt und zeigen Fotos.<\/p>\n\n\n\n<hr class=\"wp-block-separator has-alpha-channel-opacity\" \/>\n\n\n\n<p><em>Dienstag, 4. Juni 2019, 19.15 Uhr<\/em><br><strong>Wortgottesdienst &amp; kroatischer Abend<\/strong><\/p>\n\n\n\n<hr class=\"wp-block-separator has-alpha-channel-opacity\" \/>\n\n\n\n<p><em>Dienstag, 11. Juni 2019, 19.15 Uhr&nbsp;&nbsp;<\/em><br><strong>Hl. Messe zu Pfingsten &amp; Spieleabend &nbsp;&nbsp;&nbsp;&nbsp;&nbsp;&nbsp;&nbsp;&nbsp;<\/strong><br>Nach der Hl. Messe zu Pfingsten und dem gemeinsamen Abendessen steht der Gemeindeabend ganz unter dem Motto: Lasset die Spiele beginnen! Egal ob Brett- oder Kartenspiel, es wird f\u00fcr jeden etwas dabei sein.<\/p>\n\n\n\n<hr class=\"wp-block-separator has-alpha-channel-opacity\" \/>\n\n\n\n<p><em>Samstag, 15. Juni 2019&nbsp;&nbsp;<\/em><br><strong>Feldgottesdienst &amp; Tag der Bundeswehr &nbsp;&nbsp;&nbsp;<\/strong><br>Den \u201eTag der Bundeswehr\u201c beginnen wir mit einem Feldgottesdienst auf dem Uni-Campus (DB). Ein Informationsstand am \u201eRoten Platz\u201c informiert \u00fcber die Katholische Milit\u00e4rseelsorge.<\/p>\n\n\n\n<hr class=\"wp-block-separator has-alpha-channel-opacity\" \/>\n\n\n\n<p><em>Sonntag, 16. Juni 2019<\/em><br><strong>Erwachsenentaufe &amp; Firmung in der KHG<\/strong><\/p>\n\n\n\n<hr class=\"wp-block-separator has-alpha-channel-opacity\" \/>\n\n\n\n<p><em>Montag, 17. Juni 2019, 19.00 Uhr&nbsp;&nbsp;&nbsp;&nbsp;&nbsp;&nbsp;<\/em><br><strong>Planungstreff &amp; Aufbau Sommerfest<\/strong><br>Wir beginnen mit einem gemeinsamen Abendessen. Beim anschlie\u00dfenden Planungstreffen beraten und beschlie\u00dfen wir die Veranstaltungen und Aktivit\u00e4ten des kommenden Trimesters. Ideen und Anregungen k\u00f6nnen wir immer gebrauchen! Auch sollen die letzten Vorbereitungen f\u00fcr das Sommerfest abgeschlossen werden.<\/p>\n\n\n\n<hr class=\"wp-block-separator has-alpha-channel-opacity\" \/>\n\n\n\n<p><em>Dienstag, 18. Juni 2019, 17 Uhr<\/em><br><strong>Hl. Messe &amp; Sommerfest<\/strong><\/p>\n\n\n\n<hr class=\"wp-block-separator has-alpha-channel-opacity\" \/>\n\n\n\n<p><em>Donnerstag, 20. Juni 2019&nbsp;&nbsp;&nbsp;&nbsp;&nbsp;&nbsp;&nbsp;&nbsp;<\/em><br><strong>Fronleichnam \u2013 Atempause (Kurzandacht &amp; Mittagessen)&nbsp;&nbsp;&nbsp;&nbsp;&nbsp;&nbsp;<\/strong><br>Das Fronleichnamsfest oder fest des heiligsten Leibes und Blutes Christi ist ein Hochfest im Kirchenjahr der katholischen Kirche, mit dem die leibliche Gegenwart Jesu Christi im Sakrament der Eucharistie gefeiert wird. In vielen Gegenden Deutschlands ist Fronleichnam ein Feiertag.<\/p>\n\n\n\n<hr class=\"wp-block-separator has-alpha-channel-opacity\" \/>\n\n\n\n<p><em>Samstag, 22. Juni 2019, 11.50 Uhr&nbsp;&nbsp;&nbsp;&nbsp;&nbsp;<\/em><br><strong>Paddeln der KHGs im Norden&nbsp;&nbsp;<\/strong><br>Die KHG-Hamburg l\u00e4dt die Studierendengemeinden des Nordens zum gemeinsamen Paddeln ein: Beginn um 12 Uhr an der Wohldorfer Schleuse Am Ziel (ca. 16 Uhr\/Poppenb\u00fcttler Schleuse) warten auf uns Getr\u00e4nke, gebratene W\u00fcrste, Salate, uvm. Anmeldung bis 27. Mai (khg@hsu-hh.de).<\/p>\n\n\n\n<hr class=\"wp-block-separator has-alpha-channel-opacity\" \/>\n\n\n\n<p><em>Dienstag, 25. Juni 2019, 19.15 Uhr<\/em><br><strong>Hl. Messe (Trimesterende) &amp; Gemeindeabend<\/strong><\/p>\n\n\n\n<hr class=\"wp-block-separator has-alpha-channel-opacity\" \/>\n\n\n\n<p><em>Dienstag, 2. Juli 2019, 19.15 Uhr<\/em><br><strong>Hl. Messe &amp; Gemeindeabend<\/strong><\/p>\n\n\n\n<hr class=\"wp-block-separator has-alpha-channel-opacity\" \/>\n\n\n\n<p><em>Donnerstag, 4. Juli 2019, 8.00 Uhr&nbsp;&nbsp;&nbsp;&nbsp;&nbsp;<\/em><br><strong>Andacht zum <em>\u201eIndependence Day\u201c<\/em> &amp; Fr\u00fchst\u00fcck&nbsp;&nbsp;<\/strong><br>Aus England gefl\u00fcchtete Puritaner brachten die christlich- demokratischen Ideen von Gleichheit, Freiheit und Br\u00fcderlichkeit in die Neue Welt. Am 4. Juli 1776 erkl\u00e4rte der Kongress in Philadelphia die Unabh\u00e4ngigkeit der 13 Kolonien. Die Unabh\u00e4ngigkeitserkl\u00e4rung der Vereinigten Staaten war gleichzeitig die Verfassung des neuen Staates. Darin wurden zum ersten Mal die Grund- und Menschenrechte schriftlich festgelegt und zu den obersten und wichtigsten Gesetzen im Staat gemacht. Demnach war es die Aufgabe des Staates, die Freiheit und Gleichheit der B\u00fcrger zu garantieren und zu verteidigen. Mit wenigen \u00c4nderungen gilt diese Verfassung noch heute. Der 4. Juli wird nach wie vor als Unabh\u00e4ngigkeitstag gefeiert.<\/p>\n\n\n\n<hr class=\"wp-block-separator has-alpha-channel-opacity\" \/>\n\n\n\n<p><em>Dienstag, 9. Juli 2019, 19.15 Uhr<\/em><br><strong>Hl. Messe &amp; Gemeindeabend\/Verabschiedung des 15\/16er Jahrgangs<\/strong><\/p>\n\n\n\n<hr class=\"wp-block-separator has-alpha-channel-opacity\" \/>\n\n\n\n<p><em>Dienstag, 16. Juli 2019, 19.15 Uhr&nbsp;&nbsp;&nbsp;&nbsp;&nbsp;&nbsp;<\/em><br><strong>Hl. Messe &amp; Gemeindeabend&nbsp;&nbsp;<\/strong><br>Beginn der \u201eSommerpause\u201c: Die regul\u00e4ren Gemeindeabende beginnen wieder am Dienstag, den 24. September 2019. \u00dcber Hl. Messen und Gemeindeabende innerhalb der Vorlesungsfreien Zeit wird \u00fcber Aush\u00e4nge und <abbr title=\"Helmut Schmidt Universit\u00e4t\">HSU<\/abbr>-Rundmails informiert werden.<\/p>\n","protected":false},"excerpt":{"rendered":"<p>(Stand: 26. M\u00e4rz 2019) Dienstag, 2. April Februar 2019, 19.15 UhrHl. Messe &amp; Gemeindeabend Dienstag, 9. April 2019, 19.15 Uhr&nbsp;&nbsp;&nbsp;&nbsp;Hl. Messe &amp; Trimesterer\u00f6ffnungsgrillen&nbsp;&nbsp;&nbsp;&nbsp;&nbsp; Um das neue Trimester gut zu beginnen, [&hellip;]<\/p>\n","protected":false},"author":1538,"featured_media":0,"parent":0,"menu_order":0,"comment_status":"closed","ping_status":"closed","template":"","meta":{"footnotes":""},"categories":[4],"tags":[],"class_list":["post-743","page","type-page","status-publish","hentry","category-forschung"],"_links":{"self":[{"href":"https:\/\/www.hsu-hh.de\/kath\/wp-json\/wp\/v2\/pages\/743","targetHints":{"allow":["GET"]}}],"collection":[{"href":"https:\/\/www.hsu-hh.de\/kath\/wp-json\/wp\/v2\/pages"}],"about":[{"href":"https:\/\/www.hsu-hh.de\/kath\/wp-json\/wp\/v2\/types\/page"}],"author":[{"embeddable":true,"href":"https:\/\/www.hsu-hh.de\/kath\/wp-json\/wp\/v2\/users\/1538"}],"replies":[{"embeddable":true,"href":"https:\/\/www.hsu-hh.de\/kath\/wp-json\/wp\/v2\/comments?post=743"}],"version-history":[{"count":1,"href":"https:\/\/www.hsu-hh.de\/kath\/wp-json\/wp\/v2\/pages\/743\/revisions"}],"predecessor-version":[{"id":744,"href":"https:\/\/www.hsu-hh.de\/kath\/wp-json\/wp\/v2\/pages\/743\/revisions\/744"}],"wp:attachment":[{"href":"https:\/\/www.hsu-hh.de\/kath\/wp-json\/wp\/v2\/media?parent=743"}],"wp:term":[{"taxonomy":"category","embeddable":true,"href":"https:\/\/www.hsu-hh.de\/kath\/wp-json\/wp\/v2\/categories?post=743"},{"taxonomy":"post_tag","embeddable":true,"href":"https:\/\/www.hsu-hh.de\/kath\/wp-json\/wp\/v2\/tags?post=743"}],"curies":[{"name":"wp","href":"https:\/\/api.w.org\/{rel}","templated":true}]}}