{"id":738,"date":"2024-12-20T09:17:41","date_gmt":"2024-12-20T08:17:41","guid":{"rendered":"https:\/\/www.hsu-hh.de\/kath\/?page_id=738"},"modified":"2024-12-20T09:17:42","modified_gmt":"2024-12-20T08:17:42","slug":"programm-wintertrimester-2019","status":"publish","type":"page","link":"https:\/\/www.hsu-hh.de\/kath\/programm-wintertrimester-2019","title":{"rendered":"Programm &#8211; Wintertrimester 2019"},"content":{"rendered":"\n<h3 class=\"wp-block-heading\"> <\/h3>\n\n\n\n<p>(Stand: 7. Dezember 2018)<\/p>\n\n\n\n<p><em>Montag, 7. Januar 2019<\/em><br><strong>Vorlesungsbeginn<\/strong><\/p>\n\n\n\n<hr class=\"wp-block-separator has-alpha-channel-opacity\" \/>\n\n\n\n<p><em>Dienstag, 8. Januar 2019<\/em><br><em>11.00-12.30 Uhr&nbsp;<\/em>&nbsp;&nbsp; <strong>Sternsinger in der <abbr title=\"Helmut Schmidt Universit\u00e4t\">HSU<\/abbr><\/strong><br>Wie auch in den letzten Jahren besuchen die Sternsinger die Helmut-Schmidt-Universit\u00e4t, um den Segen Gottes f\u00fcr die Universit\u00e4t und all ihrer Angeh\u00f6rigen zu erbitten. Dabei wird folgender Segensspruch mit Kreide auf die Wand geschrieben: 20+C+M+B*19 (Christus Mansionem Benedicat \u2013 Christus segne dieses Haus.<br><em>19.15 Uhr&nbsp;&nbsp;<\/em>&nbsp; &nbsp;&nbsp;&nbsp;&nbsp;&nbsp;&nbsp;&nbsp;&nbsp;&nbsp;&nbsp;&nbsp; <strong>Hl. Messe &amp; Gemeindeabend<\/strong><\/p>\n\n\n\n<hr class=\"wp-block-separator has-alpha-channel-opacity\" \/>\n\n\n\n<p><em>Donnerstag, 10. Januar 2019, 8 Uhr<\/em><br><strong>Andacht &amp; Fr\u00fchst\u00fcck zum Jahresbeginn<\/strong><\/p>\n\n\n\n<hr class=\"wp-block-separator has-alpha-channel-opacity\" \/>\n\n\n\n<p><em>Montag, 14. Januar 2019, 9.00-12.00 Uhr<\/em><br><strong>Krabbelgruppe<\/strong><\/p>\n\n\n\n<hr class=\"wp-block-separator has-alpha-channel-opacity\" \/>\n\n\n\n<p><em>Dienstag, 15. Januar 2019, 18 Uhr&nbsp;&nbsp;&nbsp;&nbsp;<\/em><br><strong>Hl. Messe &amp; Neujahrsempfang&nbsp;&nbsp;&nbsp;&nbsp;&nbsp;&nbsp;&nbsp;<\/strong><br>Wir beginnen um 18 Uhr mit der Feier der Heiligen Messe, danach wollen wir gemeinsam auf das neue Jahr ansto\u00dfen.<\/p>\n\n\n\n<hr class=\"wp-block-separator has-alpha-channel-opacity\" \/>\n\n\n\n<p><em>Mittwoch, 16. Januar 2019, 19 Uhr<\/em><br><strong>\u201eTypisch Katholisch\u201c (Glaubensgespr\u00e4ch)<\/strong><\/p>\n\n\n\n<hr class=\"wp-block-separator has-alpha-channel-opacity\" \/>\n\n\n\n<p><em>Montag, 21. Januar 2019, 9.00-12.00 Uhr<\/em><br><strong>Krabbelgruppe<\/strong><\/p>\n\n\n\n<hr class=\"wp-block-separator has-alpha-channel-opacity\" \/>\n\n\n\n<p><em>Dienstag, 22. Januar 2019, 19.15 Uhr<\/em><br><strong>Hl. Messe &amp; \u201eRussischer Abend\u201c&nbsp;&nbsp;&nbsp;&nbsp;&nbsp;&nbsp;&nbsp;<\/strong><br>Der Sprachkurs \u201eRussisch\u201c an der <abbr title=\"Helmut Schmidt Universit\u00e4t\">HSU<\/abbr> stellt Land und Leute vor und bereitet ein russisches Abendessen vor. Um 19.15 Uhr feiern wir eine Hl. Messe. Herzliche Einladung!<\/p>\n\n\n\n<hr class=\"wp-block-separator has-alpha-channel-opacity\" \/>\n\n\n\n<p><em>Donnerstag, 24. Januar 2019, 11.30 Uhr<\/em><br><strong>Atempause = Kurzandacht &amp; Mittagessen<\/strong><\/p>\n\n\n\n<hr class=\"wp-block-separator has-alpha-channel-opacity\" \/>\n\n\n\n<p><em>Montag, 28. Januar 2019, 9.00-12.00 Uhr<\/em><br><strong>Krabbelgruppe<\/strong><\/p>\n\n\n\n<hr class=\"wp-block-separator has-alpha-channel-opacity\" \/>\n\n\n\n<p><em>Dienstag, 29. Januar 2019, 19.15 Uhr<\/em><br><strong>Wortgottesdienst &amp; Gemeindeabend<\/strong><\/p>\n\n\n\n<hr class=\"wp-block-separator has-alpha-channel-opacity\" \/>\n\n\n\n<p><em>Montag, 4. Februar 2019, 8.00-12.00 Uhr<\/em><br><strong>Krabbelgruppe<\/strong><\/p>\n\n\n\n<hr class=\"wp-block-separator has-alpha-channel-opacity\" \/>\n\n\n\n<p><em>Dienstag, 5. Februar 2019, 19.15 Uhr<\/em><br><strong>Hl. Messe (mit Blasiussegen) &amp; Gemeindeabend<\/strong><br>Am Ende der Heiligen Messe wird der Blasiussegen gespendet. Bei der Spendung des Blasiussegens h\u00e4lt der Priester dem Gl\u00e4ubigen zwei gekreuzte brennende Kerzen in H\u00f6he des Halses vor und spricht: \u201eAuf die F\u00fcrsprache des heiligen Blasius bewahre dich der Herr vor Halskrankheit und allem B\u00f6sen. Es segne dich Gott, der Vater und der Sohn und der Heilige Geist.\u201c Blasius war Bischof von Sebaste in Kleinasien und starb 316 f\u00fcr seinen Glauben. Die bekannteste Erz\u00e4hlung \u00fcber Blasius berichtet, wie er w\u00e4hrend seiner Gefangenschaft in einem r\u00f6mischen Gef\u00e4ngnis einem jungen Mann, der an einer Fischgr\u00e4te zu ersticken drohte, das Leben rettete. Deshalb erteilt die Kirche den Blasiussegen zum Schutz gegen Halskrankheiten. Darin kommt das gl\u00e4ubige Vertrauen auf die Heilzusage Gottes gerade auch f\u00fcr das leibliche Wohlergehen des erl\u00f6sungsbed\u00fcrftigen Menschen zum Ausdruck.<\/p>\n\n\n\n<hr class=\"wp-block-separator has-alpha-channel-opacity\" \/>\n\n\n\n<p><em>Donnerstag, 7. Februar 2019&nbsp;&nbsp;&nbsp;<\/em><br><strong>Weltfriedenstag in Hildesheim<\/strong><br>Mit rund 500 Soldaten, zivilen Mitarbeitern der Bundeswehr und Polizisten feiert Bischof <abbr title=\"Doktor\">Dr.<\/abbr> Heiner Wilmer im Dom zu Hildesheim einen Friedensgottesdienst. Im Anschluss besteht die M\u00f6glichkeit zum Gespr\u00e4ch und Begegnung mit dem Bischof und Mittagessen im Generalvikariat. Ende der Veranstaltung um 13 Uhr. Anmeldung \u00fcber das kath. Milit\u00e4rpfarramt <abbr title=\"Hamburg\">HH<\/abbr> I.<\/p>\n\n\n\n<hr class=\"wp-block-separator has-alpha-channel-opacity\" \/>\n\n\n\n<p><em>Montag, 11. Februar 2019, 9.00-12.00 Uhr<\/em><br><strong>Krabbelgruppe<\/strong><\/p>\n\n\n\n<hr class=\"wp-block-separator has-alpha-channel-opacity\" \/>\n\n\n\n<p><em>Dienstag, 12. Februar 2019, 19.15\/20.00 Uhr&nbsp;&nbsp;&nbsp;<\/em><br><strong>Hl. Messe &amp; Themenabend Lourdes&nbsp;<\/strong><br>Vom Mittwoch, den 15. Mai, bis zum Dienstag, den 21. Mai, findet die 61. Internationale Soldatenwallfahrt nach Lourdes statt. Wir werden von den letzten Wallfahrten berichten und die Soldatenwallfahrt vorstellen. Vor dem Themenabend besteht die M\u00f6glichkeit zum Besuch der Hl. Messe (19.15 Uhr) und zum Abendessen.<\/p>\n\n\n\n<hr class=\"wp-block-separator has-alpha-channel-opacity\" \/>\n\n\n\n<p><em>Donnerstag, 14. Februar 2019, 8.00 Uhr&nbsp;&nbsp;&nbsp;&nbsp;&nbsp;&nbsp;<\/em><br><strong>Valentinstag: Andacht &amp; Fr\u00fchst\u00fcck&nbsp;&nbsp;<\/strong><br>Der Valentinstag gilt in vielen L\u00e4ndern als Tag der Liebenden. Das Brauchtum dieses Tages geht auf einen oder mehrere christliche M\u00e4rtyrer namens Valentinus zur\u00fcck, die der \u00dcberlieferung zufolge das Martyrium durch Enthaupten erlitten haben. Verbreitet gibt es zum Valentinstag Gottesdienst, in denen Ehepaare und Liebende gesegnet werden.<\/p>\n\n\n\n<hr class=\"wp-block-separator has-alpha-channel-opacity\" \/>\n\n\n\n<p><em>Montag, 18. Februar 2019 &nbsp;&nbsp;&nbsp;&nbsp;&nbsp;&nbsp;&nbsp;<\/em><br><em>9.00-12.00 Uhr<\/em> &nbsp;&nbsp;&nbsp;&nbsp;&nbsp; <strong>Krabbelgruppe<\/strong><br><em>19.00 Uhr &nbsp;<\/em>&nbsp;&nbsp;&nbsp;&nbsp;&nbsp;&nbsp;&nbsp;&nbsp;&nbsp;&nbsp;&nbsp;&nbsp;&nbsp;&nbsp;<strong> Planungstreff in der KHG&nbsp;&nbsp;&nbsp;&nbsp;&nbsp;&nbsp;&nbsp;&nbsp;&nbsp;&nbsp;<\/strong><br>Wir beginnen mit einem gemeinsamen Abendessen. Danach beraten und beschlie\u00dfen wir die Veranstaltungen und Aktivit\u00e4ten des kommenden Trimesters. Ideen und Anregungen k\u00f6nnen wir immer wieder gebrauchen.<\/p>\n\n\n\n<hr class=\"wp-block-separator has-alpha-channel-opacity\" \/>\n\n\n\n<p><em>Dienstag, 19. Februar 2019, 19.15 Uhr<\/em><br><strong>Hl. Messe &amp; Gemeindeabend<\/strong><\/p>\n\n\n\n<hr class=\"wp-block-separator has-alpha-channel-opacity\" \/>\n\n\n\n<p><em>Freitag 22. Februar &#8211; Sonntag 24. Februar 2019&nbsp;&nbsp;&nbsp;&nbsp;<\/em><br><strong>Gemeindefahrt nach D\u00fcsseldorf&nbsp;&nbsp;&nbsp;&nbsp;&nbsp;&nbsp;<\/strong><br>D\u00fcsseldorf: die elegante, lebenswerte Stadt am Rhein steht nicht nur f\u00fcr Mode, Shopping, Kultur und au\u00dfergew\u00f6hnliche Events. Von der K\u00f6nigsallee, liebevoll \u201eK\u00f6\u201c genannt, ist es nicht weit zur historischen Altstadt. Ihr Flair ist weltber\u00fchmt, in den Gassen pulsiert das Leben, und die facettenreiche Kulturszene bietet spektakul\u00e4re Events und Ausstellungen. Die katholische Kirche ist im Rheinland untrennbar mit dem Leben in der Stadt und der Region verbunden.<br>Gemeinsam wollen wir mit den aktiven Gemeindemitgliedern die Facetten dieser faszinierenden Stadt erkunden. \u00dcbernachtung auf Luftmatratzen im Jugendheim der Kirchengemeinde St. Mari\u00e4 Empf\u00e4ngnis\/D\u00fcsseldorf.<\/p>\n\n\n\n<hr class=\"wp-block-separator has-alpha-channel-opacity\" \/>\n\n\n\n<p><em>Montag, 25. Februar 2019, 9.00-12.00 Uhr<\/em><br><strong>Krabbelgruppe<\/strong><\/p>\n\n\n\n<hr class=\"wp-block-separator has-alpha-channel-opacity\" \/>\n\n\n\n<p><em>Dienstag, 26. Februar 2019, 19.15\/20.00 Uhr&nbsp;&nbsp;&nbsp;&nbsp;&nbsp;&nbsp;&nbsp;&nbsp;<\/em><br><strong>Hl. Messe &amp; Themenabend in der KHG&nbsp;&nbsp;&nbsp;&nbsp;&nbsp;&nbsp;&nbsp;&nbsp;<\/strong><br>Eine Absolventin der Helmut-Schmidt-Universit\u00e4t berichtet von ihrer Zeit bei der Bundeswehr nach ihrem Studium.<\/p>\n\n\n\n<hr class=\"wp-block-separator has-alpha-channel-opacity\" \/>\n\n\n\n<p><em>Donnerstag, 28. Februar 2019, 11.30 Uhr<\/em><br><strong>Atempause = Kurzandacht &amp; Fr\u00fchst\u00fcck<\/strong><\/p>\n\n\n\n<hr class=\"wp-block-separator has-alpha-channel-opacity\" \/>\n\n\n\n<p><em>Montag, 4. M\u00e4rz 2019, 9.00-12.00 Uhr<\/em><br><strong>Krabbelgruppe (Rosenmontag)<\/strong><\/p>\n\n\n\n<hr class=\"wp-block-separator has-alpha-channel-opacity\" \/>\n\n\n\n<p><em>Dienstag, 5. M\u00e4rz 2019, ab 16.00 Uhr<\/em><br><strong>Karneval in der KHG&nbsp;&nbsp;&nbsp;&nbsp;&nbsp;&nbsp;&nbsp;&nbsp;<\/strong><br><em>16 Uhr<\/em> <strong>Kinderkarneval&nbsp;&nbsp;&nbsp;<\/strong><br><em>18 Uhr<\/em> <strong>Hl. Messe anschlie\u00dfend Abendessen<\/strong><br><em>19 Uhr<\/em> <strong>Karnevalsparty mit DJ Florian<\/strong><br>Um 16 Uhr beginnen wir mit einer Kinderkarnevalsfeier in der KHG. Um 18 Uhr laden wir zur Hl. Messe (f\u00fcr Kinder und Erwachsene) ein. Anschlie\u00dfend gibt es die M\u00f6glichkeit zum Abendessen. Ab ca. 19 Uhr laden wir zur Karnevalsparty ein, hier legt DJ Florian auf, der auch schon auf der WM Fan-Meile am Heiligengeistfeld, auf der Reeperbahn oder im Havana Club Musik gemacht hat. Kost\u00fcme sind ausdr\u00fccklich erw\u00fcnscht!<\/p>\n\n\n\n<hr class=\"wp-block-separator has-alpha-channel-opacity\" \/>\n\n\n\n<p><em>Mittwoch, 6. M\u00e4rz 2019, 12.00 Uhr&nbsp;&nbsp;&nbsp;<\/em><br><strong>Aschermittwoch<\/strong><br>Hl. Messe (mit Aschenkreuz) &amp; Fischessen<br>Mit dem Aschermittwoch beginnt die 40-t\u00e4gige Fastenzeit vor Ostern. Die Bezeichnung Aschermittwoch kommt von dem Brauch, im Gottesdienst am Aschermittwoch die Asche vom Verbrennen der Palmzweige des Vorjahres zu segnen und die Gl\u00e4ubigen mit einem Kreuz aus dieser Asche zu bezeichnen.<\/p>\n\n\n\n<hr class=\"wp-block-separator has-alpha-channel-opacity\" \/>\n\n\n\n<p><em>Montag, 11. M\u00e4rz 2019, 9.00-12.00 Uhr<\/em><br><strong>Krabbelgruppe<\/strong><\/p>\n\n\n\n<hr class=\"wp-block-separator has-alpha-channel-opacity\" \/>\n\n\n\n<p><em>Dienstag, 12. M\u00e4rz 2019, 19.15 Uhr<\/em><br><strong>Hl. Messe &amp; Gemeindeabend<\/strong><\/p>\n\n\n\n<hr class=\"wp-block-separator has-alpha-channel-opacity\" \/>\n\n\n\n<p><em>Montag, 18. M\u00e4rz 2019, 9.00-12.00 Uhr<\/em><br><strong>Krabbelgruppe<\/strong><\/p>\n\n\n\n<hr class=\"wp-block-separator has-alpha-channel-opacity\" \/>\n\n\n\n<p><em>Dienstag, 19. M\u00e4rz 2019, 19.15 Uhr&nbsp;&nbsp;<\/em><br><strong>Hl. Messe &amp; Themenabend \u201eAls Milit\u00e4rattach\u00e9 in China\u2026\u201c&nbsp;&nbsp;&nbsp;<\/strong><br>Fregattenkapit\u00e4n Helmut Greve berichtet von seiner Zeit als Milit\u00e4rattach\u00e9 in China (2012-2015). Um 19.15 Uhr besteht die M\u00f6glichkeit zur Feier der Hl. Messe mit anschlie\u00dfendem Abendessen.<\/p>\n\n\n\n<hr class=\"wp-block-separator has-alpha-channel-opacity\" \/>\n\n\n\n<p><em>Montag, 25. M\u00e4rz 2019, 9.00-12.00 Uhr<\/em><br><strong>Krabbelgruppe<\/strong><\/p>\n\n\n\n<hr class=\"wp-block-separator has-alpha-channel-opacity\" \/>\n\n\n\n<p><em>Dienstag, 26. M\u00e4rz 2019, 19.15 Uhr<\/em><br><strong>Hl. Messe &amp; Gemeindeabend zum Trimesterende<\/strong><\/p>\n\n\n\n<hr class=\"wp-block-separator has-alpha-channel-opacity\" \/>\n\n\n\n<p><em>Freitag, 29. M\u00e4rz 2019<\/em><br><strong>Vorlesungsende<\/strong><\/p>\n","protected":false},"excerpt":{"rendered":"<p>(Stand: 7. Dezember 2018) Montag, 7. Januar 2019Vorlesungsbeginn Dienstag, 8. Januar 201911.00-12.30 Uhr&nbsp;&nbsp;&nbsp; Sternsinger in der HSUWie auch in den letzten Jahren besuchen die Sternsinger die Helmut-Schmidt-Universit\u00e4t, um den Segen [&hellip;]<\/p>\n","protected":false},"author":1538,"featured_media":0,"parent":0,"menu_order":0,"comment_status":"closed","ping_status":"closed","template":"","meta":{"footnotes":""},"categories":[4],"tags":[],"class_list":["post-738","page","type-page","status-publish","hentry","category-forschung"],"_links":{"self":[{"href":"https:\/\/www.hsu-hh.de\/kath\/wp-json\/wp\/v2\/pages\/738","targetHints":{"allow":["GET"]}}],"collection":[{"href":"https:\/\/www.hsu-hh.de\/kath\/wp-json\/wp\/v2\/pages"}],"about":[{"href":"https:\/\/www.hsu-hh.de\/kath\/wp-json\/wp\/v2\/types\/page"}],"author":[{"embeddable":true,"href":"https:\/\/www.hsu-hh.de\/kath\/wp-json\/wp\/v2\/users\/1538"}],"replies":[{"embeddable":true,"href":"https:\/\/www.hsu-hh.de\/kath\/wp-json\/wp\/v2\/comments?post=738"}],"version-history":[{"count":1,"href":"https:\/\/www.hsu-hh.de\/kath\/wp-json\/wp\/v2\/pages\/738\/revisions"}],"predecessor-version":[{"id":739,"href":"https:\/\/www.hsu-hh.de\/kath\/wp-json\/wp\/v2\/pages\/738\/revisions\/739"}],"wp:attachment":[{"href":"https:\/\/www.hsu-hh.de\/kath\/wp-json\/wp\/v2\/media?parent=738"}],"wp:term":[{"taxonomy":"category","embeddable":true,"href":"https:\/\/www.hsu-hh.de\/kath\/wp-json\/wp\/v2\/categories?post=738"},{"taxonomy":"post_tag","embeddable":true,"href":"https:\/\/www.hsu-hh.de\/kath\/wp-json\/wp\/v2\/tags?post=738"}],"curies":[{"name":"wp","href":"https:\/\/api.w.org\/{rel}","templated":true}]}}