{"id":731,"date":"2024-12-19T13:06:57","date_gmt":"2024-12-19T12:06:57","guid":{"rendered":"https:\/\/www.hsu-hh.de\/kath\/?page_id=731"},"modified":"2024-12-19T13:06:58","modified_gmt":"2024-12-19T12:06:58","slug":"programm-herbsttrimester-2018","status":"publish","type":"page","link":"https:\/\/www.hsu-hh.de\/kath\/programm-herbsttrimester-2018","title":{"rendered":"Programm &#8211; Herbsttrimester 2018"},"content":{"rendered":"\n<h3 class=\"wp-block-heading\"> <\/h3>\n\n\n\n<p><em>Montag, 24. September 2018, 9.00-12.00 Uhr<\/em><br><strong>Krabbelgruppe<\/strong><\/p>\n\n\n\n<hr class=\"wp-block-separator has-alpha-channel-opacity\" \/>\n\n\n\n<p><em>Dienstag, 25. September 2018<\/em><br><strong>Ankunft des neuen Studierendenjahrgangs<\/strong><br>Vorstellung der KHG im Rahmen der O-Phase<\/p>\n\n\n\n<hr class=\"wp-block-separator has-alpha-channel-opacity\" \/>\n\n\n\n<p><em>Dienstag, 25. September 2018, 19.15 Uhr<\/em><br><strong>Hl. Messe &amp; Gemeindeabend<\/strong><\/p>\n\n\n\n<hr class=\"wp-block-separator has-alpha-channel-opacity\" \/>\n\n\n\n<p>Montag, 1. Oktober 2018, 9.00-12.00 Uhr<br><strong>Krabbelgruppe<\/strong><\/p>\n\n\n\n<hr class=\"wp-block-separator has-alpha-channel-opacity\" \/>\n\n\n\n<p><em>Dienstag, 2. Oktober 2018, 19.15\/20.00 Uhr<\/em><br><strong>Hl. Messe &amp; Gemeindeabend: Spieleabend (Siedler &amp; Co.)<\/strong><\/p>\n\n\n\n<p>Der Erste Gemeindeabend im neuen Trimester steht ganz unter dem Motto: <em>Lasset die Spiele beginnen!<\/em> Denn nach der Hl. Messe um 19.15 Uhr wird es einen Spieleabend geben.&nbsp; Egal ob Brett- oder Kartenspiel, es wird f\u00fcr jeden etwas dabei sein.<\/p>\n\n\n\n<hr class=\"wp-block-separator has-alpha-channel-opacity\" \/>\n\n\n\n<p><em>Montag, 8. Oktober 2018, 9.00-12.00 Uhr<\/em><br><strong>Krabbelgruppe<\/strong><\/p>\n\n\n\n<hr class=\"wp-block-separator has-alpha-channel-opacity\" \/>\n\n\n\n<p><em>Dienstag, 9. Oktober 2018, 19.15\/20.00 Uhr<\/em><br><strong>Hl. Messe &amp; Trimesterer\u00f6ffnungsgrillen<\/strong><\/p>\n\n\n\n<p>Um die neuen Studierenden geb\u00fchrend willkommen hei\u00dfen zu k\u00f6nnen, wird der Grill der KHG angeschmissen! Die KHG l\u00e4dt alle, die Lust haben, zu einem gem\u00fctlichen Grillabend und einer F\u00fchrung durch das Haus ein. Hier ist egal welcher Konfession man angeh\u00f6rt oder auch nicht, wir freuen uns \u00fcber jeden Gast. Das Grillen wird nach der Hl. Messe um 19.15 Uhr, also etwa gegen 20.00 Uhr, egal bei welchem Wetter, stattfinden.<\/p>\n\n\n\n<hr class=\"wp-block-separator has-alpha-channel-opacity\" \/>\n\n\n\n<p><em>Donnerstag,&nbsp; 11. Oktober 2018, 8.00 Uhr<\/em><br><strong>Andacht &amp; Fr\u00fchst\u00fcck zum Trimesterstart<\/strong><\/p>\n\n\n\n<hr class=\"wp-block-separator has-alpha-channel-opacity\" \/>\n\n\n\n<p><em>Montag, 15. Oktober 2018, 9.00-12.00 Uhr<\/em><br><strong>Krabbelgruppe<\/strong><\/p>\n\n\n\n<hr class=\"wp-block-separator has-alpha-channel-opacity\" \/>\n\n\n\n<p><em>Dienstag, 16. Oktober 2018, 19.15 Uhr<\/em><br><strong>Hl. Messe &amp; Gemeindeabend<\/strong><\/p>\n\n\n\n<hr class=\"wp-block-separator has-alpha-channel-opacity\" \/>\n\n\n\n<p><em>Donnerstag, 18. Oktober 2018, 11.30 Uhr<\/em><br><strong>Atempause = Kurzandacht &amp; Mittagessen<\/strong><\/p>\n\n\n\n<p>Die Atempause ist eine Kurzandacht mit anschlie\u00dfendem Mittagessen. In Vorbereitung auf die nahende Adventszeit mit den vielen Festen und Feiern, m\u00f6chten wir eine Gelegenheit bieten sich eine Pause vom stressigen Alltag zu nehmen und einmal tief durchzuatmen.<\/p>\n\n\n\n<hr class=\"wp-block-separator has-alpha-channel-opacity\" \/>\n\n\n\n<p><em>Montag, 22. Oktober 2018, 9.00-12.00 Uhr<\/em><br><strong>Krabbelgruppe<\/strong><\/p>\n\n\n\n<hr class=\"wp-block-separator has-alpha-channel-opacity\" \/>\n\n\n\n<p><em>Dienstag, 23. Oktober 2018, 19.15 Uhr<\/em><br><strong>Hl. Messe &amp; Gemeindeabend: Verabschiedung von Oberst Lothar Dobschall<\/strong><\/p>\n\n\n\n<p>Der langj\u00e4hrige Ehrenvorsitzende des PGRs und Leiter Studierendenbereich Oberst Lothar Dobschall hat sein Dienstzeitende erreicht und wird uns f\u00fcr seinen wohlverdienten Ruhestand verlassen. Um ihm f\u00fcr die Zusammenarbeit der letzten Jahre zu danken m\u00f6chten wir die Gelegenheit nutzen, ihn geb\u00fchrend zu verabschieden und seinem Nachfolger ein warmes Willkommen zu bereiten.<\/p>\n\n\n\n<hr class=\"wp-block-separator has-alpha-channel-opacity\" \/>\n\n\n\n<p><em>Freitag, 26. Oktober &#8211; Sonntag, 28. Oktober 2018<\/em><br><strong>Aktiven- und Ehemaligentreff in Duderstadt<\/strong><\/p>\n\n\n\n<p>Das Aktiven- und Ehemaligentreffen der (Alt-)KHGler und ihrer Familien hat eine lange Tradition. Inzwischen sind einiger Kinder der Ehemaligen selbst aktive Soldaten der Bundeswehr. Zusammen mit den aktiven Gemeindemitgliedern gibt es einen regen kameradschaftlichen Austausch \u00fcber die Generationen hinweg. Neben thematischen Impulsen festigt das Wochenende im Harz alte Freundschaften und begr\u00fcndet neue. Anmeldung \u00fcber die Dienststelle im DB\/H4.<\/p>\n\n\n\n<hr class=\"wp-block-separator has-alpha-channel-opacity\" \/>\n\n\n\n<p><em>Montag, 29. Oktober 2018, 9.00-12.00 Uhr<\/em><br><strong>Krabbelgruppe<\/strong><\/p>\n\n\n\n<hr class=\"wp-block-separator has-alpha-channel-opacity\" \/>\n\n\n\n<p><em>Dienstag, 30. Oktober 2018, 17.00 Uhr<\/em><br><strong>Halloween (All Hallows\u2018 Eve = der Abend vor Allerheiligen)<\/strong><br>Hl. Messe zu Allerheiligen &amp; Halloweenparty (nicht nur f\u00fcr Kinder)<\/p>\n\n\n\n<p>Um Gro\u00df und Klein einen schaurig- gespenstigen Abend zu bereiten, wird die Hl. Messe bereits um 17.00 Uhr stattfinden (hier gedenken wir dem Hochfest Allerheiligen). Im Anschluss daran laden wir zu einer Halloweenparty ein. Kost\u00fcme sind ausdr\u00fccklich erw\u00fcnscht!<\/p>\n\n\n\n<hr class=\"wp-block-separator has-alpha-channel-opacity\" \/>\n\n\n\n<p><em>Donnerstag, 1. November 2018, 8.00 Uhr<\/em><br><strong>Allerheiligen: Andacht &amp; Fr\u00fchst\u00fcck<\/strong><\/p>\n\n\n\n<hr class=\"wp-block-separator has-alpha-channel-opacity\" \/>\n\n\n\n<p><em>Montag, 5. November 2018, 8.00-12.00 Uhr<\/em><br><strong>Krabbelgruppe<\/strong><\/p>\n\n\n\n<hr class=\"wp-block-separator has-alpha-channel-opacity\" \/>\n\n\n\n<p><em>Dienstag, 6. November 2018, 19.15 Uhr<\/em><br><strong>Hl. Messe &amp; Gemeindeabend<\/strong><br>Jahresamt zum 3. Todestag von Helmut Schmidt<\/p>\n\n\n\n<p>Am 10. November 2015 starb Helmut Schmidt im Alter von 97 Jahren. In der katholischen Kirche ist es \u00fcblich dieses Jahresged\u00e4chtnis (auch Jahresamt) zu begehen. Dieses gedenken wir in der Hl. Messe um 19.15 Uhr. Im Anschluss Abendessen &amp; Gemeindeabend.<\/p>\n\n\n\n<hr class=\"wp-block-separator has-alpha-channel-opacity\" \/>\n\n\n\n<p><em>Montag, 12. November 2018, 8.00-12.00 Uhr<\/em><br><strong>Krabbelgruppe<\/strong><\/p>\n\n\n\n<hr class=\"wp-block-separator has-alpha-channel-opacity\" \/>\n\n\n\n<p><em>Montag, 12. November, 19.00 Uhr<\/em><br><strong>Planungstreff<\/strong><\/p>\n\n\n\n<p>Wir beginnen mit einem gemeinsamen Abendessen. Danach beraten und beschlie\u00dfen wir die Veranstaltungen und Aktivit\u00e4ten des kommenden Trimesters. Ideen und Anregungen k\u00f6nnen wir immer wieder gebrauchen!<\/p>\n\n\n\n<hr class=\"wp-block-separator has-alpha-channel-opacity\" \/>\n\n\n\n<p><em>Dienstag, 13. November 2018, 17.00 Uhr<\/em><br><strong>Patrozinium: Hl. Messe &amp; Gemeindeabend<\/strong><\/p>\n\n\n\n<p>Gerade f\u00fcr Soldaten hat der Heilige Martin eine besondere Bedeutung, denn er ist nicht nur der Patron der Reisenden und Armen, sondern auch der Soldaten. An diesem Tag findet die Hl. Messe bereits um 17.00 Uhr statt.<\/p>\n\n\n\n<hr class=\"wp-block-separator has-alpha-channel-opacity\" \/>\n\n\n\n<p><em>Donnerstag, 15. November 2018, 11.30 Uhr<\/em><br><strong>Atempause = Kurzandacht &amp; Mittagessen<\/strong><\/p>\n\n\n\n<hr class=\"wp-block-separator has-alpha-channel-opacity\" \/>\n\n\n\n<p><em>Montag, 19. November 2018, 8.00-12.00 Uhr<\/em><br><strong>Krabbelgruppe<\/strong><\/p>\n\n\n\n<hr class=\"wp-block-separator has-alpha-channel-opacity\" \/>\n\n\n\n<p><em>Dienstag, 20. November 2018, 15.00Uhr<\/em><br><strong>Backen (f\u00fcr Kinder)<\/strong><\/p>\n\n\n\n<p><em>18.00 Uhr<\/em><br><strong>Hl. Messe &amp; Gemeindeabend<\/strong><\/p>\n\n\n\n<p>Um die Kleinen der Gemeinde auf die kommende Adventszeit einzustimmen, m\u00f6chten wir die Gelegenheit nutzen, zusammen Pl\u00e4tzchen zu backen und anschlie\u00dfend nat\u00fcrlich auch zu verputzen. Die Hl. Messe beginnt deshalb bereits um 18.00 Uhr (f\u00fcr Kinder &amp; Erwachsene). Im Anschluss findet wie gewohnt der Gemeindeabend statt.<\/p>\n\n\n\n<hr class=\"wp-block-separator has-alpha-channel-opacity\" \/>\n\n\n\n<p><em>Sonntag, 25. November 2018<\/em><br><strong>Adventsbasar in St. Joseph\/Wandsbek<\/strong><\/p>\n\n\n\n<p>Zusammen mit der Katholischen Milit\u00e4rseelsorge veranstaltet die Pfarrei St. Joseph in Wandsbek ihren j\u00e4hrlichen Adventsbasar. Der Erl\u00f6s ist zu Gunsten von Soldaten in Not!<\/p>\n\n\n\n<hr class=\"wp-block-separator has-alpha-channel-opacity\" \/>\n\n\n\n<p><em>Montag, 26. November 2018, 8.00-12.00 Uhr<\/em><br><strong>Krabbelgruppe<\/strong><\/p>\n\n\n\n<hr class=\"wp-block-separator has-alpha-channel-opacity\" \/>\n\n\n\n<p><em>Dienstag, 27. November 2018, 19.15 Uhr<\/em><br><strong>Hl. Messe &amp; Gemeindeabend<\/strong><\/p>\n\n\n\n<hr class=\"wp-block-separator has-alpha-channel-opacity\" \/>\n\n\n\n<p><em>Freitag, 30. November 2018, 10.00 Uhr (OHG)<\/em><br><strong>Verabschiedung von Marianne Drese<\/strong><\/p>\n\n\n\n<p>Nach vielen Jahren verl\u00e4sst uns unsere Hauswirtschafterin Marianne Drese. Wir werden sie sehr vermissen!<\/p>\n\n\n\n<hr class=\"wp-block-separator has-alpha-channel-opacity\" \/>\n\n\n\n<p><em>Samstag, 1. Dezember 2018<\/em><br><strong>Schlacht bei Austerlitz<\/strong><br>Gr\u00fcndungsfest der \u00c9cole Sp\u00e9ciale Militaire de Saint-Cyr\/Frankreich<\/p>\n\n\n\n<p>In der Schlacht bei Austerlitz (1805) fiel der erste Soldat der \u00c9cole Sp\u00e9ciale Militaire de Saint-Cyr, von woher jedes Jahr einige Studierende ihr Studium an der <abbr title=\"Helmut Schmidt Universit\u00e4t\">HSU<\/abbr> aufnehmen. (gesonderte Einladung)<\/p>\n\n\n\n<hr class=\"wp-block-separator has-alpha-channel-opacity\" \/>\n\n\n\n<p><em>Montag, 3. Dezember 2018, 8.00-12.00 Uhr<\/em><br><strong>Krabbelgruppe<\/strong><\/p>\n\n\n\n<hr class=\"wp-block-separator has-alpha-channel-opacity\" \/>\n\n\n\n<p><em>Dienstag, 4. Dezember 2018, 19.15 Uhr<\/em><br><strong>Fest der Hl. Barbara: Hl. Messe &amp; Gemeindeabend<\/strong><br>Begr\u00fc\u00dfung von Simone R\u00f6mer, unserer neuen Hauswirtschafterin<\/p>\n\n\n\n<hr class=\"wp-block-separator has-alpha-channel-opacity\" \/>\n\n\n\n<p><em>Donnerstag, 6. Dezember 2018<\/em><br><strong>Fest des Hl. Nikolaus<\/strong><\/p>\n\n\n\n<p><em>8.oo Uhr<\/em><br><strong>Andacht &amp; Fr\u00fchst\u00fcck<\/strong><\/p>\n\n\n\n<p><em>17.00 Uhr<\/em><br><strong>Hl. Messe (17.00 Uhr) &amp; Nikolausfeier<\/strong><br>Der Nikolaus kommt!<\/p>\n\n\n\n<hr class=\"wp-block-separator has-alpha-channel-opacity\" \/>\n\n\n\n<p><em>Sonntag, 9. Dezember 2018<\/em><br><strong>Die KHGs im Norden besuchen den Weihnachtsmarkt in L\u00fcbeck<\/strong><br>(fr\u00fchzeitige Anmeldung erforderlich)<\/p>\n\n\n\n<hr class=\"wp-block-separator has-alpha-channel-opacity\" \/>\n\n\n\n<p><em>Montag, 10. Dezember 2018, 8.00-12.00 Uhr<\/em><br><strong>Krabbelgruppe<\/strong><\/p>\n\n\n\n<hr class=\"wp-block-separator has-alpha-channel-opacity\" \/>\n\n\n\n<p><em>Dienstag, 11. Dezember 2018, 19.15 Uhr<\/em><br><strong>Hl. Messe &amp; Gemeindeabend mit Feuerzangenbowle (Film &amp; Getr\u00e4nk)<\/strong><\/p>\n\n\n\n<p>Im Anschluss an die Hl. Messe um 19.15 Uhr schauen wir den Film \u201eDie Feuerzangenbowle\u201c und genie\u00dfen zusammen selbiges Getr\u00e4nk bei einem geselligen Gemeindeabend.<\/p>\n\n\n\n<hr class=\"wp-block-separator has-alpha-channel-opacity\" \/>\n\n\n\n<p><em>Montag, 17. Dezember 2018, 8.00-12.00 Uhr<\/em><br><strong>Krabbelgruppe<\/strong><\/p>\n\n\n\n<hr class=\"wp-block-separator has-alpha-channel-opacity\" \/>\n\n\n\n<p><em>Dienstag, 18. Dezember 2018, 19.15 Uhr<\/em><br><strong>Hl. Messe &amp; Gemeindeabend<\/strong><\/p>\n\n\n\n<hr class=\"wp-block-separator has-alpha-channel-opacity\" \/>\n\n\n\n<p><em>Donnerstag, 20. Dezember 2018, 10.30 Uhr<\/em><br><strong>Einstimmung auf Weihnachten: Hl. Messe &amp; Brunch<\/strong><\/p>\n","protected":false},"excerpt":{"rendered":"<p>Montag, 24. September 2018, 9.00-12.00 UhrKrabbelgruppe Dienstag, 25. September 2018Ankunft des neuen StudierendenjahrgangsVorstellung der KHG im Rahmen der O-Phase Dienstag, 25. September 2018, 19.15 UhrHl. Messe &amp; Gemeindeabend Montag, 1. [&hellip;]<\/p>\n","protected":false},"author":1538,"featured_media":0,"parent":0,"menu_order":0,"comment_status":"closed","ping_status":"closed","template":"","meta":{"footnotes":""},"categories":[4],"tags":[],"class_list":["post-731","page","type-page","status-publish","hentry","category-forschung"],"_links":{"self":[{"href":"https:\/\/www.hsu-hh.de\/kath\/wp-json\/wp\/v2\/pages\/731","targetHints":{"allow":["GET"]}}],"collection":[{"href":"https:\/\/www.hsu-hh.de\/kath\/wp-json\/wp\/v2\/pages"}],"about":[{"href":"https:\/\/www.hsu-hh.de\/kath\/wp-json\/wp\/v2\/types\/page"}],"author":[{"embeddable":true,"href":"https:\/\/www.hsu-hh.de\/kath\/wp-json\/wp\/v2\/users\/1538"}],"replies":[{"embeddable":true,"href":"https:\/\/www.hsu-hh.de\/kath\/wp-json\/wp\/v2\/comments?post=731"}],"version-history":[{"count":1,"href":"https:\/\/www.hsu-hh.de\/kath\/wp-json\/wp\/v2\/pages\/731\/revisions"}],"predecessor-version":[{"id":732,"href":"https:\/\/www.hsu-hh.de\/kath\/wp-json\/wp\/v2\/pages\/731\/revisions\/732"}],"wp:attachment":[{"href":"https:\/\/www.hsu-hh.de\/kath\/wp-json\/wp\/v2\/media?parent=731"}],"wp:term":[{"taxonomy":"category","embeddable":true,"href":"https:\/\/www.hsu-hh.de\/kath\/wp-json\/wp\/v2\/categories?post=731"},{"taxonomy":"post_tag","embeddable":true,"href":"https:\/\/www.hsu-hh.de\/kath\/wp-json\/wp\/v2\/tags?post=731"}],"curies":[{"name":"wp","href":"https:\/\/api.w.org\/{rel}","templated":true}]}}