{"id":726,"date":"2024-12-19T13:02:41","date_gmt":"2024-12-19T12:02:41","guid":{"rendered":"https:\/\/www.hsu-hh.de\/kath\/?page_id=726"},"modified":"2024-12-19T13:02:41","modified_gmt":"2024-12-19T12:02:41","slug":"programm-fruehjahrstrimester-2018","status":"publish","type":"page","link":"https:\/\/www.hsu-hh.de\/kath\/programm-fruehjahrstrimester-2018","title":{"rendered":"Programm &#8211; Fr\u00fchjahrstrimester 2018"},"content":{"rendered":"\n<h3 class=\"wp-block-heading\"> <\/h3>\n\n\n\n<hr class=\"wp-block-separator has-alpha-channel-opacity\" \/>\n\n\n\n<p><em>Dienstag, 10. April 2018, 19.15 Uhr<\/em><br><strong>Hl. Messe zur Trimesterer\u00f6ffnung &amp; Gemeindeabend<\/strong><\/p>\n\n\n\n<hr class=\"wp-block-separator has-alpha-channel-opacity\" \/>\n\n\n\n<p><em>Dienstag, 17. April 2018, 19.15\/20.15 Uhr<\/em><br><strong>Hl. Messe &amp; Gemeindeabend\/Vortreffen Lourdes&nbsp;&nbsp;&nbsp;&nbsp;&nbsp;<\/strong><\/p>\n\n\n\n<p>Alle Teilnehmer der 60. Internationalen Soldatenwallfahrt nach Lourdes treffen sich in der KHG, um die letzten organisatorischen Details der Wallfahrt zu besprechen. Der Abend klingt gem\u00fctlich an der Bar aus.<\/p>\n\n\n\n<hr class=\"wp-block-separator has-alpha-channel-opacity\" \/>\n\n\n\n<p><em>Freitag, 20. April 2018, 10 Uhr<\/em><br><strong>Kapellenweihe<br><\/strong><br>Der Milit\u00e4rbischof <abbr title=\"Doktor\">Dr.<\/abbr> Franz-Josef Overbeck weiht die neugebaute Kapelle im Maximilian-Kolbe-Haus ein.<br>Anschlie\u00dfend: Empfang.<br>Anmeldung \u00fcber khg@hsu-hh.de<\/p>\n\n\n\n<hr class=\"wp-block-separator has-alpha-channel-opacity\" \/>\n\n\n\n<p><em>Samstag, 21. April 2018, 15.00 Uhr<\/em><br><strong>Taufe von Marc-Jonathan<\/strong><\/p>\n\n\n\n<hr class=\"wp-block-separator has-alpha-channel-opacity\" \/>\n\n\n\n<p><em>Dienstag, 24. April 2018, 19.15 Uhr<\/em><br><strong>Wortgottesdienst &amp; Gemeindeabend<\/strong><\/p>\n\n\n\n<p>Wir feiern gemeinsam einen Wortgottesdienst, der vom Pfarrgemeinderat vorbereitet und durchgef\u00fchrt wird. Nach dem Gottesdienst ist gemeinsames Abendessen und Barbetrieb.<\/p>\n\n\n\n<hr class=\"wp-block-separator has-alpha-channel-opacity\" \/>\n\n\n\n<p><em>Dienstag, 8. Mai 2018, 19.15\/20.15 Uhr<\/em><br><strong>Hl. Messe &amp; Themenabend Kongo<\/strong><\/p>\n\n\n\n<p>Colonel (Oberst) Bernadette Kamba der kongolesischen Armee, die selbst schon &#8211; als Marktfrau getarnt &#8211; Frauen aus Milizenlagern befreit hat, berichtet aus dem Kongo. Vor dem Themenabend findet eine Hl. Messe (19.15 Uhr) und ein gemeinsames Abendessen statt.<\/p>\n\n\n\n<hr class=\"wp-block-separator has-alpha-channel-opacity\" \/>\n\n\n\n<p><em>Freitag, 11. Mai 2018, 11.00 Uhr, M\u00fcnster<\/em><br><strong>Tag der Milit\u00e4rseelsorge beim 101. Deutschen Katholikentag in M\u00fcnster (9.-13. Mai)<br><\/strong><br>Der Katholische Milit\u00e4rbischof <abbr title=\"Doktor\">Dr.<\/abbr> Franz-Josef Overbeck feiert um 11 Uhr ein Pontifikalamt auf dem Gel\u00e4nde des I. Deutsch-Niederl\u00e4ndischen Korps (Headquarters, Schlossplatz 15, 48143 M\u00fcnster). Der Gottesdienst steht unter dem Leitgedanken \u201eLenke unsere Schritte auf den Weg des Friedens\u201c und wird musikalisch durch das Luftwaffenmusikkorps M\u00fcnster gestaltet. Im Anschluss besteht M\u00f6glichkeit zur Begegnung. F\u00fcr das leibliche Wohl ist gesorgt. Anmeldung \u00fcber das Milit\u00e4rpfarramt (khg@hsu-hh.de).<\/p>\n\n\n\n<hr class=\"wp-block-separator has-alpha-channel-opacity\" \/>\n\n\n\n<p><em>Dienstag, 15. Mai 2018, 19.15 Uhr<\/em><br><strong>Hl. Messe mit Reisesegen &amp; Gemeindeabend&nbsp;&nbsp;&nbsp;&nbsp;&nbsp;<\/strong><\/p>\n\n\n\n<p>Allen Lourdes-Pilgern (16.-22.05.18) w\u00fcnschen wir eine gute Wallfahrt<br>und bitten um Gottes Segen.<\/p>\n\n\n\n<hr class=\"wp-block-separator has-alpha-channel-opacity\" \/>\n\n\n\n<p><em>Mittwoch, 16. Mai 2018, bis Dienstag, 22. Mai 2018<\/em><br><strong>60. Internationale Soldatenwallfahrt Lourdes<\/strong><\/p>\n\n\n\n<hr class=\"wp-block-separator has-alpha-channel-opacity\" \/>\n\n\n\n<p><em>Dienstag, 22. Mai 2018, 19.15 Uhr<\/em><br><strong>Hl. Messe &amp; Gemeindeabend<\/strong><\/p>\n\n\n\n<hr class=\"wp-block-separator has-alpha-channel-opacity\" \/>\n\n\n\n<p><em>Donnerstag, 24. Mai 2018, 8.00 Uhr<\/em><br><strong>Andacht (Pfingsten) &amp; Fr\u00fchst\u00fcck&nbsp;&nbsp;&nbsp;&nbsp;&nbsp;&nbsp;&nbsp;<\/strong><\/p>\n\n\n\n<p><em>Dienstag, 29. Mai 2018, 19.15 Uhr\/20.15 Uhr<\/em><br><strong>Hl. Messe &amp; Themenabend Afghanistan<\/strong><br>Oberleutnant Max Tute berichtet von seiner Einsatzerfahrung als Marketender in Mazar il Sharif\/Afghanistan.<\/p>\n\n\n\n<hr class=\"wp-block-separator has-alpha-channel-opacity\" \/>\n\n\n\n<p><em>Dienstag, 5. Juni 2018, 19.15 Uhr<\/em><br><strong>Hl. Messe &amp; Gemeindeabend<\/strong><\/p>\n\n\n\n<hr class=\"wp-block-separator has-alpha-channel-opacity\" \/>\n\n\n\n<p><em>Montag, 11. Juni 2018, 19.00 Uhr<\/em><br><strong>Planungstreffen &amp; Aufbau Sommerfest<\/strong><\/p>\n\n\n\n<p>Wir beginnen mit einem gemeinsamen Abendessen. Beim anschlie\u00dfenden Planungstreffen beraten und beschlie\u00dfen wir die Veranstaltungen und Aktivit\u00e4ten des kommenden Trimesters. Ideen und Anregungen k\u00f6nnen wir immer gebrauchen! Auch sollen die letzten Vorbereitungen f\u00fcr das Sommerfest abgeschlossen werden.<\/p>\n\n\n\n<hr class=\"wp-block-separator has-alpha-channel-opacity\" \/>\n\n\n\n<p><em>Dienstag, 12. Juni 2018, 17.00 Uhr<\/em><br><strong>Heilige Messe &amp; Sommerfest in der KHG&nbsp;&nbsp;&nbsp;&nbsp;<\/strong><br>Das Sommerfest findet bei jedem Wetter statt!<\/p>\n\n\n\n<hr class=\"wp-block-separator has-alpha-channel-opacity\" \/>\n\n\n\n<p><em>Sonntag, 17. Juni 2018, ab 11 Uhr<\/em><br><strong>Gemeinsames Paddeln im Norden<br><\/strong><br>Die KHGs im Norden treffen sich in Hamburg zum gemeinsamen Paddeln: 11 Uhr Hl. Messe in der KHG-Hamburg (Sedanstr. 23, 20146 Hamburg). 13 Uhr Treffen am Bootshaus (Isekai 13, 20249 Hamburg) zur Alsterpaddeltour (ca. 9km). 16 Uhr R\u00fcckfahrt zur KHG-Hamburg. 17 Uhr Beginn des WM-Spiels Deutschland-Mexiko und Grillabend. Weitere Infos unter: www.khg-hamburg.de\/paddelnimnorden.html<\/p>\n\n\n\n<hr class=\"wp-block-separator has-alpha-channel-opacity\" \/>\n\n\n\n<p><em>Dienstag, 19. Juni 2018, 19.15 Uhr<\/em><br><strong>Hl. Messe &amp; Gemeindeabend: Nachtreffen Lourdes<\/strong><\/p>\n\n\n\n<hr class=\"wp-block-separator has-alpha-channel-opacity\" \/>\n\n\n\n<p>Freitag, 22. Juni 2018, bis Samstag, 23. Juni 2018<br><strong>Bistumswallfahrt der KHGs im Norden nach L\u00fcbeck<br><\/strong><br>Der Termin und der Ort sind nicht zuf\u00e4llig gew\u00e4hlt. Am 23. Juni j\u00e4hrt sich der Todestag der L\u00fcbecker M\u00e4rtyrer Karl Friedrich Stellbrink, Johannes Prassek, Hermann Lange und Eduard M\u00fcller zum 75. mal. Am Freitagabend findet ein spezielles Programm f\u00fcr Studenten statt. Weitere Infos unter: www.khg-hamburg.de<\/p>\n\n\n\n<hr class=\"wp-block-separator has-alpha-channel-opacity\" \/>\n\n\n\n<p><em>Dienstag, 26. Juni 2018, 19.15 Uhr<\/em><br><strong>Hl. Messe &amp; Gemeindeabend zum Trimesterabschluss<\/strong><br>Fu\u00dfball WM: Island-Kroatien<\/p>\n\n\n\n<hr class=\"wp-block-separator has-alpha-channel-opacity\" \/>\n\n\n\n<p><em>Donnerstag, 28. Juni 2018, 8.00 Uhr<\/em><br><strong>Andacht zum Vorlesungsende &amp; Fr\u00fchst\u00fcck<\/strong><\/p>\n\n\n\n<hr class=\"wp-block-separator has-alpha-channel-opacity\" \/>\n\n\n\n<p><em>Dienstag, 3. Juli 2018, 19.15 Uhr<\/em><br><strong>Hl. Messe &amp; Gemeindeabend<\/strong><br>Verabschiedung des Studierendenjahrgangs 2014<\/p>\n","protected":false},"excerpt":{"rendered":"<p>Dienstag, 10. April 2018, 19.15 UhrHl. Messe zur Trimesterer\u00f6ffnung &amp; Gemeindeabend Dienstag, 17. April 2018, 19.15\/20.15 UhrHl. Messe &amp; Gemeindeabend\/Vortreffen Lourdes&nbsp;&nbsp;&nbsp;&nbsp;&nbsp; Alle Teilnehmer der 60. Internationalen Soldatenwallfahrt nach Lourdes treffen [&hellip;]<\/p>\n","protected":false},"author":1538,"featured_media":0,"parent":0,"menu_order":0,"comment_status":"closed","ping_status":"closed","template":"","meta":{"footnotes":""},"categories":[4],"tags":[],"class_list":["post-726","page","type-page","status-publish","hentry","category-forschung"],"_links":{"self":[{"href":"https:\/\/www.hsu-hh.de\/kath\/wp-json\/wp\/v2\/pages\/726","targetHints":{"allow":["GET"]}}],"collection":[{"href":"https:\/\/www.hsu-hh.de\/kath\/wp-json\/wp\/v2\/pages"}],"about":[{"href":"https:\/\/www.hsu-hh.de\/kath\/wp-json\/wp\/v2\/types\/page"}],"author":[{"embeddable":true,"href":"https:\/\/www.hsu-hh.de\/kath\/wp-json\/wp\/v2\/users\/1538"}],"replies":[{"embeddable":true,"href":"https:\/\/www.hsu-hh.de\/kath\/wp-json\/wp\/v2\/comments?post=726"}],"version-history":[{"count":1,"href":"https:\/\/www.hsu-hh.de\/kath\/wp-json\/wp\/v2\/pages\/726\/revisions"}],"predecessor-version":[{"id":727,"href":"https:\/\/www.hsu-hh.de\/kath\/wp-json\/wp\/v2\/pages\/726\/revisions\/727"}],"wp:attachment":[{"href":"https:\/\/www.hsu-hh.de\/kath\/wp-json\/wp\/v2\/media?parent=726"}],"wp:term":[{"taxonomy":"category","embeddable":true,"href":"https:\/\/www.hsu-hh.de\/kath\/wp-json\/wp\/v2\/categories?post=726"},{"taxonomy":"post_tag","embeddable":true,"href":"https:\/\/www.hsu-hh.de\/kath\/wp-json\/wp\/v2\/tags?post=726"}],"curies":[{"name":"wp","href":"https:\/\/api.w.org\/{rel}","templated":true}]}}