{"id":718,"date":"2024-12-19T12:57:57","date_gmt":"2024-12-19T11:57:57","guid":{"rendered":"https:\/\/www.hsu-hh.de\/kath\/?page_id=718"},"modified":"2024-12-19T12:57:58","modified_gmt":"2024-12-19T11:57:58","slug":"programm-wintertrimester-2018","status":"publish","type":"page","link":"https:\/\/www.hsu-hh.de\/kath\/programm-wintertrimester-2018","title":{"rendered":"Programm &#8211; Wintertrimester 2018"},"content":{"rendered":"\n<h3 class=\"wp-block-heading\"> <\/h3>\n\n\n\n<p><em>Dienstag, 19. Februar 2018, 9.00-12.00 Uhr<\/em><br><strong>Krabbelgruppe<\/strong><\/p>\n\n\n\n<hr class=\"wp-block-separator has-alpha-channel-opacity\" \/>\n\n\n\n<p><em>Dienstag, 20. Februar 2018, 19.15\/20.15 Uhr<\/em><br><strong>\u200bHl. Messe &amp; Themenabend (Lourdes)<\/strong><\/p>\n\n\n\n<p>Vom Mittwoch, den 16. Mai, bis zum Dienstag, den 22. Mai, findet die 60. Internationale Soldatenwallfahrt nach Lourdes statt. Wir werden von den letzten Wallfahrten berichten und die Soldatenwallfahrt vorstellen. Vor dem Themenabend besteht die M\u00f6glichkeit zum Besuch der Hl. Messe (19.15 Uhr) und zum Abendessen.<\/p>\n\n\n\n<hr class=\"wp-block-separator has-alpha-channel-opacity\" \/>\n\n\n\n<p><em>Montag, 26. Februar 2018, 9.00-12.00 Uhr<\/em><br><strong>\u200bKrabbelgruppe<\/strong><\/p>\n\n\n\n<p><em>19.15 Uhr<\/em><br><strong>Planungstreffen<\/strong><\/p>\n\n\n\n<p>Wir beginnen mit einem gemeinsamen Abendessen. Danach beraten und beschlie\u00dfen wir die Veranstaltungen und Aktivit\u00e4ten des kommenden Trimesters. Ideen und Anregungen k\u00f6nnen wir immer gebrauchen!<\/p>\n\n\n\n<hr class=\"wp-block-separator has-alpha-channel-opacity\" \/>\n\n\n\n<p><em>Dienstag, 27. Februar 2018, 19.15\/20.15 Uhr<\/em><br><strong>\u200bHl. Messe &amp; Themenabend (ABC-Kampfmittel in Syrien\/Irak)<\/strong><\/p>\n\n\n\n<p>Steffen K\u00e4mmerer, Hauptmann des ABC-Abwehrbataillon 7, berichtet von seiner Erfahrung als ABC-Abwehrberater der Mission DAESH im Fr\u00fchjahr 2017.<\/p>\n\n\n\n<hr class=\"wp-block-separator has-alpha-channel-opacity\" \/>\n\n\n\n<p><em>Mittwoch, 28. Februar 2018, 10.00\/11.30 Uhr<\/em><br>\u200b<strong>Weltfriedenstag<\/strong><\/p>\n\n\n\n<p>Hl. Messe mit Weihbischof Horst Eberlein in Hamburg\/Blankenese (Pfarrei Maria Gr\u00fcn)<br>&amp; Begegnung und Gespr\u00e4ch in der F\u00fchrungsakademie der Bundeswehr<\/p>\n\n\n\n<hr class=\"wp-block-separator has-alpha-channel-opacity\" \/>\n\n\n\n<p><em>Montag, 5. M\u00e4rz 2018, 9.00-12.00 Uhr<\/em><br>\u200b<strong>Krabbelgruppe<\/strong><\/p>\n\n\n\n<hr class=\"wp-block-separator has-alpha-channel-opacity\" \/>\n\n\n\n<p><em>Dienstag, 6. M\u00e4rz 2018, 19.15 Uhr<\/em><br>\u200b<strong>Hl. Messe &amp; Russischer Abend<\/strong><\/p>\n\n\n\n<p>Der Sprachkurs &#8222;Russisch&#8220; an der <abbr title=\"Helmut Schmidt Universit\u00e4t\">HSU<\/abbr> stellt Land und Leute vor und bereitet ein russisches Abendessen vor. Vor dem russischen Abend besteht die M\u00f6glichkeit zum Besuch der Hl. Messe. (19.15 Uhr)<\/p>\n\n\n\n<hr class=\"wp-block-separator has-alpha-channel-opacity\" \/>\n\n\n\n<p><em>Montag, 12. M\u00e4rz 2018, 9.00-12.00 Uhr<\/em><br><strong>\u200bKrabbelgruppe<\/strong><\/p>\n\n\n\n<hr class=\"wp-block-separator has-alpha-channel-opacity\" \/>\n\n\n\n<p><em>Dienstag, 13. M\u00e4rz 2018, 19.15 Uhr<\/em><br><strong>\u200bHl. Messe &amp; Gemeindeabend<\/strong><\/p>\n\n\n\n<hr class=\"wp-block-separator has-alpha-channel-opacity\" \/>\n\n\n\n<p><em>Montag, 19. M\u00e4rz 2018, 9.00-12.00 Uhr<\/em><br><strong>Krabbelgruppe<\/strong><\/p>\n\n\n\n<hr class=\"wp-block-separator has-alpha-channel-opacity\" \/>\n\n\n\n<p><em>Dienstag, 20. M\u00e4rz 2018, 8.00 Uhr<\/em><br><strong>\u200bAndacht &amp; Fr\u00fchst\u00fcck<\/strong><\/p>\n\n\n\n<p><em>19.15 Uhr<\/em><br><strong>Hl. Messe &amp; Gemeindeabend<\/strong><\/p>\n\n\n\n<hr class=\"wp-block-separator has-alpha-channel-opacity\" \/>\n\n\n\n<p><em>Freitag, 23. M\u00e4rz 2018, 16.00 Uhr<\/em><br><strong>Palmstockbasteln (f\u00fcr Kinder)<\/strong><\/p>\n\n\n\n<hr class=\"wp-block-separator has-alpha-channel-opacity\" \/>\n\n\n\n<p><em>Sonntag, 25. M\u00e4rz 2018, 10.00 Uhr<\/em><br><strong>Hl. Messe in st. Joseph\/Wandsbek (Palmsonntag)<\/strong><\/p>\n\n\n\n<p>Am Palmsonntag, dem letzten Sonntag vor Ostern wird des Einzugs Jesu Christi in Jerusalem gedacht. Zum Zeichen seines K\u00f6nigtums jubelte das Volk ihm zu. Um daran zu erinnern, werden im Gottesdienst am 25. M\u00e4rz in St. Joseph\/Wandsbek Palmst\u00f6cke (besonders geschm\u00fcckte Buchsbaumb\u00fcschel) mit Weihwasser gesegnet und in der kirchlichen Prozession als &#8222;Zeichen des Lebens und des Sieges&#8220; mitgetragen.<\/p>\n\n\n\n<p>Zusammen wollen wir am Freitag, den 23. M\u00e4rz, in der KHG diese Palmst\u00f6cke basteln.<\/p>\n\n\n\n<hr class=\"wp-block-separator has-alpha-channel-opacity\" \/>\n\n\n\n<p><em>Donnerstag, 27. M\u00e4rz 2018, 10.30 Uhr<\/em><br><strong>Hl. Messe (Gr\u00fcndonnerstag) &amp; Brunch<\/strong><\/p>\n\n\n\n<p>Am Gr\u00fcndonnerstag h\u00f6ren wir vom letzten Abendmahl Jesu mit den zw\u00f6lf Aposteln in Jerusalem (Joh 13,1-15). Danach nimmt Jesus die J\u00fcnger mit in den garten Getsemani, um zu beten. Er wird dort verhaftet, nachdem Judas ihn mit einem Kuss verraten hat (Mt 26.17-56).<\/p>\n\n\n\n<hr class=\"wp-block-separator has-alpha-channel-opacity\" \/>\n\n\n\n<p><em>Osterdienstag, 3. April 2018, 17.00 Uhr<\/em><br><strong>Heilige Messe &amp; Osterfeuer (besonders auch f\u00fcr Kinder)<br><\/strong><br>Nach der Heiligen Messe (17.00 Uhr) entz\u00fcnden wir im Garten der KHG ein Osterfeuer. Dazu machen wir Stockbrot. Die Kinder k\u00f6nnen im Garten nach Ostereiern suchen.<\/p>\n","protected":false},"excerpt":{"rendered":"<p>Dienstag, 19. Februar 2018, 9.00-12.00 UhrKrabbelgruppe Dienstag, 20. Februar 2018, 19.15\/20.15 Uhr\u200bHl. Messe &amp; Themenabend (Lourdes) Vom Mittwoch, den 16. Mai, bis zum Dienstag, den 22. Mai, findet die 60. [&hellip;]<\/p>\n","protected":false},"author":1538,"featured_media":0,"parent":0,"menu_order":0,"comment_status":"closed","ping_status":"closed","template":"","meta":{"footnotes":""},"categories":[4],"tags":[],"class_list":["post-718","page","type-page","status-publish","hentry","category-forschung"],"_links":{"self":[{"href":"https:\/\/www.hsu-hh.de\/kath\/wp-json\/wp\/v2\/pages\/718","targetHints":{"allow":["GET"]}}],"collection":[{"href":"https:\/\/www.hsu-hh.de\/kath\/wp-json\/wp\/v2\/pages"}],"about":[{"href":"https:\/\/www.hsu-hh.de\/kath\/wp-json\/wp\/v2\/types\/page"}],"author":[{"embeddable":true,"href":"https:\/\/www.hsu-hh.de\/kath\/wp-json\/wp\/v2\/users\/1538"}],"replies":[{"embeddable":true,"href":"https:\/\/www.hsu-hh.de\/kath\/wp-json\/wp\/v2\/comments?post=718"}],"version-history":[{"count":3,"href":"https:\/\/www.hsu-hh.de\/kath\/wp-json\/wp\/v2\/pages\/718\/revisions"}],"predecessor-version":[{"id":722,"href":"https:\/\/www.hsu-hh.de\/kath\/wp-json\/wp\/v2\/pages\/718\/revisions\/722"}],"wp:attachment":[{"href":"https:\/\/www.hsu-hh.de\/kath\/wp-json\/wp\/v2\/media?parent=718"}],"wp:term":[{"taxonomy":"category","embeddable":true,"href":"https:\/\/www.hsu-hh.de\/kath\/wp-json\/wp\/v2\/categories?post=718"},{"taxonomy":"post_tag","embeddable":true,"href":"https:\/\/www.hsu-hh.de\/kath\/wp-json\/wp\/v2\/tags?post=718"}],"curies":[{"name":"wp","href":"https:\/\/api.w.org\/{rel}","templated":true}]}}