{"id":958,"date":"2018-06-25T15:45:31","date_gmt":"2018-06-25T13:45:31","guid":{"rendered":"https:\/\/www.hsu-hh.de\/karriere\/?page_id=958"},"modified":"2018-06-26T09:20:53","modified_gmt":"2018-06-26T07:20:53","slug":"fachinformatiker-in-anwendungsentwicklung","status":"publish","type":"page","link":"https:\/\/www.hsu-hh.de\/karriere\/ausbildungsplaetze-und-praktika\/fachinformatiker-in-anwendungsentwicklung","title":{"rendered":"Fachinformatiker\/-in Anwendungsentwicklung"},"content":{"rendered":"<h3>\u00dcberblick<\/h3>\n<p><strong>Referenzcode:<\/strong><br \/>\nB9101Y-2018-00003656-E<\/p>\n<p><strong>Ausbildungsbeginn:<\/strong><br \/>\n01.09.2019<\/p>\n<p><strong>Ausbildungsende:<\/strong><br \/>\n31.08.2022<\/p>\n<p><strong>Ausschreibungsschluss:<\/strong><br \/>\n30.09.2018<\/p>\n<p><strong>Stellenbezeichnung:<\/strong><br \/>\nAusbildung zur\/ zum Fachinformatiker\/-in Anwendungsentwicklung (2019)<\/p>\n<p><strong>Besch\u00e4ftigungsort:<\/strong><br \/>\nHamburg<\/p>\n<p><strong>Verdienst:<\/strong><br \/>\nDas Ausbildungsentgelt richtet sich nach dem Tarifvertrag f\u00fcr Auszubildende des \u00f6ffentlichen Dienstes (TVA\u00f6D) in der jeweils g\u00fcltigen Fassung.<\/p>\n<p>Das Ausbildungsentgelt betr\u00e4gt nach derzeitigem Stand:<\/p>\n<p>Ausbildungsjahr\u00a0\u00a0\u00a0\u00a0\u00a0\u00a0\u00a0\u00a0\u00a0 918,26 \u20ac<br \/>\nAusbildungsjahr\u00a0\u00a0\u00a0\u00a0\u00a0\u00a0\u00a0\u00a0\u00a0 968,20 \u20ac<br \/>\nAusbildungsjahr\u00a0\u00a0\u00a0\u00a0\u00a0\u00a0\u00a0 1014,02 \u20ac<\/p>\n<h2>Unternehmen<\/h2>\n<p>Die Bundeswehr ist einer der gr\u00f6\u00dften Arbeitgeber Deutschlands und mit ihren zivilen und milit\u00e4rischen Mitarbeiterinnen und Mitarbeitern deutschlandweit in vielen Gemeinden stationiert. Dieses weite Aufgabenfeld und die r\u00e4umliche N\u00e4he erm\u00f6glichen es der Bundeswehr, Sie in den verschiedensten Berufsfeldern auszubilden und einzusetzen. Die Bundeswehr bietet abwechslungsreiche und interessante Berufe sowie aussichtsreiche Karrieren.<\/p>\n<h2>Stellenbeschreibung<\/h2>\n<p>Fachinformatiker\/-innen der Fachrichtung Anwendungsentwicklung entwickeln und programmieren Software nach Kundenw\u00fcnschen. Sie testen bestehende Anwendungen, passen diese an und entwickeln anwendungsgerechte Bedienoberfl\u00e4chen. F\u00fcr ihre Arbeit nutzen sie Programmiersprachen und Werkzeuge wie <abbr title=\"zum Beispiel\">z.B.<\/abbr> Entwicklertools. Au\u00dferdem setzen sie die Methoden des Software Engineerings ein. Dar\u00fcber hinaus beheben sie Fehler mithilfe von Experten- und Diagnosesystemen und beraten <abbr title=\"beziehungsweise\">bzw.<\/abbr> schulen die Anwender.<\/p>\n<h2>Qualifikationserfordernisse<\/h2>\n<p>Wir erwarten von Ihnen einen mindestens qualifizierten Abschluss der Mittelschule (oder einen vergleichbaren Abschluss), gute bis befriedigende Leistungen in den Hauptf\u00e4chern Deutsch und Mathematik und je nach Ausbildungsberuf auch in den naturwissenschaftlichen F\u00e4chern (<abbr title=\"zum Beispiel\">z.B.<\/abbr> Physik, Chemie, Biologie)<\/p>\n<h2>Bemerkungen<\/h2>\n<p>Bei der Auswahl der Bewerberinnen und Bewerber wird Wert auf die fachliche, pers\u00f6nliche und charakterliche Eignung gelegt. Neben Interesse und Eignung f\u00fcr den gew\u00e4hlten Beruf sollten Sie Lernbereitschaft, Engagement und Konzentrationsf\u00e4higkeit mitbringen. Ebenso sind Teamgeist, Zuverl\u00e4ssigkeit und Verantwortungsbewusstsein Voraussetzung f\u00fcr eine vertrauensvolle Zusammenarbeit.<\/p>\n<p>Bewerbungen von Frauen sind ausdr\u00fccklich erw\u00fcnscht. Frauen werden bei gleicher Eignung, Bef\u00e4higung und fachlicher Leistung in Bereichen, in denen sie unterrepr\u00e4sentiert sind, bevorzugt ber\u00fccksichtigt, sofern nicht in der Person eines Mitbewerbers liegende Gr\u00fcnde \u00fcberwiegen.<\/p>\n<p>Die Bewerbung behinderter Menschen ist ausdr\u00fccklich erw\u00fcnscht. Schwerbehinderte Menschen und ihnen Gleichgestellte werden bei gleicher Eignung bevorzugt ber\u00fccksichtigt. Von ihnen wird nur ein Mindestma\u00df an k\u00f6rperlicher Eignung verlangt. Individuelle behinderungsspezifische Einschr\u00e4nkungen verhindern eine bevorzugte Ber\u00fccksichtigung nur bei zwingend n\u00f6tigen F\u00e4higkeitsmustern f\u00fcr den zu besetzenden Dienstposten.<\/p>\n<p>So bewerben Sie sich bei uns:<br \/>\nF\u00fcr eine vollst\u00e4ndige Bewerbung ben\u00f6tigen wir folgende Unterlagen:<\/p>\n<ul>\n<li>ein formloses Bewerbungsschreiben<\/li>\n<li>einen tabellarischen Lebenslauf<\/li>\n<li>eine Kopie des letzten Schulzeugnisses<\/li>\n<li>eine Einverst\u00e4ndniserkl\u00e4rung des Sorgeberechtigten, falls Sie noch nicht vollj\u00e4hrig sind<\/li>\n<\/ul>\n<p>sofern vorhanden:<\/p>\n<ul>\n<li>Kopien von Praktikumszeugnissen<\/li>\n<li>Kopien weiterer Zeugnisse \u00fcber T\u00e4tigkeiten seit der Schulentlassung<\/li>\n<li>eine Kopie des Schwerbehindertenausweises oder des Bescheides \u00fcber die Gleichstellung als schwerbehinderter Mensch<\/li>\n<\/ul>\n<p>Weiterf\u00fchrende Informationen zu den Berufsm\u00f6glichkeiten in der Bundeswehrverwaltung finden Sie unter www.bundeswehrkarriere.de.<\/p>\n<h2>Ansprechpersonen<\/h2>\n<p>Helmut-Schmidt-Universit\u00e4t\/Universit\u00e4t der Bundeswehr Hamburg<\/p>\n<p>Dezernat Personalangelegenheiten<\/p>\n<p>Holstenhofweg 85<\/p>\n<p>22043 Hamburg<\/p>\n<p>Tel: 040 \/6541-2246 oder -2273<\/p>\n<p>&nbsp;<\/p>\n<p>Bitte nutzen Sie f\u00fcr Ihre Bewerbung ausschlie\u00dflich folgendes Bewerbungsportal:<\/p>\n<p><a href=\"https:\/\/bewerbung.bundeswehr-karriere.de\" rel='nofollow'>bewerbung.bundeswehr-karriere.de<\/a><\/p>\n<div class=\"col-xs-12 downloads-item\">\n<div class=\"row border-line\">\n<div class=\"thumbnail-area\"><img decoding=\"async\" class=\"download-image\" src=\"\/wp-content\/themes\/hsu\/img\/dummy\/downloads_dummy.png\" alt=\"\" \/><\/div>\n<div class=\"text-area\"><span class=\"download-text\">Fachinformatiker\/-in Anwendungsentwicklung.pdf<\/span><\/div>\n<div class=\"download-area\"><a class=\"download-link\" href=\"https:\/\/www.hsu-hh.de\/karriere\/wp-content\/uploads\/sites\/658\/2018\/06\/Fachinformatiker-in-Anwendungsentwicklung-1.pdf\"><span class=\"download-name\">pdf laden<\/span><span class=\"donwload-icon\"><img decoding=\"async\" class=\"download-icon\" src=\"\/wp-content\/themes\/hsu\/img\/icons\/download_icon.png\" alt=\"download icon\" \/><\/span><span class=\"download-size\">20 KB<\/span><\/a><\/div>\n<\/div>\n<\/div>\n<p>&nbsp;<\/p>\n","protected":false},"excerpt":{"rendered":"<p>\u00dcberblick Referenzcode: B9101Y-2018-00003656-E Ausbildungsbeginn: 01.09.2019 Ausbildungsende: 31.08.2022 Ausschreibungsschluss: 30.09.2018 Stellenbezeichnung: Ausbildung zur\/ zum Fachinformatiker\/-in Anwendungsentwicklung (2019) Besch\u00e4ftigungsort: Hamburg Verdienst: Das Ausbildungsentgelt richtet sich nach dem Tarifvertrag f\u00fcr Auszubildende des \u00f6ffentlichen [&hellip;]<\/p>\n","protected":false},"author":571,"featured_media":0,"parent":471,"menu_order":0,"comment_status":"closed","ping_status":"closed","template":"","meta":{"footnotes":""},"categories":[],"tags":[],"class_list":["post-958","page","type-page","status-publish","hentry"],"_links":{"self":[{"href":"https:\/\/www.hsu-hh.de\/karriere\/wp-json\/wp\/v2\/pages\/958","targetHints":{"allow":["GET"]}}],"collection":[{"href":"https:\/\/www.hsu-hh.de\/karriere\/wp-json\/wp\/v2\/pages"}],"about":[{"href":"https:\/\/www.hsu-hh.de\/karriere\/wp-json\/wp\/v2\/types\/page"}],"author":[{"embeddable":true,"href":"https:\/\/www.hsu-hh.de\/karriere\/wp-json\/wp\/v2\/users\/571"}],"replies":[{"embeddable":true,"href":"https:\/\/www.hsu-hh.de\/karriere\/wp-json\/wp\/v2\/comments?post=958"}],"version-history":[{"count":5,"href":"https:\/\/www.hsu-hh.de\/karriere\/wp-json\/wp\/v2\/pages\/958\/revisions"}],"predecessor-version":[{"id":1013,"href":"https:\/\/www.hsu-hh.de\/karriere\/wp-json\/wp\/v2\/pages\/958\/revisions\/1013"}],"up":[{"embeddable":true,"href":"https:\/\/www.hsu-hh.de\/karriere\/wp-json\/wp\/v2\/pages\/471"}],"wp:attachment":[{"href":"https:\/\/www.hsu-hh.de\/karriere\/wp-json\/wp\/v2\/media?parent=958"}],"wp:term":[{"taxonomy":"category","embeddable":true,"href":"https:\/\/www.hsu-hh.de\/karriere\/wp-json\/wp\/v2\/categories?post=958"},{"taxonomy":"post_tag","embeddable":true,"href":"https:\/\/www.hsu-hh.de\/karriere\/wp-json\/wp\/v2\/tags?post=958"}],"curies":[{"name":"wp","href":"https:\/\/api.w.org\/{rel}","templated":true}]}}