{"id":471,"date":"2018-02-02T10:19:05","date_gmt":"2018-02-02T09:19:05","guid":{"rendered":"https:\/\/www.hsu-hh.de\/jobs\/?page_id=471"},"modified":"2026-04-08T15:51:40","modified_gmt":"2026-04-08T13:51:40","slug":"ausbildungsplaetze-und-praktika","status":"publish","type":"page","link":"https:\/\/www.hsu-hh.de\/karriere\/ausbildungsplaetze-und-praktika","title":{"rendered":"Ausbildungspl\u00e4tze und Praktika"},"content":{"rendered":"\n<figure class=\"wp-block-image size-large\"><img loading=\"lazy\" decoding=\"async\" width=\"1024\" height=\"364\" src=\"https:\/\/www.hsu-hh.de\/karriere\/wp-content\/uploads\/sites\/658\/2018\/02\/Fotolia_81795837_L_\u00a9zinkevych-stock.adobe_.com_schmal-1024x364.jpg\" data-credit=\"HSU\" alt=\"Bild Ausbildungspl\u00e4tze Praktika Schmal\" class=\"wp-image-490\" \/><\/figure>\n\n\n\n<p>Starte Deine Ausbildung bei der Helmut-Schmidt-Universit\u00e4t\/Universit\u00e4t der Bundeswehr in Hamburg und bringe Deine pers\u00f6nlichen und fachlichen St\u00e4rken mit den Entwicklungschancen an unserer Universit\u00e4t in Einklang. Wir bieten Dir eine zukunftsorientierte und moderne Ausbildung und eine interessante Auswahl an Ausbildungspl\u00e4tzen. Nach unserer Philosophie haben eine hochwertige Ausbildung und umfassende Qualifizierung einen hohen Stellenwert und sind der Anfang von Allem. Hierbei begleiten Dich unsere erfahrenen Ausbilder\/innen auf deinem Weg zum Berufsabschluss.<\/p>\n\n\n\n<figure class=\"wp-block-image size-large\"><img loading=\"lazy\" decoding=\"async\" width=\"1024\" height=\"303\" src=\"https:\/\/www.hsu-hh.de\/karriere\/wp-content\/uploads\/sites\/658\/2023\/03\/Teaser-Ausbildungsjahr-2024_aus-Fotolia_81795837_L-1024x303.png\" data-credit=\"HSU\/MZ TDI FOTOLIA_81795837_L\" alt=\"Starte Deine Karriere in der HSU-Familie!\" class=\"wp-image-5577\" srcset=\"https:\/\/www.hsu-hh.de\/karriere\/wp-content\/uploads\/sites\/658\/2023\/03\/Teaser-Ausbildungsjahr-2024_aus-Fotolia_81795837_L-1024x303.png 1024w, https:\/\/www.hsu-hh.de\/karriere\/wp-content\/uploads\/sites\/658\/2023\/03\/Teaser-Ausbildungsjahr-2024_aus-Fotolia_81795837_L-300x89.png 300w, https:\/\/www.hsu-hh.de\/karriere\/wp-content\/uploads\/sites\/658\/2023\/03\/Teaser-Ausbildungsjahr-2024_aus-Fotolia_81795837_L-768x227.png 768w, https:\/\/www.hsu-hh.de\/karriere\/wp-content\/uploads\/sites\/658\/2023\/03\/Teaser-Ausbildungsjahr-2024_aus-Fotolia_81795837_L-1536x454.png 1536w, https:\/\/www.hsu-hh.de\/karriere\/wp-content\/uploads\/sites\/658\/2023\/03\/Teaser-Ausbildungsjahr-2024_aus-Fotolia_81795837_L-1100x325.png 1100w, https:\/\/www.hsu-hh.de\/karriere\/wp-content\/uploads\/sites\/658\/2023\/03\/Teaser-Ausbildungsjahr-2024_aus-Fotolia_81795837_L.png 1900w\" sizes=\"auto, (max-width: 1024px) 100vw, 1024px\" \/><\/figure>\n\n\n\n<div style=\"height:60px\" aria-hidden=\"true\" class=\"wp-block-spacer\"><\/div>\n\n\n\n<h2 class=\"wp-block-heading has-text-align-center\"><strong>Unser Ausbildungsjahrgang 2025 ist gestartet!<\/strong><\/h2>\n\n\n\n<div style=\"height:58px\" aria-hidden=\"true\" class=\"wp-block-spacer\"><\/div>\n\n\n\n<h2 class=\"wp-block-heading\"><strong>F\u00fcr das Jahr 2026 suchen wir an der <abbr title=\"Helmut Schmidt Universit\u00e4t\">HSU<\/abbr>\/UniBw H Auszubildende f\u00fcr folgende Berufe:<\/strong><\/h2>\n\n\n\n<div style=\"height:23px\" aria-hidden=\"true\" class=\"wp-block-spacer\"><\/div>\n\n\n\n<p><strong>Industriemechaniker\/in (m\/w\/d)<\/strong><\/p>\n\n\n\n<div class=\"wp-block-hsu-downloadblock\"><div class=\"thumbnail-area\"><img decoding=\"async\" src=\"\/wp-content\/themes\/hsu\/img\/dummy\/downloads_dummy.png\" alt=\"Download Symbol-Icon\" \/><\/div><div class=\"text-area\">Industriemechaniker\/in (m\/w\/d)<\/div><div class=\"download-area\"><a class=\"download-link\" href=\"https:\/\/www.hsu-hh.de\/karriere\/wp-content\/uploads\/sites\/658\/2026\/04\/Kennziffer-IM-2026.pdf\"><span class=\"download-name\">pdf laden<\/span><span class=\"download-icon\"><img decoding=\"async\" class=\"download-icon\" alt=\"download icon\" src=\"\/wp-content\/themes\/hsu\/img\/icons\/download_icon.png\" \/><\/span><span class=\"download-size\">30 kB<\/span><\/a><\/div><\/div>\n\n\n\n<div style=\"height:58px\" aria-hidden=\"true\" class=\"wp-block-spacer\"><\/div>\n\n\n\n<h2 class=\"wp-block-heading\"><strong>F\u00fcr das Jahr 2027 suchen wir an der <abbr title=\"Helmut Schmidt Universit\u00e4t\">HSU<\/abbr>\/UniBw H Auszubildende f\u00fcr folgende Berufe:<\/strong><\/h2>\n\n\n\n<div style=\"height:23px\" aria-hidden=\"true\" class=\"wp-block-spacer\"><\/div>\n\n\n\n<p><strong>Industriemechaniker\/in (m\/w\/d)<\/strong><\/p>\n\n\n\n<div class=\"wp-block-hsu-downloadblock\"><div class=\"thumbnail-area\"><img decoding=\"async\" src=\"\/wp-content\/themes\/hsu\/img\/dummy\/downloads_dummy.png\" alt=\"Download Symbol-Icon\" \/><\/div><div class=\"text-area\">Kennziffer IM-2027<\/div><div class=\"download-area\"><a class=\"download-link\" href=\"https:\/\/www.hsu-hh.de\/karriere\/wp-content\/uploads\/sites\/658\/2025\/12\/Kennziffer-IM-2027.pdf\"><span class=\"download-name\">pdf laden<\/span><span class=\"download-icon\"><img decoding=\"async\" class=\"download-icon\" alt=\"download icon\" src=\"\/wp-content\/themes\/hsu\/img\/icons\/download_icon.png\" \/><\/span><span class=\"download-size\">99 kB<\/span><\/a><\/div><\/div>\n\n\n\n<div style=\"height:64px\" aria-hidden=\"true\" class=\"wp-block-spacer\"><\/div>\n\n\n\n<p><strong>Kauffrau\/Kaufmann f\u00fcr B\u00fcromanagement (m\/w\/d)<\/strong><\/p>\n\n\n\n<div class=\"wp-block-hsu-downloadblock\"><div class=\"thumbnail-area\"><img decoding=\"async\" src=\"\/wp-content\/themes\/hsu\/img\/dummy\/downloads_dummy.png\" alt=\"Download Symbol-Icon\" \/><\/div><div class=\"text-area\">Kennziffer KFB-2027<\/div><div class=\"download-area\"><a class=\"download-link\" href=\"https:\/\/www.hsu-hh.de\/karriere\/wp-content\/uploads\/sites\/658\/2025\/12\/Kennziffer-KFB-2027.pdf\"><span class=\"download-name\">pdf laden<\/span><span class=\"download-icon\"><img decoding=\"async\" class=\"download-icon\" alt=\"download icon\" src=\"\/wp-content\/themes\/hsu\/img\/icons\/download_icon.png\" \/><\/span><span class=\"download-size\">100 kB<\/span><\/a><\/div><\/div>\n","protected":false},"excerpt":{"rendered":"<p>Starte Deine Ausbildung bei der Helmut-Schmidt-Universit\u00e4t\/Universit\u00e4t der Bundeswehr in Hamburg und bringe Deine pers\u00f6nlichen und fachlichen St\u00e4rken mit den Entwicklungschancen an unserer Universit\u00e4t in Einklang. Wir bieten Dir eine zukunftsorientierte [&hellip;]<\/p>\n","protected":false},"author":18,"featured_media":0,"parent":0,"menu_order":0,"comment_status":"closed","ping_status":"closed","template":"","meta":{"footnotes":""},"categories":[4],"tags":[],"class_list":["post-471","page","type-page","status-publish","hentry","category-forschung"],"_links":{"self":[{"href":"https:\/\/www.hsu-hh.de\/karriere\/wp-json\/wp\/v2\/pages\/471","targetHints":{"allow":["GET"]}}],"collection":[{"href":"https:\/\/www.hsu-hh.de\/karriere\/wp-json\/wp\/v2\/pages"}],"about":[{"href":"https:\/\/www.hsu-hh.de\/karriere\/wp-json\/wp\/v2\/types\/page"}],"author":[{"embeddable":true,"href":"https:\/\/www.hsu-hh.de\/karriere\/wp-json\/wp\/v2\/users\/18"}],"replies":[{"embeddable":true,"href":"https:\/\/www.hsu-hh.de\/karriere\/wp-json\/wp\/v2\/comments?post=471"}],"version-history":[{"count":127,"href":"https:\/\/www.hsu-hh.de\/karriere\/wp-json\/wp\/v2\/pages\/471\/revisions"}],"predecessor-version":[{"id":8181,"href":"https:\/\/www.hsu-hh.de\/karriere\/wp-json\/wp\/v2\/pages\/471\/revisions\/8181"}],"wp:attachment":[{"href":"https:\/\/www.hsu-hh.de\/karriere\/wp-json\/wp\/v2\/media?parent=471"}],"wp:term":[{"taxonomy":"category","embeddable":true,"href":"https:\/\/www.hsu-hh.de\/karriere\/wp-json\/wp\/v2\/categories?post=471"},{"taxonomy":"post_tag","embeddable":true,"href":"https:\/\/www.hsu-hh.de\/karriere\/wp-json\/wp\/v2\/tags?post=471"}],"curies":[{"name":"wp","href":"https:\/\/api.w.org\/{rel}","templated":true}]}}