{"id":469,"date":"2018-02-02T10:18:43","date_gmt":"2018-02-02T09:18:43","guid":{"rendered":"https:\/\/www.hsu-hh.de\/jobs\/?page_id=469"},"modified":"2026-04-08T15:23:55","modified_gmt":"2026-04-08T13:23:55","slug":"studentische-hilfskraefte","status":"publish","type":"page","link":"https:\/\/www.hsu-hh.de\/karriere\/studentische-hilfskraefte","title":{"rendered":"Studentische Hilfskr\u00e4fte"},"content":{"rendered":"\n<figure class=\"wp-block-image size-full\"><img loading=\"lazy\" decoding=\"async\" width=\"1688\" height=\"600\" src=\"https:\/\/www.hsu-hh.de\/karriere\/wp-content\/uploads\/sites\/658\/2022\/11\/Fotolia_163392531_M_\u00a9goodluz-stock.adobe_.com_schmal.jpg\" data-credit=\"Fotolia_163392531_M_\u00a9goodluz-stock.adobe_.com_schmal\" alt=\"\" class=\"wp-image-5225\" srcset=\"https:\/\/www.hsu-hh.de\/karriere\/wp-content\/uploads\/sites\/658\/2022\/11\/Fotolia_163392531_M_\u00a9goodluz-stock.adobe_.com_schmal.jpg 1688w, https:\/\/www.hsu-hh.de\/karriere\/wp-content\/uploads\/sites\/658\/2022\/11\/Fotolia_163392531_M_\u00a9goodluz-stock.adobe_.com_schmal-300x107.jpg 300w, https:\/\/www.hsu-hh.de\/karriere\/wp-content\/uploads\/sites\/658\/2022\/11\/Fotolia_163392531_M_\u00a9goodluz-stock.adobe_.com_schmal-1024x364.jpg 1024w, https:\/\/www.hsu-hh.de\/karriere\/wp-content\/uploads\/sites\/658\/2022\/11\/Fotolia_163392531_M_\u00a9goodluz-stock.adobe_.com_schmal-768x273.jpg 768w, https:\/\/www.hsu-hh.de\/karriere\/wp-content\/uploads\/sites\/658\/2022\/11\/Fotolia_163392531_M_\u00a9goodluz-stock.adobe_.com_schmal-1536x546.jpg 1536w, https:\/\/www.hsu-hh.de\/karriere\/wp-content\/uploads\/sites\/658\/2022\/11\/Fotolia_163392531_M_\u00a9goodluz-stock.adobe_.com_schmal-1100x391.jpg 1100w\" sizes=\"auto, (max-width: 1688px) 100vw, 1688px\" \/><\/figure>\n\n\n\n<p><strong>Fakult\u00e4t f\u00fcr Wirtschafts- und Sozialwissenschaften<\/strong><\/p>\n\n\n\n<p><a href=\"https:\/\/www.hsu-hh.de\/karriere\/wp-content\/uploads\/sites\/658\/2026\/03\/Kennziffer-WiSo-1226.pdf\" data-type=\"attachment\" data-id=\"8155\">(Kennziffer <abbr title=\"Wirtschafts- und Sozialwissenschaften\">WiSo<\/abbr>-1226)<\/a><\/p>\n\n\n\n<p>Studentische Hilfskraft (m\/w\/d) in der Professur f\u00fcr Internationale Sicherheitspolitik und Konfliktforschung<\/p>\n\n\n\n<p><a href=\"https:\/\/www.hsu-hh.de\/karriere\/wp-content\/uploads\/sites\/658\/2026\/04\/Kennziffer-WiSo-1526.pdf\" data-type=\"attachment\" data-id=\"8175\">(Kennziffer <abbr title=\"Wirtschafts- und Sozialwissenschaften\">WiSo<\/abbr>-1526)<\/a><\/p>\n\n\n\n<p>Studentische Hilfskraft (m\/w\/d) in der Professur f\u00fcr \u00d6ffentliches Recht, insbesondere V\u00f6lker- und Europarecht<\/p>\n\n\n\n<p><strong>Fakult\u00e4t f\u00fcr Geistes- und Sozialwissenschaften<\/strong><\/p>\n\n\n\n<p>zur Zeit keine Ausschreibungen<\/p>\n\n\n\n<p><strong>Fakult\u00e4t f\u00fcr Elektrotechnik<\/strong><\/p>\n\n\n\n<p>zur Zeit keine Ausschreibungen<\/p>\n\n\n\n<p><strong>Fakult\u00e4t f\u00fcr Maschinenbau und Bauingenieurwesen<\/strong><\/p>\n\n\n\n<p>zur Zeit keine Ausschreibungen<\/p>\n","protected":false},"excerpt":{"rendered":"<p>Fakult\u00e4t f\u00fcr Wirtschafts- und Sozialwissenschaften (Kennziffer WiSo-1226) Studentische Hilfskraft (m\/w\/d) in der Professur f\u00fcr Internationale Sicherheitspolitik und Konfliktforschung (Kennziffer WiSo-1526) Studentische Hilfskraft (m\/w\/d) in der Professur f\u00fcr \u00d6ffentliches Recht, insbesondere [&hellip;]<\/p>\n","protected":false},"author":18,"featured_media":0,"parent":0,"menu_order":0,"comment_status":"closed","ping_status":"closed","template":"","meta":{"footnotes":""},"categories":[4],"tags":[],"class_list":["post-469","page","type-page","status-publish","hentry","category-forschung"],"_links":{"self":[{"href":"https:\/\/www.hsu-hh.de\/karriere\/wp-json\/wp\/v2\/pages\/469","targetHints":{"allow":["GET"]}}],"collection":[{"href":"https:\/\/www.hsu-hh.de\/karriere\/wp-json\/wp\/v2\/pages"}],"about":[{"href":"https:\/\/www.hsu-hh.de\/karriere\/wp-json\/wp\/v2\/types\/page"}],"author":[{"embeddable":true,"href":"https:\/\/www.hsu-hh.de\/karriere\/wp-json\/wp\/v2\/users\/18"}],"replies":[{"embeddable":true,"href":"https:\/\/www.hsu-hh.de\/karriere\/wp-json\/wp\/v2\/comments?post=469"}],"version-history":[{"count":423,"href":"https:\/\/www.hsu-hh.de\/karriere\/wp-json\/wp\/v2\/pages\/469\/revisions"}],"predecessor-version":[{"id":8176,"href":"https:\/\/www.hsu-hh.de\/karriere\/wp-json\/wp\/v2\/pages\/469\/revisions\/8176"}],"wp:attachment":[{"href":"https:\/\/www.hsu-hh.de\/karriere\/wp-json\/wp\/v2\/media?parent=469"}],"wp:term":[{"taxonomy":"category","embeddable":true,"href":"https:\/\/www.hsu-hh.de\/karriere\/wp-json\/wp\/v2\/categories?post=469"},{"taxonomy":"post_tag","embeddable":true,"href":"https:\/\/www.hsu-hh.de\/karriere\/wp-json\/wp\/v2\/tags?post=469"}],"curies":[{"name":"wp","href":"https:\/\/api.w.org\/{rel}","templated":true}]}}