{"id":465,"date":"2018-02-02T10:15:01","date_gmt":"2018-02-02T09:15:01","guid":{"rendered":"https:\/\/www.hsu-hh.de\/jobs\/?page_id=465"},"modified":"2026-04-15T11:10:55","modified_gmt":"2026-04-15T09:10:55","slug":"wissenschaftliches-personal","status":"publish","type":"page","link":"https:\/\/www.hsu-hh.de\/karriere\/wissenschaftliches-personal","title":{"rendered":"Wissenschaftliches Personal"},"content":{"rendered":"<div class=\"wp-block-image\">\n<figure class=\"aligncenter size-full\"><img loading=\"lazy\" decoding=\"async\" width=\"1688\" height=\"600\" src=\"https:\/\/www.hsu-hh.de\/karriere\/wp-content\/uploads\/sites\/658\/2022\/11\/Fotolia_183981545_L_\u00a9nd3000-stock.adobe_.com_schmal.jpg\" data-credit=\"Fotolia_183981545_L_\u00a9nd3000-stock.adobe_.com_schmal\" alt=\"\" class=\"wp-image-5214\" srcset=\"https:\/\/www.hsu-hh.de\/karriere\/wp-content\/uploads\/sites\/658\/2022\/11\/Fotolia_183981545_L_\u00a9nd3000-stock.adobe_.com_schmal.jpg 1688w, https:\/\/www.hsu-hh.de\/karriere\/wp-content\/uploads\/sites\/658\/2022\/11\/Fotolia_183981545_L_\u00a9nd3000-stock.adobe_.com_schmal-300x107.jpg 300w, https:\/\/www.hsu-hh.de\/karriere\/wp-content\/uploads\/sites\/658\/2022\/11\/Fotolia_183981545_L_\u00a9nd3000-stock.adobe_.com_schmal-1024x364.jpg 1024w, https:\/\/www.hsu-hh.de\/karriere\/wp-content\/uploads\/sites\/658\/2022\/11\/Fotolia_183981545_L_\u00a9nd3000-stock.adobe_.com_schmal-768x273.jpg 768w, https:\/\/www.hsu-hh.de\/karriere\/wp-content\/uploads\/sites\/658\/2022\/11\/Fotolia_183981545_L_\u00a9nd3000-stock.adobe_.com_schmal-1536x546.jpg 1536w, https:\/\/www.hsu-hh.de\/karriere\/wp-content\/uploads\/sites\/658\/2022\/11\/Fotolia_183981545_L_\u00a9nd3000-stock.adobe_.com_schmal-1100x391.jpg 1100w\" sizes=\"auto, (max-width: 1688px) 100vw, 1688px\" \/><\/figure>\n<\/div>\n\n\n<p><strong>Zentrum f\u00fcr technologiegest\u00fctzte Bildung<\/strong><\/p>\n\n\n\n<p>zur Zeit keine Ausschreibungen<\/p>\n\n\n\n<p><strong>Fakult\u00e4t f\u00fcr Wirtschafts- und Sozialwissenschaften<\/strong><\/p>\n\n\n\n<p><a href=\"https:\/\/www.hsu-hh.de\/karriere\/wp-content\/uploads\/sites\/658\/2026\/03\/Kennziffer-WiSo-1026.pdf\" data-type=\"attachment\" data-id=\"8158\">(Kennziffer <abbr title=\"Wirtschafts- und Sozialwissenschaften\">WiSo<\/abbr>-1026)<\/a><\/p>\n\n\n\n<p>Wissenschaftliche\/-r Mitarbeiter\/-in (m\/w\/d) in der Professur f\u00fcr Hybrid Intelligence<\/p>\n\n\n\n<p><a href=\"https:\/\/www.hsu-hh.de\/karriere\/wp-content\/uploads\/sites\/658\/2026\/03\/Kennziffer-WiSo-1326.pdf\" data-type=\"attachment\" data-id=\"8145\">(Kennziffer <abbr title=\"Wirtschafts- und Sozialwissenschaften\">WiSo<\/abbr>-1326)<\/a><\/p>\n\n\n\n<p>Wissenschaftliche\/-r Mitarbeiter\/-in (m\/w\/d) in der Professur f\u00fcr Deutsches, Europ\u00e4isches und Internationales Strafrecht, Strafprozessrecht sowie Wirtschaftsstrafrecht<\/p>\n\n\n\n<p><a href=\"https:\/\/www.hsu-hh.de\/karriere\/wp-content\/uploads\/sites\/658\/2026\/04\/Kennziffer-WiSo-1426.pdf\" data-type=\"attachment\" data-id=\"8169\">(Kennziffer <abbr title=\"Wirtschafts- und Sozialwissenschaften\">WiSo<\/abbr>-1426)<\/a><\/p>\n\n\n\n<p>Wissenschaftliche\/-r Mitarbeiter\/-in (m\/w\/d) in der Professur f\u00fcr B\u00fcrgerliches Recht, Handels-, Wirtschafts- und Arbeitsrecht<\/p>\n\n\n\n<p><strong>Fakult\u00e4t f\u00fcr Geistes- und Sozialwissenschaften<\/strong><\/p>\n\n\n\n<p>zur Zeit keine Ausschreibungen<\/p>\n\n\n\n<p><strong>Fakult\u00e4t f\u00fcr Elektrotechnik<\/strong><\/p>\n\n\n\n<p>zur Zeit keine Ausschreibungen<\/p>\n\n\n\n<p><strong>Fakult\u00e4t f\u00fcr Maschinenbau und Bauingenieurwesen<\/strong><\/p>\n\n\n\n<p><a href=\"https:\/\/www.hsu-hh.de\/karriere\/wp-content\/uploads\/sites\/658\/2026\/03\/Kennziffer-MB-0726.pdf\" data-type=\"attachment\" data-id=\"8140\">(Kennziffer MB-0726)<\/a><\/p>\n\n\n\n<p>Wissenschaftliche\/-r Mitarbeiter\/-in (m\/w\/d) in der Professur f\u00fcr Str\u00f6mungsmechanik<\/p>\n\n\n\n<p><a href=\"https:\/\/www.hsu-hh.de\/karriere\/wp-content\/uploads\/sites\/658\/2026\/03\/Kennziffer-MB-0826.pdf\" data-type=\"attachment\" data-id=\"8159\">(Kennziffer MB-0826)<\/a><\/p>\n\n\n\n<p>Wissenschaftliche\/-r Mitarbeiter\/-in (m\/w\/d) in der Professur f\u00fcr Str\u00f6mungsmaschinen in der Energietechnik<\/p>\n\n\n\n<p><a href=\"https:\/\/www.hsu-hh.de\/karriere\/wp-content\/uploads\/sites\/658\/2026\/04\/Kennziffer-MB-0926.pdf\" data-type=\"attachment\" data-id=\"8197\">(Kennziffer MB-0926)<\/a><\/p>\n\n\n\n<p>Wissenschaftliche\/-r Mitarbeiter\/-in (m\/w\/d) in der Professur f\u00fcr Messtechnik<\/p>\n\n\n\n<p><a href=\"https:\/\/www.hsu-hh.de\/karriere\/wp-content\/uploads\/sites\/658\/2026\/04\/Reference-Number-MB-0926.pdf\" data-type=\"attachment\" data-id=\"8198\">(Reference Number MB-0926)<\/a><\/p>\n\n\n\n<p>Research Assistant (m\/f\/d) at the Professorship for Metrology<\/p>\n","protected":false},"excerpt":{"rendered":"<p>Zentrum f\u00fcr technologiegest\u00fctzte Bildung zur Zeit keine Ausschreibungen Fakult\u00e4t f\u00fcr Wirtschafts- und Sozialwissenschaften (Kennziffer WiSo-1026) Wissenschaftliche\/-r Mitarbeiter\/-in (m\/w\/d) in der Professur f\u00fcr Hybrid Intelligence (Kennziffer WiSo-1326) Wissenschaftliche\/-r Mitarbeiter\/-in (m\/w\/d) in [&hellip;]<\/p>\n","protected":false},"author":18,"featured_media":0,"parent":0,"menu_order":0,"comment_status":"closed","ping_status":"closed","template":"","meta":{"footnotes":""},"categories":[4],"tags":[],"class_list":["post-465","page","type-page","status-publish","hentry","category-forschung"],"_links":{"self":[{"href":"https:\/\/www.hsu-hh.de\/karriere\/wp-json\/wp\/v2\/pages\/465","targetHints":{"allow":["GET"]}}],"collection":[{"href":"https:\/\/www.hsu-hh.de\/karriere\/wp-json\/wp\/v2\/pages"}],"about":[{"href":"https:\/\/www.hsu-hh.de\/karriere\/wp-json\/wp\/v2\/types\/page"}],"author":[{"embeddable":true,"href":"https:\/\/www.hsu-hh.de\/karriere\/wp-json\/wp\/v2\/users\/18"}],"replies":[{"embeddable":true,"href":"https:\/\/www.hsu-hh.de\/karriere\/wp-json\/wp\/v2\/comments?post=465"}],"version-history":[{"count":1740,"href":"https:\/\/www.hsu-hh.de\/karriere\/wp-json\/wp\/v2\/pages\/465\/revisions"}],"predecessor-version":[{"id":8199,"href":"https:\/\/www.hsu-hh.de\/karriere\/wp-json\/wp\/v2\/pages\/465\/revisions\/8199"}],"wp:attachment":[{"href":"https:\/\/www.hsu-hh.de\/karriere\/wp-json\/wp\/v2\/media?parent=465"}],"wp:term":[{"taxonomy":"category","embeddable":true,"href":"https:\/\/www.hsu-hh.de\/karriere\/wp-json\/wp\/v2\/categories?post=465"},{"taxonomy":"post_tag","embeddable":true,"href":"https:\/\/www.hsu-hh.de\/karriere\/wp-json\/wp\/v2\/tags?post=465"}],"curies":[{"name":"wp","href":"https:\/\/api.w.org\/{rel}","templated":true}]}}