{"id":463,"date":"2018-02-02T10:14:43","date_gmt":"2018-02-02T09:14:43","guid":{"rendered":"https:\/\/www.hsu-hh.de\/jobs\/?page_id=463"},"modified":"2025-11-24T07:30:55","modified_gmt":"2025-11-24T06:30:55","slug":"professuren","status":"publish","type":"page","link":"https:\/\/www.hsu-hh.de\/karriere\/professuren","title":{"rendered":"Professuren"},"content":{"rendered":"<div class=\"wp-block-image\">\n<figure class=\"aligncenter size-full\"><img loading=\"lazy\" decoding=\"async\" width=\"1688\" height=\"600\" src=\"https:\/\/www.hsu-hh.de\/karriere\/wp-content\/uploads\/sites\/658\/2022\/11\/Fotolia_183243857_XL_\u00a9auremar-stock.adobe_.com_schmal.jpg\" data-credit=\"Fotolia_183243857_XL_\u00a9auremar-stock.adobe_.com_schmal\" alt=\"\" class=\"wp-image-5211\" srcset=\"https:\/\/www.hsu-hh.de\/karriere\/wp-content\/uploads\/sites\/658\/2022\/11\/Fotolia_183243857_XL_\u00a9auremar-stock.adobe_.com_schmal.jpg 1688w, https:\/\/www.hsu-hh.de\/karriere\/wp-content\/uploads\/sites\/658\/2022\/11\/Fotolia_183243857_XL_\u00a9auremar-stock.adobe_.com_schmal-300x107.jpg 300w, https:\/\/www.hsu-hh.de\/karriere\/wp-content\/uploads\/sites\/658\/2022\/11\/Fotolia_183243857_XL_\u00a9auremar-stock.adobe_.com_schmal-1024x364.jpg 1024w, https:\/\/www.hsu-hh.de\/karriere\/wp-content\/uploads\/sites\/658\/2022\/11\/Fotolia_183243857_XL_\u00a9auremar-stock.adobe_.com_schmal-768x273.jpg 768w, https:\/\/www.hsu-hh.de\/karriere\/wp-content\/uploads\/sites\/658\/2022\/11\/Fotolia_183243857_XL_\u00a9auremar-stock.adobe_.com_schmal-1536x546.jpg 1536w, https:\/\/www.hsu-hh.de\/karriere\/wp-content\/uploads\/sites\/658\/2022\/11\/Fotolia_183243857_XL_\u00a9auremar-stock.adobe_.com_schmal-1100x391.jpg 1100w\" sizes=\"auto, (max-width: 1688px) 100vw, 1688px\" \/><\/figure>\n<\/div>\n\n\n<p><strong>Fakult\u00e4t f\u00fcr Wirtschafts- und Sozialwissenschaften<\/strong><\/p>\n\n\n\n<p>zur Zeit keine Ausschreibungen<\/p>\n\n\n\n<p><strong>Fakult\u00e4t f\u00fcr Geistes- und Sozialwissenschaften<\/strong><\/p>\n\n\n\n<p>zur Zeit keine Ausschreibungen<\/p>\n\n\n\n<p><strong>Fakult\u00e4t f\u00fcr Elektrotechnik<\/strong><\/p>\n\n\n\n<p>zur Zeit keine Ausschreibungen<\/p>\n\n\n\n<p><strong>Fakult\u00e4t f\u00fcr Maschinenbau und Bauingenieurwesen<\/strong><\/p>\n\n\n\n<p>zur Zeit keine Ausschreibungen<\/p>\n","protected":false},"excerpt":{"rendered":"<p>Fakult\u00e4t f\u00fcr Wirtschafts- und Sozialwissenschaften zur Zeit keine Ausschreibungen Fakult\u00e4t f\u00fcr Geistes- und Sozialwissenschaften zur Zeit keine Ausschreibungen Fakult\u00e4t f\u00fcr Elektrotechnik zur Zeit keine Ausschreibungen Fakult\u00e4t f\u00fcr Maschinenbau und Bauingenieurwesen [&hellip;]<\/p>\n","protected":false},"author":18,"featured_media":0,"parent":0,"menu_order":0,"comment_status":"closed","ping_status":"closed","template":"","meta":{"footnotes":""},"categories":[4],"tags":[],"class_list":["post-463","page","type-page","status-publish","hentry","category-forschung"],"_links":{"self":[{"href":"https:\/\/www.hsu-hh.de\/karriere\/wp-json\/wp\/v2\/pages\/463","targetHints":{"allow":["GET"]}}],"collection":[{"href":"https:\/\/www.hsu-hh.de\/karriere\/wp-json\/wp\/v2\/pages"}],"about":[{"href":"https:\/\/www.hsu-hh.de\/karriere\/wp-json\/wp\/v2\/types\/page"}],"author":[{"embeddable":true,"href":"https:\/\/www.hsu-hh.de\/karriere\/wp-json\/wp\/v2\/users\/18"}],"replies":[{"embeddable":true,"href":"https:\/\/www.hsu-hh.de\/karriere\/wp-json\/wp\/v2\/comments?post=463"}],"version-history":[{"count":131,"href":"https:\/\/www.hsu-hh.de\/karriere\/wp-json\/wp\/v2\/pages\/463\/revisions"}],"predecessor-version":[{"id":7859,"href":"https:\/\/www.hsu-hh.de\/karriere\/wp-json\/wp\/v2\/pages\/463\/revisions\/7859"}],"wp:attachment":[{"href":"https:\/\/www.hsu-hh.de\/karriere\/wp-json\/wp\/v2\/media?parent=463"}],"wp:term":[{"taxonomy":"category","embeddable":true,"href":"https:\/\/www.hsu-hh.de\/karriere\/wp-json\/wp\/v2\/categories?post=463"},{"taxonomy":"post_tag","embeddable":true,"href":"https:\/\/www.hsu-hh.de\/karriere\/wp-json\/wp\/v2\/tags?post=463"}],"curies":[{"name":"wp","href":"https:\/\/api.w.org\/{rel}","templated":true}]}}