{"id":3057,"date":"2021-03-26T12:47:39","date_gmt":"2021-03-26T11:47:39","guid":{"rendered":"https:\/\/www.hsu-hh.de\/karriere\/?page_id=3057"},"modified":"2021-04-07T15:47:02","modified_gmt":"2021-04-07T13:47:02","slug":"berufungsverfahren-neuberufene-aktuell-neuberufen-alice-kirchheim","status":"publish","type":"page","link":"https:\/\/www.hsu-hh.de\/karriere\/berufungsverfahren\/neuberufene\/neuberufene\/berufungsverfahren-neuberufene-aktuell-neuberufen-alice-kirchheim","title":{"rendered":"Neuberufen: Alice Kirchheim"},"content":{"rendered":"\n<p><strong>Ernennung: 01.03.2021<\/strong><\/p>\n\n\n\n<p><strong>Prof\u00b4in Dr.-Ing. Alice Kirchheim<\/strong>, <strong>Professur f\u00fcr Technologie von Logistiksystemen<\/strong><\/p>\n\n\n\n<p>Professorin Alice Kirchheim forscht und lehrt im Bereich der Planung und Auslegung von Logistiksystemen. Ihr Schwerpunkt liegt in der Entwicklung von L\u00f6sungen f\u00fcr die Autonomisierung logistischer Prozesse.<br>Ihr Studium absolvierte Professorin Kirchheim an der Technischen Universit\u00e4t Hamburg-Harburg. Nach dem Abschluss als Diplom Informatikingenieurin war sie zuerst am Bremer Institut f\u00fcr Produktion und Logistik an der Universit\u00e4t Bremen und sp\u00e4ter an der Hochschule Reutlingen als wissenschaftliche Mitarbeiterin t\u00e4tig. Ihre Dissertation verfasste sie \u00fcber die Erkennung von St\u00fcckg\u00fctern f\u00fcr die automatische Entladung aus Ladungstr\u00e4gern. Im Zeitraum von 2013 bis 2019 war sie in den Unternehmen STILL und Dematic der KION Gruppe in unterschiedlichen Positionen in der Beratung und der Planung von manuellen und automatischen Logistiksystemen t\u00e4tig. Bis Februar 2021 war sie Professorin f\u00fcr Prozessmanagement in der Produktion und Logistik an der Hochschule Aalen.<br>Fachlich engagiert sich Alice Kirchheim in verschiedenen Logistik-Netzwerken wie der Bundesvereinigung Logistik e. V. Zu Beginn dieses Jahres hat sie au\u00dferdem einen Arbeitskreis \u00fcber die Chancen und M\u00f6glichkeiten von 5G in der Logistik mit Vertretern aus Wissenschaft und Wirtschaft initiiert.<\/p>\n\n\n\n<figure class=\"wp-block-image size-large is-resized\"><img loading=\"lazy\" decoding=\"async\" src=\"https:\/\/www.hsu-hh.de\/karriere\/wp-content\/uploads\/sites\/658\/2021\/04\/Alice-Kirchheim--1024x683.jpg\" data-credit=\"Ulrike Schr\u00f6der - HSU\/UniBw H\" alt=\"Foto - Professorin Kirchheim\" class=\"wp-image-3077\" width=\"1154\" height=\"770\" srcset=\"https:\/\/www.hsu-hh.de\/karriere\/wp-content\/uploads\/sites\/658\/2021\/04\/Alice-Kirchheim--1024x683.jpg 1024w, https:\/\/www.hsu-hh.de\/karriere\/wp-content\/uploads\/sites\/658\/2021\/04\/Alice-Kirchheim--300x200.jpg 300w, https:\/\/www.hsu-hh.de\/karriere\/wp-content\/uploads\/sites\/658\/2021\/04\/Alice-Kirchheim--768x512.jpg 768w, https:\/\/www.hsu-hh.de\/karriere\/wp-content\/uploads\/sites\/658\/2021\/04\/Alice-Kirchheim--1536x1024.jpg 1536w, https:\/\/www.hsu-hh.de\/karriere\/wp-content\/uploads\/sites\/658\/2021\/04\/Alice-Kirchheim--2048x1365.jpg 2048w, https:\/\/www.hsu-hh.de\/karriere\/wp-content\/uploads\/sites\/658\/2021\/04\/Alice-Kirchheim--1100x733.jpg 1100w\" sizes=\"auto, (max-width: 1154px) 100vw, 1154px\" \/><figcaption><strong>Prof\u00b4in Dr.-Ing. Alice Kirchheim<\/strong>, <strong>Professur f\u00fcr Technologie von Logistiksystemen<\/strong><\/figcaption><\/figure>\n","protected":false},"excerpt":{"rendered":"<p>Ernennung: 01.03.2021 Prof\u00b4in Dr.-Ing. Alice Kirchheim, Professur f\u00fcr Technologie von Logistiksystemen Professorin Alice Kirchheim forscht und lehrt im Bereich der Planung und Auslegung von Logistiksystemen. Ihr Schwerpunkt liegt in der [&hellip;]<\/p>\n","protected":false},"author":2945,"featured_media":0,"parent":2598,"menu_order":0,"comment_status":"closed","ping_status":"closed","template":"","meta":{"footnotes":""},"categories":[62],"tags":[],"class_list":["post-3057","page","type-page","status-publish","hentry","category-berufungsverfahren"],"_links":{"self":[{"href":"https:\/\/www.hsu-hh.de\/karriere\/wp-json\/wp\/v2\/pages\/3057","targetHints":{"allow":["GET"]}}],"collection":[{"href":"https:\/\/www.hsu-hh.de\/karriere\/wp-json\/wp\/v2\/pages"}],"about":[{"href":"https:\/\/www.hsu-hh.de\/karriere\/wp-json\/wp\/v2\/types\/page"}],"author":[{"embeddable":true,"href":"https:\/\/www.hsu-hh.de\/karriere\/wp-json\/wp\/v2\/users\/2945"}],"replies":[{"embeddable":true,"href":"https:\/\/www.hsu-hh.de\/karriere\/wp-json\/wp\/v2\/comments?post=3057"}],"version-history":[{"count":2,"href":"https:\/\/www.hsu-hh.de\/karriere\/wp-json\/wp\/v2\/pages\/3057\/revisions"}],"predecessor-version":[{"id":3079,"href":"https:\/\/www.hsu-hh.de\/karriere\/wp-json\/wp\/v2\/pages\/3057\/revisions\/3079"}],"up":[{"embeddable":true,"href":"https:\/\/www.hsu-hh.de\/karriere\/wp-json\/wp\/v2\/pages\/2598"}],"wp:attachment":[{"href":"https:\/\/www.hsu-hh.de\/karriere\/wp-json\/wp\/v2\/media?parent=3057"}],"wp:term":[{"taxonomy":"category","embeddable":true,"href":"https:\/\/www.hsu-hh.de\/karriere\/wp-json\/wp\/v2\/categories?post=3057"},{"taxonomy":"post_tag","embeddable":true,"href":"https:\/\/www.hsu-hh.de\/karriere\/wp-json\/wp\/v2\/tags?post=3057"}],"curies":[{"name":"wp","href":"https:\/\/api.w.org\/{rel}","templated":true}]}}